{"id":17,"date":"2024-04-03T23:08:35","date_gmt":"2024-04-03T20:08:35","guid":{"rendered":"https:\/\/sisu.ut.ee\/juureravi1\/kokkuvote\/"},"modified":"2024-04-08T10:39:25","modified_gmt":"2024-04-08T07:39:25","slug":"kokkuvote","status":"publish","type":"page","link":"https:\/\/sisu.ut.ee\/juureravi1\/kokkuvote\/","title":{"rendered":"Kokkuv\u00f5te"},"content":{"rendered":"<p>K\u00e4esoleva materjali omandamine annab hambaarstile alustedmised hammaste juurekanalite erinevatest t\u00e4itmisv\u00f5imalustest ning nende kasutamisest erinevates olukordades. Tehnikad arenevad pidevalt ning oluline on ennast kogu aeg uute meetoditega kursis hoida. Kindlasti tasub meeles pidada, et teoreetilised teadmised on olulised, kuid neid tuleb maksimaalselt kasutada k\u00e4elise osavuse arendamisel.<\/p>\n\n\n\n<p>Kindlat t\u00f6\u00f6k\u00e4tt k\u00f5igile!<\/p>\n\n\n\n<figure class=\"wp-block-image aligncenter\"><img loading=\"lazy\" decoding=\"async\" width=\"251\" height=\"286\" src=\"https:\/\/sisu.ut.ee\/wp-content\/uploads\/sites\/14\/kokkuvote.png\" alt=\"kokkuvote.png\" class=\"wp-image-43\" title=\"kokkuvote.png\"><\/figure>\n\n\n\n<p class=\"has-text-align-center\"><em>Pildil on ekstraheeritud molaar, mis on keemiliselt l\u00e4bipaistvaks muudetud. N\u00e4ha on korrektsed ja tihedad juuret\u00e4idised. (<a href=\"http:\/\/www.endoexperience.com\/filecabinet\/How%20to%20Clear%20Teeth\/Recipe.pdf\" target=\"_blank\" rel=\"noopener\">http:\/\/www.endoexperience.com\/filecabinet\/How%20to%20Clear%20 Teeth\/Recipe.pdf<\/a>)<\/em><\/p>\n","protected":false},"excerpt":{"rendered":"<p>K\u00e4esoleva materjali omandamine annab hambaarstile alustedmised hammaste juurekanalite erinevatest t\u00e4itmisv\u00f5imalustest ning nende kasutamisest erinevates olukordades. Tehnikad arenevad pidevalt ning oluline on ennast kogu aeg uute meetoditega kursis hoida. Kindlasti tasub meeles pidada, et teoreetilised teadmised on olulised, kuid neid tuleb &#8230;<\/p>\n","protected":false},"author":12,"featured_media":0,"parent":0,"menu_order":0,"comment_status":"closed","ping_status":"closed","template":"","meta":{"_acf_changed":false,"inline_featured_image":false,"footnotes":""},"class_list":["post-17","page","type-page","status-publish","hentry"],"acf":[],"_links":{"self":[{"href":"https:\/\/sisu.ut.ee\/juureravi1\/wp-json\/wp\/v2\/pages\/17","targetHints":{"allow":["GET"]}}],"collection":[{"href":"https:\/\/sisu.ut.ee\/juureravi1\/wp-json\/wp\/v2\/pages"}],"about":[{"href":"https:\/\/sisu.ut.ee\/juureravi1\/wp-json\/wp\/v2\/types\/page"}],"author":[{"embeddable":true,"href":"https:\/\/sisu.ut.ee\/juureravi1\/wp-json\/wp\/v2\/users\/12"}],"replies":[{"embeddable":true,"href":"https:\/\/sisu.ut.ee\/juureravi1\/wp-json\/wp\/v2\/comments?post=17"}],"version-history":[{"count":2,"href":"https:\/\/sisu.ut.ee\/juureravi1\/wp-json\/wp\/v2\/pages\/17\/revisions"}],"predecessor-version":[{"id":93,"href":"https:\/\/sisu.ut.ee\/juureravi1\/wp-json\/wp\/v2\/pages\/17\/revisions\/93"}],"wp:attachment":[{"href":"https:\/\/sisu.ut.ee\/juureravi1\/wp-json\/wp\/v2\/media?parent=17"}],"curies":[{"name":"wp","href":"https:\/\/api.w.org\/{rel}","templated":true}]}}