{"id":14,"date":"2024-04-03T23:08:35","date_gmt":"2024-04-03T20:08:35","guid":{"rendered":"https:\/\/sisu.ut.ee\/juureravi1\/rontgenoloogiline-hinnang-valmis-juuretaidisele\/"},"modified":"2024-04-08T10:44:42","modified_gmt":"2024-04-08T07:44:42","slug":"rontgenoloogiline-hinnang-valmis-juuretaidisele","status":"publish","type":"page","link":"https:\/\/sisu.ut.ee\/juureravi1\/rontgenoloogiline-hinnang-valmis-juuretaidisele\/","title":{"rendered":"R\u00f6ntgenoloogiline hinnang valmis juuret\u00e4idisele"},"content":{"rendered":"<p>Enamik juurekanali t\u00e4idismaterjale on r\u00f6ntgenkontrastsed. See v\u00f5imaldab juuret\u00e4idise valmistamise j\u00e4rgselt hinnata valminud juuret\u00e4idise kvaliteeti. Vaadeldakse j\u00e4rgnevaid parameetreid:<\/p>\n\n\n\n<ul class=\"wp-block-list\">\n<li><strong style=\"line-height: 1.6em;\">juuret\u00e4idise pikkus.<\/strong><span style=\"line-height: 1.6em;\" data-mce-mark=\"1\"> T\u00e4idis peab ulatuma apikaalse l\u00f5pppunktini ning paiknema juurekanali piires.<\/span><\/li>\n\n\n\n<li><strong style=\"line-height: 1.6em;\">koonilisus.<\/strong><span style=\"line-height: 1.6em;\" data-mce-mark=\"1\"> Juurekanal peab olema piisava koonilisusega, et asetada t\u00e4idismaterjal. Liiga suur koonilisus n\u00f5rgestab liigselt hambakude. Juure seina dentiini paksus peab olema minimaalselt 1mm. Alati peab arvestama hamba kroonimise v\u00f5imalusega, mis vajab maksimaalselt hamba k\u00f5vakudesid, et moodustada ferrul krooni retentsiooniks.<\/span><\/li>\n\n\n\n<li><strong style=\"line-height: 1.6em;\">tihedus.<\/strong><span style=\"line-height: 1.6em;\" data-mce-mark=\"1\"> Ei tohi esineda \u00f5huvahesid! Oluline on eelk\u00f5ige apikaalosa tihe t\u00e4idis.<\/span><\/li>\n\n\n\n<li><strong style=\"line-height: 1.6em;\">juuret\u00e4idismaterjali koronaalne sulgus ehk juuret\u00e4idise koronaalne l\u00f5pp-punkt.<\/strong><span style=\"line-height: 1.6em;\" data-mce-mark=\"1\"> Esihammastel peab koronaalne sulgus olema tsemendi-emaili kinnitusjoone peal, tagahammastel kaviteedi p\u00f5hjas.<\/span><\/li>\n\n\n\n<li><strong style=\"line-height: 1.6em;\">koronaalne restauratsioon (t\u00e4idis, <em>inlay<\/em>, <em>overlay<\/em>, kroon vms.)<\/strong><span style=\"line-height: 1.6em;\" data-mce-mark=\"1\">. Oluline juureravi tulemuse s\u00e4ilimisel, kuna \u00fckski materjal ei v\u00e4lista\u00a0mikrobiaalse\u00a0lekke tekkimise v\u00f5imalust.\u00a0 Enamjaolt pole v\u00f5imalik lekke olemasolu hinnata r\u00f6ntgenoloogiliselt.<\/span><\/li>\n<\/ul>\n\n\n\n<figure class=\"wp-block-image aligncenter\"><img loading=\"lazy\" decoding=\"async\" width=\"344\" height=\"458\" src=\"https:\/\/sisu.ut.ee\/wp-content\/uploads\/sites\/14\/sp1-4.png\" alt=\"sp1-4.png\" class=\"wp-image-37\" title=\"sp1-4.png\" srcset=\"https:\/\/sisu.ut.ee\/wp-content\/uploads\/sites\/14\/sp1-4.png 344w, https:\/\/sisu.ut.ee\/wp-content\/uploads\/sites\/14\/sp1-4-225x300.png 225w\" sizes=\"auto, (max-width: 344px) 100vw, 344px\"><\/figure>\n\n\n\n<p class=\"has-text-align-center\"><em style=\"line-height: 1.6em;\"><strong>Foto 7<\/strong>:\u00a0Periapikaalne r\u00f6ntgen\u00fclesv\u00f5te hambast 21 vahetult p\u00e4rast juuret\u00e4idise asetamist. N\u00e4ha on periapikaalse radiolutsentsi puudumine, siileri kerge ekstrusioon periapikaalsele, tihe juuret\u00e4idis \u00f5iges pikkuses, piisav t\u00e4idise koonilisus ning korralik koronaalne juuret\u00e4idise l\u00f5pp-punkt \u00f5igel k\u00f5rgusel. <em>N\u00e4ha on ka korrektne alust\u00e4idis.\u00a0<\/em>Hamba krooniossa on pildistamise ajaks asetatud ajutine t\u00e4idis. Hamba juurekanal on t\u00e4idetud Thermafil kuumobturatsioonitehnikat kasutades.<\/em><\/p>\n","protected":false},"excerpt":{"rendered":"<p>Enamik juurekanali t\u00e4idismaterjale on r\u00f6ntgenkontrastsed. See v\u00f5imaldab juuret\u00e4idise valmistamise j\u00e4rgselt hinnata valminud juuret\u00e4idise kvaliteeti. Vaadeldakse j\u00e4rgnevaid parameetreid: Foto 7:\u00a0Periapikaalne r\u00f6ntgen\u00fclesv\u00f5te hambast 21 vahetult p\u00e4rast juuret\u00e4idise asetamist. N\u00e4ha on periapikaalse radiolutsentsi puudumine, siileri kerge ekstrusioon periapikaalsele, tihe juuret\u00e4idis \u00f5iges pikkuses, piisav &#8230;<\/p>\n","protected":false},"author":12,"featured_media":0,"parent":0,"menu_order":0,"comment_status":"closed","ping_status":"closed","template":"","meta":{"_acf_changed":false,"inline_featured_image":false,"footnotes":""},"class_list":["post-14","page","type-page","status-publish","hentry"],"acf":[],"_links":{"self":[{"href":"https:\/\/sisu.ut.ee\/juureravi1\/wp-json\/wp\/v2\/pages\/14","targetHints":{"allow":["GET"]}}],"collection":[{"href":"https:\/\/sisu.ut.ee\/juureravi1\/wp-json\/wp\/v2\/pages"}],"about":[{"href":"https:\/\/sisu.ut.ee\/juureravi1\/wp-json\/wp\/v2\/types\/page"}],"author":[{"embeddable":true,"href":"https:\/\/sisu.ut.ee\/juureravi1\/wp-json\/wp\/v2\/users\/12"}],"replies":[{"embeddable":true,"href":"https:\/\/sisu.ut.ee\/juureravi1\/wp-json\/wp\/v2\/comments?post=14"}],"version-history":[{"count":2,"href":"https:\/\/sisu.ut.ee\/juureravi1\/wp-json\/wp\/v2\/pages\/14\/revisions"}],"predecessor-version":[{"id":101,"href":"https:\/\/sisu.ut.ee\/juureravi1\/wp-json\/wp\/v2\/pages\/14\/revisions\/101"}],"wp:attachment":[{"href":"https:\/\/sisu.ut.ee\/juureravi1\/wp-json\/wp\/v2\/media?parent=14"}],"curies":[{"name":"wp","href":"https:\/\/api.w.org\/{rel}","templated":true}]}}