{"id":13,"date":"2024-04-03T23:08:35","date_gmt":"2024-04-03T20:08:35","guid":{"rendered":"https:\/\/sisu.ut.ee\/juureravi1\/meetodi-variatsioonid-0\/"},"modified":"2024-04-08T11:02:43","modified_gmt":"2024-04-08T08:02:43","slug":"meetodi-variatsioonid-0","status":"publish","type":"page","link":"https:\/\/sisu.ut.ee\/juureravi1\/meetodi-variatsioonid-0\/","title":{"rendered":"Meetodi variatsioonid"},"content":{"rendered":"<p>1.<strong><em style=\"line-height: 1.6em;\"> Continuous wave compaction<\/em><\/strong> \u2013 kasutatakse elektrilist kuumaallikat (<em style=\"line-height: 1.6em;\">System B, Touch `n`Heat<\/em>), millega surutakse t\u00e4idismaterjal apikaalsele (<em style=\"line-height: 1.6em;\">downpack<\/em>) ning hiljem t\u00e4idetakse \u00fclej\u00e4\u00e4nud juurekanal termoplastilise s\u00fcstetehnika abil (<em style=\"line-height: 1.6em;\">backfill<\/em>). P\u00f6\u00f6rata t\u00e4helepanu sellele, et video algusminutitel (0.00-1.45) on kasutusel k\u00fclm lateraalne t\u00e4itmistehnika ning alles hiljem kasutatakse elektrilist kuumaallikat, et saada korralik 3-dimensionaalne tihe juuret\u00e4idis.\u00a0<\/p>\n\n\n\n<figure class=\"wp-block-embed is-type-video is-provider-youtube wp-block-embed-youtube wp-embed-aspect-4-3 wp-has-aspect-ratio\"><div class=\"wp-block-embed__wrapper\">\n<div class=\"ratio ratio-16x9 mb-3\"><div class=\"video-placeholder-wrapper video-placeholder-wrapper--16x9\">\n\t\t\t    <div class=\"video-placeholder d-flex justify-content-center align-items-center\">\n\t\t\t        <div class=\"overlay text-white p-2 w-100 text-center d-block justify-content-center align-items-center\">\n\t\t\t            <div>Kolmandate osapoolte sisu n\u00e4gemiseks palun n\u00f5ustu k\u00fcpsistega.<\/div>\n\t\t\t            <button class=\"btn btn-secondary btn-sm mt-1 consent-change\">Muuda n\u00f5usolekut<\/button>\n\t\t\t        <\/div>\n\t\t\t    <\/div>\n\t\t\t<\/div>\n<\/div>\n<\/div><\/figure>\n\n\n\n<p class=\"has-text-align-center\"><em>Kombineeritud tehnika<\/em><br><a style=\"line-height: 1.6em;\" href=\"https:\/\/www.youtube.com\/watch?v=zkr4CJsFaKI\" target=\"_blank\" rel=\"noopener\">https:\/\/www.youtube.com\/watch?v=zkr4CJsFaKI<\/a><\/p>\n\n\n\n<p>2. <strong>Kandlil kasutatavad t\u00e4itematerjalid<\/strong> (Thermafil, GuttaCore jt).<\/p>\n\n\n\n<figure class=\"wp-block-embed is-type-video is-provider-youtube wp-block-embed-youtube wp-embed-aspect-16-9 wp-has-aspect-ratio\"><div class=\"wp-block-embed__wrapper\">\n<div class=\"ratio ratio-16x9 mb-3\"><div class=\"video-placeholder-wrapper video-placeholder-wrapper--16x9\">\n\t\t\t    <div class=\"video-placeholder d-flex justify-content-center align-items-center\">\n\t\t\t        <div class=\"overlay text-white p-2 w-100 text-center d-block justify-content-center align-items-center\">\n\t\t\t            <div>Kolmandate osapoolte sisu n\u00e4gemiseks palun n\u00f5ustu k\u00fcpsistega.<\/div>\n\t\t\t            <button class=\"btn btn-secondary btn-sm mt-1 consent-change\">Muuda n\u00f5usolekut<\/button>\n\t\t\t        <\/div>\n\t\t\t    <\/div>\n\t\t\t<\/div>\n<\/div>\n<\/div><\/figure>\n\n\n\n<p class=\"has-text-align-center\"><a href=\"http:\/\/www.youtube.com\/watch?v=mA39cQnU_nU\" target=\"_blank\" rel=\"noopener\">http:\/\/www.youtube.com\/watch?v=mA39cQnU_nU<\/a><\/p>\n\n\n\n<p class=\"has-text-align-left\">3.<strong><em style=\"line-height: 1.6em;\"> Squirt-technique<\/em><\/strong> \u2013 j\u00e4etakse \u00e4ra t\u00e4idismaterjali topeldamine apikaalsele ja kasutatakse vaid <em style=\"line-height: 1.6em;\">backfill\u2019i.<\/em> Selle tehnika puhul on juuret\u00e4idismaterjali periapikaalkudedesse sattumise oht suurem kui teiste tehnikate puhul.<\/p>\n\n\n\n<figure class=\"wp-block-embed is-type-video is-provider-youtube wp-block-embed-youtube wp-embed-aspect-16-9 wp-has-aspect-ratio\"><div class=\"wp-block-embed__wrapper\">\n<div class=\"ratio ratio-16x9 mb-3\"><div class=\"video-placeholder-wrapper video-placeholder-wrapper--16x9\">\n\t\t\t    <div class=\"video-placeholder d-flex justify-content-center align-items-center\">\n\t\t\t        <div class=\"overlay text-white p-2 w-100 text-center d-block justify-content-center align-items-center\">\n\t\t\t            <div>Kolmandate osapoolte sisu n\u00e4gemiseks palun n\u00f5ustu k\u00fcpsistega.<\/div>\n\t\t\t            <button class=\"btn btn-secondary btn-sm mt-1 consent-change\">Muuda n\u00f5usolekut<\/button>\n\t\t\t        <\/div>\n\t\t\t    <\/div>\n\t\t\t<\/div>\n<\/div>\n<\/div><\/figure>\n\n\n\n<p class=\"has-text-align-center\"><a href=\"http:\/\/www.youtube.com\/watch?v=8wA4djFfLGU\" target=\"_blank\" rel=\"noopener\">http:\/\/www.youtube.com\/watch?v=8wA4djFfLGU<\/a><\/p>\n\n\n\n<p>4. <strong>Soe lateraalne tihendustehnika (<em style=\"line-height: 1.6em;\">warm lateral compaction<\/em>)<\/strong> \u2013 \u00a0juurekanalisse siileriga sisestatud gutaper\u0161ist peatihvti aktiveeritakse vastava instrumendiga, kuni 8 sekundit. Seej\u00e4rel asetatakse lateraaltihvt ja korratakse protseduuri, kuni juurekanal on t\u00e4idetud.<\/p>\n\n\n\n<figure class=\"wp-block-embed is-type-video is-provider-youtube wp-block-embed-youtube wp-embed-aspect-4-3 wp-has-aspect-ratio\"><div class=\"wp-block-embed__wrapper\">\n<div class=\"ratio ratio-16x9 mb-3\"><div class=\"video-placeholder-wrapper video-placeholder-wrapper--16x9\">\n\t\t\t    <div class=\"video-placeholder d-flex justify-content-center align-items-center\">\n\t\t\t        <div class=\"overlay text-white p-2 w-100 text-center d-block justify-content-center align-items-center\">\n\t\t\t            <div>Kolmandate osapoolte sisu n\u00e4gemiseks palun n\u00f5ustu k\u00fcpsistega.<\/div>\n\t\t\t            <button class=\"btn btn-secondary btn-sm mt-1 consent-change\">Muuda n\u00f5usolekut<\/button>\n\t\t\t        <\/div>\n\t\t\t    <\/div>\n\t\t\t<\/div>\n<\/div>\n<\/div><\/figure>\n\n\n\n<p class=\"has-text-align-center\"><a href=\"http:\/\/www.youtube.com\/watch?v=7ezk5wLlxtc\" target=\"_blank\" rel=\"noopener\">http:\/\/www.youtube.com\/watch?v=7ezk5wLlxtc<\/a><\/p>\n\n\n\n<p>Tegu on kommertsmaterjaliga, mitte \u00f5ppmaterjaliga. Palun suhtuda videosse kriitiliselt. T\u00e4helepanu p\u00f6\u00f6rata minutitele 1.46-5.03, kui antakse tehnika olemuse kirjeldus.<\/p>\n","protected":false},"excerpt":{"rendered":"<p>1. Continuous wave compaction \u2013 kasutatakse elektrilist kuumaallikat (System B, Touch `n`Heat), millega surutakse t\u00e4idismaterjal apikaalsele (downpack) ning hiljem t\u00e4idetakse \u00fclej\u00e4\u00e4nud juurekanal termoplastilise s\u00fcstetehnika abil (backfill). P\u00f6\u00f6rata t\u00e4helepanu sellele, et video algusminutitel (0.00-1.45) on kasutusel k\u00fclm lateraalne t\u00e4itmistehnika ning alles &#8230;<\/p>\n","protected":false},"author":12,"featured_media":0,"parent":0,"menu_order":0,"comment_status":"closed","ping_status":"closed","template":"","meta":{"_acf_changed":false,"inline_featured_image":false,"footnotes":""},"class_list":["post-13","page","type-page","status-publish","hentry"],"acf":[],"_links":{"self":[{"href":"https:\/\/sisu.ut.ee\/juureravi1\/wp-json\/wp\/v2\/pages\/13","targetHints":{"allow":["GET"]}}],"collection":[{"href":"https:\/\/sisu.ut.ee\/juureravi1\/wp-json\/wp\/v2\/pages"}],"about":[{"href":"https:\/\/sisu.ut.ee\/juureravi1\/wp-json\/wp\/v2\/types\/page"}],"author":[{"embeddable":true,"href":"https:\/\/sisu.ut.ee\/juureravi1\/wp-json\/wp\/v2\/users\/12"}],"replies":[{"embeddable":true,"href":"https:\/\/sisu.ut.ee\/juureravi1\/wp-json\/wp\/v2\/comments?post=13"}],"version-history":[{"count":2,"href":"https:\/\/sisu.ut.ee\/juureravi1\/wp-json\/wp\/v2\/pages\/13\/revisions"}],"predecessor-version":[{"id":114,"href":"https:\/\/sisu.ut.ee\/juureravi1\/wp-json\/wp\/v2\/pages\/13\/revisions\/114"}],"wp:attachment":[{"href":"https:\/\/sisu.ut.ee\/juureravi1\/wp-json\/wp\/v2\/media?parent=13"}],"curies":[{"name":"wp","href":"https:\/\/api.w.org\/{rel}","templated":true}]}}