{"id":12,"date":"2024-04-03T23:08:35","date_gmt":"2024-04-03T20:08:35","guid":{"rendered":"https:\/\/sisu.ut.ee\/juureravi1\/meetodi-variatsioonid\/"},"modified":"2024-04-08T10:57:29","modified_gmt":"2024-04-08T07:57:29","slug":"meetodi-variatsioonid","status":"publish","type":"page","link":"https:\/\/sisu.ut.ee\/juureravi1\/meetodi-variatsioonid\/","title":{"rendered":"Meetodi variatsioonid"},"content":{"rendered":"<p>Nn.<strong> \u00fche tihvti tehnika (<em style=\"line-height: 1.6em;\">single point technique<\/em>)<\/strong> \u2013 instrumenteerimise \u00a0tulemusena prepareeritud juurekanali t\u00f6\u00f6pikkus ja koonilisus vastavad t\u00e4itetihvti m\u00f5\u00f5tudele. Tihvt t\u00e4idab enamiku juurekanali valendikust ning \u00fclej\u00e4\u00e4nud ruumi t\u00e4idab siiler. Lateraaltihvte ei asetata. Kasutusel keraamiliste siilerite ja gutapert\u0161iga.<\/p>\n\n\n\n<figure class=\"wp-block-embed is-type-video is-provider-youtube wp-block-embed-youtube wp-embed-aspect-4-3 wp-has-aspect-ratio\"><div class=\"wp-block-embed__wrapper\">\n<div class=\"ratio ratio-16x9 mb-3\"><div class=\"video-placeholder-wrapper video-placeholder-wrapper--16x9\">\n\t\t\t    <div class=\"video-placeholder d-flex justify-content-center align-items-center\">\n\t\t\t        <div class=\"overlay text-white p-2 w-100 text-center d-block justify-content-center align-items-center\">\n\t\t\t            <div>Kolmandate osapoolte sisu n\u00e4gemiseks palun n\u00f5ustu k\u00fcpsistega.<\/div>\n\t\t\t            <button class=\"btn btn-secondary btn-sm mt-1 consent-change\">Muuda n\u00f5usolekut<\/button>\n\t\t\t        <\/div>\n\t\t\t    <\/div>\n\t\t\t<\/div>\n<\/div>\n<\/div><\/figure>\n\n\n\n<p class=\"has-text-align-center\"><a href=\"http:\/\/www.youtube.com\/watch?v=xOnS2Upw7Ko\" target=\"_blank\" rel=\"noopener\">http:\/\/www.youtube.com\/watch?v=xOnS2Upw7Ko<\/a><\/p>\n\n\n\n<h6 class=\"wp-block-heading\">Ajalooliselt t\u00e4htis! Kasutusel on olnud ka tehnika, milles gutapert\u0161ist peatihvt kastetakse p\u00e4rast t\u00f6\u00f6pikkusesse proovimist kloroformi sisse ning asetatakse kerge survega pintsette kasutades juurekanalisse. Tihvt pehmeneb veidi ning v\u00f5tab juurekanali kuju. Moondunud tihvt eemaldatakse juurekanalist, asetatakse kanalisse siiler ning \u00fclej\u00e4\u00e4nud protseduur kulgeb sarnaselt lateraalse k\u00fclmkondensatsiooni tehnikale. Meetodi miinusteks on gutapert\u0161i hilisem kootumine keemilise ainega kokku puutumisel ning kloroformi potentsiaalne kahjulik m\u00f5ju periapikaalkudadele.\u00a0<\/h6>\n","protected":false},"excerpt":{"rendered":"<p>Nn. \u00fche tihvti tehnika (single point technique) \u2013 instrumenteerimise \u00a0tulemusena prepareeritud juurekanali t\u00f6\u00f6pikkus ja koonilisus vastavad t\u00e4itetihvti m\u00f5\u00f5tudele. Tihvt t\u00e4idab enamiku juurekanali valendikust ning \u00fclej\u00e4\u00e4nud ruumi t\u00e4idab siiler. Lateraaltihvte ei asetata. Kasutusel keraamiliste siilerite ja gutapert\u0161iga. http:\/\/www.youtube.com\/watch?v=xOnS2Upw7Ko Ajalooliselt t\u00e4htis! Kasutusel &#8230;<\/p>\n","protected":false},"author":12,"featured_media":0,"parent":0,"menu_order":0,"comment_status":"closed","ping_status":"closed","template":"","meta":{"_acf_changed":false,"inline_featured_image":false,"footnotes":""},"class_list":["post-12","page","type-page","status-publish","hentry"],"acf":[],"_links":{"self":[{"href":"https:\/\/sisu.ut.ee\/juureravi1\/wp-json\/wp\/v2\/pages\/12","targetHints":{"allow":["GET"]}}],"collection":[{"href":"https:\/\/sisu.ut.ee\/juureravi1\/wp-json\/wp\/v2\/pages"}],"about":[{"href":"https:\/\/sisu.ut.ee\/juureravi1\/wp-json\/wp\/v2\/types\/page"}],"author":[{"embeddable":true,"href":"https:\/\/sisu.ut.ee\/juureravi1\/wp-json\/wp\/v2\/users\/12"}],"replies":[{"embeddable":true,"href":"https:\/\/sisu.ut.ee\/juureravi1\/wp-json\/wp\/v2\/comments?post=12"}],"version-history":[{"count":2,"href":"https:\/\/sisu.ut.ee\/juureravi1\/wp-json\/wp\/v2\/pages\/12\/revisions"}],"predecessor-version":[{"id":110,"href":"https:\/\/sisu.ut.ee\/juureravi1\/wp-json\/wp\/v2\/pages\/12\/revisions\/110"}],"wp:attachment":[{"href":"https:\/\/sisu.ut.ee\/juureravi1\/wp-json\/wp\/v2\/media?parent=12"}],"curies":[{"name":"wp","href":"https:\/\/api.w.org\/{rel}","templated":true}]}}