{"id":11,"date":"2024-04-03T23:08:35","date_gmt":"2024-04-03T20:08:35","guid":{"rendered":"https:\/\/sisu.ut.ee\/juureravi1\/juurekanalite-taitmistehnikad\/"},"modified":"2024-04-03T23:08:43","modified_gmt":"2024-04-03T20:08:43","slug":"juurekanalite-taitmistehnikad","status":"publish","type":"page","link":"https:\/\/sisu.ut.ee\/juureravi1\/juurekanalite-taitmistehnikad\/","title":{"rendered":"Juurekanalite t\u00e4itmistehnikad"},"content":{"rendered":"<p>T\u00e4itmiseks ette valmistatud\u00a0 juurekanal peab olema <strong>kuiv<\/strong> ja<strong> puhas preparatsiooniprahist<\/strong> (vajalik korralik irrigatsioon ehk loputamine).<\/p>\n<p>P\u00f5hilised juurekanali t\u00e4itmistehnikad on:<\/p>\n<ul>\n<li><span style=\"line-height: 1.6em\">lateraalne k\u00fclmkondensatsioon,<\/span><\/li>\n<li><span style=\"line-height: 1.6em\">vertikaalne kuumkondensatsioon.<\/span><\/li>\n<\/ul>\n<p><span style=\"line-height: 1.6em\"><img loading=\"lazy\" decoding=\"async\" width=\"2560\" height=\"1707\" class=\"alignnone wp-image-36\" style=\"margin-left: auto;margin-right: auto\" src=\"https:\/\/sisu.ut.ee\/wp-content\/uploads\/sites\/14\/simotjuk1-scaled.jpg\" title=\"simotjuk1.jpg\" alt=\"simotjuk1.jpg\" srcset=\"https:\/\/sisu.ut.ee\/wp-content\/uploads\/sites\/14\/simotjuk1-scaled.jpg 2560w, https:\/\/sisu.ut.ee\/wp-content\/uploads\/sites\/14\/simotjuk1-300x200.jpg 300w, https:\/\/sisu.ut.ee\/wp-content\/uploads\/sites\/14\/simotjuk1-1024x683.jpg 1024w, https:\/\/sisu.ut.ee\/wp-content\/uploads\/sites\/14\/simotjuk1-768x512.jpg 768w, https:\/\/sisu.ut.ee\/wp-content\/uploads\/sites\/14\/simotjuk1-1536x1024.jpg 1536w, https:\/\/sisu.ut.ee\/wp-content\/uploads\/sites\/14\/simotjuk1-2048x1365.jpg 2048w, https:\/\/sisu.ut.ee\/wp-content\/uploads\/sites\/14\/simotjuk1-1920x1280.jpg 1920w\" sizes=\"auto, (max-width: 2560px) 100vw, 2560px\"><\/span><\/p>\n<p style=\"text-align: center\"><em>Juurekanalite t\u00e4itmiseks ettevalmistatud hammas. Kanalid on puhtad ja kuivad.<\/em><\/p>\n","protected":false},"excerpt":{"rendered":"<p>T\u00e4itmiseks ette valmistatud\u00a0 juurekanal peab olema kuiv ja puhas preparatsiooniprahist (vajalik korralik irrigatsioon ehk loputamine). P\u00f5hilised juurekanali t\u00e4itmistehnikad on: lateraalne k\u00fclmkondensatsioon, vertikaalne kuumkondensatsioon. Juurekanalite t\u00e4itmiseks ettevalmistatud hammas. Kanalid on puhtad ja kuivad.<\/p>\n","protected":false},"author":12,"featured_media":0,"parent":0,"menu_order":0,"comment_status":"closed","ping_status":"closed","template":"","meta":{"_acf_changed":false,"inline_featured_image":false,"footnotes":""},"class_list":["post-11","page","type-page","status-publish","hentry"],"acf":[],"_links":{"self":[{"href":"https:\/\/sisu.ut.ee\/juureravi1\/wp-json\/wp\/v2\/pages\/11","targetHints":{"allow":["GET"]}}],"collection":[{"href":"https:\/\/sisu.ut.ee\/juureravi1\/wp-json\/wp\/v2\/pages"}],"about":[{"href":"https:\/\/sisu.ut.ee\/juureravi1\/wp-json\/wp\/v2\/types\/page"}],"author":[{"embeddable":true,"href":"https:\/\/sisu.ut.ee\/juureravi1\/wp-json\/wp\/v2\/users\/12"}],"replies":[{"embeddable":true,"href":"https:\/\/sisu.ut.ee\/juureravi1\/wp-json\/wp\/v2\/comments?post=11"}],"version-history":[{"count":1,"href":"https:\/\/sisu.ut.ee\/juureravi1\/wp-json\/wp\/v2\/pages\/11\/revisions"}],"predecessor-version":[{"id":79,"href":"https:\/\/sisu.ut.ee\/juureravi1\/wp-json\/wp\/v2\/pages\/11\/revisions\/79"}],"wp:attachment":[{"href":"https:\/\/sisu.ut.ee\/juureravi1\/wp-json\/wp\/v2\/media?parent=11"}],"curies":[{"name":"wp","href":"https:\/\/api.w.org\/{rel}","templated":true}]}}