{"id":10,"date":"2024-04-03T23:08:35","date_gmt":"2024-04-03T20:08:35","guid":{"rendered":"https:\/\/sisu.ut.ee\/juureravi1\/juurekanalite-taitmine\/"},"modified":"2024-04-08T13:51:34","modified_gmt":"2024-04-08T10:51:34","slug":"juurekanalite-taitmine","status":"publish","type":"page","link":"https:\/\/sisu.ut.ee\/juureravi1\/juurekanalite-taitmine\/","title":{"rendered":"Juurekanalite t\u00e4itmine"},"content":{"rendered":"<p>Juurekanalite t\u00e4itmise eesm\u00e4rgiks on sulgeda k\u00f5ik kommunikatsiooniavad endodontiumi ja periodondi vahel. T\u00fchimikke j\u00e4\u00e4da ei tohi. Eduka t\u00e4itmise eelduseks on n\u00f5uetekohane preparatsioon ja juurekanali(te) desinfektsioon. Edukalt valmistatud juuret\u00e4idise s\u00e4ilimiseks on oluline koronaalse lekke v\u00e4ltimine (korralik komposiitt\u00e4idis v\u00f5i proteetiline lahendus krooni vms kujul).<\/p>\n\n\n\n<div class=\"accordion mb-3\">\n        <div class=\"accordion-item accordion-item--white\">\n        <h2 class=\"accordion-header\" id=\"accordion-69e0a5f23639c-heading\">\n            <button class=\"accordion-button collapsed\" type=\"button\" data-bs-toggle=\"collapse\" data-bs-target=\"#accordion-69e0a5f23639c-collapse\" aria-expanded=\"true\" aria-controls=\"accordion-69e0a5f23639c-collapse\">Mis on endodontium?<\/button>\n        <\/h2>\n        <div id=\"accordion-69e0a5f23639c-collapse\" class=\"accordion-collapse collapse\" aria-labelledby=\"accordion-69e0a5f23639c-heading\">\n            <div class=\"accordion-body\">\nEndodontium on hambasisene ruum, mis sisaldab endas veresooni, n\u00e4rvikiude, l\u00fcmfikude ja fibrooskude. Terve hamba endodontium on mikroobivaba.<\/div>\n        <\/div>\n        <\/div>\n    <\/div>\n\n\n\n<p><br>Juurekanalite t\u00e4itmine on vajalik, sest:<\/p>\n\n\n\n<ul class=\"wp-block-list\">\n<li><span style=\"line-height: 1.6em;\" data-mce-mark=\"1\">v\u00e4hendab koronaalset leket ja bakteriaalset kontaminatsiooni;<\/span><\/li>\n\n\n\n<li><span style=\"line-height: 1.6em;\" data-mce-mark=\"1\">blokeerib apikaalmulgu periodontaalkudede vedeliku eest;<\/span><\/li>\n\n\n\n<li><span style=\"line-height: 1.6em;\" data-mce-mark=\"1\">isoleerib j\u00e4\u00e4nukmikroobid dentiinituubulites.<\/span><\/li>\n<\/ul>\n\n\n\n<h6 class=\"wp-block-heading\">J\u00e4ta meelde!\u00a0Puudulik preparatsioon + v\u00e4hene\/ebapiisav irrigatsioon =&gt; ebaadekvaatne obturatsioon =&gt; juureravi eba\u00f5nnestumine<\/h6>\n\n\n\n<p>Juurekanalite t\u00e4itmise \u00f5nnestumist\/eba\u00f5nnestumist hinnatakse peamiselt periapikaalsete r\u00f6ntgen\u00fclesv\u00f5tete abil. Vaadeldakse juuret\u00e4idise pikkust, koonilisust, tihedust, t\u00e4itematerjali ja siileri viimistlemist kaviteedis ning adekvaatset provisoorset v\u00f5i j\u00e4\u00e4vt\u00e4idist. Preparatsiooni vead (v\u00e4henenud pikkus, astmed, transportatsioonid, apikaalsed perforatsioonid, <em>strip<\/em>-perforatsioonid, murdunud instrumendid) on v\u00e4lditavad, kuid neid on raske v\u00f5i v\u00f5imatu korrigeerida. Obturatsioonil tekkivad vead (l\u00fchike t\u00e4idise pikkus, t\u00fchimikud t\u00e4idises, eelneva juuret\u00e4idismaterjali ebaadekvaatne eemaldamine, lekkivad t\u00e4idised) on enamasti nii v\u00e4lditavad kui korrigeeritavad.<\/p>\n\n\n\n<figure class=\"wp-block-image aligncenter\"><img loading=\"lazy\" decoding=\"async\" width=\"598\" height=\"284\" src=\"https:\/\/sisu.ut.ee\/wp-content\/uploads\/sites\/14\/sp1-2.png\" alt=\"sp1-2.png\" class=\"wp-image-35\" title=\"sp1-2.png\" srcset=\"https:\/\/sisu.ut.ee\/wp-content\/uploads\/sites\/14\/sp1-2.png 598w, https:\/\/sisu.ut.ee\/wp-content\/uploads\/sites\/14\/sp1-2-300x142.png 300w\" sizes=\"auto, (max-width: 598px) 100vw, 598px\"><\/figure>\n\n\n\n<p class=\"has-text-align-center\"><em><strong style=\"line-height: 1.6em;\">Foto 2 ja 3<\/strong>: Piltidel on n\u00e4ha \u00fcmberravijuhtumit hambast 46. 2) algpildil on juurekanalites n\u00e4ha l\u00fchikesed h\u00f5redad juuret\u00e4idised ning periapikaalselt radiolutsentsed kolded; 3) periapikaalne r\u00f6ntgen\u00fclesv\u00f5te on tehtud ravi j\u00e4rgselt, sellel on n\u00e4ha tihedad juuret\u00e4idised, korralik koronaalne sulgus komposiitt\u00e4idisega ning periapikaalselt taastunud luu ning kerge siileri ekstrusioon periapikaalsele. Kasutatud on Thermafil t\u00e4itmismeetodit.<\/em><\/p>\n\n\n\n<p>Juurekanalite t\u00e4itmisel kasutatakse enamasti siilerit ja tahket v\u00f5i pooltahket t\u00e4idismaterjali.<\/p>\n","protected":false},"excerpt":{"rendered":"<p>Juurekanalite t\u00e4itmise eesm\u00e4rgiks on sulgeda k\u00f5ik kommunikatsiooniavad endodontiumi ja periodondi vahel. T\u00fchimikke j\u00e4\u00e4da ei tohi. Eduka t\u00e4itmise eelduseks on n\u00f5uetekohane preparatsioon ja juurekanali(te) desinfektsioon. Edukalt valmistatud juuret\u00e4idise s\u00e4ilimiseks on oluline koronaalse lekke v\u00e4ltimine (korralik komposiitt\u00e4idis v\u00f5i proteetiline lahendus krooni vms &#8230;<\/p>\n","protected":false},"author":12,"featured_media":0,"parent":0,"menu_order":0,"comment_status":"closed","ping_status":"closed","template":"","meta":{"_acf_changed":false,"inline_featured_image":false,"footnotes":""},"class_list":["post-10","page","type-page","status-publish","hentry"],"acf":[],"_links":{"self":[{"href":"https:\/\/sisu.ut.ee\/juureravi1\/wp-json\/wp\/v2\/pages\/10","targetHints":{"allow":["GET"]}}],"collection":[{"href":"https:\/\/sisu.ut.ee\/juureravi1\/wp-json\/wp\/v2\/pages"}],"about":[{"href":"https:\/\/sisu.ut.ee\/juureravi1\/wp-json\/wp\/v2\/types\/page"}],"author":[{"embeddable":true,"href":"https:\/\/sisu.ut.ee\/juureravi1\/wp-json\/wp\/v2\/users\/12"}],"replies":[{"embeddable":true,"href":"https:\/\/sisu.ut.ee\/juureravi1\/wp-json\/wp\/v2\/comments?post=10"}],"version-history":[{"count":4,"href":"https:\/\/sisu.ut.ee\/juureravi1\/wp-json\/wp\/v2\/pages\/10\/revisions"}],"predecessor-version":[{"id":125,"href":"https:\/\/sisu.ut.ee\/juureravi1\/wp-json\/wp\/v2\/pages\/10\/revisions\/125"}],"wp:attachment":[{"href":"https:\/\/sisu.ut.ee\/juureravi1\/wp-json\/wp\/v2\/media?parent=10"}],"curies":[{"name":"wp","href":"https:\/\/api.w.org\/{rel}","templated":true}]}}