{"id":9,"date":"2024-04-04T06:17:14","date_gmt":"2024-04-04T03:17:14","guid":{"rendered":"https:\/\/sisu.ut.ee\/jupyter\/graafikud\/"},"modified":"2024-04-04T06:17:18","modified_gmt":"2024-04-04T03:17:18","slug":"graafikud","status":"publish","type":"page","link":"https:\/\/sisu.ut.ee\/jupyter\/graafikud\/","title":{"rendered":"6. Graafikud"},"content":{"rendered":"<p>\n\tSelles loengus \u00f5pime kujundama lihtsamaid graafikuid paketiga Matplotlib.\n<\/p>\n<p>\n\t<\/p><div class=\"ratio ratio-16x9 mb-3\"><div class=\"video-placeholder-wrapper video-placeholder-wrapper--16x9\">\n\t\t\t    <div class=\"video-placeholder d-flex justify-content-center align-items-center\">\n\t\t\t        <div class=\"overlay text-white p-2 w-100 text-center d-block justify-content-center align-items-center\">\n\t\t\t            <div>Kolmandate osapoolte sisu n\u00e4gemiseks palun n\u00f5ustu k\u00fcpsistega.<\/div>\n\t\t\t            <button class=\"btn btn-secondary btn-sm mt-1 consent-change\">Muuda n\u00f5usolekut<\/button>\n\t\t\t        <\/div>\n\t\t\t    <\/div>\n\t\t\t<\/div>\n<\/div>\n\n<p style=\"text-align: center\">\n\t<a data-url=\"https:\/\/www.youtube.com\/watch?v=I8j_VSrI5B0\" href=\"https:\/\/www.youtube.com\/watch?v=I8j_VSrI5B0\" target=\"_blank\" title=\"\" rel=\"noopener\">https:\/\/www.youtube.com\/watch?v=I8j_VSrI5B0<\/a>\n<\/p>\n<h2>\n\tVaata lisaks<br>\n<\/h2>\n<ul>\n<li>\n\t\t<a data-url=\"http:\/\/kodu.ut.ee\/~kiisk\/fp1\/graph_basic.html\" href=\"http:\/\/kodu.ut.ee\/~kiisk\/fp1\/graph_basic.html\" target=\"_blank\" title=\"Lihtsaima graafiku kujundamine\" rel=\"noopener\">Lihtsaima graafiku kujundamine<\/a>\n\t<\/li>\n<li>\n\t\t<a data-url=\"http:\/\/kodu.ut.ee\/~kiisk\/fp1\/graph_errbar.html\" href=\"http:\/\/kodu.ut.ee\/~kiisk\/fp1\/graph_errbar.html\" target=\"_blank\" title=\"\" rel=\"noopener\">Vearistide lisamine<\/a>\n\t<\/li>\n<li>\n\t\t<a data-url=\"http:\/\/kodu.ut.ee\/~kiisk\/fp1\/graph_annot.html\" href=\"http:\/\/kodu.ut.ee\/~kiisk\/fp1\/graph_annot.html\" target=\"_blank\" title=\"\" rel=\"noopener\">Annotatsioonid<\/a>\n\t<\/li>\n<li>\n\t\t<a data-url=\"http:\/\/kodu.ut.ee\/~kiisk\/fp1\/graph_twinx.html\" href=\"http:\/\/kodu.ut.ee\/~kiisk\/fp1\/graph_twinx.html\" target=\"_blank\" title=\"\" rel=\"noopener\">Sekundaarse y-telje lisamine<\/a>\n\t<\/li>\n<li>\n\t\t<a data-url=\"https:\/\/matplotlib.org\/tutorials\/introductory\/sample_plots.html\" href=\"https:\/\/matplotlib.org\/tutorials\/introductory\/sample_plots.html\" target=\"_blank\" title=\"\" rel=\"noopener\">Matplotlib n\u00e4idisgraafikud<\/a>\n\t<\/li>\n<li>\n\t\t<a data-url=\"https:\/\/matplotlib.org\/gallery.html\" href=\"https:\/\/matplotlib.org\/gallery.html\" target=\"_blank\" title=\"\" rel=\"noopener\">Matplotlib erinevate graafikut\u00fc\u00fcpide galerii<\/a>\n\t<\/li>\n<\/ul>\n","protected":false},"excerpt":{"rendered":"<p>Selles loengus \u00f5pime kujundama lihtsamaid graafikuid paketiga Matplotlib. Kolmandate osapoolte sisu n\u00e4gemiseks palun n\u00f5ustu k\u00fcpsistega. Muuda n\u00f5usolekut https:\/\/www.youtube.com\/watch?v=I8j_VSrI5B0 Vaata lisaks Lihtsaima graafiku kujundamine Vearistide lisamine Annotatsioonid Sekundaarse y-telje lisamine Matplotlib n\u00e4idisgraafikud Matplotlib erinevate graafikut\u00fc\u00fcpide galerii<\/p>\n","protected":false},"author":232,"featured_media":0,"parent":0,"menu_order":0,"comment_status":"closed","ping_status":"closed","template":"","meta":{"_acf_changed":false,"inline_featured_image":false,"footnotes":""},"class_list":["post-9","page","type-page","status-publish","hentry"],"acf":[],"_links":{"self":[{"href":"https:\/\/sisu.ut.ee\/jupyter\/wp-json\/wp\/v2\/pages\/9","targetHints":{"allow":["GET"]}}],"collection":[{"href":"https:\/\/sisu.ut.ee\/jupyter\/wp-json\/wp\/v2\/pages"}],"about":[{"href":"https:\/\/sisu.ut.ee\/jupyter\/wp-json\/wp\/v2\/types\/page"}],"author":[{"embeddable":true,"href":"https:\/\/sisu.ut.ee\/jupyter\/wp-json\/wp\/v2\/users\/232"}],"replies":[{"embeddable":true,"href":"https:\/\/sisu.ut.ee\/jupyter\/wp-json\/wp\/v2\/comments?post=9"}],"version-history":[{"count":1,"href":"https:\/\/sisu.ut.ee\/jupyter\/wp-json\/wp\/v2\/pages\/9\/revisions"}],"predecessor-version":[{"id":26,"href":"https:\/\/sisu.ut.ee\/jupyter\/wp-json\/wp\/v2\/pages\/9\/revisions\/26"}],"wp:attachment":[{"href":"https:\/\/sisu.ut.ee\/jupyter\/wp-json\/wp\/v2\/media?parent=9"}],"curies":[{"name":"wp","href":"https:\/\/api.w.org\/{rel}","templated":true}]}}