{"id":7,"date":"2024-04-04T06:17:13","date_gmt":"2024-04-04T03:17:13","guid":{"rendered":"https:\/\/sisu.ut.ee\/jupyter\/markdown\/"},"modified":"2024-04-04T06:17:18","modified_gmt":"2024-04-04T03:17:18","slug":"markdown","status":"publish","type":"page","link":"https:\/\/sisu.ut.ee\/jupyter\/markdown\/","title":{"rendered":"4. Markdown"},"content":{"rendered":"<p>\n\tSelles loengus vaatame, kuidas kujundada rikkaliku matemaatilise ja tehnilise sisuga dokumente Jupyteris.\n<\/p>\n<p>\n\t<\/p><div class=\"ratio ratio-16x9 mb-3\"><div class=\"video-placeholder-wrapper video-placeholder-wrapper--16x9\">\n\t\t\t    <div class=\"video-placeholder d-flex justify-content-center align-items-center\">\n\t\t\t        <div class=\"overlay text-white p-2 w-100 text-center d-block justify-content-center align-items-center\">\n\t\t\t            <div>Kolmandate osapoolte sisu n\u00e4gemiseks palun n\u00f5ustu k\u00fcpsistega.<\/div>\n\t\t\t            <button class=\"btn btn-secondary btn-sm mt-1 consent-change\">Muuda n\u00f5usolekut<\/button>\n\t\t\t        <\/div>\n\t\t\t    <\/div>\n\t\t\t<\/div>\n<\/div>\n\n<p style=\"text-align: center\">\n\t<a data-url=\"https:\/\/www.youtube.com\/watch?v=Lbhi6cqulRo\" href=\"https:\/\/www.youtube.com\/watch?v=Lbhi6cqulRo\" target=\"_blank\" title=\"\" rel=\"noopener\">https:\/\/www.youtube.com\/watch?v=Lbhi6cqulRo<\/a>\n<\/p>\n<h2>\n\tVaata lisaks<br>\n<\/h2>\n<ul>\n<li>\n\t\t<a data-url=\"https:\/\/www.markdownguide.org\/basic-syntax\/\" href=\"https:\/\/www.markdownguide.org\/basic-syntax\/\" target=\"_blank\" title=\"\" rel=\"noopener\">Markdown\u2019i s\u00fcntaksireeglid<\/a> (p\u00f5hjalik juhend)\n\t<\/li>\n<li>\n\t\t<a data-url=\"https:\/\/dev.w3.org\/html5\/html-author\/charref\" href=\"https:\/\/dev.w3.org\/html5\/html-author\/charref\" target=\"_blank\" title=\"\" rel=\"noopener\">Mitmesuguste t\u00e4hem\u00e4rkide HTML-koodid<\/a>\n\t<\/li>\n<li>\n\t\t<a data-url=\"http:\/\/kodu.ut.ee\/~kiisk\/fp1\/latex.html\" href=\"http:\/\/kodu.ut.ee\/~kiisk\/fp1\/latex.html\" target=\"_blank\" title=\"\" rel=\"noopener\">LaTeX\u2019i matemaatikak\u00e4sustik<\/a>\n\t<\/li>\n<li>\n\t\t<a data-url=\"https:\/\/math.meta.stackexchange.com\/questions\/5020\/mathjax-basic-tutorial-and-quick-reference\" href=\"https:\/\/math.meta.stackexchange.com\/questions\/5020\/mathjax-basic-tutorial-and-quick-reference\" target=\"_blank\" title=\"\" rel=\"noopener\">MathJax basic tutorial and quick reference<\/a><br>MathJax on programm, mis renderdab veebilehtedel (sh Jupyteri keskkonnas) LaTeX\u2019i koodis kirjeldatud valemeid. Selle lingi alt avaneb m\u00f5nev\u00f5rra p\u00f5hjalikum k\u00e4skude loetelu.\n\t<\/li>\n<\/ul>\n","protected":false},"excerpt":{"rendered":"<p>Selles loengus vaatame, kuidas kujundada rikkaliku matemaatilise ja tehnilise sisuga dokumente Jupyteris. Kolmandate osapoolte sisu n\u00e4gemiseks palun n\u00f5ustu k\u00fcpsistega. Muuda n\u00f5usolekut https:\/\/www.youtube.com\/watch?v=Lbhi6cqulRo Vaata lisaks Markdown\u2019i s\u00fcntaksireeglid (p\u00f5hjalik juhend) Mitmesuguste t\u00e4hem\u00e4rkide HTML-koodid LaTeX\u2019i matemaatikak\u00e4sustik MathJax basic tutorial and quick referenceMathJax on &#8230;<\/p>\n","protected":false},"author":232,"featured_media":0,"parent":0,"menu_order":0,"comment_status":"closed","ping_status":"closed","template":"","meta":{"_acf_changed":false,"inline_featured_image":false,"footnotes":""},"class_list":["post-7","page","type-page","status-publish","hentry"],"acf":[],"_links":{"self":[{"href":"https:\/\/sisu.ut.ee\/jupyter\/wp-json\/wp\/v2\/pages\/7","targetHints":{"allow":["GET"]}}],"collection":[{"href":"https:\/\/sisu.ut.ee\/jupyter\/wp-json\/wp\/v2\/pages"}],"about":[{"href":"https:\/\/sisu.ut.ee\/jupyter\/wp-json\/wp\/v2\/types\/page"}],"author":[{"embeddable":true,"href":"https:\/\/sisu.ut.ee\/jupyter\/wp-json\/wp\/v2\/users\/232"}],"replies":[{"embeddable":true,"href":"https:\/\/sisu.ut.ee\/jupyter\/wp-json\/wp\/v2\/comments?post=7"}],"version-history":[{"count":2,"href":"https:\/\/sisu.ut.ee\/jupyter\/wp-json\/wp\/v2\/pages\/7\/revisions"}],"predecessor-version":[{"id":46,"href":"https:\/\/sisu.ut.ee\/jupyter\/wp-json\/wp\/v2\/pages\/7\/revisions\/46"}],"wp:attachment":[{"href":"https:\/\/sisu.ut.ee\/jupyter\/wp-json\/wp\/v2\/media?parent=7"}],"curies":[{"name":"wp","href":"https:\/\/api.w.org\/{rel}","templated":true}]}}