{"id":6,"date":"2024-04-04T06:17:13","date_gmt":"2024-04-04T03:17:13","guid":{"rendered":"https:\/\/sisu.ut.ee\/jupyter\/lihtsaimad\/"},"modified":"2024-04-04T06:17:18","modified_gmt":"2024-04-04T03:17:18","slug":"lihtsaimad","status":"publish","type":"page","link":"https:\/\/sisu.ut.ee\/jupyter\/lihtsaimad\/","title":{"rendered":"3. Lihtsaimad arvutused"},"content":{"rendered":"<p>\n\tSelles loengus k\u00e4sitleme lihtsaimate arvutuste teostamist Jupyteri keskkonnas, kasutades Pythoni keelelisi p\u00f5hiv\u00f5imalusi ja standardvahendeid.\n<\/p>\n<p>\n\t<\/p><div class=\"ratio ratio-16x9 mb-3\"><div class=\"video-placeholder-wrapper video-placeholder-wrapper--16x9\">\n\t\t\t    <div class=\"video-placeholder d-flex justify-content-center align-items-center\">\n\t\t\t        <div class=\"overlay text-white p-2 w-100 text-center d-block justify-content-center align-items-center\">\n\t\t\t            <div>Kolmandate osapoolte sisu n\u00e4gemiseks palun n\u00f5ustu k\u00fcpsistega.<\/div>\n\t\t\t            <button class=\"btn btn-secondary btn-sm mt-1 consent-change\">Muuda n\u00f5usolekut<\/button>\n\t\t\t        <\/div>\n\t\t\t    <\/div>\n\t\t\t<\/div>\n<\/div>\n\n<p style=\"text-align: center\">\n\t<a data-url=\"https:\/\/www.youtube.com\/watch?v=oNp8dcs91Zc\" href=\"https:\/\/www.youtube.com\/watch?v=oNp8dcs91Zc\" target=\"_blank\" title=\"\" rel=\"noopener\">https:\/\/www.youtube.com\/watch?v=oNp8dcs91Zc<\/a>\n<\/p>\n<h2>\n\tVaata lisaks<br>\n<\/h2>\n<ul>\n<li>\n\t\t<a data-url=\"https:\/\/www.w3schools.com\/python\/python_operators.asp\" href=\"https:\/\/www.w3schools.com\/python\/python_operators.asp\" target=\"_blank\" title=\"\" rel=\"noopener\">Pythoni aritmeetika, loogika jm operaatorid<\/a>\n\t<\/li>\n<li>\n\t\t<a data-url=\"https:\/\/pyformat.info\/\" href=\"https:\/\/pyformat.info\/\" target=\"_blank\" title=\"\" rel=\"noopener\">Vorminduskoodide ja nende kasutamise p\u00f5hjalik kirjeldus<\/a>\n\t<\/li>\n<li>\n\t\t<a data-url=\"https:\/\/www.python.org\/dev\/peps\/pep-0008\/#prescriptive-naming-conventions\" href=\"https:\/\/www.python.org\/dev\/peps\/pep-0008\/#prescriptive-naming-conventions\" target=\"_blank\" title=\"\" rel=\"noopener\">Pythoni stiilireeglid identifikaatorite valikul<\/a>\n\t<\/li>\n<li>\n\t\t<a data-url=\"https:\/\/www.w3schools.com\/python\/gloss_python_escape_characters.asp\" href=\"https:\/\/www.w3schools.com\/python\/gloss_python_escape_characters.asp\" target=\"_blank\" title=\"\" rel=\"noopener\">Paojadad Pythoni s\u00f5nes<\/a>\n\t<\/li>\n<\/ul>\n","protected":false},"excerpt":{"rendered":"<p>Selles loengus k\u00e4sitleme lihtsaimate arvutuste teostamist Jupyteri keskkonnas, kasutades Pythoni keelelisi p\u00f5hiv\u00f5imalusi ja standardvahendeid. Kolmandate osapoolte sisu n\u00e4gemiseks palun n\u00f5ustu k\u00fcpsistega. Muuda n\u00f5usolekut https:\/\/www.youtube.com\/watch?v=oNp8dcs91Zc Vaata lisaks Pythoni aritmeetika, loogika jm operaatorid Vorminduskoodide ja nende kasutamise p\u00f5hjalik kirjeldus Pythoni stiilireeglid identifikaatorite &#8230;<\/p>\n","protected":false},"author":232,"featured_media":0,"parent":0,"menu_order":0,"comment_status":"closed","ping_status":"closed","template":"","meta":{"_acf_changed":false,"inline_featured_image":false,"footnotes":""},"class_list":["post-6","page","type-page","status-publish","hentry"],"acf":[],"_links":{"self":[{"href":"https:\/\/sisu.ut.ee\/jupyter\/wp-json\/wp\/v2\/pages\/6","targetHints":{"allow":["GET"]}}],"collection":[{"href":"https:\/\/sisu.ut.ee\/jupyter\/wp-json\/wp\/v2\/pages"}],"about":[{"href":"https:\/\/sisu.ut.ee\/jupyter\/wp-json\/wp\/v2\/types\/page"}],"author":[{"embeddable":true,"href":"https:\/\/sisu.ut.ee\/jupyter\/wp-json\/wp\/v2\/users\/232"}],"replies":[{"embeddable":true,"href":"https:\/\/sisu.ut.ee\/jupyter\/wp-json\/wp\/v2\/comments?post=6"}],"version-history":[{"count":1,"href":"https:\/\/sisu.ut.ee\/jupyter\/wp-json\/wp\/v2\/pages\/6\/revisions"}],"predecessor-version":[{"id":32,"href":"https:\/\/sisu.ut.ee\/jupyter\/wp-json\/wp\/v2\/pages\/6\/revisions\/32"}],"wp:attachment":[{"href":"https:\/\/sisu.ut.ee\/jupyter\/wp-json\/wp\/v2\/media?parent=6"}],"curies":[{"name":"wp","href":"https:\/\/api.w.org\/{rel}","templated":true}]}}