{"id":4,"date":"2024-04-04T06:17:13","date_gmt":"2024-04-04T03:17:13","guid":{"rendered":"https:\/\/sisu.ut.ee\/jupyter\/keskkond\/"},"modified":"2024-04-04T06:17:18","modified_gmt":"2024-04-04T03:17:18","slug":"keskkond","status":"publish","type":"page","link":"https:\/\/sisu.ut.ee\/jupyter\/keskkond\/","title":{"rendered":"2. \u00dclevaade"},"content":{"rendered":"<p>\n\tSelles loengus anname esmase \u00fclevaate keskkonnast Jupyter Notebook ja selle toimimise p\u00f5him\u00f5ttest.\n<\/p>\n<p>\n\t<\/p><div class=\"ratio ratio-16x9 mb-3\"><div class=\"video-placeholder-wrapper video-placeholder-wrapper--16x9\">\n\t\t\t    <div class=\"video-placeholder d-flex justify-content-center align-items-center\">\n\t\t\t        <div class=\"overlay text-white p-2 w-100 text-center d-block justify-content-center align-items-center\">\n\t\t\t            <div>Kolmandate osapoolte sisu n\u00e4gemiseks palun n\u00f5ustu k\u00fcpsistega.<\/div>\n\t\t\t            <button class=\"btn btn-secondary btn-sm mt-1 consent-change\">Muuda n\u00f5usolekut<\/button>\n\t\t\t        <\/div>\n\t\t\t    <\/div>\n\t\t\t<\/div>\n<\/div>\n\n<p style=\"text-align: center\">\n\t<a data-url=\"https:\/\/www.youtube.com\/watch?v=7QcjW1tHdk0\" href=\"https:\/\/www.youtube.com\/watch?v=7QcjW1tHdk0\" target=\"_blank\" title=\"\" rel=\"noopener\">https:\/\/www.youtube.com\/watch?v=7QcjW1tHdk0<\/a>\n<\/p>\n<h2>\n\tVaata lisaks<br>\n<\/h2>\n<ul>\n<li>\n\t\t<a data-url=\"https:\/\/ipython.readthedocs.io\/en\/stable\/interactive\/magics.html\" href=\"https:\/\/ipython.readthedocs.io\/en\/stable\/interactive\/magics.html\" target=\"_blank\" title=\"\" rel=\"noopener\">IPython\u2019i \u201cmaagilised\u201d k\u00e4sud<\/a>\n\t<\/li>\n<\/ul>\n","protected":false},"excerpt":{"rendered":"<p>Selles loengus anname esmase \u00fclevaate keskkonnast Jupyter Notebook ja selle toimimise p\u00f5him\u00f5ttest. Kolmandate osapoolte sisu n\u00e4gemiseks palun n\u00f5ustu k\u00fcpsistega. Muuda n\u00f5usolekut https:\/\/www.youtube.com\/watch?v=7QcjW1tHdk0 Vaata lisaks IPython\u2019i \u201cmaagilised\u201d k\u00e4sud<\/p>\n","protected":false},"author":232,"featured_media":0,"parent":0,"menu_order":0,"comment_status":"closed","ping_status":"closed","template":"","meta":{"_acf_changed":false,"inline_featured_image":false,"footnotes":""},"class_list":["post-4","page","type-page","status-publish","hentry"],"acf":[],"_links":{"self":[{"href":"https:\/\/sisu.ut.ee\/jupyter\/wp-json\/wp\/v2\/pages\/4","targetHints":{"allow":["GET"]}}],"collection":[{"href":"https:\/\/sisu.ut.ee\/jupyter\/wp-json\/wp\/v2\/pages"}],"about":[{"href":"https:\/\/sisu.ut.ee\/jupyter\/wp-json\/wp\/v2\/types\/page"}],"author":[{"embeddable":true,"href":"https:\/\/sisu.ut.ee\/jupyter\/wp-json\/wp\/v2\/users\/232"}],"replies":[{"embeddable":true,"href":"https:\/\/sisu.ut.ee\/jupyter\/wp-json\/wp\/v2\/comments?post=4"}],"version-history":[{"count":1,"href":"https:\/\/sisu.ut.ee\/jupyter\/wp-json\/wp\/v2\/pages\/4\/revisions"}],"predecessor-version":[{"id":30,"href":"https:\/\/sisu.ut.ee\/jupyter\/wp-json\/wp\/v2\/pages\/4\/revisions\/30"}],"wp:attachment":[{"href":"https:\/\/sisu.ut.ee\/jupyter\/wp-json\/wp\/v2\/media?parent=4"}],"curies":[{"name":"wp","href":"https:\/\/api.w.org\/{rel}","templated":true}]}}