{"id":3,"date":"2024-04-04T06:17:13","date_gmt":"2024-04-04T03:17:13","guid":{"rendered":"https:\/\/sisu.ut.ee\/jupyter\/avaleht\/"},"modified":"2024-04-27T15:10:32","modified_gmt":"2024-04-27T12:10:32","slug":"avaleht","status":"publish","type":"page","link":"https:\/\/sisu.ut.ee\/jupyter\/","title":{"rendered":"Avaleht"},"content":{"rendered":"<figure class=\"wp-block-image size-large\"><img loading=\"lazy\" decoding=\"async\" width=\"1024\" height=\"181\" src=\"https:\/\/sisu.ut.ee\/wp-content\/uploads\/sites\/446\/banner-1024x181.png\" alt=\"Arvutuskeskkond Jupyter\" class=\"wp-image-14\" srcset=\"https:\/\/sisu.ut.ee\/wp-content\/uploads\/sites\/446\/banner-1024x181.png 1024w, https:\/\/sisu.ut.ee\/wp-content\/uploads\/sites\/446\/banner-300x53.png 300w, https:\/\/sisu.ut.ee\/wp-content\/uploads\/sites\/446\/banner-768x136.png 768w, https:\/\/sisu.ut.ee\/wp-content\/uploads\/sites\/446\/banner-1536x272.png 1536w, https:\/\/sisu.ut.ee\/wp-content\/uploads\/sites\/446\/banner-2048x362.png 2048w, https:\/\/sisu.ut.ee\/wp-content\/uploads\/sites\/446\/banner-1920x339.png 1920w\" sizes=\"auto, (max-width: 1024px) 100vw, 1024px\"><\/figure>\n\n\n\n<p>Oled m\u00f5ne t\u00e4ppisteadusliku eriala tudeng? Oled juba pealiskaudselt tuttav programmeerimiskeelega Python? Otsid arvutikeskkonda, kus lahendada ja dokumenteerida erialaseid arvutusprobleeme v\u00f5i laborit\u00f6id? Siis v\u00f5ib see e-kursus olla just sulle!<\/p>\n\n\n\n<p>Kursuse eesm\u00e4rgiks on anda \u00fclevaade vabavaralisest arvutuskeskkonnast <a title=\"\" href=\"https:\/\/jupyter.org\/\" target=\"_blank\" rel=\"noopener\" data-url=\"https:\/\/jupyter.org\/\">Jupyter<\/a>. See on muutunud standardseks t\u00f6\u00f6vahendiks enamikes teadusarvutamise v\u00f5i andmeteadusega seotud valdkondades. \u00dchtlasi tutvume m\u00f5nede p\u00f5hipakettidega Pythoni <a title=\"\" href=\"https:\/\/www.scipy.org\/\" target=\"_blank\" rel=\"noopener\" data-url=\"https:\/\/www.scipy.org\/\">teaduslikus \u00f6kos\u00fcsteemis<\/a>. Muuhulgas \u00f5pime selle kursuse k\u00e4igus:<\/p>\n\n\n\n<ul class=\"wp-block-list\">\n<li>vormistama rikkaliku tehnilise\/matemaatilise sisuga dokumente keskkonnas Jupyter<\/li>\n\n\n\n<li>kujundama graafikuid paketiga <a title=\"\" href=\"https:\/\/matplotlib.org\/\" target=\"_blank\" rel=\"noopener\" data-url=\"https:\/\/matplotlib.org\/\">Matplotlib<\/a><\/li>\n\n\n\n<li>arvutama tervete andmemassiividega, kasutades paketti <a title=\"\" href=\"https:\/\/numpy.org\/\" target=\"_blank\" rel=\"noopener\" data-url=\"https:\/\/numpy.org\/\">NumPy<\/a><\/li>\n\n\n\n<li>kasutama lihtsamaid algoritme pakettides NumPy ja <a title=\"\" href=\"https:\/\/www.scipy.org\/scipylib\/index.html\" target=\"_blank\" rel=\"noopener\" data-url=\"https:\/\/www.scipy.org\/scipylib\/index.html\">SciPy<\/a><\/li>\n<\/ul>\n\n\n\n<p>E-kursuse maht on 1 EAP (ca 26 tundi) ja see on osalejatele tasuta. Materjalidele p\u00e4\u00e4seb ligi vasakul n\u00e4ha oleva men\u00fc\u00fc kaudu. Kursuse ametlik osa toimub <a title=\"\" href=\"https:\/\/moodle.ut.ee\/course\/view.php?id=10437\" target=\"_blank\" rel=\"noopener\" data-url=\"https:\/\/moodle.ut.ee\/course\/view.php?id=10437\">T\u00dc Moodle\u2019i<\/a> keskkonnas. Registreeruda saab <a title=\"\" href=\"https:\/\/www.is.ut.ee\/pls\/ois\/!tere.tulemast?leht=OK.AY.VP&amp;id_ay_programm=51050&amp;id_ay_toimumine=64831&amp;systeemi_seaded=10,1,12,1,\" target=\"_blank\" rel=\"noopener\" data-url=\"https:\/\/www.is.ut.ee\/pls\/ois\/!tere.tulemast?leht=OK.AY.VP&amp;id_ay_programm=51050&amp;id_ay_toimumine=64831&amp;systeemi_seaded=10,1,12,1,\">siin<\/a>.<\/p>\n\n\n\n<p><a href=\"https:\/\/www.hitsa.ee\/\" target=\"_blank\" rel=\"noopener\"><img loading=\"lazy\" decoding=\"async\" width=\"800\" height=\"400\" class=\"alignnone wp-image-12\" style=\"width: 250px; height: 125px; float: left;\" title=\"hitsa_logo_est.png\" src=\"https:\/\/sisu.ut.ee\/wp-content\/uploads\/sites\/446\/hitsa_logo_est.png\" alt=\"HITSA logo\" srcset=\"https:\/\/sisu.ut.ee\/wp-content\/uploads\/sites\/446\/hitsa_logo_est.png 800w, https:\/\/sisu.ut.ee\/wp-content\/uploads\/sites\/446\/hitsa_logo_est-300x150.png 300w, https:\/\/sisu.ut.ee\/wp-content\/uploads\/sites\/446\/hitsa_logo_est-768x384.png 768w\" sizes=\"auto, (max-width: 800px) 100vw, 800px\"><\/a>Valminud Hariduse Infotehnoloogia Sihtasutuse <a title=\"\" href=\"https:\/\/www.hitsa.ee\/ikt-haridus\/ita\" target=\"_blank\" rel=\"noopener\" data-url=\"https:\/\/www.hitsa.ee\/ikt-haridus\/ita\">IT Akadeemia<\/a> programmi toel.<\/p>\n","protected":false},"excerpt":{"rendered":"<p>Oled m\u00f5ne t\u00e4ppisteadusliku eriala tudeng? Oled juba pealiskaudselt tuttav programmeerimiskeelega Python? Otsid arvutikeskkonda, kus lahendada ja dokumenteerida erialaseid arvutusprobleeme v\u00f5i laborit\u00f6id? Siis v\u00f5ib see e-kursus olla just sulle! Kursuse eesm\u00e4rgiks on anda \u00fclevaade vabavaralisest arvutuskeskkonnast Jupyter. See on muutunud standardseks &#8230;<\/p>\n","protected":false},"author":232,"featured_media":0,"parent":0,"menu_order":0,"comment_status":"closed","ping_status":"closed","template":"","meta":{"_acf_changed":false,"inline_featured_image":false,"footnotes":""},"class_list":["post-3","page","type-page","status-publish","hentry"],"acf":[],"_links":{"self":[{"href":"https:\/\/sisu.ut.ee\/jupyter\/wp-json\/wp\/v2\/pages\/3","targetHints":{"allow":["GET"]}}],"collection":[{"href":"https:\/\/sisu.ut.ee\/jupyter\/wp-json\/wp\/v2\/pages"}],"about":[{"href":"https:\/\/sisu.ut.ee\/jupyter\/wp-json\/wp\/v2\/types\/page"}],"author":[{"embeddable":true,"href":"https:\/\/sisu.ut.ee\/jupyter\/wp-json\/wp\/v2\/users\/232"}],"replies":[{"embeddable":true,"href":"https:\/\/sisu.ut.ee\/jupyter\/wp-json\/wp\/v2\/comments?post=3"}],"version-history":[{"count":2,"href":"https:\/\/sisu.ut.ee\/jupyter\/wp-json\/wp\/v2\/pages\/3\/revisions"}],"predecessor-version":[{"id":40,"href":"https:\/\/sisu.ut.ee\/jupyter\/wp-json\/wp\/v2\/pages\/3\/revisions\/40"}],"wp:attachment":[{"href":"https:\/\/sisu.ut.ee\/jupyter\/wp-json\/wp\/v2\/media?parent=3"}],"curies":[{"name":"wp","href":"https:\/\/api.w.org\/{rel}","templated":true}]}}