{"id":10,"date":"2024-04-04T06:17:14","date_gmt":"2024-04-04T03:17:14","guid":{"rendered":"https:\/\/sisu.ut.ee\/jupyter\/algoritmid\/"},"modified":"2024-04-04T06:17:18","modified_gmt":"2024-04-04T03:17:18","slug":"algoritmid","status":"publish","type":"page","link":"https:\/\/sisu.ut.ee\/jupyter\/algoritmid\/","title":{"rendered":"7. Algoritmid"},"content":{"rendered":"<p>\n\tSelles loengus k\u00e4sitleme m\u00f5ningaid lihtsaid algoritme ja\u00a0arvutusmustreid. Vaatame, mis m\u00f5jutab nende j\u00f5udlust ja kuidas seda m\u00f5\u00f5ta.\n<\/p>\n<p>\n\t<\/p><div class=\"ratio ratio-16x9 mb-3\"><div class=\"video-placeholder-wrapper video-placeholder-wrapper--16x9\">\n\t\t\t    <div class=\"video-placeholder d-flex justify-content-center align-items-center\">\n\t\t\t        <div class=\"overlay text-white p-2 w-100 text-center d-block justify-content-center align-items-center\">\n\t\t\t            <div>Kolmandate osapoolte sisu n\u00e4gemiseks palun n\u00f5ustu k\u00fcpsistega.<\/div>\n\t\t\t            <button class=\"btn btn-secondary btn-sm mt-1 consent-change\">Muuda n\u00f5usolekut<\/button>\n\t\t\t        <\/div>\n\t\t\t    <\/div>\n\t\t\t<\/div>\n<\/div>\n\n<p style=\"text-align: center\">\n\t<a data-url=\"https:\/\/www.youtube.com\/watch?v=SmGmiaRjJTY\" href=\"https:\/\/www.youtube.com\/watch?v=SmGmiaRjJTY\" target=\"_blank\" title=\"\" rel=\"noopener\">https:\/\/www.youtube.com\/watch?v=SmGmiaRjJTY<\/a>\n<\/p>\n<h2>\n\tVaata lisaks<br>\n<\/h2>\n<ul>\n<li>\n\t\t<a data-url=\"http:\/\/kodu.ut.ee\/~kiisk\/fp1\/algo_fit_prop.html\" href=\"http:\/\/kodu.ut.ee\/~kiisk\/fp1\/algo_fit_prop.html\" target=\"_blank\" title=\"\" rel=\"noopener\">V\u00f5rdelise s\u00f5ltuvuse sobitamine<\/a>\n\t<\/li>\n<li>\n\t\t<a data-url=\"http:\/\/kodu.ut.ee\/~kiisk\/fp1\/algo_fit_line.html\" href=\"http:\/\/kodu.ut.ee\/~kiisk\/fp1\/algo_fit_line.html\" target=\"_blank\" title=\"\" rel=\"noopener\">Sirge sobitamine<\/a>\n\t<\/li>\n<li>\n\t\t<a data-url=\"http:\/\/kodu.ut.ee\/~kiisk\/fp1\/algo_fit_poly.html\" href=\"http:\/\/kodu.ut.ee\/~kiisk\/fp1\/algo_fit_poly.html\" target=\"_blank\" title=\"\" rel=\"noopener\">Pol\u00fcnoomi sobitamine<\/a>\n\t<\/li>\n<li>\n\t\t<a data-url=\"http:\/\/kodu.ut.ee\/~kiisk\/fp1\/algo_fit_nonlinear.html\" href=\"http:\/\/kodu.ut.ee\/~kiisk\/fp1\/algo_fit_nonlinear.html\" target=\"_blank\" title=\"\" rel=\"noopener\">Mittelineaarse funktsiooni sobitamine<\/a>\n\t<\/li>\n<li>\n\t\t<a data-url=\"http:\/\/kodu.ut.ee\/~kiisk\/fp1\/algo_interp.html\" href=\"http:\/\/kodu.ut.ee\/~kiisk\/fp1\/algo_interp.html\" target=\"_blank\" rel=\"noopener\">Interpoleerimine<\/a>\n\t<\/li>\n<\/ul>\n","protected":false},"excerpt":{"rendered":"<p>Selles loengus k\u00e4sitleme m\u00f5ningaid lihtsaid algoritme ja\u00a0arvutusmustreid. Vaatame, mis m\u00f5jutab nende j\u00f5udlust ja kuidas seda m\u00f5\u00f5ta. Kolmandate osapoolte sisu n\u00e4gemiseks palun n\u00f5ustu k\u00fcpsistega. Muuda n\u00f5usolekut https:\/\/www.youtube.com\/watch?v=SmGmiaRjJTY Vaata lisaks V\u00f5rdelise s\u00f5ltuvuse sobitamine Sirge sobitamine Pol\u00fcnoomi sobitamine Mittelineaarse funktsiooni sobitamine Interpoleerimine<\/p>\n","protected":false},"author":232,"featured_media":0,"parent":0,"menu_order":0,"comment_status":"closed","ping_status":"closed","template":"","meta":{"_acf_changed":false,"inline_featured_image":false,"footnotes":""},"class_list":["post-10","page","type-page","status-publish","hentry"],"acf":[],"_links":{"self":[{"href":"https:\/\/sisu.ut.ee\/jupyter\/wp-json\/wp\/v2\/pages\/10","targetHints":{"allow":["GET"]}}],"collection":[{"href":"https:\/\/sisu.ut.ee\/jupyter\/wp-json\/wp\/v2\/pages"}],"about":[{"href":"https:\/\/sisu.ut.ee\/jupyter\/wp-json\/wp\/v2\/types\/page"}],"author":[{"embeddable":true,"href":"https:\/\/sisu.ut.ee\/jupyter\/wp-json\/wp\/v2\/users\/232"}],"replies":[{"embeddable":true,"href":"https:\/\/sisu.ut.ee\/jupyter\/wp-json\/wp\/v2\/comments?post=10"}],"version-history":[{"count":1,"href":"https:\/\/sisu.ut.ee\/jupyter\/wp-json\/wp\/v2\/pages\/10\/revisions"}],"predecessor-version":[{"id":27,"href":"https:\/\/sisu.ut.ee\/jupyter\/wp-json\/wp\/v2\/pages\/10\/revisions\/27"}],"wp:attachment":[{"href":"https:\/\/sisu.ut.ee\/jupyter\/wp-json\/wp\/v2\/media?parent=10"}],"curies":[{"name":"wp","href":"https:\/\/api.w.org\/{rel}","templated":true}]}}