{"id":97,"date":"2024-04-04T02:50:42","date_gmt":"2024-04-03T23:50:42","guid":{"rendered":"https:\/\/sisu.ut.ee\/juhendid\/kiirpost\/"},"modified":"2024-04-04T02:55:43","modified_gmt":"2024-04-03T23:55:43","slug":"kiirpost","status":"publish","type":"page","link":"https:\/\/sisu.ut.ee\/juhendid\/kiirpost\/","title":{"rendered":"Kiirpost"},"content":{"rendered":"<p>\n\t<img loading=\"lazy\" decoding=\"async\" width=\"307\" height=\"190\" class=\"alignnone wp-image-633\" style=\"float: right\" src=\"https:\/\/sisu.ut.ee\/wp-content\/uploads\/sites\/177\/kiirpost_01.png\" title=\"kiirpost_01.png\" alt=\"Kiirpost\" srcset=\"https:\/\/sisu.ut.ee\/wp-content\/uploads\/sites\/177\/kiirpost_01.png 307w, https:\/\/sisu.ut.ee\/wp-content\/uploads\/sites\/177\/kiirpost_01-300x186.png 300w\" sizes=\"auto, (max-width: 307px) 100vw, 307px\"><span data-mce-mark=\"1\">Kiirpost v\u00f5imaldab \u00f5ppej\u00f5ul saata tavalisi e-kirju kursusel osalevatele \u00f5ppijatele ja teistele \u00f5ppej\u00f5ududele, kas iga\u00fchele eraldi v\u00f5i mitmele samasisulise kirja korraga. Kiirposti saab \u00f5ppej\u00f5ud\/disainer enda<\/span>\u00a0kursusele lisada\u00a0<span data-mce-mark=\"1\">eraldi plokina.\u00a0<\/span>\n<\/p>\n<h5>\n\t<span data-mce-mark=\"1\">NB! Kiirposti plokk on kursusel n\u00e4ha vaid oppejoule.<\/span><br>\n<\/h5>\n<h3>\n\t<span data-mce-mark=\"1\">Kiirposti ploki lisamiseks:<\/span><br>\n<\/h3>\n<ul>\n<li>\n\t\tl\u00fclituge kursusel muutmisre\u017eiimi\n\t<\/li>\n<li>\n\t\tvalige kursuse vasakus servas viimasest plokist\u00a0\u00a0<span data-mce-mark=\"1\"><em>Lisa plokk \u2013 Kiirpost<\/em><\/span>\n\t<\/li>\n<li>\n\t\t<span data-mce-mark=\"1\"><em>hammasratta-nupust <\/em>avaneval seadete lehel saate m\u00e4\u00e4rata ploki asukoha kursuse avalehel<\/span><span data-mce-mark=\"1\">\u00a0<\/span>\n\t<\/li>\n<\/ul>\n<p>\n\t<span data-mce-mark=\"1\">Kiri saadetakse osalejatele edasi nende Moodle\u2019i kasutajaprofiilis m\u00e4\u00e4ratud e-posti aadressile. Kui nad on aga enda profiili seadetes Moodle\u2019ist v\u00e4lja e-kirjade saatmise \u00e4ra keelanud, neile kiirpostiga saadetud kirjad ei laeku. Sellekohast teavitust aga \u00f5ppej\u00f5ud ei saa.<\/span>\n<\/p>\n<h3>\n\tKiirpostiga kirja saatmiseks:<br>\n<\/h3>\n<ul>\n<li>\n\t\tklikkige kiirposti plokis\u00a0<em>Saada e-kiri<\/em>\n\t<\/li>\n<li>\n\t\tvalige filtri rippmen\u00fc\u00fcst v\u00f5imalike adressaatide roll\n\t<\/li>\n<li>\n\t\tvalige \u00f5ppijaid kursusel olevate r\u00fchmade kaupa\n\t<\/li>\n<li>\n\t\tadressaadi m\u00e4\u00e4ramiseks tuleks hiirega vastavad kasutajad v\u00e4lja valida (peal klikkida nt CTRL-klahvi all hoides) ning klikkida nupul\u00a0<em>Lisa. <\/em>Vasakpoolses aknas kuvatakse k\u00f5igi samasisulise kirja saajate nimed\n\t<\/li>\n<li>\n\t\te-kirja manuse, teema ja sisu saate lisada allpool\n\t<\/li>\n<\/ul>\n<p>\n\t<img loading=\"lazy\" decoding=\"async\" width=\"738\" height=\"392\" class=\"alignnone wp-image-632\" style=\"margin-left: auto;margin-right: auto;border: 1px solid #eee\" src=\"https:\/\/sisu.ut.ee\/wp-content\/uploads\/sites\/177\/kiirpost2.png\" title=\"kiirpost2.png\" alt=\"kiirpost2.png\" srcset=\"https:\/\/sisu.ut.ee\/wp-content\/uploads\/sites\/177\/kiirpost2.png 738w, https:\/\/sisu.ut.ee\/wp-content\/uploads\/sites\/177\/kiirpost2-300x159.png 300w\" sizes=\"auto, (max-width: 738px) 100vw, 738px\"><\/p>\n","protected":false},"excerpt":{"rendered":"<p>Kiirpost v\u00f5imaldab \u00f5ppej\u00f5ul saata tavalisi e-kirju kursusel osalevatele \u00f5ppijatele ja teistele \u00f5ppej\u00f5ududele, kas iga\u00fchele eraldi v\u00f5i mitmele samasisulise kirja korraga. Kiirposti saab \u00f5ppej\u00f5ud\/disainer enda\u00a0kursusele lisada\u00a0eraldi plokina.\u00a0 NB! Kiirposti plokk on kursusel n\u00e4ha vaid oppejoule. Kiirposti ploki lisamiseks: l\u00fclituge kursusel muutmisre\u017eiimi &#8230;<\/p>\n","protected":false},"author":6,"featured_media":0,"parent":0,"menu_order":0,"comment_status":"closed","ping_status":"closed","template":"","meta":{"_acf_changed":false,"inline_featured_image":false,"footnotes":""},"class_list":["post-97","page","type-page","status-publish","hentry"],"acf":[],"_links":{"self":[{"href":"https:\/\/sisu.ut.ee\/juhendid\/wp-json\/wp\/v2\/pages\/97","targetHints":{"allow":["GET"]}}],"collection":[{"href":"https:\/\/sisu.ut.ee\/juhendid\/wp-json\/wp\/v2\/pages"}],"about":[{"href":"https:\/\/sisu.ut.ee\/juhendid\/wp-json\/wp\/v2\/types\/page"}],"author":[{"embeddable":true,"href":"https:\/\/sisu.ut.ee\/juhendid\/wp-json\/wp\/v2\/users\/6"}],"replies":[{"embeddable":true,"href":"https:\/\/sisu.ut.ee\/juhendid\/wp-json\/wp\/v2\/comments?post=97"}],"version-history":[{"count":1,"href":"https:\/\/sisu.ut.ee\/juhendid\/wp-json\/wp\/v2\/pages\/97\/revisions"}],"predecessor-version":[{"id":1754,"href":"https:\/\/sisu.ut.ee\/juhendid\/wp-json\/wp\/v2\/pages\/97\/revisions\/1754"}],"wp:attachment":[{"href":"https:\/\/sisu.ut.ee\/juhendid\/wp-json\/wp\/v2\/media?parent=97"}],"curies":[{"name":"wp","href":"https:\/\/api.w.org\/{rel}","templated":true}]}}