{"id":95,"date":"2024-04-04T02:50:42","date_gmt":"2024-04-03T23:50:42","guid":{"rendered":"https:\/\/sisu.ut.ee\/juhendid\/tab-display\/"},"modified":"2025-09-24T14:09:01","modified_gmt":"2025-09-24T11:09:01","slug":"tab-display","status":"publish","type":"page","link":"https:\/\/sisu.ut.ee\/juhendid\/tab-display\/","title":{"rendered":"Lipikutega raamat"},"content":{"rendered":"<p>Lipikutega raamat on \u00fclamen\u00fc\u00fcna paiknevate lipikutega seotud lehek\u00fclgedest koosnev \u00f5ppematerjal. Lipikutega raamatu lehek\u00fclgedele saab lisada teksti (nt doc-failist kopeerides), pilte (eraldi failidena), veebilinke, audio- ja videofaile. Raamatuga on mugav \u00f5ppematerjale luua ja p\u00e4rast muuta, kuid peate arvestama sellega, et loodud veebilehek\u00fclgi eraldi failidena kuhugi k\u00e4ttesaadavasse kohta automaatselt ei salvestata. Kui kasutada kursusel s\u00f5nastikku, milles on m\u00e4\u00e4ratud automaatne kirjete linkimine, seotakse lipikutega raamatu tekstis olevad m\u00e4rks\u00f5nad otse s\u00f5nastiku selgitustega.<\/p>\n<h5>NB! Lipikutega raamat sobib, kui lehti (lipikuid) on raamatus v\u00e4he ja lehtede pealkirjad (lipikutel olevad tekstid) on l\u00fchikesed.<\/h5>\n<h3>N\u00e4ide<\/h3>\n<p style=\"text-align: center;\"><img loading=\"lazy\" decoding=\"async\" width=\"731\" height=\"491\" class=\"alignnone wp-image-623\" title=\"lipikutega-raamat.png\" src=\"https:\/\/sisu.ut.ee\/wp-content\/uploads\/sites\/177\/lipikutega-raamat.png\" alt=\"Lipikutega raamat\" srcset=\"https:\/\/sisu.ut.ee\/wp-content\/uploads\/sites\/177\/lipikutega-raamat.png 731w, https:\/\/sisu.ut.ee\/wp-content\/uploads\/sites\/177\/lipikutega-raamat-300x202.png 300w\" sizes=\"auto, (max-width: 731px) 100vw, 731px\"><\/p>\n<h3>Lipikutega raamatu lisamiseks kursuse avalehele:<\/h3>\n<ul>\n<li>valige lingist\u00a0<em>Vahend v\u00f5i tegevus<\/em>\u00a0avanevast aknast <em>Lipikutega<\/em> <em>raamat<\/em><\/li>\n<li>sisestage raamatule nimi (pealkiri) ning kirjeldus (see kuvatakse sisu kohal)<\/li>\n<li>sisestage iga lehe jaoks <em>Lipiku nimi<\/em> ja <em>Lipiku sisu <\/em>ning m\u00e4\u00e4rake, mitmenda lipikuna\/lehena seda n\u00e4idatakse<\/li>\n<\/ul>\n","protected":false},"excerpt":{"rendered":"<p>Lipikutega raamat on \u00fclamen\u00fc\u00fcna paiknevate lipikutega seotud lehek\u00fclgedest koosnev \u00f5ppematerjal. Lipikutega raamatu lehek\u00fclgedele saab lisada teksti (nt doc-failist kopeerides), pilte (eraldi failidena), veebilinke, audio- ja videofaile. Raamatuga on mugav \u00f5ppematerjale luua ja p\u00e4rast muuta, kuid peate arvestama sellega, et loodud &#8230;<\/p>\n","protected":false},"author":6,"featured_media":0,"parent":0,"menu_order":0,"comment_status":"closed","ping_status":"closed","template":"","meta":{"_acf_changed":false,"inline_featured_image":false,"footnotes":""},"class_list":["post-95","page","type-page","status-publish","hentry"],"acf":[],"_links":{"self":[{"href":"https:\/\/sisu.ut.ee\/juhendid\/wp-json\/wp\/v2\/pages\/95","targetHints":{"allow":["GET"]}}],"collection":[{"href":"https:\/\/sisu.ut.ee\/juhendid\/wp-json\/wp\/v2\/pages"}],"about":[{"href":"https:\/\/sisu.ut.ee\/juhendid\/wp-json\/wp\/v2\/types\/page"}],"author":[{"embeddable":true,"href":"https:\/\/sisu.ut.ee\/juhendid\/wp-json\/wp\/v2\/users\/6"}],"replies":[{"embeddable":true,"href":"https:\/\/sisu.ut.ee\/juhendid\/wp-json\/wp\/v2\/comments?post=95"}],"version-history":[{"count":3,"href":"https:\/\/sisu.ut.ee\/juhendid\/wp-json\/wp\/v2\/pages\/95\/revisions"}],"predecessor-version":[{"id":4823,"href":"https:\/\/sisu.ut.ee\/juhendid\/wp-json\/wp\/v2\/pages\/95\/revisions\/4823"}],"wp:attachment":[{"href":"https:\/\/sisu.ut.ee\/juhendid\/wp-json\/wp\/v2\/media?parent=95"}],"curies":[{"name":"wp","href":"https:\/\/api.w.org\/{rel}","templated":true}]}}