{"id":93,"date":"2024-04-04T02:50:42","date_gmt":"2024-04-03T23:50:42","guid":{"rendered":"https:\/\/sisu.ut.ee\/juhendid\/vahetekst\/"},"modified":"2024-04-11T10:31:40","modified_gmt":"2024-04-11T07:31:40","slug":"vahetekst","status":"publish","type":"page","link":"https:\/\/sisu.ut.ee\/juhendid\/vahetekst\/","title":{"rendered":"Vahetekst"},"content":{"rendered":"<p>Vahetekstina saab esitada kujundatud teksti, pilte, video- ja audioklippe kursuse avalehel olevate vahendite ja tegevuste vahele. Allj\u00e4rgnevas n\u00e4ites on kursuse avalehele lisatud kaks vaheteksti, kus tekst on paigutatud v\u00e4rvilise taustaga tabelitesse.<\/p>\n<p><img loading=\"lazy\" decoding=\"async\" width=\"700\" height=\"284\" class=\"alignnone wp-image-619\" style=\"margin-left: auto;margin-right: auto;border: 1px solid #eee\" src=\"https:\/\/sisu.ut.ee\/wp-content\/uploads\/sites\/177\/vahetekst.png\" title=\"vahetekst.png\" alt=\"vahetekst.png\" srcset=\"https:\/\/sisu.ut.ee\/wp-content\/uploads\/sites\/177\/vahetekst.png 700w, https:\/\/sisu.ut.ee\/wp-content\/uploads\/sites\/177\/vahetekst-300x122.png 300w\" sizes=\"auto, (max-width: 700px) 100vw, 700px\"><\/p>\n\n<h3>Vaheteksti lisamiseks kursuse avalehele:<\/h3>\n<ul>\n<li>valige lingist\u00a0<em>Lisa vahend v\u00f5i tegevus<\/em>\u00a0avanevast aknast\u00a0<em>Vahetekst<\/em><\/li>\n<li>sisestage vajalik sisu\u00a0tekstilahtrisse<em>\u00a0Vaheteksti sisu<\/em><\/li>\n<\/ul>\n","protected":false},"excerpt":{"rendered":"<p>Vahetekstina saab esitada kujundatud teksti, pilte, video- ja audioklippe kursuse avalehel olevate vahendite ja tegevuste vahele. Allj\u00e4rgnevas n\u00e4ites on kursuse avalehele lisatud kaks vaheteksti, kus tekst on paigutatud v\u00e4rvilise taustaga tabelitesse. Vaheteksti lisamiseks kursuse avalehele: valige lingist\u00a0Lisa vahend v\u00f5i tegevus\u00a0avanevast &#8230;<\/p>\n","protected":false},"author":6,"featured_media":0,"parent":0,"menu_order":0,"comment_status":"closed","ping_status":"closed","template":"","meta":{"_acf_changed":false,"inline_featured_image":false,"footnotes":""},"class_list":["post-93","page","type-page","status-publish","hentry"],"acf":[],"_links":{"self":[{"href":"https:\/\/sisu.ut.ee\/juhendid\/wp-json\/wp\/v2\/pages\/93","targetHints":{"allow":["GET"]}}],"collection":[{"href":"https:\/\/sisu.ut.ee\/juhendid\/wp-json\/wp\/v2\/pages"}],"about":[{"href":"https:\/\/sisu.ut.ee\/juhendid\/wp-json\/wp\/v2\/types\/page"}],"author":[{"embeddable":true,"href":"https:\/\/sisu.ut.ee\/juhendid\/wp-json\/wp\/v2\/users\/6"}],"replies":[{"embeddable":true,"href":"https:\/\/sisu.ut.ee\/juhendid\/wp-json\/wp\/v2\/comments?post=93"}],"version-history":[{"count":1,"href":"https:\/\/sisu.ut.ee\/juhendid\/wp-json\/wp\/v2\/pages\/93\/revisions"}],"predecessor-version":[{"id":1758,"href":"https:\/\/sisu.ut.ee\/juhendid\/wp-json\/wp\/v2\/pages\/93\/revisions\/1758"}],"wp:attachment":[{"href":"https:\/\/sisu.ut.ee\/juhendid\/wp-json\/wp\/v2\/media?parent=93"}],"curies":[{"name":"wp","href":"https:\/\/api.w.org\/{rel}","templated":true}]}}