{"id":9,"date":"2024-04-04T02:50:36","date_gmt":"2024-04-03T23:50:36","guid":{"rendered":"https:\/\/sisu.ut.ee\/juhendid\/lehe-ja-kollektsiooni-esitamine-hindamiseks\/"},"modified":"2024-11-28T14:15:30","modified_gmt":"2024-11-28T12:15:30","slug":"lehe-ja-kollektsiooni-esitamine-hindamiseks","status":"publish","type":"page","link":"https:\/\/sisu.ut.ee\/juhendid\/lehe-ja-kollektsiooni-esitamine-hindamiseks\/","title":{"rendered":"Lehe ja kollektsiooni esitamine hindamiseks"},"content":{"rendered":"<p>Hindamiseks saab \u00f5ppija esitada \u00fcksiku lehe v\u00f5i terve kollektsiooni.<\/p>\n<h5>Esmalt tuleb vastav leht v\u00f5i kollektsioon avalikustada.\u00a0Kl\u00f5psates \u00fclamen\u00fc\u00fcs\u00a0<em>Avalikusta\u00a0<\/em>\u2013\u00a0<em>Minu poolt jagatud<\/em>\u00a0saate veenduda, et hindamiseks esitatav leht v\u00f5i kollektsioon on vajalikul ajal avalik.<\/h5>\n<p>Kui \u00f5ppej\u00f5ud on lisanud Moodle\u2019is e-kursusele \u00fclesande, kus oodatakse \u00f5ppijalt Maharas loodud kodut\u00f6\u00f6 esitamist, saab avalikustatud lehe v\u00f5i kollektsiooni valida Moodle\u2019is konkreetse \u00fclesande juures. <strong>P\u00e4rast t\u00f6\u00f6 esitamist vastav leht v\u00f5i kollektsioon lukustatakse<\/strong> ja seda \u00f5ppija enam muuta ei saa kuni t\u00f6\u00f6 on hinnatud. Moodle\u2019i \u00fclesande kaudu ei saa otse esitada hindamiseks r\u00fchmana loodud lehte v\u00f5i kollektsiooni \u2013 see tuleks esitada lihtsalt veebiaadressina.<\/p>\n<p>\u00d5ppija\u00a0vaade \u00fclesande esitamisel:<\/p>\n<p><img loading=\"lazy\" decoding=\"async\" width=\"778\" height=\"411\" class=\"alignnone wp-image-288 aligncenter\" style=\"margin-left: auto; margin-right: auto; border: 1px solid #eee;\" title=\"ylesanne2b.png\" src=\"https:\/\/sisu.ut.ee\/wp-content\/uploads\/sites\/177\/ylesanne2b.png\" alt=\"ylesanne2b.png\" srcset=\"https:\/\/sisu.ut.ee\/wp-content\/uploads\/sites\/177\/ylesanne2b.png 778w, https:\/\/sisu.ut.ee\/wp-content\/uploads\/sites\/177\/ylesanne2b-300x158.png 300w, https:\/\/sisu.ut.ee\/wp-content\/uploads\/sites\/177\/ylesanne2b-768x406.png 768w\" sizes=\"auto, (max-width: 778px) 100vw, 778px\"><\/p>\n<p>\u00d5ppej\u00f5ud peab seega \u00fclesande seadete lehel m\u00e4\u00e4rama, kas t\u00f6\u00f6 on esitatav Mahara e-portfooliona, failina ja\/v\u00f5i Onlain tekstina.<\/p>\n<h5>Kui on vaja, et \u00f5ppija saaks p\u00e4rast portfoolio esitamist sedasama portfooliot veel muuta ja t\u00e4iendada ning et eri aegadel antud tagasisided oleks \u00fches portfoolios koos, tuleb lasta portfoolio esitada <em>Onlain teksti<\/em> lahtris veebiaadressina\/lingina, mitte <em>Mahara e-portfooliona<\/em>.<\/h5>\n<p><img loading=\"lazy\" decoding=\"async\" class=\"aligncenter wp-image-3970 size-full\" src=\"https:\/\/sisu.ut.ee\/wp-content\/uploads\/sites\/177\/Screenshot-2024-11-28-at-12.58.02.png\" alt=\"\" width=\"865\" height=\"152\" srcset=\"https:\/\/sisu.ut.ee\/wp-content\/uploads\/sites\/177\/Screenshot-2024-11-28-at-12.58.02.png 865w, https:\/\/sisu.ut.ee\/wp-content\/uploads\/sites\/177\/Screenshot-2024-11-28-at-12.58.02-300x53.png 300w, https:\/\/sisu.ut.ee\/wp-content\/uploads\/sites\/177\/Screenshot-2024-11-28-at-12.58.02-768x135.png 768w\" sizes=\"auto, (max-width: 865px) 100vw, 865px\"><\/p>\n<p>Lehe v\u00f5i kollektsiooni veebiaadressi (URL) saab esitada ka foorumi kaudu v\u00f5i saata e-kirjaga.<\/p>\n<h2 id=\"Kuidasportfooliohindamiseksesitada?-Lehev\u00f5ikollektsiooniesitaminer\u00fchmas\">Lehe v\u00f5i kollektsiooni esitamine r\u00fchmas<\/h2>\n<p>Kui Maharas on loodud r\u00fchm, mille seadetes on m\u00e4\u00e4ratud seade\u00a0<em>Luba esitamised \u2013 Jah<\/em>, saavad r\u00fchmaliikmed r\u00fchma alt enda t\u00f6id esitada. P\u00e4rast t\u00f6\u00f6 esitamist see lukustatakse, kuni \u00f5ppej\u00f5ud selle taas muutmiseks avab. Nii leiab \u00f5ppej\u00f5ud k\u00f5igi r\u00fchmaliikmete esitatud t\u00f6\u00f6d \u00fchest kohast.<\/p>\n","protected":false},"excerpt":{"rendered":"<p>Hindamiseks saab \u00f5ppija esitada \u00fcksiku lehe v\u00f5i terve kollektsiooni. Esmalt tuleb vastav leht v\u00f5i kollektsioon avalikustada.\u00a0Kl\u00f5psates \u00fclamen\u00fc\u00fcs\u00a0Avalikusta\u00a0\u2013\u00a0Minu poolt jagatud\u00a0saate veenduda, et hindamiseks esitatav leht v\u00f5i kollektsioon on vajalikul ajal avalik. Kui \u00f5ppej\u00f5ud on lisanud Moodle\u2019is e-kursusele \u00fclesande, kus oodatakse \u00f5ppijalt &#8230;<\/p>\n","protected":false},"author":6,"featured_media":0,"parent":0,"menu_order":0,"comment_status":"closed","ping_status":"closed","template":"","meta":{"_acf_changed":false,"inline_featured_image":false,"footnotes":""},"class_list":["post-9","page","type-page","status-publish","hentry"],"acf":[],"_links":{"self":[{"href":"https:\/\/sisu.ut.ee\/juhendid\/wp-json\/wp\/v2\/pages\/9","targetHints":{"allow":["GET"]}}],"collection":[{"href":"https:\/\/sisu.ut.ee\/juhendid\/wp-json\/wp\/v2\/pages"}],"about":[{"href":"https:\/\/sisu.ut.ee\/juhendid\/wp-json\/wp\/v2\/types\/page"}],"author":[{"embeddable":true,"href":"https:\/\/sisu.ut.ee\/juhendid\/wp-json\/wp\/v2\/users\/6"}],"replies":[{"embeddable":true,"href":"https:\/\/sisu.ut.ee\/juhendid\/wp-json\/wp\/v2\/comments?post=9"}],"version-history":[{"count":6,"href":"https:\/\/sisu.ut.ee\/juhendid\/wp-json\/wp\/v2\/pages\/9\/revisions"}],"predecessor-version":[{"id":3979,"href":"https:\/\/sisu.ut.ee\/juhendid\/wp-json\/wp\/v2\/pages\/9\/revisions\/3979"}],"wp:attachment":[{"href":"https:\/\/sisu.ut.ee\/juhendid\/wp-json\/wp\/v2\/media?parent=9"}],"curies":[{"name":"wp","href":"https:\/\/api.w.org\/{rel}","templated":true}]}}