{"id":87,"date":"2024-04-04T02:50:42","date_gmt":"2024-04-03T23:50:42","guid":{"rendered":"https:\/\/sisu.ut.ee\/juhendid\/viki\/"},"modified":"2024-04-04T02:55:43","modified_gmt":"2024-04-03T23:55:43","slug":"viki","status":"publish","type":"page","link":"https:\/\/sisu.ut.ee\/juhendid\/viki\/","title":{"rendered":"Viki"},"content":{"rendered":"<p>Viki vahendiga saab individuaalselt v\u00f5i r\u00fchmana toimetada Moodle\u2019is olevat veebilehte: t\u00e4ita \u00fchist tabelit, luua \u00fchist kokkuv\u00f5tet jne.<\/p>\n<h3>Viki lisamiseks:<\/h3>\n<ul>\n<li>valige lingist\u00a0<em>Lisa vahend v\u00f5i tegevus<\/em>\u00a0avanevast aknast\u00a0<em>Viki<\/em><\/li>\n<li>sisestage vikile nimi ning kirjeldus<\/li>\n<li>m\u00e4\u00e4rake vikit\u00fc\u00fcp: kas iga\u00fcks saab muuta vikit (koost\u00f6\u00f6 viki) v\u00f5i on iga\u00fchel oma eraldi viki (individuaalne viki)<\/li>\n<li>sisestage esilehe pealkiri \u2013 seda te hiljem enam muuta ei saa!<\/li>\n<li>kui viki peab olema kasutatav r\u00fchmana, valige sobiv r\u00fchmare\u017eiim<\/li>\n<\/ul>\n<p>Viki muutmiseks peab klikkima lipikul\u00a0<em>Muuda<\/em>\u00a0ning p\u00e4rast nupul\u00a0<em>Salvesta<\/em>. Kui kursusel on kasutatud r\u00fchmavikit, tuleb esmalt viki vaatamiseks valida parempoolsest \u00fclanurgast vastav r\u00fchm ja klikkida nupul\u00a0<em>J\u00e4tka<\/em>. Vaadeldava r\u00fchma nimi on kirjas selle rippmen\u00fc\u00fc kohal.<\/p>\n<h5>NB! \u00d5ppijatele muutmiseks\/t\u00e4itmiseks m\u00f5eldud tabel tuleb kindlasti lisada vikilehele (lipikust <em>Muuda<\/em>), mitte viki kirjeldusse.<\/h5>\n<p>Viki saab luua r\u00fchmale (seda saavad muuta k\u00f5ik kursusel osalevad \u00f5ppijad v\u00f5i vastava r\u00fchma liikmed), igale \u00f5ppijale eraldi privaatse viki v\u00f5i sellise viki, kus \u00f5ppija n\u00e4eb ainult enda r\u00fchmakaaslaste vikisid.\u00a0<\/p>\n<p><img loading=\"lazy\" decoding=\"async\" width=\"736\" height=\"754\" class=\"alignnone wp-image-586\" style=\"border: 1px solid #eeeeee;margin-left: auto;margin-right: auto\" src=\"https:\/\/sisu.ut.ee\/wp-content\/uploads\/sites\/177\/viki.png\" title=\"viki.png\" alt=\"viki.png\" srcset=\"https:\/\/sisu.ut.ee\/wp-content\/uploads\/sites\/177\/viki.png 736w, https:\/\/sisu.ut.ee\/wp-content\/uploads\/sites\/177\/viki-293x300.png 293w\" sizes=\"auto, (max-width: 736px) 100vw, 736px\"><\/p>\n<p><strong>Viki hindamist<\/strong><span data-mce-mark=\"1\">\u00a0v\u00f5iks korraldada n\u00e4iteks hinnatava foorumi kaudu (iga r\u00fchmaliige saadab hinnatavasse foorumisse t\u00f6\u00f6 l\u00f5petamise kohta kirja). Teine v\u00f5imalus on lisada vikile lisaks veel ulesanne. \u00dclesande kaudu saab hinnata \u00f5ppijaid mugavalt ka siis, kui nad selle kaudu midagi esitanud ei ole (aga v\u00f5ib paluda igal \u00f5ppijal \u00fclesande kaudu teada anda, et r\u00fchmat\u00f6\u00f6 on hindamiseks valmis).\u00a0Kolmas v\u00f5imalus on sisestada hinne eraldi otse hindetabelisse k\u00e4sitsi loodud tulpa (mittesoovitatav).\u00a0<\/span><\/p>\n","protected":false},"excerpt":{"rendered":"<p>Viki vahendiga saab individuaalselt v\u00f5i r\u00fchmana toimetada Moodle\u2019is olevat veebilehte: t\u00e4ita \u00fchist tabelit, luua \u00fchist kokkuv\u00f5tet jne. Viki lisamiseks: valige lingist\u00a0Lisa vahend v\u00f5i tegevus\u00a0avanevast aknast\u00a0Viki sisestage vikile nimi ning kirjeldus m\u00e4\u00e4rake vikit\u00fc\u00fcp: kas iga\u00fcks saab muuta vikit (koost\u00f6\u00f6 viki) v\u00f5i &#8230;<\/p>\n","protected":false},"author":6,"featured_media":0,"parent":0,"menu_order":0,"comment_status":"closed","ping_status":"closed","template":"","meta":{"_acf_changed":false,"inline_featured_image":false,"footnotes":""},"class_list":["post-87","page","type-page","status-publish","hentry"],"acf":[],"_links":{"self":[{"href":"https:\/\/sisu.ut.ee\/juhendid\/wp-json\/wp\/v2\/pages\/87","targetHints":{"allow":["GET"]}}],"collection":[{"href":"https:\/\/sisu.ut.ee\/juhendid\/wp-json\/wp\/v2\/pages"}],"about":[{"href":"https:\/\/sisu.ut.ee\/juhendid\/wp-json\/wp\/v2\/types\/page"}],"author":[{"embeddable":true,"href":"https:\/\/sisu.ut.ee\/juhendid\/wp-json\/wp\/v2\/users\/6"}],"replies":[{"embeddable":true,"href":"https:\/\/sisu.ut.ee\/juhendid\/wp-json\/wp\/v2\/comments?post=87"}],"version-history":[{"count":1,"href":"https:\/\/sisu.ut.ee\/juhendid\/wp-json\/wp\/v2\/pages\/87\/revisions"}],"predecessor-version":[{"id":1764,"href":"https:\/\/sisu.ut.ee\/juhendid\/wp-json\/wp\/v2\/pages\/87\/revisions\/1764"}],"wp:attachment":[{"href":"https:\/\/sisu.ut.ee\/juhendid\/wp-json\/wp\/v2\/media?parent=87"}],"curies":[{"name":"wp","href":"https:\/\/api.w.org\/{rel}","templated":true}]}}