{"id":86,"date":"2024-04-04T02:50:42","date_gmt":"2024-04-03T23:50:42","guid":{"rendered":"https:\/\/sisu.ut.ee\/juhendid\/ms-teams\/"},"modified":"2025-05-23T15:17:02","modified_gmt":"2025-05-23T12:17:02","slug":"ms-teams","status":"publish","type":"page","link":"https:\/\/sisu.ut.ee\/juhendid\/ms-teams\/","title":{"rendered":"MS Teams"},"content":{"rendered":"<p>MS Teams on Office 365 tarkvara, mille abil saab luua t\u00f6\u00f6r\u00fchmi (<em>Team<\/em>). T\u00f6\u00f6r\u00fchmas saab pidada vestlusi, videokonverentse ning luua ja hallata faile.<\/p>\n\n\n\n<h5 class=\"wp-block-heading\">MS Teamsi juhend: <a href=\"https:\/\/wiki.ut.ee\/spaces\/AA\/pages\/90676835\/Microsoft+Teams\" target=\"_blank\" rel=\"noreferrer noopener\">https:\/\/wiki.ut.ee\/spaces\/AA\/pages\/90676835\/Microsoft+Teams<\/a><br>KKK \u2013 Teamsi kasutamine:\u00a0<a href=\"https:\/\/wiki.ut.ee\/spaces\/AA\/pages\/90674578\/KKK+Microsoft+Teamsi+kohta\" target=\"_blank\" rel=\"noreferrer noopener\">https:\/\/wiki.ut.ee\/spaces\/AA\/pages\/90674578\/KKK+Microsoft+Teamsi+kohta<\/a><\/h5>\n\n\n\n<h3 class=\"wp-block-heading\">Moodle\u2019i ja MS Teamsi liidestus<\/h3>\n\n\n\n<h5 class=\"wp-block-heading\">NB! Moodle\u2019i ja MS Teamsi liidestus l\u00f5ppeb 2025. aasta juuni l\u00f5pus. Kui edaspidi on soov \u00f5ppet\u00f6\u00f6s MS Teamsi kasutada, siis tuleb Teamsi t\u00f6\u00f6r\u00fchm luua k\u00e4sitsi (luua saab ka klassiruumi t\u00fc\u00fcpi t\u00f6\u00f6r\u00fchma) ning kutsuda \u00f5ppijad t\u00f6\u00f6r\u00fchmaga liituma.<\/h5>\n\n\n\n<h3 class=\"wp-block-heading\">Teamsi kasutamine \u00f5ppet\u00f6\u00f6s<\/h3>\n\n\n\n<p>Kui te soovite luua MS Teamsi t\u00f6\u00f6r\u00fchma \u00f5ppet\u00f6\u00f6 jaoks, siis looge Teamsis k\u00e4sitsi t\u00f6\u00f6r\u00fchm ning soovi korral looge klassiruumi (<em>Class<\/em>) t\u00fc\u00fcpi t\u00f6\u00f6r\u00fchm.<\/p>\n\n\n\n<p>Klassiruumi t\u00fc\u00fcpi MS Teamsi t\u00f6\u00f6r\u00fchmas saab kasutada j\u00e4rgnevaid v\u00f5imalusi:<\/p>\n\n\n\n<ol class=\"wp-block-list\">\n<li>pidada tekstilisi vestlusi<\/li>\n\n\n\n<li>pidada videokonverentse<\/li>\n\n\n\n<li>salvestada videokonverentsi (vt <a title=\"\" data-url=\"https:\/\/support.microsoft.com\/et-ee\/office\/koosoleku-salvestamine-teamsis-34dfbe7f-b07d-4a27-b4c6-de62f1348c24\" href=\"https:\/\/support.microsoft.com\/et-ee\/office\/koosoleku-salvestamine-teamsis-34dfbe7f-b07d-4a27-b4c6-de62f1348c24\" target=\"_blank\" rel=\"noopener\">juhendit<\/a>)<\/li>\n\n\n\n<li>hallata \u00fchiselt faile<\/li>\n\n\n\n<li>hallata m\u00e4rkmeid<\/li>\n\n\n\n<li>anda \u00f5ppijatele \u00fclesandeid, millele nad saavad esitada vastuse failina ning hinnata esitatud t\u00f6id (MS Teams klassiruumi funktsioon)<\/li>\n<\/ol>\n\n\n\n<p>\u00d5ppijate kutsumiseks t\u00f6\u00f6r\u00fchmaga liituma vajutage t\u00f6\u00f6r\u00fchma nime j\u00e4rel olevale nupule\u00a0<strong>\u2026\u00a0<\/strong>ja valige\u00a0<strong>Hangi t\u00f6\u00f6r\u00fchma link<\/strong>. Kopeerige genereeritud link\u00a0ja saatke \u00f5ppijatele, keda soovite t\u00f6\u00f6r\u00fchma kutsuda.<\/p>\n\n\n\n<h3 class=\"wp-block-heading\">Kui alustab uus \u00f5pper\u00fchm ja te soovite sama MS Teamsi t\u00f6\u00f6r\u00fchma kasutada<\/h3>\n\n\n\n<p>Kui alustate uue \u00f5pper\u00fchmaga MS Teamsis sama t\u00f6\u00f6r\u00fchma kasutamist, siis<\/p>\n\n\n\n<ol class=\"wp-block-list\">\n<li>Kustutage t\u00f6\u00f6r\u00fchmast vanad liikmed.<\/li>\n\n\n\n<li>Veenduge, et t\u00f6\u00f6r\u00fchma uutel liikmetel ei ole ligip\u00e4\u00e4su vanade liikmete isikuandmetele.<\/li>\n<\/ol>\n\n\n\n<p>Kui kursuse MS Teams t\u00f6\u00f6r\u00fchmas\u00a0on eelmise \u00f5pper\u00fchma \u00f5ppijate isikustatud vestlused v\u00f5i failid (sh juurdep\u00e4\u00e4s videosessioonide salvestustele, kus on eelmise \u00f5pper\u00fchma \u00f5ppijate isikuandmed), siis teil MS Teamsi t\u00f6\u00f6r\u00fchma omanikuna on\u00a0isikuandmete kaitse p\u00e4rast kohustus need kustutada, kui eelmise \u00f5pper\u00fchmaga pole teisiti kokku lepitud. Eelmise \u00f5pper\u00fchma andmeid on teil v\u00f5imalik kustutada k\u00e4sitsi (vestluse puhul tuleb iga postitus kustutada eraldi).<\/p>\n\n\n\n<h3 class=\"wp-block-heading\">Uuele \u00f5pper\u00fchmale uue MS Teamsi t\u00f6\u00f6r\u00fchma loomine<\/h3>\n\n\n\n<p>Kui kustutatavaid andmeid on palju, siis soovitame vana t\u00f6\u00f6r\u00fchma arhiveerida (vt <a href=\"https:\/\/wiki.ut.ee\/spaces\/AA\/pages\/90684382\/T%C3%B6%C3%B6r%C3%BChma+arhiveerimine+Teamsis\" data-type=\"link\" data-id=\"https:\/\/wiki.ut.ee\/spaces\/AA\/pages\/90684382\/T%C3%B6%C3%B6r%C3%BChma+arhiveerimine+Teamsis\" target=\"_blank\" rel=\"noreferrer noopener\">juhendit<\/a>) ning luua uue \u00f5pper\u00fchma jaoks uue t\u00f6\u00f6r\u00fchma.<\/p>\n","protected":false},"excerpt":{"rendered":"<p>MS Teams on Office 365 tarkvara, mille abil saab luua t\u00f6\u00f6r\u00fchmi (Team). T\u00f6\u00f6r\u00fchmas saab pidada vestlusi, videokonverentse ning luua ja hallata faile. MS Teamsi juhend: https:\/\/wiki.ut.ee\/spaces\/AA\/pages\/90676835\/Microsoft+TeamsKKK \u2013 Teamsi kasutamine:\u00a0https:\/\/wiki.ut.ee\/spaces\/AA\/pages\/90674578\/KKK+Microsoft+Teamsi+kohta Moodle\u2019i ja MS Teamsi liidestus NB! Moodle\u2019i ja MS Teamsi liidestus &#8230;<\/p>\n","protected":false},"author":6,"featured_media":0,"parent":0,"menu_order":0,"comment_status":"closed","ping_status":"closed","template":"","meta":{"_acf_changed":false,"inline_featured_image":false,"footnotes":""},"class_list":["post-86","page","type-page","status-publish","hentry"],"acf":[],"_links":{"self":[{"href":"https:\/\/sisu.ut.ee\/juhendid\/wp-json\/wp\/v2\/pages\/86","targetHints":{"allow":["GET"]}}],"collection":[{"href":"https:\/\/sisu.ut.ee\/juhendid\/wp-json\/wp\/v2\/pages"}],"about":[{"href":"https:\/\/sisu.ut.ee\/juhendid\/wp-json\/wp\/v2\/types\/page"}],"author":[{"embeddable":true,"href":"https:\/\/sisu.ut.ee\/juhendid\/wp-json\/wp\/v2\/users\/6"}],"replies":[{"embeddable":true,"href":"https:\/\/sisu.ut.ee\/juhendid\/wp-json\/wp\/v2\/comments?post=86"}],"version-history":[{"count":17,"href":"https:\/\/sisu.ut.ee\/juhendid\/wp-json\/wp\/v2\/pages\/86\/revisions"}],"predecessor-version":[{"id":4506,"href":"https:\/\/sisu.ut.ee\/juhendid\/wp-json\/wp\/v2\/pages\/86\/revisions\/4506"}],"wp:attachment":[{"href":"https:\/\/sisu.ut.ee\/juhendid\/wp-json\/wp\/v2\/media?parent=86"}],"curies":[{"name":"wp","href":"https:\/\/api.w.org\/{rel}","templated":true}]}}