{"id":82,"date":"2024-04-04T02:50:41","date_gmt":"2024-04-03T23:50:41","guid":{"rendered":"https:\/\/sisu.ut.ee\/juhendid\/vidinad\/"},"modified":"2024-04-26T19:07:12","modified_gmt":"2024-04-26T16:07:12","slug":"vidinad","status":"publish","type":"page","link":"https:\/\/sisu.ut.ee\/juhendid\/vidinad\/","title":{"rendered":"Vidinad"},"content":{"rendered":"<p>\n\tLehestiku k\u00fclgribadele on v\u00f5imalik lisada vidinaid.\n<\/p>\n<h3>\n\tVidina lisamiseks lehestikule:<br>\n<\/h3>\n<ul>\n<li>\n\t\tkl\u00f5psake vasakul men\u00fc\u00fcs <strong><em>Appearance, Widgets<\/em><\/strong> v\u00f5i lehestiku avalehel \u00fclamen\u00fc\u00fcs\u00a0<em><strong>Kohanda, Widgets<\/strong><\/em>\n\t<\/li>\n<li>\n\t\tkl\u00f5psake <em>Primary sidebar<\/em> v\u00f5i S<em>econdary sidebar<\/em> (kui lehestikus kuvatakse ka sekundaarset k\u00fclgriba)\n\t<\/li>\n<li>\n\t\tlisage + m\u00e4rgist k\u00fclgribale soovitud plokk\n\t<\/li>\n<li>\n\t\tavaldage lisatud sisu <strong><em>Publish<\/em><\/strong> nupul kl\u00f5psates\n\t<\/li>\n<\/ul>\n<p>\n\t<strong>NB!<\/strong> K\u00fclgribadele lisatud vidinate sisu kuvatakse lehestikus igal lehel, kus vastavat k\u00fclgriba kuvatakse.<\/p>\n","protected":false},"excerpt":{"rendered":"<p>Lehestiku k\u00fclgribadele on v\u00f5imalik lisada vidinaid. Vidina lisamiseks lehestikule: kl\u00f5psake vasakul men\u00fc\u00fcs Appearance, Widgets v\u00f5i lehestiku avalehel \u00fclamen\u00fc\u00fcs\u00a0Kohanda, Widgets kl\u00f5psake Primary sidebar v\u00f5i Secondary sidebar (kui lehestikus kuvatakse ka sekundaarset k\u00fclgriba) lisage + m\u00e4rgist k\u00fclgribale soovitud plokk avaldage lisatud sisu &#8230;<\/p>\n","protected":false},"author":6,"featured_media":0,"parent":0,"menu_order":0,"comment_status":"closed","ping_status":"closed","template":"","meta":{"_acf_changed":false,"inline_featured_image":false,"footnotes":""},"class_list":["post-82","page","type-page","status-publish","hentry"],"acf":[],"_links":{"self":[{"href":"https:\/\/sisu.ut.ee\/juhendid\/wp-json\/wp\/v2\/pages\/82","targetHints":{"allow":["GET"]}}],"collection":[{"href":"https:\/\/sisu.ut.ee\/juhendid\/wp-json\/wp\/v2\/pages"}],"about":[{"href":"https:\/\/sisu.ut.ee\/juhendid\/wp-json\/wp\/v2\/types\/page"}],"author":[{"embeddable":true,"href":"https:\/\/sisu.ut.ee\/juhendid\/wp-json\/wp\/v2\/users\/6"}],"replies":[{"embeddable":true,"href":"https:\/\/sisu.ut.ee\/juhendid\/wp-json\/wp\/v2\/comments?post=82"}],"version-history":[{"count":1,"href":"https:\/\/sisu.ut.ee\/juhendid\/wp-json\/wp\/v2\/pages\/82\/revisions"}],"predecessor-version":[{"id":1769,"href":"https:\/\/sisu.ut.ee\/juhendid\/wp-json\/wp\/v2\/pages\/82\/revisions\/1769"}],"wp:attachment":[{"href":"https:\/\/sisu.ut.ee\/juhendid\/wp-json\/wp\/v2\/media?parent=82"}],"curies":[{"name":"wp","href":"https:\/\/api.w.org\/{rel}","templated":true}]}}