{"id":81,"date":"2024-04-04T02:50:41","date_gmt":"2024-04-03T23:50:41","guid":{"rendered":"https:\/\/sisu.ut.ee\/juhendid\/rakendused\/"},"modified":"2024-05-07T15:15:37","modified_gmt":"2024-05-07T12:15:37","slug":"rakendused","status":"publish","type":"page","link":"https:\/\/sisu.ut.ee\/juhendid\/rakendused\/","title":{"rendered":"Rakendused"},"content":{"rendered":"<p>\n\tSisus@UT-s on esmalt kasutamiseks kolme\u00a0rakendust: leht (<strong>Page<\/strong>), postitus (<strong>Post<\/strong>) ja s\u00fcndmus (<strong>Events<\/strong>).\n<\/p>\n<h3>\n\tLisarakenduste aktiveerimiseks:<br>\n<\/h3>\n<ul>\n<li>\n\t\tkl\u00f5psake vasakul men\u00fc\u00fcs\u00a0<strong>Plugins<\/strong>\n\t<\/li>\n<li>\n\t\tkl\u00f5psake soovitud rakenduse juures <strong>Activate<\/strong>\n\t<\/li>\n<li>\n\t\tkl\u00f5psake lehe alaservas nuppu <strong>Apply<\/strong>\n\t<\/li>\n<\/ul>\n<p style=\"text-align: center\">\n\t<img loading=\"lazy\" decoding=\"async\" width=\"967\" height=\"546\" class=\"alignnone wp-image-560\" src=\"https:\/\/sisu.ut.ee\/wp-content\/uploads\/sites\/177\/plugins.png\" title=\"plugins.png\" alt=\"Pluginad\" srcset=\"https:\/\/sisu.ut.ee\/wp-content\/uploads\/sites\/177\/plugins.png 967w, https:\/\/sisu.ut.ee\/wp-content\/uploads\/sites\/177\/plugins-300x169.png 300w, https:\/\/sisu.ut.ee\/wp-content\/uploads\/sites\/177\/plugins-768x434.png 768w\" sizes=\"auto, (max-width: 967px) 100vw, 967px\">\n<\/p>\n<p>\n\t<strong>\u200b\u200b\u200b\u200b\u200b\u200b\u200b<\/strong>Vajadusel on v\u00f5imalik aktiveerida ja lisada veel j\u00e4rgmisi rakendusi:\n<\/p>\n<ol>\n<li>\n\t\t<strong>H5P<\/strong> (Interaktiivne sisu) \u2013 rakendus interaktiivse sisu loomiseks\n\t<\/li>\n<li>\n\t\t<strong>Watu PRO<\/strong> (Test) \u2013 rakendus testi loomiseks, kuhu saab lisada 7\u00a0k\u00fcsimuset\u00fc\u00fcpi\n\t<\/li>\n<li>\n\t\t<strong>Name Directory<\/strong> (S\u00f5nastik) \u2013 rakendus sonastiku loomiseks, kuhu saab lisada kirjeid\n\t<\/li>\n<li>\n\t\t<strong>Name Directory Tooltips<\/strong>\u00a0(S\u00f5nastiku kirjete lingid) \u2013 rakendus sonastiku kirjete linkimiseks lehestiku lehetedele\n\t<\/li>\n<li>\n\t\t<strong>WMPL rakendused<\/strong> \u2013 rakendused mitmekeelse lehestiku sisu, meedia ja men\u00fc\u00fcde t\u00f5lkimiseks\n\t<\/li>\n<li>\n\t\t<strong>Simple MathJax<\/strong>\u00a0\u2013 v\u00f5imaldab teksti sees kasutada LaTeX kujul valemeid\n\t<\/li>\n<li>\n\t\t<strong>Simple SEO<\/strong> \u2013 otsingumootorite optimiseerimise plugin\n\t<\/li>\n<\/ol>\n<p>\n\tAktiveeritud rakendused ilmuvad automaatselt vasakule men\u00fc\u00fcsse.<\/p>\n","protected":false},"excerpt":{"rendered":"<p>Sisus@UT-s on esmalt kasutamiseks kolme\u00a0rakendust: leht (Page), postitus (Post) ja s\u00fcndmus (Events). Lisarakenduste aktiveerimiseks: kl\u00f5psake vasakul men\u00fc\u00fcs\u00a0Plugins kl\u00f5psake soovitud rakenduse juures Activate kl\u00f5psake lehe alaservas nuppu Apply \u200b\u200b\u200b\u200b\u200b\u200b\u200bVajadusel on v\u00f5imalik aktiveerida ja lisada veel j\u00e4rgmisi rakendusi: H5P (Interaktiivne sisu) \u2013 &#8230;<\/p>\n","protected":false},"author":6,"featured_media":0,"parent":0,"menu_order":0,"comment_status":"closed","ping_status":"closed","template":"","meta":{"_acf_changed":false,"inline_featured_image":false,"footnotes":""},"class_list":["post-81","page","type-page","status-publish","hentry"],"acf":[],"_links":{"self":[{"href":"https:\/\/sisu.ut.ee\/juhendid\/wp-json\/wp\/v2\/pages\/81","targetHints":{"allow":["GET"]}}],"collection":[{"href":"https:\/\/sisu.ut.ee\/juhendid\/wp-json\/wp\/v2\/pages"}],"about":[{"href":"https:\/\/sisu.ut.ee\/juhendid\/wp-json\/wp\/v2\/types\/page"}],"author":[{"embeddable":true,"href":"https:\/\/sisu.ut.ee\/juhendid\/wp-json\/wp\/v2\/users\/6"}],"replies":[{"embeddable":true,"href":"https:\/\/sisu.ut.ee\/juhendid\/wp-json\/wp\/v2\/comments?post=81"}],"version-history":[{"count":1,"href":"https:\/\/sisu.ut.ee\/juhendid\/wp-json\/wp\/v2\/pages\/81\/revisions"}],"predecessor-version":[{"id":1770,"href":"https:\/\/sisu.ut.ee\/juhendid\/wp-json\/wp\/v2\/pages\/81\/revisions\/1770"}],"wp:attachment":[{"href":"https:\/\/sisu.ut.ee\/juhendid\/wp-json\/wp\/v2\/media?parent=81"}],"curies":[{"name":"wp","href":"https:\/\/api.w.org\/{rel}","templated":true}]}}