{"id":80,"date":"2024-04-04T02:50:41","date_gmt":"2024-04-03T23:50:41","guid":{"rendered":"https:\/\/sisu.ut.ee\/juhendid\/wp-korrastamine\/"},"modified":"2024-04-16T16:28:54","modified_gmt":"2024-04-16T13:28:54","slug":"wp-korrastamine","status":"publish","type":"page","link":"https:\/\/sisu.ut.ee\/juhendid\/wp-korrastamine\/","title":{"rendered":"WordPress Multisite\u2019i \u00fclekantud lehestike korrastamine"},"content":{"rendered":"<h3 class=\"wp-block-heading\">Kokkuv\u00f5te:<\/h3>\n\n\n\n<ul class=\"wp-block-list\">\n<li>Selles juhendis kasutatakse ingliskeelse kasutajaliidese termineid. Kasutajaliidese keelt saab vahetada kasutajaprofiilis.<\/li>\n\n\n\n<li>Lehestikud on WordPress Multisite\u2019i \u00fclekandmise j\u00e4rel privaatses olekus.<\/li>\n\n\n\n<li>Lehestikud kantakse WordPress Multisite\u2019i \u00fcle k\u00fclgmen\u00fc\u00fc paigutusega.<\/li>\n\n\n\n<li>Lehestikud tuleb WordPress Multisite\u2019is korrastada ning <strong>avalikuks muuta<\/strong> (vt <a href=\"https:\/\/sisu.ut.ee\/juhendid\/seaded-lehestiku-avaldamine\/\" target=\"_blank\" rel=\"noreferrer noopener\">https:\/\/sisu.ut.ee\/juhendid\/seaded-lehestiku-avaldamine\/<\/a>) .<\/li>\n\n\n\n<li>Abi saate ka \u00fcldisest juhendist\u00a0<a title=\"\" href=\"https:\/\/sisu.ut.ee\/juhendid\/sisuut\" target=\"_blank\" rel=\"noopener\" data-url=\"https:\/\/sisu.ut.ee\/juhendid\/sisuut\">https:\/\/sisu.ut.ee\/juhendid\/sisuut<\/a><\/li>\n\n\n\n<li>Lehestike WordPress Multisite\u2019i \u00fclekandmise j\u00e4rgsetest vigadest ja lehestike korrastamise abivajadusest palume teada anda eope@ut.ee<\/li>\n<\/ul>\n\n\n\n<h3 class=\"wp-block-heading\">WordPressi veebilehestik koosneb:<\/h3>\n\n\n\n<ul class=\"wp-block-list\">\n<li>logoala (vaikimisi on \u00fclikooli logo, mida on v\u00f5imalik v\u00e4lja vahetada: <em>Theme settings, Header, Logo<\/em>)<\/li>\n\n\n\n<li>\u00fclemine v\u00e4liste linkide ala (linke saab lisada: <em>Theme settings, Header, Top links<\/em>)<\/li>\n\n\n\n<li>\u00fclamen\u00fc\u00fc ala (\u00fclamen\u00fc\u00fc kuvamist saab seadistada: <em>Theme settings, Header, Header style<\/em>)<\/li>\n\n\n\n<li>p\u00e4iseala (sinine taust v\u00f5i pilt, mille peal saab kuvada lehestiku pealkirja, p\u00e4iseala saab seadistada: <em>Theme settings, Page<\/em>)<\/li>\n\n\n\n<li>k\u00fclgmen\u00fc\u00fc ala (k\u00fclgmen\u00fc\u00fc kuvamist saab seadistada: <em>Theme settings, Header, Header style<\/em>) \u2013 k\u00fclgmen\u00fc\u00fcd kuvatakse vaikimisi vasakul, kuid seda saab k\u00fclgmen\u00fc\u00fcdega paigutuse puhul kuvada ka sisuosast paremal (<em>Theme settings, Page, Page Layout -&gt; With sidebar(s), Sidebar settings -&gt; Primary on the right<\/em>)<\/li>\n\n\n\n<li>sisuala, kus saab kuvada WordPressi sisut\u00fc\u00fcpe (lehed, postitused, s\u00fcndmused)<\/li>\n\n\n\n<li>jalus (<em>Theme settings, footer<\/em>)<\/li>\n<\/ul>\n\n\n\n<p>Sisu@UT lehestiku \u00fclekandmisel WordPress Multisite\u2019i\u00a0kantakse \u00fcle varasema Sisu@UT lehestiku lehed koos lehe komponentidega (pildid, vistutatud videod, akordionid), men\u00fc\u00fcd, failid ning erirakenduste sisu (H5P sisu, sonastikud, testid). Peale lehestiku \u00fclekandmist\u00a0WordPress sisu\u2019i on vajalik \u00fclekantud lehestikud \u00fcle vaadata ja teha vajalik korrastamine.<\/p>\n\n\n\n<h3 class=\"wp-block-heading\">I P\u00e4iseala korrastamine (<em>Theme settings, Page<\/em>)<\/h3>\n\n\n\n<p>WordPress Multisite\u2019i \u00fclekantud lehestikel on p\u00e4iseosas vaikimisi sinisel taustal ala, kus kuvatakse tekstina lehestiku pealkiri. P\u00e4iseala kuvatakse k\u00f5ikidel sisut\u00fc\u00fcpidel (lehed, postitustel ja s\u00fcndmused).<\/p>\n\n\n\n<ol class=\"wp-block-list\">\n<li>Kui lehestikul pole \u00f5ige pealkiri, siis muutke pealkirja (<em>Settings, Site title<\/em>). Lehestiku pealkirja kuvamist saate ka peita (<em>Theme settings, Page, Show global title, Hide<\/em>).<\/li>\n\n\n\n<li>Soovi korral lisage p\u00e4ise sinise tausta asemele pilt (<em>Theme settings, Page, Global featured image, Add Image<\/em>) ning\u00a0muutke pildiala k\u00f5rgust (<em>Bannersize, Small\/Large<\/em>). Vaikimisi on lehestikul v\u00e4iksema k\u00f5rgusega p\u00e4iseala. Pilt peaks olema parima tulemuse saamiseks suurusega 1920\u00d7280 (<em>Small<\/em>) v\u00f5i 1920\u00d7480 (<em>Large<\/em>). P\u00e4isepildiks lisamisel pilt k\u00e4rbitakse, kuid veenduge, et k\u00e4rpimise j\u00e4rel kuvatakse sobivat pildiala (nt, et inimestel poleks pea \u00e4ra l\u00f5igatud).<\/li>\n\n\n\n<li>Lehestiku\u00fclest p\u00e4isepilti on v\u00f5imalik \u00fcksikute lehtede v\u00f5i postituste juures v\u00e4lja vahetada muu pildi vastu v\u00f5i siis mitte kuvada.<\/li>\n<\/ol>\n\n\n<div class=\"accordion-block mb-3\">\n\t\t<div class=\"accordion \" id=\"accordion-accordion-69d20b027b8ab\">\n\t\t\t\t\t\t\t<div class=\"accordion-item accordion-item--gray\">\n\t\t\t\t\t<h2 class=\"accordion-header\" id=\"accordion-69d20b027b8ab-heading-1\">\n\t\t\t\t\t\t<button class=\"accordion-button collapsed\" type=\"button\" data-bs-toggle=\"collapse\" data-bs-target=\"#accordion-69d20b027b8ab-collapse-1\" aria-expanded=\"true\" aria-controls=\"accordion-69d20b027b8ab-collapse-1\">\n\t\t\t\t\t\t\tVaadake videojuhendit p\u00e4iseala korrastamisest\n\t\t\t\t\t\t<\/button>\n\t\t\t\t\t<\/h2>\n\t\t\t\t\t<div id=\"accordion-69d20b027b8ab-collapse-1\" class=\"accordion-collapse collapse \" aria-labelledby=\"accordion-69d20b027b8ab-heading-1\">\n\t\t\t\t\t\t<div class=\"accordion-body\">\n\t\t\t\t\t\t\t<p><\/p><div class=\"ratio ratio-16x9 mb-3\"><div class=\"video-placeholder-wrapper video-placeholder-wrapper--16x9\">\n\t\t\t    <div class=\"video-placeholder d-flex justify-content-center align-items-center\">\n\t\t\t        <div class=\"overlay text-white p-2 w-100 text-center d-block justify-content-center align-items-center\">\n\t\t\t            <div>Kolmandate osapoolte sisu n\u00e4gemiseks palun n\u00f5ustu k\u00fcpsistega.<\/div>\n\t\t\t            <button class=\"btn btn-secondary btn-sm mt-1 consent-change\">Muuda n\u00f5usolekut<\/button>\n\t\t\t        <\/div>\n\t\t\t    <\/div>\n\t\t\t<\/div>\n<\/div>\n\n\t\t\t\t\t\t<\/div>\n\t\t\t\t\t<\/div>\n\t\t\t\t<\/div>\n\t\t\t\t\t<\/div>\n\t<\/div>\n\n\n\n<h3 class=\"wp-block-heading\">II Paigutuse m\u00e4\u00e4ramine (<em>Header style<\/em>)<\/h3>\n\n\n\n<p>WordPress Multisite\u2019i \u00fclekantud lehestikel\u00a0on vaikimisi k\u00fclgmen\u00fc\u00fc paigutus. Paigutust saab muuta \u00fclamen\u00fc\u00fc v\u00f5i \u00fcla- ja k\u00fclgmen\u00fc\u00fc paigutuseks (<em>Theme settings, Header, Header style<\/em>):<\/p>\n\n\n\n<ol class=\"wp-block-list\">\n<li>Ainult \u00fclamen\u00fc\u00fc (<em>Show only header menu<\/em>) \u2013 \u00fclamen\u00fc\u00fcs kuvatakse men\u00fc\u00fc esimese taseme elemente ning rippmen\u00fc\u00fcst avanevad vastava esimese taseme elemendi\u00a0alammen\u00fc\u00fcpunktid<\/li>\n\n\n\n<li>\u00dcla- ja k\u00fclgmen\u00fc\u00fc (<em>Show top and sidebar menus<\/em>) \u2013 \u00fclamen\u00fc\u00fcs kuvatakse men\u00fc\u00fc esimese taseme elemente ning esimese taseme men\u00fc\u00fcelemendi valimisel kuvatakse k\u00fclgmen\u00fc\u00fcs vastava elemendi alammen\u00fc\u00fcpunktid<\/li>\n\n\n\n<li>Ainult k\u00fclgmen\u00fc\u00fc (<em>Show only sidebar menu<\/em>) \u2013 k\u00fclgmen\u00fc\u00fcs kuvatakse hierarhiliselt k\u00f5ikide tasemete men\u00fc\u00fcelemendid<\/li>\n<\/ol>\n\n\n\n<h3 class=\"wp-block-heading\">III Men\u00fc\u00fcde korrastamine (<em>Appearance, Menus<\/em>)<\/h3>\n\n\n\n<p>Kui teie varasemas lehestikus oli kasutusel rohkem kui \u00fcks men\u00fc\u00fc, siis arvatavasti peaksite WordPressi Multisite\u2019is\u00a0kasutusele v\u00f5tma \u00fcla- ja k\u00fclgmen\u00fc\u00fc paigutuse. Sellisel juhul peaksite WordPressi Multisite\u2019is\u00a0erinevate men\u00fc\u00fcde\u00a0elemendid lisama \u00fchte p\u00f5himen\u00fc\u00fcsse (nt lisate varasemad sekundaarse men\u00fc\u00fc elemendid\u00a0primaarsesse men\u00fc\u00fcsse ja paigutate nad esimese taseme men\u00fc\u00fcpunktide alammen\u00fc\u00fcelementideks). Vajadusel tehke k\u00f5rval lahti olemasolev Sisu@UT lehestik, et vaadata \u00fcle varasem struktuur ja men\u00fc\u00fcelementide j\u00e4rjestus.<\/p>\n\n\n\n<p>Kui te kasutasite varasemas Sisu@UT lehestikus sektsioonimen\u00fc\u00fcsid, siis veenduge, et lisate sektsioonimen\u00fc\u00fcdes olnud lehed lehestiku struktuuriga sobivalt p\u00f5himen\u00fc\u00fcsse.<\/p>\n\n\n\n<p>Kui te kasutasite varasemas Sisu@UT lehestikus mitmekeelsuse tegemist eraldi men\u00fc\u00fcga, siis on teil WordPressi Multisite\u2019is v\u00f5imalik samamoodi j\u00e4tkata men\u00fc\u00fclahendusega ja m\u00e4\u00e4rata WordPressis men\u00fc\u00fc juurest men\u00fc\u00fcle keel\u00a0v\u00f5i tekitada WordPress Multisite lehestikule \u00f5igel viisil mitmekeelsus, lisades\u00a0eestikeelsetele lehtedele teises keeles t\u00f5lked. Keelevahetus toimuks sellisel juhul sama lehe sees keelevahetuse linkide abil.<\/p>\n\n\n<div class=\"accordion-block mb-3\">\n\t\t<div class=\"accordion \" id=\"accordion-accordion-69d20b027cb0a\">\n\t\t\t\t\t\t\t<div class=\"accordion-item accordion-item--gray\">\n\t\t\t\t\t<h2 class=\"accordion-header\" id=\"accordion-69d20b027cb0a-heading-1\">\n\t\t\t\t\t\t<button class=\"accordion-button collapsed\" type=\"button\" data-bs-toggle=\"collapse\" data-bs-target=\"#accordion-69d20b027cb0a-collapse-1\" aria-expanded=\"true\" aria-controls=\"accordion-69d20b027cb0a-collapse-1\">\n\t\t\t\t\t\t\tVaadake videojuhendit paigutuse m\u00e4\u00e4ramisest ja men\u00fc\u00fcde korrastamisest\n\t\t\t\t\t\t<\/button>\n\t\t\t\t\t<\/h2>\n\t\t\t\t\t<div id=\"accordion-69d20b027cb0a-collapse-1\" class=\"accordion-collapse collapse \" aria-labelledby=\"accordion-69d20b027cb0a-heading-1\">\n\t\t\t\t\t\t<div class=\"accordion-body\">\n\t\t\t\t\t\t\t<p><\/p><div class=\"ratio ratio-16x9 mb-3\"><div class=\"video-placeholder-wrapper video-placeholder-wrapper--16x9\">\n\t\t\t    <div class=\"video-placeholder d-flex justify-content-center align-items-center\">\n\t\t\t        <div class=\"overlay text-white p-2 w-100 text-center d-block justify-content-center align-items-center\">\n\t\t\t            <div>Kolmandate osapoolte sisu n\u00e4gemiseks palun n\u00f5ustu k\u00fcpsistega.<\/div>\n\t\t\t            <button class=\"btn btn-secondary btn-sm mt-1 consent-change\">Muuda n\u00f5usolekut<\/button>\n\t\t\t        <\/div>\n\t\t\t    <\/div>\n\t\t\t<\/div>\n<\/div>\n\n\t\t\t\t\t\t<\/div>\n\t\t\t\t\t<\/div>\n\t\t\t\t<\/div>\n\t\t\t\t\t\t\t<div class=\"accordion-item accordion-item--gray\">\n\t\t\t\t\t<h2 class=\"accordion-header\" id=\"accordion-69d20b027cb0a-heading-2\">\n\t\t\t\t\t\t<button class=\"accordion-button collapsed\" type=\"button\" data-bs-toggle=\"collapse\" data-bs-target=\"#accordion-69d20b027cb0a-collapse-2\" aria-expanded=\"true\" aria-controls=\"accordion-69d20b027cb0a-collapse-2\">\n\t\t\t\t\t\t\tVaadake videojuhendit mitmekeelse lehestiku loomisest\n\t\t\t\t\t\t<\/button>\n\t\t\t\t\t<\/h2>\n\t\t\t\t\t<div id=\"accordion-69d20b027cb0a-collapse-2\" class=\"accordion-collapse collapse \" aria-labelledby=\"accordion-69d20b027cb0a-heading-2\">\n\t\t\t\t\t\t<div class=\"accordion-body\">\n\t\t\t\t\t\t\t<p><\/p><div class=\"ratio ratio-16x9 mb-3\"><div class=\"video-placeholder-wrapper video-placeholder-wrapper--16x9\">\n\t\t\t    <div class=\"video-placeholder d-flex justify-content-center align-items-center\">\n\t\t\t        <div class=\"overlay text-white p-2 w-100 text-center d-block justify-content-center align-items-center\">\n\t\t\t            <div>Kolmandate osapoolte sisu n\u00e4gemiseks palun n\u00f5ustu k\u00fcpsistega.<\/div>\n\t\t\t            <button class=\"btn btn-secondary btn-sm mt-1 consent-change\">Muuda n\u00f5usolekut<\/button>\n\t\t\t        <\/div>\n\t\t\t    <\/div>\n\t\t\t<\/div>\n<\/div>\n\n\t\t\t\t\t\t<\/div>\n\t\t\t\t\t<\/div>\n\t\t\t\t<\/div>\n\t\t\t\t\t<\/div>\n\t<\/div>\n\n\n\n<p><\/p>\n\n\n\n<h3 class=\"wp-block-heading\">IV Jaluse korrastamine\u00a0(<em>Theme settings, Footer<\/em>)<\/h3>\n\n\n\n<p>Kui teil oli varasemas Sisu@UT lehestikus kasutusel jalus, siis seda pole WordPress Multisite\u2019i\u00a0\u00fcle toodud. Lisage jalus WordPress Multisite\u2019is\u00a0uuesti (<em>Theme settings, Footer<\/em>). Jaluse vasakusse ossa on v\u00f5imalik lisada teksti, veebi- ja sotsiaalmeedialinke ning paremasse ossa teksti ning logosid koos veebilinkidega. Vajadusel tehke k\u00f5rval lahti olemasolev Sisu@UT lehestik, et vaadata \u00fcle, mis info oli Sisu@UT lehestiku jaluses.<\/p>\n\n\n\n<h3 class=\"wp-block-heading\">V Lehtede ja postituste muutmine<\/h3>\n\n\n\n<p>Sisu@UT varasema lehestiku lehed ja raamatu lehed\u00a0kantakse WordPress Multisite lehestikku \u00fcle lehtedena (<em>Pages<\/em>). Kui minna \u00fclekantud lehte muutma, siis esialgu on lehtede sisu \u00fche klassikalise toimeti kujul (<em>Classic editor<\/em>), kuid lehe sisu on v\u00f5imalik muuta plokkideks (<em>Convert to blocks<\/em>) ning muuta lehel olemasolevaid v\u00f5i lisada t\u00e4iendavaid plokke.<\/p>\n\n\n\n<figure class=\"wp-block-image\"><img loading=\"lazy\" decoding=\"async\" width=\"550\" height=\"137\" src=\"https:\/\/sisu.ut.ee\/wp-content\/uploads\/sites\/177\/blocks.png\" alt=\"blocks\" class=\"wp-image-555\" title=\"blocks.png\" srcset=\"https:\/\/sisu.ut.ee\/wp-content\/uploads\/sites\/177\/blocks.png 550w, https:\/\/sisu.ut.ee\/wp-content\/uploads\/sites\/177\/blocks-300x75.png 300w\" sizes=\"auto, (max-width: 550px) 100vw, 550px\"><\/figure>\n\n\n\n<p>Sisu@UT varasema lehestiku ajaveebi sissekanded (<em>blog<\/em>) kantakse WordPress Multisite\u2019i \u00fcle postitustena (<em>Posts<\/em>). Postitusi on v\u00f5imalik lisada men\u00fc\u00fcsse ning nendest saab WordPress Multisite\u2019is \u00fcles ehitada blogit\u00fc\u00fcpi lehestiku \u2013 postitusi saab lisada kategooriatesse (<em>Categories, Tags<\/em>) ning kuvada kategooriate kaupa v\u00f5i siis kasutada hilisemate postituste plokki (<em>Latest posts<\/em>).<\/p>\n\n\n\n<h3 class=\"wp-block-heading\">VI Erirakenduste lisamine<\/h3>\n\n\n\n<h4 class=\"wp-block-heading\">S\u00f5nastik (<em>Name directory<\/em>)<\/h4>\n\n\n\n<p>Sisu@UT sonastik koos terminitega kantakse \u00fcle WordPress Multisite lehestiku <em>Name directory<\/em> rakendusse, kuid lehestiku haldaja peab lisama oma lehestikku sonastiku lehe, kuhu lisab l\u00fchikoodi (<em>Shortcode<\/em>) komponendi abil vastava sonastiku. S\u00f5nastiku l\u00fchikoodi (<em>Shortcode<\/em>) saate vastava sonastiku juurest:<\/p>\n\n\n\n<figure class=\"wp-block-image\"><img loading=\"lazy\" decoding=\"async\" width=\"950\" height=\"150\" src=\"https:\/\/sisu.ut.ee\/wp-content\/uploads\/sites\/177\/sonastik_01.png\" alt=\"glossary\" class=\"wp-image-553\" title=\"sonastik_01.png\" srcset=\"https:\/\/sisu.ut.ee\/wp-content\/uploads\/sites\/177\/sonastik_01.png 950w, https:\/\/sisu.ut.ee\/wp-content\/uploads\/sites\/177\/sonastik_01-300x47.png 300w, https:\/\/sisu.ut.ee\/wp-content\/uploads\/sites\/177\/sonastik_01-768x121.png 768w\" sizes=\"auto, (max-width: 950px) 100vw, 950px\"><\/figure>\n\n\n\n<p><\/p>\n\n\n\n<h4 class=\"wp-block-heading\">Testid (<em>Watu PRO<\/em>)<\/h4>\n\n\n\n<p>Sisu@UT testid kantakse \u00fcle WordPress Multisite <em>Watu PRO<\/em>\u00a0rakendusse. Testi jaoks tuleb lehestikku teha testi leht ning lisada Watu test l\u00fchikoodi (<em>Shortcode<\/em>) komponendi abil lehele. Testi l\u00fchikoodi (<em>Shortcode<\/em>) saate vastava testi juurest:<\/p>\n\n\n\n<figure class=\"wp-block-image\"><img loading=\"lazy\" decoding=\"async\" width=\"454\" height=\"88\" src=\"https:\/\/sisu.ut.ee\/wp-content\/uploads\/sites\/177\/watu.png\" alt=\"quiz\" class=\"wp-image-554\" title=\"watu.png\" srcset=\"https:\/\/sisu.ut.ee\/wp-content\/uploads\/sites\/177\/watu.png 454w, https:\/\/sisu.ut.ee\/wp-content\/uploads\/sites\/177\/watu-300x58.png 300w\" sizes=\"auto, (max-width: 454px) 100vw, 454px\"><\/figure>\n\n\n\n<p><\/p>\n\n\n\n<h4 class=\"wp-block-heading\">H5P harjutused<\/h4>\n\n\n\n<p>WordPress Multisite\u2019is\u00a0on H5P plugin, mille abil on v\u00f5imalik luua uusi H5P harjutusi ning vistutada need l\u00fchikoodi (<em>Shortcode<\/em>) abil lehele. Sisu@UT-st \u00fcle kantud H5P harjutused on juba l\u00fchikoodi abil vastavatele lehtedele vistutatud.<\/p>\n\n\n\n<h4 class=\"wp-block-heading\">Veebivormid<\/h4>\n\n\n\n<p>Sisu@UTs veebivormi rakendusega loodud veebivorme WordPress Multisite\u2019i\u00a0\u00fcle ei kanda. WordPress Multisite\u00a0veebilehestike jaoks on soovitatav k\u00fcsimustiku loomiseks kasutada\u00a0LimeSurvey vahendit (<a title=\"\" href=\"https:\/\/survey.ut.ee\" target=\"_blank\" rel=\"noopener\" data-url=\"https:\/\/survey.ut.ee\">https:\/\/survey.ut.ee<\/a>) ning vistutada LimeSurvey kusitlus WordPress Multisite lehestiku\u00a0lehele.<\/p>\n\n\n\n<h4 class=\"wp-block-heading\">Vidinad (nt logo)<\/h4>\n\n\n\n<p>Kui varasemal lehestikul oli lisatud lehtede k\u00f5rvale vidinatega infot tekstide v\u00f5i pildi n\u00e4ol (nt logo), siis neid vidinaid WordPress Multisite lehestikku \u00fcle ei kanta. Pildifaili leiate k\u00fcll WordPress Multisite lehestiku meediafailide hulgast (<em>Media, Library<\/em>), kuid peate logofaili ise WordPress Multisite\u2019i lehestikule lisama:<\/p>\n\n\n\n<ul class=\"wp-block-list\">\n<li>jalusesse paremale logoalale<\/li>\n\n\n\n<li>lehestiku vidinaalasse<\/li>\n\n\n\n<li>avalehe sisusse, kasutades pildi joondamist\u00a0teksti suhtes v\u00f5i\u00a0paigutamist veergude (<em>Columns<\/em>) komponenti kasutades. N\u00e4iteks paigutate logopildi pildikomponendina parempoolsesse 25% laiusesse veergu.<\/li>\n<\/ul>\n\n\n\n<p>Vajadusel tehke k\u00f5rval lahti olemasolev Sisu@UT lehestik, et vaadata \u00fcle, mis info oli Sisu@UT lehestikus.<\/p>\n\n\n\n<h4 class=\"wp-block-heading\">S\u00fcndmused<\/h4>\n\n\n\n<p>Sisu@UT lehestiku s\u00fcndmused (<em>Events<\/em>) kantakse WordPress Multisite lehestikku \u00fcle s\u00fcndmustena (<em>Events<\/em>).<\/p>\n\n\n\n<h3 class=\"wp-block-heading\">Abi lehestike korrastamisel<\/h3>\n\n\n\n<p>Kui te avastate lehestike WordPress Multisite\u2019i \u00fclekandmise j\u00e4rel lehestikus mingeid vigu (nt ei ole lehestiku kogu sisu WordPress Multisite\u2019i \u00fcle kantud) v\u00f5i vajate abi lehestike korrastamisel, siis palume sellest teada anda\u00a0eope@ut.ee.<\/p>\n","protected":false},"excerpt":{"rendered":"<p>Kokkuv\u00f5te: WordPressi veebilehestik koosneb: Sisu@UT lehestiku \u00fclekandmisel WordPress Multisite\u2019i\u00a0kantakse \u00fcle varasema Sisu@UT lehestiku lehed koos lehe komponentidega (pildid, vistutatud videod, akordionid), men\u00fc\u00fcd, failid ning erirakenduste sisu (H5P sisu, sonastikud, testid). Peale lehestiku \u00fclekandmist\u00a0WordPress sisu\u2019i on vajalik \u00fclekantud lehestikud \u00fcle vaadata &#8230;<\/p>\n","protected":false},"author":6,"featured_media":0,"parent":0,"menu_order":0,"comment_status":"closed","ping_status":"closed","template":"","meta":{"_acf_changed":false,"inline_featured_image":false,"footnotes":""},"class_list":["post-80","page","type-page","status-publish","hentry"],"acf":[],"_links":{"self":[{"href":"https:\/\/sisu.ut.ee\/juhendid\/wp-json\/wp\/v2\/pages\/80","targetHints":{"allow":["GET"]}}],"collection":[{"href":"https:\/\/sisu.ut.ee\/juhendid\/wp-json\/wp\/v2\/pages"}],"about":[{"href":"https:\/\/sisu.ut.ee\/juhendid\/wp-json\/wp\/v2\/types\/page"}],"author":[{"embeddable":true,"href":"https:\/\/sisu.ut.ee\/juhendid\/wp-json\/wp\/v2\/users\/6"}],"replies":[{"embeddable":true,"href":"https:\/\/sisu.ut.ee\/juhendid\/wp-json\/wp\/v2\/comments?post=80"}],"version-history":[{"count":10,"href":"https:\/\/sisu.ut.ee\/juhendid\/wp-json\/wp\/v2\/pages\/80\/revisions"}],"predecessor-version":[{"id":3279,"href":"https:\/\/sisu.ut.ee\/juhendid\/wp-json\/wp\/v2\/pages\/80\/revisions\/3279"}],"wp:attachment":[{"href":"https:\/\/sisu.ut.ee\/juhendid\/wp-json\/wp\/v2\/media?parent=80"}],"curies":[{"name":"wp","href":"https:\/\/api.w.org\/{rel}","templated":true}]}}