{"id":78,"date":"2024-04-04T02:50:41","date_gmt":"2024-04-03T23:50:41","guid":{"rendered":"https:\/\/sisu.ut.ee\/juhendid\/kysimustiku-edastamine-vastajatele\/"},"modified":"2025-06-19T13:47:38","modified_gmt":"2025-06-19T10:47:38","slug":"kysimustiku-edastamine-vastajatele","status":"publish","type":"page","link":"https:\/\/sisu.ut.ee\/juhendid\/kysimustiku-edastamine-vastajatele\/","title":{"rendered":"K\u00fcsimustiku edastamine vastajatele"},"content":{"rendered":"<h5 class=\"wp-block-heading\">NB! Enne k\u00fcsimustiku edastamist vastajatele kontrollige, et k\u00fcsimustik oleks kindlasti aktiveeritud.<\/h5>\n\n\n\n<ul class=\"wp-block-list\">\n<li>Aktiveeritud k\u00fcsimustiku ees on k\u00fcsimustike lehel ikoon \u201cAktiivne\u201d;<\/li>\n\n\n\n<li>Mitteaktiivse k\u00fcsimustiku ees on k\u00fcsimustike lehel ikoon \u201cMitteaktiivne\u201d;<\/li>\n\n\n\n<li>Aegunud k\u00fcsimustiku ees on k\u00fcsimustike lehel ikoon \u201cAegunud\u201d koos aegumist\u00e4htajaga:<a href=\"https:\/\/sisu.ut.ee\/juhendid\/kysimustiku-testimine-ja-aktiveerimine\/ls_aegunud_ikoon-2\/\" rel=\"attachment wp-att-4325\"><\/a><\/li>\n<\/ul>\n\n\n\n<figure class=\"wp-block-image aligncenter size-large\"><img loading=\"lazy\" decoding=\"async\" width=\"1024\" height=\"114\" src=\"https:\/\/sisu.ut.ee\/wp-content\/uploads\/sites\/177\/LS_aktiivsus-1024x114.png\" alt=\"\" class=\"wp-image-4656\" style=\"object-fit:cover\" srcset=\"https:\/\/sisu.ut.ee\/wp-content\/uploads\/sites\/177\/LS_aktiivsus-1024x114.png 1024w, https:\/\/sisu.ut.ee\/wp-content\/uploads\/sites\/177\/LS_aktiivsus-300x33.png 300w, https:\/\/sisu.ut.ee\/wp-content\/uploads\/sites\/177\/LS_aktiivsus-768x85.png 768w, https:\/\/sisu.ut.ee\/wp-content\/uploads\/sites\/177\/LS_aktiivsus-1536x171.png 1536w, https:\/\/sisu.ut.ee\/wp-content\/uploads\/sites\/177\/LS_aktiivsus-2048x228.png 2048w, https:\/\/sisu.ut.ee\/wp-content\/uploads\/sites\/177\/LS_aktiivsus-1920x213.png 1920w\" sizes=\"auto, (max-width: 1024px) 100vw, 1024px\"><\/figure>\n\n\n\n<p class=\"has-text-align-left\">Kui kl\u00f5psate k\u00fcsimustike nimekirjas k\u00fcsimustiku nimel, siis avaneb k\u00fcsimustiku \u00fclevaate leht, mille \u00fclaosas on <strong>K\u00fcsimustiku jagamine<\/strong> all k\u00fcsimustiku veebiaadress (URL), mille peaksite vastajatele saatma. See on k\u00f5ige lihtsam viis k\u00fcsimustiku vastajatele edastamiseks. Veebiaadressi v\u00f5ite saata e-kirjana v\u00f5i levitada seda m\u00f5ne veebilehe kaudu.<\/p>\n\n\n\n<p>Nupust <strong>Ava jagamise paneel<\/strong> saate genereerida k\u00fcsimustiku lingi jaoks QR koodi v\u00f5i jagada k\u00fcsimustikku Facebooki v\u00f5i Twitteri vahendusel.<\/p>\n\n\n\n<figure class=\"wp-block-image aligncenter size-full\"><img loading=\"lazy\" decoding=\"async\" width=\"990\" height=\"400\" src=\"https:\/\/sisu.ut.ee\/wp-content\/uploads\/sites\/177\/LS_jagamine-2.png\" alt=\"\" class=\"wp-image-4662\" srcset=\"https:\/\/sisu.ut.ee\/wp-content\/uploads\/sites\/177\/LS_jagamine-2.png 990w, https:\/\/sisu.ut.ee\/wp-content\/uploads\/sites\/177\/LS_jagamine-2-300x121.png 300w, https:\/\/sisu.ut.ee\/wp-content\/uploads\/sites\/177\/LS_jagamine-2-768x310.png 768w\" sizes=\"auto, (max-width: 990px) 100vw, 990px\"><\/figure>\n\n\n\n<h2 class=\"wp-block-heading\" id=\"K\u00fcsimustikuedastaminevastajatele-VastajatehaldamineLSkaudu\">Vastajate haldamine LS kaudu<\/h2>\n\n\n\n<p>Kui vastajaid on palju ning need on kindlad inimesed, kelle kohta on olemas eesnimi, perenimi, e-postiaadress ning tunnuskood, saab k\u00fcsimustiku t\u00e4itmise kutse ning meeldetuletuse saata otse LS kaudu.<\/p>\n\n\n\n<h5 class=\"wp-block-heading\">NB!\u00a0J\u00e4rgmiste toimingute jaoks ei tohi k\u00fcsimustik veel aktiveeritud olla. Vajadusel deaktiveerige k\u00fcsimustik, muutke seaded ning aktiveerige siis enne vastajatele saatmist uuesti.<\/h5>\n\n\n\n<h3 class=\"wp-block-heading\">Tunnuskoodide kasutamiseks:<\/h3>\n\n\n\n<figure class=\"wp-block-image\"><img loading=\"lazy\" decoding=\"async\" width=\"403\" height=\"81\" src=\"https:\/\/sisu.ut.ee\/wp-content\/uploads\/sites\/177\/token-csv.png\" alt=\"token-csv.png\" class=\"wp-image-542\" title=\"token-csv.png\" srcset=\"https:\/\/sisu.ut.ee\/wp-content\/uploads\/sites\/177\/token-csv.png 403w, https:\/\/sisu.ut.ee\/wp-content\/uploads\/sites\/177\/token-csv-300x60.png 300w\" sizes=\"auto, (max-width: 403px) 100vw, 403px\"><\/figure>\n\n\n\n<p><\/p>\n\n\n\n<ul class=\"wp-block-list\">\n<li>Looge vastajate andmete jaoks Excelis tabel, kus esimesel real on kindlasti j\u00e4rgmised v\u00e4ljade nimetused (j\u00e4rjekord pole oluline):\u00a0firstname, lastname, email, token (ehk tunnuskood).<\/li>\n\n\n\n<li>Sisestage vastajate andmed ja salvestage tabel csv-formaati.<\/li>\n\n\n\n<li>Kl\u00f5psake enda k\u00fcsimustiku vasakpoolses plokis <em>K\u00fcsimustiku seaded<\/em> \u2013 <em>Osaleja seaded <\/em>ja l\u00fclitage sisse seade <em>Luba tunnuskoodi p\u00f5hine vastuste salvestamine.<\/em><\/li>\n\n\n\n<li>Kl\u00f5psake <em>K\u00fcsimustiku men\u00fc\u00fcs<\/em> \u2013 K\u00fcsitluses osalejad ja seal nupul <em>L\u00fclitu piiratud juurdep\u00e4\u00e4suga re\u017eiimi<\/em>.<\/li>\n\n\n\n<li>Importige csv-fail (<em>Loo \u2013\u00a0<\/em><em>Impordi osalejaid siit<\/em>\u00a0\u2013\u00a0<em>CSV fail<\/em>).<\/li>\n\n\n\n<li>Nupust <em>N\u00e4ita osalejaid<\/em>\u00a0saate imporditud andmeid vaadata ja\u00a0nupust <em>Loo, Lisa osalejaid<\/em>\u00a0saate lisada uute vastajate andmeid.<br><br><a href=\"https:\/\/sisu.ut.ee\/juhendid\/kysimustiku-edastamine-vastajatele\/ls_lisaosalejad\/\" rel=\"attachment wp-att-4335\"><img loading=\"lazy\" decoding=\"async\" width=\"185\" height=\"276\" class=\"alignnone size-full wp-image-4335\" src=\"https:\/\/sisu.ut.ee\/wp-content\/uploads\/sites\/177\/LS_lisaosalejad.png\" alt=\"\"><\/a><\/li>\n\n\n\n<li>Vajadusel saab nupust <em>Loo tunnuskoodid<\/em> luua tunnuskoodid ka automaatselt (kui neid imporditud tabelis polnud).<\/li>\n\n\n\n<li>Vaadake \u00fcle LS kaudu saadetavate e-kirjade sisu vasakust <em>K\u00fcsimustiku men\u00fc\u00fcst\u00a0<\/em>\u2013\u00a0<em>E-posti mallid.<\/em><\/li>\n\n\n\n<li><em>Kutsed &amp; meeldetuletused\u00a0<\/em>nupust saate liikuda esmakordse e-kirja lehele (<em>Saada kutse e-postiga<\/em>) ning meeldetuletuskirja lehele (<em>Saada meeldetuletus e-postiga<\/em>) jne.<br><br><a href=\"https:\/\/sisu.ut.ee\/juhendid\/kysimustiku-edastamine-vastajatele\/ls_saadakutsed\/\" rel=\"attachment wp-att-4337\"><img loading=\"lazy\" decoding=\"async\" width=\"335\" height=\"274\" class=\"alignnone size-full wp-image-4337\" src=\"https:\/\/sisu.ut.ee\/wp-content\/uploads\/sites\/177\/LS_saadakutsed.png\" alt=\"\" srcset=\"https:\/\/sisu.ut.ee\/wp-content\/uploads\/sites\/177\/LS_saadakutsed.png 335w, https:\/\/sisu.ut.ee\/wp-content\/uploads\/sites\/177\/LS_saadakutsed-300x245.png 300w\" sizes=\"auto, (max-width: 335px) 100vw, 335px\"><\/a><\/li>\n\n\n\n<li>Aktiveerige k\u00fcsimustik \u00fclamen\u00fc\u00fcs olevast nupust. Kui soovite, et vastused oleksid p\u00e4rast tunnuskoodide j\u00e4rgi tuvastatavad, peate k\u00fcsimustiku aktiveerimisel k\u00fcsimustiku m\u00e4\u00e4rama mitteanon\u00fc\u00fcmseks.<\/li>\n\n\n\n<li>Nupust <em>Kutsed &amp; meeldetuletused,\u00a0<em>Saada kutse e-postiga<\/em><\/em>\u00a0saatke vastajatele kiri palvega vastata k\u00fcsimustikule ning hiljem saate saata meeldetuletuskirja (<em>Kutsed &amp; meeldetuletused,\u00a0<em>Saada meeldetuletus e-postiga).<\/em><\/em><\/li>\n<\/ul>\n\n\n\n<h5 class=\"wp-block-heading\">Kui k\u00fcsimustiku seadete men\u00fc\u00fcs <em>Osaleja seaded<\/em> lehel on m\u00e4\u00e4ratud <em>Luba tunnuskoodi p\u00f5hine vastuste salvestamine: v\u00e4ljas<\/em> ja\u00a0<em>Luba \u00fche tunnuskoodiga mitu vastust v\u00f5i vastuste uuendamine: sees<\/em>, siis\u00a0saab sama tunnuskoodi (tokeni) pealt\u00a0vastata piiramatult.<\/h5>\n\n\n\n<p>Nii saab n\u00e4iteks \u00fche vastajate r\u00fchma kontaktisikule m\u00e4\u00e4rata tunnuskoodi. Kontaktisik edastab talle saadetud k\u00fcsimustiku veebiaadressi k\u00f5igile vastajatele ning vastuste andmebaasi salvestuvad k\u00f5ik sama tunnuskoodiga vastused eraldi kirjetena.<\/p>\n\n\n\n<h5 class=\"wp-block-heading\">Vt ingliskeelset juhendit:\u00a0<a title=\"\" href=\"https:\/\/manual.limesurvey.org\/Survey_participants\/en\" target=\"_blank\" rel=\"noopener\" data-url=\"https:\/\/manual.limesurvey.org\/Survey_participants\/en\">https:\/\/manual.limesurvey.org\/Survey_participants\/en<\/a><\/h5>\n\n\n<div class=\"accordion-block mb-3\">\n\t\t<div class=\"accordion \" id=\"accordion-accordion-69d51b507e5d7\">\n\t\t\t\t\t\t\t<div class=\"accordion-item accordion-item--white\">\n\t\t\t\t\t<h2 class=\"accordion-header\" id=\"accordion-69d51b507e5d7-heading-1\">\n\t\t\t\t\t\t<button class=\"accordion-button collapsed\" type=\"button\" data-bs-toggle=\"collapse\" data-bs-target=\"#accordion-69d51b507e5d7-collapse-1\" aria-expanded=\"true\" aria-controls=\"accordion-69d51b507e5d7-collapse-1\">\n\t\t\t\t\t\t\tOsalejate iseregistreerumine k\u00fcsimustiku t\u00e4itjaks\n\t\t\t\t\t\t<\/button>\n\t\t\t\t\t<\/h2>\n\t\t\t\t\t<div id=\"accordion-69d51b507e5d7-collapse-1\" class=\"accordion-collapse collapse \" aria-labelledby=\"accordion-69d51b507e5d7-heading-1\">\n\t\t\t\t\t\t<div class=\"accordion-body\">\n\t\t\t\t\t\t\t<h5>Kui te ei soovi saata k\u00fcsimustikku vastamiseks kindlatele isikutele, vaid soovite uuringu teadet levitada avalikul veebilehel, sotsiaalmeedias v\u00f5i meililistides, siis on v\u00f5imalik avada k\u00fcsimustik avalikult registreerumiseks.<\/h5>\n<p>Avaliku registreerimise seadistamiseks:<\/p>\n<ol>\n<li>L\u00fclitage osaleja seadete lehel sisse nupp <strong>Luba avalikult registreeruda<\/strong>.<\/li>\n<\/ol>\n<p><img loading=\"lazy\" decoding=\"async\" class=\"alignnone size-full wp-image-4440\" src=\"https:\/\/sisu.ut.ee\/wp-content\/uploads\/sites\/177\/LS_avalik.png\" alt=\"Luba avalikult registreeruda\" width=\"234\" height=\"88\"><\/p>\n<p>2. Lubage osaleja seadete lehel <strong>tunnuskoodidep\u00f5hine vastuste salvestamine<\/strong>.<\/p>\n<p><img loading=\"lazy\" decoding=\"async\" class=\"alignnone wp-image-4444 size-medium\" src=\"https:\/\/sisu.ut.ee\/wp-content\/uploads\/sites\/177\/LS_avalik2-300x74.png\" alt=\"tunnuskoodidep\u00f5hine salvestamine\" width=\"300\" height=\"74\" srcset=\"https:\/\/sisu.ut.ee\/wp-content\/uploads\/sites\/177\/LS_avalik2-300x74.png 300w, https:\/\/sisu.ut.ee\/wp-content\/uploads\/sites\/177\/LS_avalik2.png 328w\" sizes=\"auto, (max-width: 300px) 100vw, 300px\"><\/p>\n<p>3. K\u00fcsimustiku aktiveerimise ajal l\u00fclituge <strong>piiratud ligip\u00e4\u00e4suga re\u017eiimi<\/strong>, et luua <strong>osalejate tabel<\/strong>.<\/p>\n<p>4. Levitage k\u00fcsitluse linki, mis avatud registreerumisega k\u00fcsitluse puhul suunab lehele, kus osalejal on v\u00f5imalik k\u00fcsitlusele registreeruda.<\/p>\n<p>Lingi avamisel avaneb <strong>registreerimisleht<\/strong>, mille p\u00e4ises kuvatakse k\u00fcsimustiku pealkirja ja k\u00fcsimustiku \u00fcldosas k\u00fcsimustiku omaniku lisatud tervituskeksti.<\/p>\n<p>Muu tekst ning registreerumisel k\u00fcsitava info v\u00e4ljad on s\u00fcsteemselt esitatud ning neid ei ole v\u00f5imalik ise muuta.<\/p>\n<p><img loading=\"lazy\" decoding=\"async\" class=\"alignnone wp-image-4448\" src=\"https:\/\/sisu.ut.ee\/wp-content\/uploads\/sites\/177\/LS_reg-1.png\" alt=\"iseregistreerumine\" width=\"800\" height=\"507\" srcset=\"https:\/\/sisu.ut.ee\/wp-content\/uploads\/sites\/177\/LS_reg-1.png 1031w, https:\/\/sisu.ut.ee\/wp-content\/uploads\/sites\/177\/LS_reg-1-300x190.png 300w, https:\/\/sisu.ut.ee\/wp-content\/uploads\/sites\/177\/LS_reg-1-1024x649.png 1024w, https:\/\/sisu.ut.ee\/wp-content\/uploads\/sites\/177\/LS_reg-1-768x486.png 768w\" sizes=\"auto, (max-width: 800px) 100vw, 800px\"><\/p>\n<p>J\u00e4tka nupul kl\u00f5psates kinnitab registreeruja, et Tartu \u00dclikool v\u00f5ib temaga uuringu eesm\u00e4rgil \u00fchendust v\u00f5tta.<\/p>\n<p>4. <strong>Registreerunud isik lisatakse osalejate tabelisse<\/strong> ja talle saadetakse<strong> e-kiri koos k\u00fcsitluse lingiga<\/strong>. Kirja malli on k\u00fcsitluse omanikul v\u00f5imalik k\u00fcsimustiku e-posti mallide lehel muuta (lipik Registreerimine) .<\/p>\n<p><a href=\"https:\/\/sisu.ut.ee\/wp-content\/uploads\/sites\/177\/LS_registreerimine.png\"><img loading=\"lazy\" decoding=\"async\" class=\"aligncenter size-large wp-image-4666\" src=\"https:\/\/sisu.ut.ee\/wp-content\/uploads\/sites\/177\/LS_registreerimine-1024x811.png\" alt=\"\" width=\"1024\" height=\"811\" srcset=\"https:\/\/sisu.ut.ee\/wp-content\/uploads\/sites\/177\/LS_registreerimine-1024x811.png 1024w, https:\/\/sisu.ut.ee\/wp-content\/uploads\/sites\/177\/LS_registreerimine-300x238.png 300w, https:\/\/sisu.ut.ee\/wp-content\/uploads\/sites\/177\/LS_registreerimine-768x608.png 768w, https:\/\/sisu.ut.ee\/wp-content\/uploads\/sites\/177\/LS_registreerimine.png 1270w\" sizes=\"auto, (max-width: 1024px) 100vw, 1024px\"><\/a><\/p>\n<p>5. Kui registreerunud isik <strong>on k\u00fcsimustikule vastanud<\/strong>, siis saab ta selle kohta kinnituskirja, mille malli on k\u00fcsitluse omanikul v\u00f5imalik k\u00fcsimustiku e-posti mallide lehel muuta (lipik Kinnitus)<\/p>\n<p><a href=\"https:\/\/sisu.ut.ee\/wp-content\/uploads\/sites\/177\/LS_kinnitus.png\"><img loading=\"lazy\" decoding=\"async\" class=\"aligncenter size-large wp-image-4668\" src=\"https:\/\/sisu.ut.ee\/wp-content\/uploads\/sites\/177\/LS_kinnitus-1024x788.png\" alt=\"\" width=\"1024\" height=\"788\" srcset=\"https:\/\/sisu.ut.ee\/wp-content\/uploads\/sites\/177\/LS_kinnitus-1024x788.png 1024w, https:\/\/sisu.ut.ee\/wp-content\/uploads\/sites\/177\/LS_kinnitus-300x231.png 300w, https:\/\/sisu.ut.ee\/wp-content\/uploads\/sites\/177\/LS_kinnitus-768x591.png 768w, https:\/\/sisu.ut.ee\/wp-content\/uploads\/sites\/177\/LS_kinnitus.png 1262w\" sizes=\"auto, (max-width: 1024px) 100vw, 1024px\"><\/a><\/p>\n<p><strong>NB!<\/strong> Kirjamallide muutmisel ei tohi muuta loogiliste sulgude vahel olevaid osasid, sest see info v\u00f5etakse k\u00fcsimustiku vastavatelt andmev\u00e4ljadelt (nt nimi, URL-id).<\/p>\n\n\t\t\t\t\t\t<\/div>\n\t\t\t\t\t<\/div>\n\t\t\t\t<\/div>\n\t\t\t\t\t<\/div>\n\t<\/div>\n\n\n<div class=\"accordion-block mb-3\">\n\t\t<div class=\"accordion \" id=\"accordion-accordion-69d51b5081437\">\n\t\t\t\t\t\t\t<div class=\"accordion-item accordion-item--white\">\n\t\t\t\t\t<h2 class=\"accordion-header\" id=\"accordion-69d51b5081437-heading-1\">\n\t\t\t\t\t\t<button class=\"accordion-button collapsed\" type=\"button\" data-bs-toggle=\"collapse\" data-bs-target=\"#accordion-69d51b5081437-collapse-1\" aria-expanded=\"true\" aria-controls=\"accordion-69d51b5081437-collapse-1\">\n\t\t\t\t\t\t\tAndmekaitsetingimustega n\u00f5ustumise lisamine\n\t\t\t\t\t\t<\/button>\n\t\t\t\t\t<\/h2>\n\t\t\t\t\t<div id=\"accordion-69d51b5081437-collapse-1\" class=\"accordion-collapse collapse \" aria-labelledby=\"accordion-69d51b5081437-heading-1\">\n\t\t\t\t\t\t<div class=\"accordion-body\">\n\t\t\t\t\t\t\t<p>K\u00fcsitlusele on v\u00f5imalik lisada <strong>andmekaitsetingimuste tekst<\/strong>, millega kaasneb vastaja jaoks kohustusliku valikukasti kuvamine.<\/p>\n<p>Andmekaitsetingimuste lisamine k\u00e4ib k\u00fcsimustiku andmekaitsetingimuste lehel.<\/p>\n<ol>\n<li>Vaikimisi seadega andmekaitsetingimusi ei n\u00e4idata, kuid k\u00fcsitluse omanikul on v\u00f5imalik seadistada andmekaitsetingimuste n\u00e4itamine <strong>reasisese v\u00f5i suletava tekstina<\/strong>.<\/li>\n<li>Lisage k\u00fcsimustiku andmekaitsetingimuste valikukasti tekst (nt tekstiga <em>N\u00f5ustun andmekaitsetingimustega<\/em>).<\/li>\n<li>Lisage <strong>andmekaitsetingimuste teate tekst<\/strong> ja andmekaitsetingimustega mitten\u00f5ustmisel kuvatav tekst.<\/li>\n<\/ol>\n<h5>Andmekaitsetingimustega n\u00f5ustumata ei ole v\u00f5imalik k\u00fcsitlusele vastata.<\/h5>\n\n\t\t\t\t\t\t<\/div>\n\t\t\t\t\t<\/div>\n\t\t\t\t<\/div>\n\t\t\t\t\t<\/div>\n\t<\/div>\n","protected":false},"excerpt":{"rendered":"<p>NB! Enne k\u00fcsimustiku edastamist vastajatele kontrollige, et k\u00fcsimustik oleks kindlasti aktiveeritud. Kui kl\u00f5psate k\u00fcsimustike nimekirjas k\u00fcsimustiku nimel, siis avaneb k\u00fcsimustiku \u00fclevaate leht, mille \u00fclaosas on K\u00fcsimustiku jagamine all k\u00fcsimustiku veebiaadress (URL), mille peaksite vastajatele saatma. See on k\u00f5ige lihtsam viis &#8230;<\/p>\n","protected":false},"author":6,"featured_media":0,"parent":0,"menu_order":0,"comment_status":"closed","ping_status":"closed","template":"","meta":{"_acf_changed":false,"inline_featured_image":false,"footnotes":""},"class_list":["post-78","page","type-page","status-publish","hentry"],"acf":[],"_links":{"self":[{"href":"https:\/\/sisu.ut.ee\/juhendid\/wp-json\/wp\/v2\/pages\/78","targetHints":{"allow":["GET"]}}],"collection":[{"href":"https:\/\/sisu.ut.ee\/juhendid\/wp-json\/wp\/v2\/pages"}],"about":[{"href":"https:\/\/sisu.ut.ee\/juhendid\/wp-json\/wp\/v2\/types\/page"}],"author":[{"embeddable":true,"href":"https:\/\/sisu.ut.ee\/juhendid\/wp-json\/wp\/v2\/users\/6"}],"replies":[{"embeddable":true,"href":"https:\/\/sisu.ut.ee\/juhendid\/wp-json\/wp\/v2\/comments?post=78"}],"version-history":[{"count":16,"href":"https:\/\/sisu.ut.ee\/juhendid\/wp-json\/wp\/v2\/pages\/78\/revisions"}],"predecessor-version":[{"id":4671,"href":"https:\/\/sisu.ut.ee\/juhendid\/wp-json\/wp\/v2\/pages\/78\/revisions\/4671"}],"wp:attachment":[{"href":"https:\/\/sisu.ut.ee\/juhendid\/wp-json\/wp\/v2\/media?parent=78"}],"curies":[{"name":"wp","href":"https:\/\/api.w.org\/{rel}","templated":true}]}}