{"id":77,"date":"2024-04-04T02:50:41","date_gmt":"2024-04-03T23:50:41","guid":{"rendered":"https:\/\/sisu.ut.ee\/juhendid\/kysimustiku-testimine-ja-aktiveerimine\/"},"modified":"2025-06-19T13:04:15","modified_gmt":"2025-06-19T10:04:15","slug":"kysimustiku-testimine-ja-aktiveerimine","status":"publish","type":"page","link":"https:\/\/sisu.ut.ee\/juhendid\/kysimustiku-testimine-ja-aktiveerimine\/","title":{"rendered":"K\u00fcsimustiku testimine ja aktiveerimine"},"content":{"rendered":"<h3 class=\"wp-block-heading\">K\u00fcsimustiku testimine<\/h3>\n\n\n\n<ul class=\"wp-block-list\">\n<li>Terve k\u00fcsimustiku eelvaateks avage k\u00fcsimustiku eelvaade k\u00f5psates esmalt k\u00fcsimustiku nimel ja seej\u00e4rel \u00fclamen\u00fc\u00fcs <em>K\u00fcsimustiku eelvaade.\u00a0<\/em><\/li>\n\n\n\n<li>\u00dcksiku k\u00fcsimuse eelvaate saate k\u00e4ivitada vasakus servas plokis <em>K\u00fcsimustiku men\u00fc\u00fc<\/em> lingist <em>K\u00fcsimuste nimekiri<\/em>\u00a0ning kl\u00f5psates seal silma-nupul.<\/li>\n<\/ul>\n\n\n\n<figure class=\"wp-block-image aligncenter size-full is-resized\"><img loading=\"lazy\" decoding=\"async\" width=\"933\" height=\"73\" src=\"https:\/\/sisu.ut.ee\/wp-content\/uploads\/sites\/177\/LS_aktiveerimine.png\" alt=\"\" class=\"wp-image-4647\" style=\"width:700px\" srcset=\"https:\/\/sisu.ut.ee\/wp-content\/uploads\/sites\/177\/LS_aktiveerimine.png 933w, https:\/\/sisu.ut.ee\/wp-content\/uploads\/sites\/177\/LS_aktiveerimine-300x23.png 300w, https:\/\/sisu.ut.ee\/wp-content\/uploads\/sites\/177\/LS_aktiveerimine-768x60.png 768w\" sizes=\"auto, (max-width: 933px) 100vw, 933px\"><\/figure>\n\n\n\n<h5 class=\"wp-block-heading\">NB! Kui vaatate aktiveerimata k\u00fcsimustiku eelvaadet ja vastate sellele,\u00a0vastuseid andmebaasi ei salvestata.<\/h5>\n\n\n\n<p>Eelvaateks avaneb k\u00fcsimustik uues aknas ja teil on v\u00f5imalik selle veebiaadressi kaudu oma k\u00fcsimustikku testimiseks jagada ka teiste inimestega.<\/p>\n\n\n\n<p>Kui k\u00fcsimustik on valmis ja testitud, tuleb see aktiveerida (et vastused salvestuksid).<\/p>\n\n\n\n<ul class=\"wp-block-list\">\n<li>Aktiveeritud k\u00fcsimustiku ees on k\u00fcsimustike lehel ikoon:<\/li>\n<\/ul>\n\n\n\n<figure class=\"wp-block-image size-full\"><img loading=\"lazy\" decoding=\"async\" width=\"139\" height=\"50\" src=\"https:\/\/sisu.ut.ee\/wp-content\/uploads\/sites\/177\/LS_aktiivne-2.png\" alt=\"\" class=\"wp-image-4650\"><\/figure>\n\n\n\n<ul class=\"wp-block-list\">\n<li>Mitteaktiivse k\u00fcsimustiku ees on k\u00fcsimustike lehel ikoon:<\/li>\n<\/ul>\n\n\n\n<figure class=\"wp-block-image size-full\"><img loading=\"lazy\" decoding=\"async\" width=\"197\" height=\"54\" src=\"https:\/\/sisu.ut.ee\/wp-content\/uploads\/sites\/177\/LS_mitteaktiivne-1.png\" alt=\"\" class=\"wp-image-4652\"><\/figure>\n\n\n\n<ul class=\"wp-block-list\">\n<li>Aegunud k\u00fcsimustiku ees on k\u00fcsimustike lehel ikoon koos aegumist\u00e4htajaga:<\/li>\n<\/ul>\n\n\n\n<figure class=\"wp-block-image size-full\"><img loading=\"lazy\" decoding=\"async\" width=\"286\" height=\"47\" src=\"https:\/\/sisu.ut.ee\/wp-content\/uploads\/sites\/177\/LS_aegunud.png\" alt=\"\" class=\"wp-image-4654\"><\/figure>\n\n\n\n<figure class=\"wp-block-image aligncenter size-large is-resized\"><img loading=\"lazy\" decoding=\"async\" width=\"1024\" height=\"114\" src=\"https:\/\/sisu.ut.ee\/wp-content\/uploads\/sites\/177\/LS_aktiivsus-1024x114.png\" alt=\"\" class=\"wp-image-4656\" style=\"width:1000px\" srcset=\"https:\/\/sisu.ut.ee\/wp-content\/uploads\/sites\/177\/LS_aktiivsus-1024x114.png 1024w, https:\/\/sisu.ut.ee\/wp-content\/uploads\/sites\/177\/LS_aktiivsus-300x33.png 300w, https:\/\/sisu.ut.ee\/wp-content\/uploads\/sites\/177\/LS_aktiivsus-768x85.png 768w, https:\/\/sisu.ut.ee\/wp-content\/uploads\/sites\/177\/LS_aktiivsus-1536x171.png 1536w, https:\/\/sisu.ut.ee\/wp-content\/uploads\/sites\/177\/LS_aktiivsus-2048x228.png 2048w, https:\/\/sisu.ut.ee\/wp-content\/uploads\/sites\/177\/LS_aktiivsus-1920x213.png 1920w\" sizes=\"auto, (max-width: 1024px) 100vw, 1024px\"><\/figure>\n\n\n\n<h3 class=\"wp-block-heading\">K\u00fcsimustiku aktiveerimiseks:<\/h3>\n\n\n\n<ul class=\"wp-block-list\">\n<li>kl\u00f5psake k\u00fcsimustike nimekirjas k\u00fcsimustiku nimel<\/li>\n\n\n\n<li>kl\u00f5psake \u00fclamen\u00fc\u00fcs nupul\u00a0<em>Aktiveeri k\u00fcsimustik<\/em><\/li>\n<\/ul>\n\n\n\n<p>Aktiveeritud k\u00fcsimustikus on nupu <em>K\u00fcsimustiku eelvaade<\/em> asemel nupp <em>T\u00e4itke k\u00fcsimustik<\/em>.\u00a0 K\u00fcsimustiku t\u00e4itmisel vastused salvestatakse.<\/p>\n\n\n\n<figure class=\"wp-block-image aligncenter size-full is-resized\"><img loading=\"lazy\" decoding=\"async\" width=\"991\" height=\"78\" src=\"https:\/\/sisu.ut.ee\/wp-content\/uploads\/sites\/177\/LS_menuu_aktiivne.png\" alt=\"\" class=\"wp-image-4583\" style=\"width:700px\" srcset=\"https:\/\/sisu.ut.ee\/wp-content\/uploads\/sites\/177\/LS_menuu_aktiivne.png 991w, https:\/\/sisu.ut.ee\/wp-content\/uploads\/sites\/177\/LS_menuu_aktiivne-300x24.png 300w, https:\/\/sisu.ut.ee\/wp-content\/uploads\/sites\/177\/LS_menuu_aktiivne-768x60.png 768w\" sizes=\"auto, (max-width: 991px) 100vw, 991px\"><\/figure>\n\n\n\n<h5 class=\"wp-block-heading\">NB! Kui muudate hiljem k\u00fcsimustiku mitteaktiivseks, siis salvestatud vastused kustutatakse.<\/h5>\n\n\n\n<p><\/p>\n","protected":false},"excerpt":{"rendered":"<p>K\u00fcsimustiku testimine NB! Kui vaatate aktiveerimata k\u00fcsimustiku eelvaadet ja vastate sellele,\u00a0vastuseid andmebaasi ei salvestata. Eelvaateks avaneb k\u00fcsimustik uues aknas ja teil on v\u00f5imalik selle veebiaadressi kaudu oma k\u00fcsimustikku testimiseks jagada ka teiste inimestega. Kui k\u00fcsimustik on valmis ja testitud, tuleb &#8230;<\/p>\n","protected":false},"author":6,"featured_media":0,"parent":0,"menu_order":0,"comment_status":"closed","ping_status":"closed","template":"","meta":{"_acf_changed":false,"inline_featured_image":false,"footnotes":""},"class_list":["post-77","page","type-page","status-publish","hentry"],"acf":[],"_links":{"self":[{"href":"https:\/\/sisu.ut.ee\/juhendid\/wp-json\/wp\/v2\/pages\/77","targetHints":{"allow":["GET"]}}],"collection":[{"href":"https:\/\/sisu.ut.ee\/juhendid\/wp-json\/wp\/v2\/pages"}],"about":[{"href":"https:\/\/sisu.ut.ee\/juhendid\/wp-json\/wp\/v2\/types\/page"}],"author":[{"embeddable":true,"href":"https:\/\/sisu.ut.ee\/juhendid\/wp-json\/wp\/v2\/users\/6"}],"replies":[{"embeddable":true,"href":"https:\/\/sisu.ut.ee\/juhendid\/wp-json\/wp\/v2\/comments?post=77"}],"version-history":[{"count":5,"href":"https:\/\/sisu.ut.ee\/juhendid\/wp-json\/wp\/v2\/pages\/77\/revisions"}],"predecessor-version":[{"id":4660,"href":"https:\/\/sisu.ut.ee\/juhendid\/wp-json\/wp\/v2\/pages\/77\/revisions\/4660"}],"wp:attachment":[{"href":"https:\/\/sisu.ut.ee\/juhendid\/wp-json\/wp\/v2\/media?parent=77"}],"curies":[{"name":"wp","href":"https:\/\/api.w.org\/{rel}","templated":true}]}}