{"id":76,"date":"2024-04-04T02:50:41","date_gmt":"2024-04-03T23:50:41","guid":{"rendered":"https:\/\/sisu.ut.ee\/juhendid\/zoom\/"},"modified":"2025-02-04T16:34:11","modified_gmt":"2025-02-04T14:34:11","slug":"zoom","status":"publish","type":"page","link":"https:\/\/sisu.ut.ee\/juhendid\/zoom\/","title":{"rendered":"Zoom Meetings"},"content":{"rendered":"<p>Zoom on populaarne ja v\u00f5imekas videokonverentside lahendus.<\/p>\n<p>Tartu \u00dclikoolil on haridusasutustele m\u00f5eldud Zoom Meetings litsents, mida saavad kasutada k\u00f5ik, kellel on \u00fclikooli e-posti aadress (Zoomi ruumiga saab liituda kuni 300 inimest).\u00a0\u00dclikool omab lisaks Zoom Meetings litsentsidele kahte Zoom Webinar litsentsi 500 osalejale ja \u00fchte Zoom Events litsentsi 1000 osalejale (nende kasutamiseks p\u00f6\u00f6rduda arvutiabi@ut.ee)<\/p>\n<h5>Zoomi juhend: <a title=\"\" href=\"https:\/\/wiki.ut.ee\/pages\/viewpage.action?pageId=90695802\" target=\"_blank\" rel=\"noopener\" data-url=\"https:\/\/wiki.ut.ee\/pages\/viewpage.action?pageId=90695802\">https:\/\/wiki.ut.ee\/pages\/viewpage.action?pageId=90695802<\/a><\/h5>\n<p><\/p><div class=\"accordion mb-3\">\n        <div class=\"accordion-item accordion-item--white\">\n        <h2 class=\"accordion-header\" id=\"accordion-69d2417a90bde-heading\">\n            <button class=\"accordion-button collapsed\" type=\"button\" data-bs-toggle=\"collapse\" data-bs-target=\"#accordion-69d2417a90bde-collapse\" aria-expanded=\"true\" aria-controls=\"accordion-69d2417a90bde-collapse\">Vaata koolituse \u201cZoomi kasutamine \u00f5ppe\u00f6\u00f6s\u201d salvestust 12.02.2021<\/button>\n        <\/h2>\n        <div id=\"accordion-69d2417a90bde-collapse\" class=\"accordion-collapse collapse\" aria-labelledby=\"accordion-69d2417a90bde-heading\">\n            <div class=\"accordion-body\">\n<p><\/p><div class=\"ratio ratio-16x9 mb-3\"><div class=\"video-placeholder-wrapper video-placeholder-wrapper--16x9\">\n\t\t\t    <div class=\"video-placeholder d-flex justify-content-center align-items-center\">\n\t\t\t        <div class=\"overlay text-white p-2 w-100 text-center d-block justify-content-center align-items-center\">\n\t\t\t            <div>Kolmandate osapoolte sisu n\u00e4gemiseks palun n\u00f5ustu k\u00fcpsistega.<\/div>\n\t\t\t            <button class=\"btn btn-secondary btn-sm mt-1 consent-change\">Muuda n\u00f5usolekut<\/button>\n\t\t\t        <\/div>\n\t\t\t    <\/div>\n\t\t\t<\/div>\n<\/div>\n<p><\/p><\/div>\n        <\/div>\n        <\/div>\n    <\/div>\n<h3>Zoomi ja Moodle\u2019i\u00a0liidestus<\/h3>\n<p>Kuna Zoom ja Moodle on liidestatud, siis saab Moodle\u2019i kursuselt tekitada Zoomi ruumi ja seadistada selle kasutamise.<\/p>\n<h5>Zoomi esmakordsel kasutamisel aktiveerige k\u00f5igepealt oma Zoomi konto, logides <em>Sign in<\/em> nupu kaudu sisse aadressil\u00a0<a title=\"\" href=\"https:\/\/zoom.ut.ee\" target=\"_blank\" rel=\"noopener\" data-url=\"https:\/\/zoom.ut.ee\">https:\/\/zoom.ut.ee<\/a>. Sisenemine toimub ut.ee e-posti aadressiga. Veenduge, et teie Zoomi e-posti aadress vastaks teie Moodle\u2019is olevale e-posti aadressile.<\/h5>\n<p><img loading=\"lazy\" decoding=\"async\" width=\"428\" height=\"312\" class=\"alignnone wp-image-527 aligncenter\" style=\"width: 150px; height: 109px;\" title=\"screenshot_2021-01-19_at_16.41.50.png\" src=\"https:\/\/sisu.ut.ee\/wp-content\/uploads\/sites\/177\/screenshot_2021-01-19_at_16.41.50.png\" alt=\"logi\" srcset=\"https:\/\/sisu.ut.ee\/wp-content\/uploads\/sites\/177\/screenshot_2021-01-19_at_16.41.50.png 428w, https:\/\/sisu.ut.ee\/wp-content\/uploads\/sites\/177\/screenshot_2021-01-19_at_16.41.50-300x219.png 300w\" sizes=\"auto, (max-width: 428px) 100vw, 428px\"><\/p>\n<p>NB! Kui teil ei \u00f5nnestu konto tegemine \u00fclikooli Zoomi, siis p\u00f6\u00f6rduge palun\u00a0arvutiabi@ut.ee.<\/p>\n<h3>Zoomi ruumi lisamine Moodle\u2019i kursusele<\/h3>\n<h5>NB!\u00a0<strong>\u00dchel moderaatoril saab samaaegselt toimuvalt kasutusel olla maksimaalselt kaks tema loodud Zoomi sessiooni.\u00a0\u00a0<\/strong><\/h5>\n<p>Seega kui kursusel on mitmeid \u00f5ppej\u00f5ude ning Zoomi sessioone viivad reaalselt l\u00e4bi erinevad \u00f5ppej\u00f5ud, siis tuleb l\u00e4bi m\u00f5elda see, kes oma Zoomi kontoga Zoomi ruumid loob. Kui vastutav \u00f5ppej\u00f5ud v\u00f5i t\u00e4iendus\u00f5ppe korraldaja lisab Moodle\u2019i kursusele (v\u00f5i erinevatele Moodle\u2019i kursustele) Zoomi ruumid oma kontoga, mida kaasmoderaatorid saavad\u00a0kasutada, siis samaaegselt ei saa kasutada \u00fcle kahe ruumi (ruumid suletakse automaatselt). Seega peaks rohkemate samaaegsete sessioonide vajadusel \u00fcks isik looma mitte \u00fcle kahe vajaliku ruumi ning \u00fclej\u00e4\u00e4nud ruumid peab looma teine \u00f5ppej\u00f5ud.<\/p>\n<p>Zoomi ruumi lisamiseks Moodle\u2019i kursusele lisage kursusele<strong>\u00a0tegevus\u00a0<\/strong><em><strong>Zoomi ruum<\/strong>\u00a0<\/em>ning\u00a0seadistage sessiooni toimumine. Kui sessioonil ei ole kindlat toimumise aega, siis valige korduv toimumine.<\/p>\n<p><img loading=\"lazy\" decoding=\"async\" width=\"922\" height=\"328\" class=\"alignnone wp-image-521 aligncenter\" style=\"width: 350px; height: 125px;\" title=\"screenshot_2021-01-18_at_00.07.09.png\" src=\"https:\/\/sisu.ut.ee\/wp-content\/uploads\/sites\/177\/screenshot_2021-01-18_at_00.07.09.png\" alt=\"zoom2\" srcset=\"https:\/\/sisu.ut.ee\/wp-content\/uploads\/sites\/177\/screenshot_2021-01-18_at_00.07.09.png 922w, https:\/\/sisu.ut.ee\/wp-content\/uploads\/sites\/177\/screenshot_2021-01-18_at_00.07.09-300x107.png 300w, https:\/\/sisu.ut.ee\/wp-content\/uploads\/sites\/177\/screenshot_2021-01-18_at_00.07.09-768x273.png 768w\" sizes=\"auto, (max-width: 922px) 100vw, 922px\"><\/p>\n<p><img loading=\"lazy\" decoding=\"async\" width=\"1506\" height=\"338\" class=\"alignnone wp-image-525 aligncenter\" style=\"width: 650px; height: 146px;\" title=\"screenshot_2021-01-18_at_08.57.21.png\" src=\"https:\/\/sisu.ut.ee\/wp-content\/uploads\/sites\/177\/screenshot_2021-01-18_at_08.57.21.png\" alt=\"zoom6\" srcset=\"https:\/\/sisu.ut.ee\/wp-content\/uploads\/sites\/177\/screenshot_2021-01-18_at_08.57.21.png 1506w, https:\/\/sisu.ut.ee\/wp-content\/uploads\/sites\/177\/screenshot_2021-01-18_at_08.57.21-300x67.png 300w, https:\/\/sisu.ut.ee\/wp-content\/uploads\/sites\/177\/screenshot_2021-01-18_at_08.57.21-1024x230.png 1024w, https:\/\/sisu.ut.ee\/wp-content\/uploads\/sites\/177\/screenshot_2021-01-18_at_08.57.21-768x172.png 768w\" sizes=\"auto, (max-width: 1506px) 100vw, 1506px\"><\/p>\n<p><img loading=\"lazy\" decoding=\"async\" width=\"1636\" height=\"608\" class=\"alignnone wp-image-526 aligncenter\" style=\"width: 650px; height: 242px;\" title=\"screenshot_2021-01-18_at_08.57.45.png\" src=\"https:\/\/sisu.ut.ee\/wp-content\/uploads\/sites\/177\/screenshot_2021-01-18_at_08.57.45.png\" alt=\"zoom7\" srcset=\"https:\/\/sisu.ut.ee\/wp-content\/uploads\/sites\/177\/screenshot_2021-01-18_at_08.57.45.png 1636w, https:\/\/sisu.ut.ee\/wp-content\/uploads\/sites\/177\/screenshot_2021-01-18_at_08.57.45-300x111.png 300w, https:\/\/sisu.ut.ee\/wp-content\/uploads\/sites\/177\/screenshot_2021-01-18_at_08.57.45-1024x381.png 1024w, https:\/\/sisu.ut.ee\/wp-content\/uploads\/sites\/177\/screenshot_2021-01-18_at_08.57.45-768x285.png 768w, https:\/\/sisu.ut.ee\/wp-content\/uploads\/sites\/177\/screenshot_2021-01-18_at_08.57.45-1536x571.png 1536w\" sizes=\"auto, (max-width: 1636px) 100vw, 1636px\"><\/p>\n<p><img loading=\"lazy\" decoding=\"async\" width=\"1574\" height=\"428\" class=\"wp-image-522 aligncenter\" style=\"width: 650px; height: 177px;\" title=\"screenshot_2021-01-18_at_00.12.19.png\" src=\"https:\/\/sisu.ut.ee\/wp-content\/uploads\/sites\/177\/screenshot_2021-01-18_at_00.12.19.png\" alt=\"zoom3\" srcset=\"https:\/\/sisu.ut.ee\/wp-content\/uploads\/sites\/177\/screenshot_2021-01-18_at_00.12.19.png 1574w, https:\/\/sisu.ut.ee\/wp-content\/uploads\/sites\/177\/screenshot_2021-01-18_at_00.12.19-300x82.png 300w, https:\/\/sisu.ut.ee\/wp-content\/uploads\/sites\/177\/screenshot_2021-01-18_at_00.12.19-1024x278.png 1024w, https:\/\/sisu.ut.ee\/wp-content\/uploads\/sites\/177\/screenshot_2021-01-18_at_00.12.19-768x209.png 768w, https:\/\/sisu.ut.ee\/wp-content\/uploads\/sites\/177\/screenshot_2021-01-18_at_00.12.19-1536x418.png 1536w\" sizes=\"auto, (max-width: 1574px) 100vw, 1574px\"><\/p>\n<p><img loading=\"lazy\" decoding=\"async\" width=\"1076\" height=\"146\" class=\"alignnone wp-image-528 aligncenter\" style=\"width: 450px; height: 61px;\" title=\"screenshot_2021-01-25_at_09.07.02.png\" src=\"https:\/\/sisu.ut.ee\/wp-content\/uploads\/sites\/177\/screenshot_2021-01-25_at_09.07.02.png\" alt=\"mod\" srcset=\"https:\/\/sisu.ut.ee\/wp-content\/uploads\/sites\/177\/screenshot_2021-01-25_at_09.07.02.png 1076w, https:\/\/sisu.ut.ee\/wp-content\/uploads\/sites\/177\/screenshot_2021-01-25_at_09.07.02-300x41.png 300w, https:\/\/sisu.ut.ee\/wp-content\/uploads\/sites\/177\/screenshot_2021-01-25_at_09.07.02-1024x139.png 1024w, https:\/\/sisu.ut.ee\/wp-content\/uploads\/sites\/177\/screenshot_2021-01-25_at_09.07.02-768x104.png 768w\" sizes=\"auto, (max-width: 1076px) 100vw, 1076px\"><\/p>\n<h5>NB! Loodud Zoomi ruumi moderaatoriks saab ruumi looja, mitte aga teised selle Moodle\u2019i kursuse \u00f5ppej\u00f5ud.<\/h5>\n<p>Kui te soovite, et Zoomi ruumis oleks\u00a0veel keegi moderaator, siis lisage nende isikute ut.ee e-posti aadressid alternatiivsete moderaatorite lahtrisse. Alternatiivne moderaator saab olla isik, kes omab ut.ee e-posti aadressiga kontot T\u00dc Zoomis\u00a0<a title=\"\" href=\"https:\/\/zoom.ut.ee\" target=\"_blank\" rel=\"noopener\" data-url=\"https:\/\/zoom.ut.ee\">https:\/\/zoom.ut.ee<\/a>. Kui teie loodud Zoomi ruumis peab olema moderaator keegi \u00fclikooliv\u00e4line isik v\u00f5i \u00f5ppe\u00fclesande t\u00e4itja, kel pole UT kasutajakontot ja ut.ee postkasti, siis sellisele isikule tuleb moderaatori \u00f5igused anda ruumis sees olles.<\/p>\n<p>Zoomi sessiooni saab seadistada hindeliseks \u2013 Moodle\u2019i kursuse hindetabelisse tekib vastav hindeveerg.<\/p>\n<h3>Zoomi sessiooni alustamine<\/h3>\n<p>Zoomi sessiooni alustamiseks kl\u00f5psake <strong>Alusta sessiooni<\/strong>. Kui osalejad liituvad sessiooniga Moodle\u2019i kursuse kaudu, siis p\u00e4\u00e4sukoodi ei k\u00fcsita. Zoomi sessioonil osalemiseks tuleb arvutisse paigaldada Zoomi tarkvara.<\/p>\n<p><img loading=\"lazy\" decoding=\"async\" width=\"1920\" height=\"692\" class=\"alignnone wp-image-524 aligncenter\" style=\"width: 650px; height: 234px;\" title=\"screenshot_2021-01-18_at_00.28.00.png\" src=\"https:\/\/sisu.ut.ee\/wp-content\/uploads\/sites\/177\/screenshot_2021-01-18_at_00.28.00.png\" alt=\"zoomalusta\" srcset=\"https:\/\/sisu.ut.ee\/wp-content\/uploads\/sites\/177\/screenshot_2021-01-18_at_00.28.00.png 1920w, https:\/\/sisu.ut.ee\/wp-content\/uploads\/sites\/177\/screenshot_2021-01-18_at_00.28.00-300x108.png 300w, https:\/\/sisu.ut.ee\/wp-content\/uploads\/sites\/177\/screenshot_2021-01-18_at_00.28.00-1024x369.png 1024w, https:\/\/sisu.ut.ee\/wp-content\/uploads\/sites\/177\/screenshot_2021-01-18_at_00.28.00-768x277.png 768w, https:\/\/sisu.ut.ee\/wp-content\/uploads\/sites\/177\/screenshot_2021-01-18_at_00.28.00-1536x554.png 1536w\" sizes=\"auto, (max-width: 1920px) 100vw, 1920px\"><\/p>\n<p>Zoomi ruumis on v\u00f5imalk luua kuni 50 eraldatud ruumi.<\/p>\n<h3>Sessiooni salvestamine<\/h3>\n<p>Zoomi sessiooni salvestakse moderaatori arvutisse. Kui on soov salvestust jagada, siis tuleb salvestus \u00fcles laadida Panoptosse v\u00f5i YouTube\u2019i ning viidata Moodle\u2019i kursuselt.<\/p>\n<h5>NB! Mitte laadida mahukaid salvestusi Moodle\u2019i kursusele failina \u00fcles.<\/h5>\n<h3>Registreerumisega sessioon<\/h3>\n<p>Te saate <a title=\"\" href=\"https:\/\/zoom.ut.ee\" target=\"_blank\" rel=\"noopener\" data-url=\"https:\/\/zoom.ut.ee\">https:\/\/zoom.ut.ee<\/a> lehele sisseloginult seadistada sessioonile etteregistreerimise \u2013 k\u00fcsida osalejalt\u00a0tema e-posti aadressi, nime ja muud infot ning seada registreerumisele piirarvu.<\/p>\n<p>Registreerumise kasutamiseks tuleb sessiooni seadetes:<\/p>\n<ul>\n<li>m\u00e4\u00e4rata konkreetne kuup\u00e4ev ja kellaaeg (ei tohi olla linnukesega m\u00e4rgitud <em>Recurring meeting<\/em>),<\/li>\n<li>m\u00e4rkida linnukesega seade <em>Registration \u2013\u00a0Required<\/em>.<\/li>\n<\/ul>\n<p>P\u00e4rast seadete salvestamist n\u00e4ete sessiooni lehel registreerumisvormi linki (<em>Registration Link<\/em>) sihtr\u00fchmale saatmiseks.\u00a0Lehe allosas saate minna seadistama registreerumisvormi ning n\u00e4ete hiljem ka registreerunute infot.<\/p>\n<p style=\"text-align: center;\"><img loading=\"lazy\" decoding=\"async\" width=\"1564\" height=\"556\" class=\"alignnone wp-image-529\" style=\"width: 700px; height: 249px;\" title=\"screenshot_2021-11-25_at_16.33.06.png\" src=\"https:\/\/sisu.ut.ee\/wp-content\/uploads\/sites\/177\/screenshot_2021-11-25_at_16.33.06.png\" alt=\"Pilt\" srcset=\"https:\/\/sisu.ut.ee\/wp-content\/uploads\/sites\/177\/screenshot_2021-11-25_at_16.33.06.png 1564w, https:\/\/sisu.ut.ee\/wp-content\/uploads\/sites\/177\/screenshot_2021-11-25_at_16.33.06-300x107.png 300w, https:\/\/sisu.ut.ee\/wp-content\/uploads\/sites\/177\/screenshot_2021-11-25_at_16.33.06-1024x364.png 1024w, https:\/\/sisu.ut.ee\/wp-content\/uploads\/sites\/177\/screenshot_2021-11-25_at_16.33.06-768x273.png 768w, https:\/\/sisu.ut.ee\/wp-content\/uploads\/sites\/177\/screenshot_2021-11-25_at_16.33.06-1536x546.png 1536w\" sizes=\"auto, (max-width: 1564px) 100vw, 1564px\"><\/p>\n<p>Vt. ingliskeelset juhendit:\u00a0<a title=\"\" href=\"https:\/\/support.zoom.us\/hc\/en-us\/articles\/211579443-Scheduling-a-meeting-with-registration\" target=\"_blank\" rel=\"noopener\" data-url=\"https:\/\/support.zoom.us\/hc\/en-us\/articles\/211579443-Scheduling-a-meeting-with-registration\">https:\/\/support.zoom.us\/hc\/en-us\/articles\/211579443-Scheduling-a-meeting-with-registration<\/a><\/p>\n<div class=\"content user-select-text\" tabindex=\"0\" aria-description=\"\" aria-label=\"Saatja: Copilot: ### Juhend ZOOMi valge tahvli kasutamiseks \u00fclikooli \u00f5ppej\u00f5ududele\n\n#### Sissejuhatus\n**Zoomi valge tahvel** on digitaalne t\u00f6\u00f6riist, mis v\u00f5imaldab \u00f5ppej\u00f5ududel ja \u00f5ppijatel koost\u00f6\u00f6d teha, ideid visualiseerida ja interaktiivseid \u00f5ppetunde l\u00e4bi viia. Seda saab kasutada nii kontakt\u00f5ppes, h\u00fcbriid\u00f5ppes kui ka iseseisva t\u00f6\u00f6na.\n\n#### Kust leida ja seadistada valget tahvlit\n1. **Zoomi rakenduses**:\n   - Ava Zoomi rakendus ja logi sisse oma \u00fclikooli kontoga.\n   - Leia \u00fclaribalt **Whiteboards** (kui ei leia, kl\u00f5psa **More** nupule).\n   - Kl\u00f5psa paremal \u00fclanurgas nupul **New**.\n\n2. **Veebilehitsejas**:\n   - Mine aadressile [zoom.ut.ee](https:\/\/zoom.ut.ee) ja logi sisse oma \u00fclikooli kontoga.\n   - Ava vasakust men\u00fc\u00fcst **Whiteboards**.\n   - Kl\u00f5psa nupul **+ New whiteboard**.\n\n#### Kuidas jagada valget tahvlit \u00f5ppijatele\n- **Zoomi k\u00f5nes**:\n  - Kl\u00f5psa **Share** &gt; **Documents** &gt; **Whiteboard**.\n  - Kl\u00f5psa nupul **New**.\n  - Zoom jagab automaatselt \u00f5igused k\u00f5igile k\u00f5nes osalejatele.\n\n- **Moodle\u2019i kursusel**:\n  - Ava **Whiteboards** ja loo uus tahvel v\u00f5i vali olemasolev.\n  - Kl\u00f5psa **Share** nuppu ja m\u00e4\u00e4ra jagamise \u00f5igused.\n  - V\u00f5imalik on jagada m\u00e4\u00e4ratud kasutajatega v\u00f5i k\u00f5igile, kellel on T\u00dc kasutajakonto.\n\n#### Kuidas hallata valgeid tahvleid\n- **\u00d5iguste jagamine**:\n  - Valget tahvlit saab jagada kindlatele kasutajatele (Restricted) v\u00f5i k\u00f5igile \u00fclikooli kontoga sisenenud kasutajatele (Anyone at Tartu \u00dclikool).\n  - V\u00f5imalik piirata juurdep\u00e4\u00e4su parooliga ja m\u00e4\u00e4rata, kes saab kasutajaid juurde kutsuda.\n  - Kolm \u00f5iguste r\u00fchma: Muutja (Editor), Kommenteerija (Commenter), Vaataja (Viewer).\n\n- **Tahvlite haldamine**:\n  - Ava [zoom.ut.ee](https:\/\/zoom.ut.ee) leht ja vaata oma projekte.\n  - V\u00f5i halda samu asju Zoomi \u00e4pis.\n\n#### Kuidas \u00f5ppijad saavad valget tahvlit kasutada\n- \u00d5ppijad saavad valgele tahvlile ligi peale autentimist ja saavad toiminguid teostada otse lehe sees.\n- Kasutajad n\u00e4evad jagatud tahvlis oma \u00f5igusi ja saavad vajadusel \u00f5igusi juurde p\u00e4rida, kl\u00f5psates oma rollil ja valides **Request edit access**.\n\nLoodan, et see juhend aitab teil Zoomi valge tahvli kasutamist h\u00f5lpsamini hallata ja t\u00f5husamalt \u00f5ppet\u00f6\u00f6s rakendada!\">\n<div class=\"ac-container ac-adaptiveCard\">\n<div class=\"ac-textBlock\">\n<h2>ZOOMi valge tahvel<\/h2>\n<p>Zoomi valge tahvel on t\u00f6\u00f6riist, mis v\u00f5imaldab \u00f5ppej\u00f5ududel ja \u00f5ppijatel koost\u00f6\u00f6d teha, ideid visualiseerida ja interaktiivset \u00f5ppet\u00f6\u00f6d l\u00e4bi viia. Seda saab kasutada nii kontakt\u00f5ppes, h\u00fcbriid\u00f5ppes kui ka iseseisva t\u00f6\u00f6na.<\/p>\n<h5>Kui teile saadetakse vaatamiseks\/muutmiseks\/kommenteerimiseks ZOOMi valge tahvli link, peate ZOOMi sisse logima \u2013 SSO nupust ja sisestama domeeni lahtrisse ut-ee.<\/h5>\n<h3>Valge tahvli loomine<\/h3>\n<ul>\n<li><strong>Zoom Meetings keskkonnas<\/strong>:\n<ul>\n<li>Valige <strong>Share Screen<\/strong> -&gt; <strong>Documents<\/strong> -&gt; <strong>Whiteboards<\/strong> -&gt; <strong>New Whiteboard<\/strong>.<\/li>\n<li>Whiteboards nupp on seej\u00e4rel Zoomi alumisel ribal.<\/li>\n<\/ul>\n<\/li>\n<li><strong>Zoomi veebilehel<\/strong>:\n<ul>\n<li>Logige sisse \u00fclikooli kontoga aadressil <a href=\"https:\/\/zoom.ut.ee\" target=\"_new\" rel=\"noopener\">https:\/\/zoom.ut.ee<\/a>. (domeen: ut-ee)<\/li>\n<li>Valige vasakmen\u00fc\u00fcst <strong>Whiteboards<\/strong> ja kl\u00f5psake <strong>+ New Whiteboard<\/strong>.<\/li>\n<\/ul>\n<\/li>\n<li><strong>Zoomi rakenduses<\/strong>:\n<ul>\n<li>Logige rakendusse sisse \u00fclikooli kontoga. (domeen: ut-ee)<\/li>\n<li>Kl\u00f5psake \u00fclaribal <strong>Whiteboards<\/strong> (v\u00f5i leidke see <strong>More<\/strong> men\u00fc\u00fcst).<\/li>\n<li>Looge uus tahvel nupust <strong>New <\/strong>(paremal \u00fclanurgas).<\/li>\n<\/ul>\n<\/li>\n<\/ul>\n<h3>\u00d5iguste m\u00e4\u00e4ramine<\/h3>\n<ul>\n<li>Valget tahvlit saab jagada kindlatele kasutajatele (<em>Restricted<\/em>) v\u00f5i k\u00f5igile \u00fclikooli kontoga sisenenud kasutajatele (<em>Anyone at Tartu \u00dclikool<\/em>).<\/li>\n<li>Valgel tahvlil on kolm \u00f5iguste r\u00fchma: Muutja (<em>Editor<\/em>), Kommenteerija (<em>Commenter<\/em>), Vaataja (<em>Viewer<\/em>).<\/li>\n<li>V\u00f5imalik piirata juurdep\u00e4\u00e4su parooliga ja m\u00e4\u00e4rata, kes saab kasutajaid juurde kutsuda.<br><hr><\/li>\n<li>\u00d5iguste m\u00e4\u00e4ramiseks:\n<ul>\n<li>Sisenege veebilehitsejas <a href=\"https:\/\/zoom.ut.ee\">https:\/\/zoom.ut.ee<\/a> \u00fclikooli kontoga. (domeen: ut-ee)<\/li>\n<li>Kl\u00f5psake vasakus men\u00fc\u00fcs <strong>Whiteboards<\/strong> ja soovitud valgel tahvlil.<\/li>\n<li>Kl\u00f5psake \u00fclanurgas <strong>Share<\/strong> nupul. Valige, kas jagate valget tahvlit m\u00e4\u00e4ratud kasutajatega nimeliselt (lahter <strong>Contact, channel or email<\/strong>) v\u00f5i k\u00f5igiga, kes on sisenenud T\u00dc kasutajakontoga (<strong>Anyone at Tartu \u00dclikool<\/strong>).<\/li>\n<li>M\u00e4\u00e4rake, millise rolli kasutaja valgel tahvlil saab: <strong>Viewer, Editor, Commenter<\/strong>.<\/li>\n<\/ul>\n<\/li>\n<li>Parooli m\u00e4\u00e4ramiseks:\n<ul>\n<li>Kl\u00f5psake <strong>Share Whiteboard<\/strong> aknas <strong>hammasratta-nupul<\/strong>.<\/li>\n<li>Tehke linnuke m\u00e4rkeruutu <strong>Set passcode<\/strong>. Vajadusel muutke ja kopeerige parool ning edastage kasutajatele.<\/li>\n<\/ul>\n<\/li>\n<li>Kasutajatele lisa\u00f5iguste andmiseks:\n<ul>\n<li>Kl\u00f5psake <strong>Share Whiteboard<\/strong> aknas <strong>hammasratta-nupul<\/strong>.<\/li>\n<li>M\u00e4\u00e4rake, kes saab valge tahvli kutseid edastada ja mida kasutajad (Viewer rolllis) saavad valge tahvliga teha.<\/li>\n<\/ul>\n<\/li>\n<\/ul>\n<h3>Valge tahvli jagamine (nt \u00f5ppijatega):<\/h3>\n<ul>\n<li style=\"list-style-type: none;\">\n<ul>\n<li>Veebilingiga jagamiseks kopeerige veebitahvli aadress nupust <strong>Copy link<\/strong>. Edastage link \u00f5ppijatele.<\/li>\n<li>Veebilehele vistutamiseks kl\u00f5psake nupul <strong>&lt;\/&gt; Get embed code<\/strong> ja nupul <strong>Copy<\/strong>. Kleepige kood veebilehe (nt Moodle\u2019is lehe, raamatu vm vahendi tekstiroimeti) html-koodi aknasse.<\/li>\n<\/ul>\n<\/li>\n<\/ul>\n<h3>Tahvlite haldamine:<\/h3>\n<ul>\n<li style=\"list-style-type: none;\">\n<ul>\n<li>K\u00f5iki valgeid tahvleid (enda omi ja mis on teiega jagatud) n\u00e4ete T\u00dc kasutajakontoga sisenenult lehel <a class=\"ac-anchor\" href=\"https:\/\/zoom.ut.ee\/\" target=\"_blank\" rel=\"noopener\">zoom.ut.ee<\/a> ja Zoomi rakenduses.<\/li>\n<li><strong>Kolme t\u00e4piga nupust<\/strong> iga tahvli rea l\u00f5pus saate luua uusi tahvleid, jagamiseks linki kopeerida, \u00fcmber nimetada, koopiat teha, lukustada, kustutada.<\/li>\n<\/ul>\n<\/li>\n<\/ul>\n<h3>Kuidas \u00f5ppijad saavad valget tahvlit kasutada:<\/h3>\n<ul>\n<li>\u00d5ppijad saavad valgele tahvlile ligi peale T\u00dc kasutajana sisenemist.<\/li>\n<li>\u00d5ppijad n\u00e4evad jagatud tahvlis oma \u00f5igusi ja saavad vajadusel \u00f5igusi juurde k\u00fcsida, kl\u00f5psates oma rollil ja valides <strong>Request edit access<\/strong>.<\/li>\n<\/ul>\n<h3>N\u00e4ited:<\/h3>\n<h5>N\u00e4idete kasutamiseks sisenege ZOOMi T\u00dc kasutajakontoga.<\/h5>\n<p>Valge tahvel avaneb lingist: <a href=\"https:\/\/zoom.us\/wb\/doc\/g5Q1BzA1Qqq4SaBXHZD5Dw\" target=\"_blank\" rel=\"noopener\">https:\/\/zoom.us\/wb\/doc\/g5Q1BzA1Qqq4SaBXHZD5Dw<\/a><\/p>\n<p>Valge tahvel vistutatuna veebilehele:<\/p>\n<\/div>\n<\/div>\n<\/div>\n\n\n<div class=\"video-placeholder-wrapper video-placeholder-wrapper--fixed\" style=\"height: 700px;\">\n\t\t\t    <div class=\"video-placeholder d-flex justify-content-center align-items-center\">\n\t\t\t        <div class=\"overlay text-white p-2 w-100 text-center d-block justify-content-center align-items-center\">\n\t\t\t            <div>Kolmandate osapoolte sisu n\u00e4gemiseks palun n\u00f5ustu k\u00fcpsistega.<\/div>\n\t\t\t            <button class=\"btn btn-secondary btn-sm mt-1 consent-change\">Muuda n\u00f5usolekut<\/button>\n\t\t\t        <\/div>\n\t\t\t    <\/div>\n\t\t\t<\/div>\n\n","protected":false},"excerpt":{"rendered":"<p>Zoom on populaarne ja v\u00f5imekas videokonverentside lahendus. Tartu \u00dclikoolil on haridusasutustele m\u00f5eldud Zoom Meetings litsents, mida saavad kasutada k\u00f5ik, kellel on \u00fclikooli e-posti aadress (Zoomi ruumiga saab liituda kuni 300 inimest).\u00a0\u00dclikool omab lisaks Zoom Meetings litsentsidele kahte Zoom Webinar litsentsi &#8230;<\/p>\n","protected":false},"author":6,"featured_media":0,"parent":0,"menu_order":0,"comment_status":"closed","ping_status":"closed","template":"","meta":{"_acf_changed":false,"inline_featured_image":false,"footnotes":""},"class_list":["post-76","page","type-page","status-publish","hentry"],"acf":[],"_links":{"self":[{"href":"https:\/\/sisu.ut.ee\/juhendid\/wp-json\/wp\/v2\/pages\/76","targetHints":{"allow":["GET"]}}],"collection":[{"href":"https:\/\/sisu.ut.ee\/juhendid\/wp-json\/wp\/v2\/pages"}],"about":[{"href":"https:\/\/sisu.ut.ee\/juhendid\/wp-json\/wp\/v2\/types\/page"}],"author":[{"embeddable":true,"href":"https:\/\/sisu.ut.ee\/juhendid\/wp-json\/wp\/v2\/users\/6"}],"replies":[{"embeddable":true,"href":"https:\/\/sisu.ut.ee\/juhendid\/wp-json\/wp\/v2\/comments?post=76"}],"version-history":[{"count":13,"href":"https:\/\/sisu.ut.ee\/juhendid\/wp-json\/wp\/v2\/pages\/76\/revisions"}],"predecessor-version":[{"id":4135,"href":"https:\/\/sisu.ut.ee\/juhendid\/wp-json\/wp\/v2\/pages\/76\/revisions\/4135"}],"wp:attachment":[{"href":"https:\/\/sisu.ut.ee\/juhendid\/wp-json\/wp\/v2\/media?parent=76"}],"curies":[{"name":"wp","href":"https:\/\/api.w.org\/{rel}","templated":true}]}}