{"id":75,"date":"2024-04-04T02:50:41","date_gmt":"2024-04-03T23:50:41","guid":{"rendered":"https:\/\/sisu.ut.ee\/juhendid\/oigustejagamine\/"},"modified":"2025-06-19T12:08:19","modified_gmt":"2025-06-19T09:08:19","slug":"oigustejagamine","status":"publish","type":"page","link":"https:\/\/sisu.ut.ee\/juhendid\/oigustejagamine\/","title":{"rendered":"\u00d5iguste jagamine"},"content":{"rendered":"<p>Te saate jagada teiste LimeSurvey kasutajatega erinevaid \u00f5igusi: \u00f5igust vaadata, muuta k\u00fcsimustikku v\u00f5i kogutud andmeid.<\/p>\n\n\n\n<h3 class=\"wp-block-heading\">\u00d5iguste jagamiseks:<\/h3>\n\n\n\n<ul class=\"wp-block-list\">\n<li>Avage enda k\u00fcsimustik.<\/li>\n\n\n\n<li>Kl\u00f5psake vasakul men\u00fc\u00fcs\u00a0k\u00fcsimustiku seadete plokis lingil <em>K\u00fcsimustiku kasutus\u00f5igused.<\/em><\/li>\n<\/ul>\n\n\n\n<figure class=\"wp-block-image size-full\"><img loading=\"lazy\" decoding=\"async\" width=\"325\" height=\"586\" src=\"https:\/\/sisu.ut.ee\/wp-content\/uploads\/sites\/177\/LS_kasutusoigused-1.png\" alt=\"\" class=\"wp-image-4637\" srcset=\"https:\/\/sisu.ut.ee\/wp-content\/uploads\/sites\/177\/LS_kasutusoigused-1.png 325w, https:\/\/sisu.ut.ee\/wp-content\/uploads\/sites\/177\/LS_kasutusoigused-1-166x300.png 166w\" sizes=\"auto, (max-width: 325px) 100vw, 325px\"><\/figure>\n\n\n\n<ul class=\"wp-block-list\">\n<li>Valige kasutaja rippmen\u00fc\u00fcst nime j\u00e4rgi ja kl\u00f5psake nupul\u00a0<em>Lisa kasutaja.<\/em><br><\/li>\n<\/ul>\n\n\n\n<figure class=\"wp-block-image aligncenter size-large\"><img loading=\"lazy\" decoding=\"async\" width=\"1024\" height=\"152\" src=\"https:\/\/sisu.ut.ee\/wp-content\/uploads\/sites\/177\/LS_uuskasutaja-1024x152.png\" alt=\"\" class=\"wp-image-4640\" srcset=\"https:\/\/sisu.ut.ee\/wp-content\/uploads\/sites\/177\/LS_uuskasutaja-1024x152.png 1024w, https:\/\/sisu.ut.ee\/wp-content\/uploads\/sites\/177\/LS_uuskasutaja-300x45.png 300w, https:\/\/sisu.ut.ee\/wp-content\/uploads\/sites\/177\/LS_uuskasutaja-768x114.png 768w, https:\/\/sisu.ut.ee\/wp-content\/uploads\/sites\/177\/LS_uuskasutaja-1536x228.png 1536w, https:\/\/sisu.ut.ee\/wp-content\/uploads\/sites\/177\/LS_uuskasutaja.png 1651w\" sizes=\"auto, (max-width: 1024px) 100vw, 1024px\"><\/figure>\n\n\n\n<ul class=\"wp-block-list\">\n<li>Vaadake \u00fcle ja lisage kasutajale kasutus\u00f5igused, kl\u00f5psates rea l\u00f5pus kolme punktiga nupul ja valides <em>Muuda kasutus\u00f5igusi.<\/em><\/li>\n<\/ul>\n\n\n\n<figure class=\"wp-block-image aligncenter size-large\"><img loading=\"lazy\" decoding=\"async\" width=\"1024\" height=\"325\" src=\"https:\/\/sisu.ut.ee\/wp-content\/uploads\/sites\/177\/LS_muudaoigusi-1-1024x325.png\" alt=\"\" class=\"wp-image-4642\" srcset=\"https:\/\/sisu.ut.ee\/wp-content\/uploads\/sites\/177\/LS_muudaoigusi-1-1024x325.png 1024w, https:\/\/sisu.ut.ee\/wp-content\/uploads\/sites\/177\/LS_muudaoigusi-1-300x95.png 300w, https:\/\/sisu.ut.ee\/wp-content\/uploads\/sites\/177\/LS_muudaoigusi-1-768x244.png 768w, https:\/\/sisu.ut.ee\/wp-content\/uploads\/sites\/177\/LS_muudaoigusi-1.png 1281w\" sizes=\"auto, (max-width: 1024px) 100vw, 1024px\"><\/figure>\n\n\n\n<ul class=\"wp-block-list\">\n<li>M\u00e4rkige linnukesega kasutajale vajalikud \u00f5igused. Enamasti piisab \u00f5igustest, mis lubavad aktiveerida k\u00fcsimustikku, luua\/vaadata\/uuendada k\u00fcsimustiku sisu, vaadata\/uuendada k\u00fcsimustiku seadeid \u00a0ja vaadata statistikat.<\/li>\n\n\n\n<li>Salvestage m\u00e4rgitud \u00f5igused.<\/li>\n<\/ul>\n\n\n\n<figure class=\"wp-block-image aligncenter size-large\"><img loading=\"lazy\" decoding=\"async\" width=\"720\" height=\"1024\" src=\"https:\/\/sisu.ut.ee\/wp-content\/uploads\/sites\/177\/LS_koik_kasutusoigused-1-720x1024.png\" alt=\"\" class=\"wp-image-4644\" srcset=\"https:\/\/sisu.ut.ee\/wp-content\/uploads\/sites\/177\/LS_koik_kasutusoigused-1-720x1024.png 720w, https:\/\/sisu.ut.ee\/wp-content\/uploads\/sites\/177\/LS_koik_kasutusoigused-1-211x300.png 211w, https:\/\/sisu.ut.ee\/wp-content\/uploads\/sites\/177\/LS_koik_kasutusoigused-1-768x1092.png 768w, https:\/\/sisu.ut.ee\/wp-content\/uploads\/sites\/177\/LS_koik_kasutusoigused-1.png 894w\" sizes=\"auto, (max-width: 720px) 100vw, 720px\"><\/figure>\n\n\n\n<p><\/p>\n","protected":false},"excerpt":{"rendered":"<p>Te saate jagada teiste LimeSurvey kasutajatega erinevaid \u00f5igusi: \u00f5igust vaadata, muuta k\u00fcsimustikku v\u00f5i kogutud andmeid. \u00d5iguste jagamiseks:<\/p>\n","protected":false},"author":6,"featured_media":0,"parent":0,"menu_order":0,"comment_status":"closed","ping_status":"closed","template":"","meta":{"_acf_changed":false,"inline_featured_image":false,"footnotes":""},"class_list":["post-75","page","type-page","status-publish","hentry"],"acf":[],"_links":{"self":[{"href":"https:\/\/sisu.ut.ee\/juhendid\/wp-json\/wp\/v2\/pages\/75","targetHints":{"allow":["GET"]}}],"collection":[{"href":"https:\/\/sisu.ut.ee\/juhendid\/wp-json\/wp\/v2\/pages"}],"about":[{"href":"https:\/\/sisu.ut.ee\/juhendid\/wp-json\/wp\/v2\/types\/page"}],"author":[{"embeddable":true,"href":"https:\/\/sisu.ut.ee\/juhendid\/wp-json\/wp\/v2\/users\/6"}],"replies":[{"embeddable":true,"href":"https:\/\/sisu.ut.ee\/juhendid\/wp-json\/wp\/v2\/comments?post=75"}],"version-history":[{"count":3,"href":"https:\/\/sisu.ut.ee\/juhendid\/wp-json\/wp\/v2\/pages\/75\/revisions"}],"predecessor-version":[{"id":4646,"href":"https:\/\/sisu.ut.ee\/juhendid\/wp-json\/wp\/v2\/pages\/75\/revisions\/4646"}],"wp:attachment":[{"href":"https:\/\/sisu.ut.ee\/juhendid\/wp-json\/wp\/v2\/media?parent=75"}],"curies":[{"name":"wp","href":"https:\/\/api.w.org\/{rel}","templated":true}]}}