{"id":74,"date":"2024-04-04T02:50:41","date_gmt":"2024-04-03T23:50:41","guid":{"rendered":"https:\/\/sisu.ut.ee\/juhendid\/bbb-yldine\/"},"modified":"2026-02-06T10:32:06","modified_gmt":"2026-02-06T08:32:06","slug":"bbb-yldine","status":"publish","type":"page","link":"https:\/\/sisu.ut.ee\/juhendid\/bbb-yldine\/","title":{"rendered":"BigBlueButton (BBB)"},"content":{"rendered":"<p>BigBlueButton on vabavaraline veebiseminari l\u00e4biviimise vahend, mis on \u00fchendatud Moodle\u2019i \u00f5pikeskkonnaga, kuid on kasutatav ka aadressilt <a href=\"https:\/\/gl.bbb.ut.ee\/\" target=\"_blank\" rel=\"noopener\">https:\/\/gl.bbb.ut.ee\/<\/a>.<\/p>\n<p>BBB v\u00f5imaldab reaalajas jagada videot, audiot, slaide, arvutiekraani, kasutada jututuba, jagatud m\u00e4rkmeid, valget tahvlit, k\u00fcsitlust ning eraldatud ruume. BBB sessiooni salvestamisel salvestatakse k\u00f5ik sessiooni tegevused (esitlus, jututoa vestlus, valge tahvel, audio, veebikaamera pilt, arvutiekraani pilt). Te saate enda salvestusi peita (muuta privaatseks) ja kustutada. Salvestusi toimetada\/l\u00f5igata ei saa.<\/p>\n<h5>NB! BBB kasutamiseks sobib k\u00f5ige paremini Google Chrome. Sellele j\u00e4rgneb Firefox ning Opera. Apple\u2019i telefonis kasutage Safarit. Teiste veebilehitsejega v\u00f5ib esineda probleeme helikvaliteedis ning ekraanijagamisel.<\/h5>\n<p><strong>Vt BBB e-l\u00f5una videosalvestust (2021 okt.):\u00a0 <a title=\"\" href=\"https:\/\/bbb.ut.ee\/playback\/presentation\/2.3\/455fee845a48d6cf6cb73c26efdc50e1dc44d438-1633599274979\" target=\"_blank\" rel=\"noopener\" data-url=\"https:\/\/bbb.ut.ee\/playback\/presentation\/2.3\/455fee845a48d6cf6cb73c26efdc50e1dc44d438-1633599274979\">https:\/\/bbb.ut.ee\/playback\/presentation\/2.3\/455fee845a48d6cf6cb73c26efdc50e1dc44d438-1633599274979<\/a><\/strong><\/p>\n<h3>BBB seminariruumi ekraanipilt (vt numbrite t\u00e4hendust allpool)<\/h3>\n<div><img loading=\"lazy\" decoding=\"async\" class=\"alignnone wp-image-5003 \" src=\"https:\/\/sisu.ut.ee\/wp-content\/uploads\/sites\/177\/BBB-valimus_2026-300x149.jpg\" alt=\"\" width=\"1455\" height=\"723\" srcset=\"https:\/\/sisu.ut.ee\/wp-content\/uploads\/sites\/177\/BBB-valimus_2026-300x149.jpg 300w, https:\/\/sisu.ut.ee\/wp-content\/uploads\/sites\/177\/BBB-valimus_2026-1024x508.jpg 1024w, https:\/\/sisu.ut.ee\/wp-content\/uploads\/sites\/177\/BBB-valimus_2026-768x381.jpg 768w, https:\/\/sisu.ut.ee\/wp-content\/uploads\/sites\/177\/BBB-valimus_2026-1920x953.jpg 1920w\" sizes=\"auto, (max-width: 1455px) 100vw, 1455px\"><\/div>\n<div style=\"text-align: center;\">\u2026<\/div>\n<ol>\n<li>Men\u00fc\u00fc audio ja veebikaamera ning ekraani jagamiseks. \u00dcks kasutaja saab korraga jagada mitme veebikaamera pilti. Samuti saab valida enda veebikaamera pildi tausta.<\/li>\n<li>Pluss-nupust saab ja esitleja teha j\u00e4rgnevaid toimingud:\n<ol>\n<li>Failide (.docx, .pptx, .xlsx, .pdf, .png) \u00fcleslaadimine. <strong>Esitluse slaidid on turvalisem \u00fcles laadida pdf-formaadis. <\/strong>Seminari l\u00f5petades (<em>End session for all<\/em>) failid kustutatakse.<\/li>\n<li>K\u00fcsitlus (<em>Poll<\/em>). K\u00fcsimus v\u00f5ib olla kirjas slaidil v\u00f5i valgel tahvlil v\u00f5i edastatud suuliselt v\u00f5i kirjutatud otse k\u00fcsitlusse. V\u00f5imalik on valida olemasolevate vastuset\u00fc\u00fcpide hulgast v\u00f5i koostada oma vastusevariantidega (max 5) k\u00fcsitlus v\u00f5i kasutada \u00f5ppijate poolt sisestatavate vastustega k\u00fcsimus. Vastuste avalikustamisel tekib slaidi nurka ning avalikku vestlusesse (<em>Public Chat<\/em>) tabel vastuste jaotustega. V\u00f5imalik on kasutada ka anon\u00fc\u00fcmset k\u00fcsitlust ning testi (<em>quiz<\/em>), kus k\u00fcsimusele saab m\u00e4\u00e4rata \u00fche \u00f5ige vastuse.<\/li>\n<li>V\u00e4lise video jagamine (salvestusse seda ei lisata)<\/li>\n<li>K\u00e4ivitada stopper.<\/li>\n<li>Jagada veebikaamera pilti kui sisu.<\/li>\n<\/ol>\n<\/li>\n<li>Vestlus. Kl\u00f5psates <i>osaleja nimel\u00a0<\/i>saab valida osaleja privaatseks vestluseks. S\u00f5numitele saab vastata ja emotikonidega reageerida, lisaks saad oma s\u00f5numeid p\u00e4rast postitamist muuta ning kustutada.<\/li>\n<li>\u00dchiste m\u00e4rkmete kirjutamise vahend <em>Shared Notes.<\/em><\/li>\n<li>Slaidide vahetamine noole-nuppudest. Slaidi numbril kl\u00f5psates saab valida soovitud slaidi.<\/li>\n<li>T\u00f6\u00f6riistad, mille abil saab slaidile\/valgele tahvlile joonistada ja kirjutada. Saab anda ka teistele \u00f5iguse annotatsioonide tegemiseks (valgele tahvlile antud kirjutamis\u00f5igused s\u00e4ilivad slaidide vahetusel).<\/li>\n<li>Emotikoni lisamine enda nime ees olevale ikoonile ja videopildile.<\/li>\n<li>Esitleja nime ees on ekraaniga ikoon\/nupp. Moderaator ehk ruumi omanik (kandiline ikoon) saab esitleja ja moderaatori rolli teisele osalejale \u00fcle anda tema nimel kl\u00f5psates \u2013 <em>Make presenter <\/em>v\u00f5i <em>Promote to moderator <\/em>ning<em>\u00a0<\/em>moderaator ja esitleja saab teisele osalejale\u00a0anda \u00f5iguse kasutada valget tahvlit.<\/li>\n<li>Hammasrattast saab seadistada osalejate \u00f5igusi, neid vaigistada, salvestada tekstifailina osalejate nimed ning luua r\u00fchmat\u00f6\u00f6ks eraldatud ruume (2-16). Moderaator saab m\u00e4\u00e4rata ruumide arvu, kes millises ruumis on, liituda k\u00f5igi eraldatud ruumidega, saata s\u00f5numeid k\u00f5igisse ruumidesse ning sulgeda eraldatud ruumide re\u017eiimi.<\/li>\n<li>V\u00f5imaldab avada ning peita vasakut paani.<\/li>\n<li>Salvestada saab ruumi moderaator. Salvestamise k\u00e4ivitamiseks on \u00fclaservas ruumi nime juures nupp\u00a0<em>Start recording<\/em>.<\/li>\n<li>Ruumi seadete haldamine (<em>Settings<\/em>), akende paigutus ruumis (<em>Manage layout<\/em>) ja enda oleku m\u00e4\u00e4ramine (<em>I\u2019m available<\/em>\/<em>I\u2019m away<\/em>).<\/li>\n<li>V\u00e4ljumine ruumist ning ruumi sulgemine.<\/li>\n<li>Ruumi nimel kl\u00f5psates leiab avanenud aknas ruumiga \u00fchinemise lingi (<em>Join by URL<\/em>).<\/li>\n<li>Leiab valikud avaliku vestluse salvestamiseks, kopeerimiseks ja kustutamiseks.<\/li>\n<li>K\u00e4e t\u00f5stmine (t\u00f5stetud k\u00e4ed ilmuvad vasakpoolsesse men\u00fc\u00fcsse eraldi plokina).<\/li>\n<\/ol>\n\n\n<p><\/p>\n","protected":false},"excerpt":{"rendered":"<p>BigBlueButton on vabavaraline veebiseminari l\u00e4biviimise vahend, mis on \u00fchendatud Moodle\u2019i \u00f5pikeskkonnaga, kuid on kasutatav ka aadressilt https:\/\/gl.bbb.ut.ee\/. BBB v\u00f5imaldab reaalajas jagada videot, audiot, slaide, arvutiekraani, kasutada jututuba, jagatud m\u00e4rkmeid, valget tahvlit, k\u00fcsitlust ning eraldatud ruume. BBB sessiooni salvestamisel salvestatakse k\u00f5ik &#8230;<\/p>\n","protected":false},"author":6,"featured_media":0,"parent":0,"menu_order":0,"comment_status":"closed","ping_status":"closed","template":"","meta":{"_acf_changed":false,"inline_featured_image":false,"footnotes":""},"class_list":["post-74","page","type-page","status-publish","hentry"],"acf":[],"_links":{"self":[{"href":"https:\/\/sisu.ut.ee\/juhendid\/wp-json\/wp\/v2\/pages\/74","targetHints":{"allow":["GET"]}}],"collection":[{"href":"https:\/\/sisu.ut.ee\/juhendid\/wp-json\/wp\/v2\/pages"}],"about":[{"href":"https:\/\/sisu.ut.ee\/juhendid\/wp-json\/wp\/v2\/types\/page"}],"author":[{"embeddable":true,"href":"https:\/\/sisu.ut.ee\/juhendid\/wp-json\/wp\/v2\/users\/6"}],"replies":[{"embeddable":true,"href":"https:\/\/sisu.ut.ee\/juhendid\/wp-json\/wp\/v2\/comments?post=74"}],"version-history":[{"count":24,"href":"https:\/\/sisu.ut.ee\/juhendid\/wp-json\/wp\/v2\/pages\/74\/revisions"}],"predecessor-version":[{"id":5007,"href":"https:\/\/sisu.ut.ee\/juhendid\/wp-json\/wp\/v2\/pages\/74\/revisions\/5007"}],"wp:attachment":[{"href":"https:\/\/sisu.ut.ee\/juhendid\/wp-json\/wp\/v2\/media?parent=74"}],"curies":[{"name":"wp","href":"https:\/\/api.w.org\/{rel}","templated":true}]}}