{"id":73,"date":"2024-04-04T02:50:41","date_gmt":"2024-04-03T23:50:41","guid":{"rendered":"https:\/\/sisu.ut.ee\/juhendid\/kysimuste-lisamine\/"},"modified":"2025-06-18T14:21:30","modified_gmt":"2025-06-18T11:21:30","slug":"kysimuste-lisamine","status":"publish","type":"page","link":"https:\/\/sisu.ut.ee\/juhendid\/kysimuste-lisamine\/","title":{"rendered":"K\u00fcsimuste lisamine"},"content":{"rendered":"<p>Ingliskeelne juhend koos n\u00e4idetega:\u00a0<a class=\"external-link\" href=\"http:\/\/manual.limesurvey.org\/Question_types\" target=\"_blank\" rel=\"nofollow noopener\" data-ext-link-init=\"true\">http:\/\/manual.limesurvey.org\/Question_types<\/a><\/p>\n\n\n\n<h5 class=\"wp-block-heading\">NB! Enne k\u00fcsimuste lisamist peab teil olema loodud v\u00e4hemalt \u00fcks k\u00fcsimuste r\u00fchm.<\/h5>\n\n\n\n<p>K\u00fcsimuse lisamiseks kl\u00f5psake vasakus men\u00fc\u00fcs <em>Struktuur<\/em> \u2013 r\u00fchma nimel ja <em>Lisa k\u00fcsimus<\/em>.<\/p>\n\n\n\n<figure class=\"wp-block-image aligncenter size-full is-resized\"><img loading=\"lazy\" decoding=\"async\" width=\"625\" height=\"246\" src=\"https:\/\/sisu.ut.ee\/wp-content\/uploads\/sites\/177\/LS_lisakysimus.png\" alt=\"\" class=\"wp-image-4591\" style=\"width:400px\" srcset=\"https:\/\/sisu.ut.ee\/wp-content\/uploads\/sites\/177\/LS_lisakysimus.png 625w, https:\/\/sisu.ut.ee\/wp-content\/uploads\/sites\/177\/LS_lisakysimus-300x118.png 300w\" sizes=\"auto, (max-width: 625px) 100vw, 625px\"><\/figure>\n\n\n\n<h2 class=\"wp-block-heading\">K\u00fcsimuse lisamisel tuleb l\u00e4bi teha j\u00e4rgmised sammud:<\/h2>\n\n\n\n<h3 class=\"wp-block-heading\">Samm 1:\u00a0Sisestage k\u00fcsimuse kood.<\/h3>\n\n\n\n<p>Igal k\u00fcsimusel on oma unikaalne kood. See kood v\u00f5takse nt Excelisse eksportides tulba p\u00e4iseks. Vastajale seda koodi ei n\u00e4idata.<\/p>\n\n\n\n<h5 class=\"wp-block-heading\">K\u00fcsimuse koodid peavad algama t\u00e4hega ja v\u00f5ivad sisaldada ainult t\u00e4htnumbrilisi m\u00e4rke (t\u00e4hti ja numbreid).<\/h5>\n\n\n\n<h3 class=\"wp-block-heading\">Samm 2: Valige k\u00fcsimuse t\u00fc\u00fcp.<\/h3>\n\n\n\n<p>Kui liigute hiirega k\u00fcsimuse t\u00fc\u00fcbi men\u00fc\u00fcs, n\u00e4idatakse teile iga t\u00fc\u00fcbi kohta n\u00e4idet.<\/p>\n\n\n\n<h3 class=\"wp-block-heading\">Samm 3: \u00a0Sisestage k\u00fcsimuse tekst ja vajadusel alamk\u00fcsimused ning vastusevariandid.<\/h3>\n\n\n\n<p>K\u00fcsimuse teksti\u00a0saate tekstitoimetis olevatest nuppudest kujundada, lisada veebilinke ja pilte. K\u00fcsimuse tekstitoimeti all on lahtrid alamk\u00fcsimuste (maatriksis esimene tulp) ja vastusevariantide (valikvastustega k\u00fcsimused ja maatriksis j\u00e4rgmised tulbad).<\/p>\n\n\n\n<figure class=\"wp-block-image aligncenter is-resized\"><a href=\"https:\/\/sisu.ut.ee\/wp-content\/uploads\/sites\/177\/LS_alamkysimused.png\"><img loading=\"lazy\" decoding=\"async\" width=\"838\" height=\"377\" src=\"https:\/\/sisu.ut.ee\/wp-content\/uploads\/sites\/177\/LS_alamkysimused.png\" alt=\"\" class=\"wp-image-4593\" style=\"width:700px\" srcset=\"https:\/\/sisu.ut.ee\/wp-content\/uploads\/sites\/177\/LS_alamkysimused.png 838w, https:\/\/sisu.ut.ee\/wp-content\/uploads\/sites\/177\/LS_alamkysimused-300x135.png 300w, https:\/\/sisu.ut.ee\/wp-content\/uploads\/sites\/177\/LS_alamkysimused-768x346.png 768w\" sizes=\"auto, (max-width: 838px) 100vw, 838px\"><\/a><\/figure>\n\n\n\n<p class=\"has-text-align-center\"><\/p>\n\n\n\n<h3 class=\"wp-block-heading\">Samm 4: Sisestage soovi korral abitekst.<\/h3>\n\n\n\n<p>Abitekst v\u00f5ib olla k\u00fcsimuse v\u00f5i vastuste selgitamiseks. Seda saate lisada k\u00fcsimuse tekstitoimeti kohal olevast lipikust <em>Abitekst<\/em>.<\/p>\n\n\n\n<figure class=\"wp-block-image aligncenter is-resized\"><a href=\"https:\/\/sisu.ut.ee\/wp-content\/uploads\/sites\/177\/LS_kysimusesisestamine.png\"><img loading=\"lazy\" decoding=\"async\" width=\"1024\" height=\"585\" src=\"https:\/\/sisu.ut.ee\/wp-content\/uploads\/sites\/177\/LS_kysimusesisestamine-1024x585.png\" alt=\"\" class=\"wp-image-4595\" style=\"width:700px\" srcset=\"https:\/\/sisu.ut.ee\/wp-content\/uploads\/sites\/177\/LS_kysimusesisestamine-1024x585.png 1024w, https:\/\/sisu.ut.ee\/wp-content\/uploads\/sites\/177\/LS_kysimusesisestamine-300x171.png 300w, https:\/\/sisu.ut.ee\/wp-content\/uploads\/sites\/177\/LS_kysimusesisestamine-768x439.png 768w, https:\/\/sisu.ut.ee\/wp-content\/uploads\/sites\/177\/LS_kysimusesisestamine.png 1115w\" sizes=\"auto, (max-width: 1024px) 100vw, 1024px\"><\/a><\/figure>\n\n\n\n<p><\/p>\n\n\n\n<h3 class=\"wp-block-heading\">Samm 5: Valige, kas k\u00fcsimusele vastamine on kohustuslik.<\/h3>\n\n\n\n<p>Kui k\u00fcsimusele vastamine on kohustuslik, siis enne vastamist\u00a0 j\u00e4rgmisele lehele liikuda v\u00f5i vastuseid esitada ei saa. Kui vastamine on valikuline, tuleb edasi liikudes v\u00f5i vastuseid esitades hoiatus vastamata k\u00fcsimuse kohta, kuid seda saab eirata.<\/p>\n\n\n\n<figure class=\"wp-block-image aligncenter is-resized\"><a href=\"https:\/\/sisu.ut.ee\/juhendid\/kysimuste-lisamine\/kohustuslik\/\" rel=\"attachment wp-att-4264\"><img loading=\"lazy\" decoding=\"async\" width=\"375\" height=\"120\" src=\"https:\/\/sisu.ut.ee\/wp-content\/uploads\/sites\/177\/kohustuslik.png\" alt=\"\" class=\"wp-image-4264\" style=\"width:300px\" srcset=\"https:\/\/sisu.ut.ee\/wp-content\/uploads\/sites\/177\/kohustuslik.png 375w, https:\/\/sisu.ut.ee\/wp-content\/uploads\/sites\/177\/kohustuslik-300x96.png 300w\" sizes=\"auto, (max-width: 375px) 100vw, 375px\"><\/a><\/figure>\n\n\n\n<p><\/p>\n\n\n\n<h3 class=\"wp-block-heading\">Samm 6: Salvestage ja vaadake k\u00fcsimuse eelvaadet.<\/h3>\n\n\n<p><\/p><div class=\"accordion mb-3\">\n        <div class=\"accordion-item accordion-item--white\">\n        <h2 class=\"accordion-header\" id=\"accordion-69d27fb094dd6-heading\">\n            <button class=\"accordion-button collapsed\" type=\"button\" data-bs-toggle=\"collapse\" data-bs-target=\"#accordion-69d27fb094dd6-collapse\" aria-expanded=\"true\" aria-controls=\"accordion-69d27fb094dd6-collapse\">Kuidas Limesurveys m\u00f5ne muu k\u00fcsimuse vastusest s\u00f5ltuvalt kuvada k\u00fcsimust?<\/button>\n        <\/h2>\n        <div id=\"accordion-69d27fb094dd6-collapse\" class=\"accordion-collapse collapse\" aria-labelledby=\"accordion-69d27fb094dd6-heading\">\n            <div class=\"accordion-body\">\n<h3>Kasutades <i>M\u00e4\u00e4ra tingimused <\/i>seadet<\/h3>\n<p>1. Avage vasakus servas seadete lehel k\u00fcsimustiku men\u00fc\u00fcs link <em><strong>K\u00fcsimuste ja r\u00fchmade \u00fclevaade<\/strong><\/em>.<br>\n2. Leidke k\u00fcsimus, millele soovite tingimust lisada ning valige Tegevuse tulbast kolme punktiga nupust \u2013 <em><strong>K\u00fcsimuse kokkuv\u00f5te<\/strong><\/em>.<\/p>\n<p><a href=\"https:\/\/sisu.ut.ee\/wp-content\/uploads\/sites\/177\/LS_tingimused.png\"><img loading=\"lazy\" decoding=\"async\" class=\"aligncenter size-large wp-image-4599\" src=\"https:\/\/sisu.ut.ee\/wp-content\/uploads\/sites\/177\/LS_tingimused-1024x409.png\" alt=\"\" width=\"1024\" height=\"409\" srcset=\"https:\/\/sisu.ut.ee\/wp-content\/uploads\/sites\/177\/LS_tingimused-1024x409.png 1024w, https:\/\/sisu.ut.ee\/wp-content\/uploads\/sites\/177\/LS_tingimused-300x120.png 300w, https:\/\/sisu.ut.ee\/wp-content\/uploads\/sites\/177\/LS_tingimused-768x307.png 768w, https:\/\/sisu.ut.ee\/wp-content\/uploads\/sites\/177\/LS_tingimused.png 1287w\" sizes=\"auto, (max-width: 1024px) 100vw, 1024px\"><\/a><\/p>\n<p>Nt soovite, et seda k\u00fcsimust n\u00e4idatakse ainult siis, kui k\u00fcsimusele 1 on vastatud \u201cjah\u201d).<\/p>\n<p>3. Valige \u00fclamen\u00fc\u00fcst <strong><em>T\u00f6\u00f6riistad<\/em><\/strong> ja\u00a0<em><strong>M\u00e4\u00e4ra tingimused<\/strong><\/em>.<\/p>\n<p>4. Kl\u00f5psake <em><strong>Tingimuste kiirlisamine<\/strong><\/em>, valige k\u00fcsimus ja selle vastus, millest soovite s\u00f5ltuvust luua ning m\u00e4\u00e4rake soovitud tingimus.<\/p>\n<p><a href=\"https:\/\/sisu.ut.ee\/wp-content\/uploads\/sites\/177\/LS_tingimuste_kiirlisamine.png\"><img loading=\"lazy\" decoding=\"async\" class=\"aligncenter size-large wp-image-4601\" src=\"https:\/\/sisu.ut.ee\/wp-content\/uploads\/sites\/177\/LS_tingimuste_kiirlisamine-1024x54.png\" alt=\"\" width=\"1024\" height=\"54\" srcset=\"https:\/\/sisu.ut.ee\/wp-content\/uploads\/sites\/177\/LS_tingimuste_kiirlisamine-1024x54.png 1024w, https:\/\/sisu.ut.ee\/wp-content\/uploads\/sites\/177\/LS_tingimuste_kiirlisamine-300x16.png 300w, https:\/\/sisu.ut.ee\/wp-content\/uploads\/sites\/177\/LS_tingimuste_kiirlisamine-768x40.png 768w, https:\/\/sisu.ut.ee\/wp-content\/uploads\/sites\/177\/LS_tingimuste_kiirlisamine.png 1443w\" sizes=\"auto, (max-width: 1024px) 100vw, 1024px\"><\/a><\/p>\n<p>Tulemus on j\u00e4rgmine: teine k\u00fcsimus avaneb ainult neile, kes on esimesele k\u00fcsimusele (koodiga k1) valinud vastusevariandiks \u201cjah\u201d.<\/p>\n<h3>Kasutades <em>Tingimus<\/em>\u00a0lahtrit k\u00fcsimuse seadete lehel<\/h3>\n<ul>\n<li>Avage k\u00fcsimus\u00a0(mida soovite, et kuvatakse siis, kui valida esimeses k\u00fcsimuses (koodiga k1) vastuseks \u201cjah\u201c) seaded ja kirjutage selle\u00a0<em>Tingimus<\/em>\u00a0reale valem ((k\u00fcsimuse kood.NAOK\u00a0== \u2018vastuse kood\u2019)).<\/li>\n<\/ul>\n<p><a href=\"https:\/\/sisu.ut.ee\/juhendid\/kysimuste-lisamine\/tingimus\/\" rel=\"attachment wp-att-4272\"><img loading=\"lazy\" decoding=\"async\" class=\"alignnone size-full wp-image-4272\" src=\"https:\/\/sisu.ut.ee\/wp-content\/uploads\/sites\/177\/tingimus.png\" alt=\"\" width=\"561\" height=\"136\" srcset=\"https:\/\/sisu.ut.ee\/wp-content\/uploads\/sites\/177\/tingimus.png 561w, https:\/\/sisu.ut.ee\/wp-content\/uploads\/sites\/177\/tingimus-300x73.png 300w\" sizes=\"auto, (max-width: 561px) 100vw, 561px\"><\/a><\/p>\n<ul>\n<li>Kui nt k\u00fcsimusel koodiga k1 on kaks vastusevarianti koodidega v1\u2013 \u201emaasikas\u201c ja v2\u2013 \u201evaarikas\u201c ja soovite, et mingit k\u00fcsimust kuvatakse siis, kui valida k1 koodiga k\u00fcsimuses vastus \u201evaarikas\u201c, siis\u00a0kirjutage selle k\u00fcsimuse\u00a0<em>Tingimus<\/em> reale valem ((k1.NAOK==\u2019v2\u2032)).<\/li>\n<\/ul>\n<p><\/p><\/div>\n        <\/div>\n        <\/div>\n    <\/div>\n","protected":false},"excerpt":{"rendered":"<p>Ingliskeelne juhend koos n\u00e4idetega:\u00a0http:\/\/manual.limesurvey.org\/Question_types NB! Enne k\u00fcsimuste lisamist peab teil olema loodud v\u00e4hemalt \u00fcks k\u00fcsimuste r\u00fchm. K\u00fcsimuse lisamiseks kl\u00f5psake vasakus men\u00fc\u00fcs Struktuur \u2013 r\u00fchma nimel ja Lisa k\u00fcsimus. K\u00fcsimuse lisamisel tuleb l\u00e4bi teha j\u00e4rgmised sammud: Samm 1:\u00a0Sisestage k\u00fcsimuse kood. Igal &#8230;<\/p>\n","protected":false},"author":6,"featured_media":0,"parent":0,"menu_order":0,"comment_status":"closed","ping_status":"closed","template":"","meta":{"_acf_changed":false,"inline_featured_image":false,"footnotes":""},"class_list":["post-73","page","type-page","status-publish","hentry"],"acf":[],"_links":{"self":[{"href":"https:\/\/sisu.ut.ee\/juhendid\/wp-json\/wp\/v2\/pages\/73","targetHints":{"allow":["GET"]}}],"collection":[{"href":"https:\/\/sisu.ut.ee\/juhendid\/wp-json\/wp\/v2\/pages"}],"about":[{"href":"https:\/\/sisu.ut.ee\/juhendid\/wp-json\/wp\/v2\/types\/page"}],"author":[{"embeddable":true,"href":"https:\/\/sisu.ut.ee\/juhendid\/wp-json\/wp\/v2\/users\/6"}],"replies":[{"embeddable":true,"href":"https:\/\/sisu.ut.ee\/juhendid\/wp-json\/wp\/v2\/comments?post=73"}],"version-history":[{"count":9,"href":"https:\/\/sisu.ut.ee\/juhendid\/wp-json\/wp\/v2\/pages\/73\/revisions"}],"predecessor-version":[{"id":4606,"href":"https:\/\/sisu.ut.ee\/juhendid\/wp-json\/wp\/v2\/pages\/73\/revisions\/4606"}],"wp:attachment":[{"href":"https:\/\/sisu.ut.ee\/juhendid\/wp-json\/wp\/v2\/media?parent=73"}],"curies":[{"name":"wp","href":"https:\/\/api.w.org\/{rel}","templated":true}]}}