{"id":72,"date":"2024-04-04T02:50:41","date_gmt":"2024-04-03T23:50:41","guid":{"rendered":"https:\/\/sisu.ut.ee\/juhendid\/test\/"},"modified":"2025-11-10T12:11:14","modified_gmt":"2025-11-10T10:11:14","slug":"test","status":"publish","type":"page","link":"https:\/\/sisu.ut.ee\/juhendid\/test\/","title":{"rendered":"Testi loomine Moodle&#8217;is"},"content":{"rendered":"<p>Moodle\u2019is on v\u00f5imalik luua erinevat t\u00fc\u00fcpi teste, mida v\u00f5ib kasutada nii \u00f5ppijate hindamiseks kui ka \u00f5ppija enesekontrolli vahendina. Testidega saab kontrollida kursusel p\u00fcstitatud eesm\u00e4rkide ja \u00f5piv\u00e4ljundite saavutamist. Selleks, et testid peegeldaksid objektiivselt \u00f5ppija teadmisi, oskusi jne, tuleb need v\u00e4ga h\u00e4sti l\u00e4bi m\u00f5elda ja koostada.<\/p>\n<p>Moodle\u2019is on v\u00f5imalik luua teste spetsiaalse testide loomise vahendiga, kuid saab ka kasutada nt Hot Potatoes\u2019is koostatud teste (need saab kursusele importida). Alati on v\u00f5imalik ka Moodle\u2019isse \u00fcles panna linke mujal tehtud testidele, kuid nende tulemusi Moodle`is ei salvestata.<\/p>\n<p>Moodle\u2019is saab testi luua 22 erinevat t\u00fc\u00fcpi k\u00fcsimust, mis v\u00f5ivad sisaldada peale teksti ka pilte, audio- v\u00f5i videofaile, linke jne. Enamike k\u00fcsimuste puhul toimub hindamine automaatselt (v\u00e4lja arvatud essee), kuid alati on v\u00f5imalik vajadusel k\u00e4sitsi vastused \u00fcmber hinnata. Moodle\u2019i testi pole v\u00f5imalik sooritada anon\u00fc\u00fcmselt \u2013 k\u00f5ik tulemused salvestatakse ja on \u00f5ppejoule n\u00e4htavad.<\/p>\n<ul>\n<li>Esmalt on otstarbeks luua k\u00fcsimustepanka testinimeline kategooria ja vajadusel ka alamkategooriad.<\/li>\n<li>Seej\u00e4rel tuleb k\u00fcsimused importida v\u00f5i \u00fckshaaval luua kursuse <em>K\u00fcsimustepanka<\/em> (seadistuste plokis) \u00f5igesse kategooriasse.<\/li>\n<li>Looge ja seadistage testp\u00f5hi. Testip\u00f5hja v\u00f5ib luua avalehele ka enne k\u00fcsimuste loomist, st pole vahet, kas luua enne testip\u00f5hi ja siis koostada k\u00fcsimused ning liita need testi v\u00f5i luua enne k\u00f5ik k\u00fcsimused ja siis luua testip\u00f5hi ja liita k\u00fcsimused testi.<\/li>\n<li>Lisage k\u00fcsimused k\u00fcsimustepangast testi, st k\u00fcsimused on korduvalt kasutatavad ning nendest saab luua erinevaid teste.<\/li>\n<li>Kontrollige testi eelvaates.<\/li>\n<\/ul>\n","protected":false},"excerpt":{"rendered":"<p>Moodle\u2019is on v\u00f5imalik luua erinevat t\u00fc\u00fcpi teste, mida v\u00f5ib kasutada nii \u00f5ppijate hindamiseks kui ka \u00f5ppija enesekontrolli vahendina. Testidega saab kontrollida kursusel p\u00fcstitatud eesm\u00e4rkide ja \u00f5piv\u00e4ljundite saavutamist. Selleks, et testid peegeldaksid objektiivselt \u00f5ppija teadmisi, oskusi jne, tuleb need v\u00e4ga h\u00e4sti &#8230;<\/p>\n","protected":false},"author":6,"featured_media":0,"parent":0,"menu_order":0,"comment_status":"closed","ping_status":"closed","template":"","meta":{"_acf_changed":false,"inline_featured_image":false,"footnotes":""},"class_list":["post-72","page","type-page","status-publish","hentry"],"acf":[],"_links":{"self":[{"href":"https:\/\/sisu.ut.ee\/juhendid\/wp-json\/wp\/v2\/pages\/72","targetHints":{"allow":["GET"]}}],"collection":[{"href":"https:\/\/sisu.ut.ee\/juhendid\/wp-json\/wp\/v2\/pages"}],"about":[{"href":"https:\/\/sisu.ut.ee\/juhendid\/wp-json\/wp\/v2\/types\/page"}],"author":[{"embeddable":true,"href":"https:\/\/sisu.ut.ee\/juhendid\/wp-json\/wp\/v2\/users\/6"}],"replies":[{"embeddable":true,"href":"https:\/\/sisu.ut.ee\/juhendid\/wp-json\/wp\/v2\/comments?post=72"}],"version-history":[{"count":6,"href":"https:\/\/sisu.ut.ee\/juhendid\/wp-json\/wp\/v2\/pages\/72\/revisions"}],"predecessor-version":[{"id":4933,"href":"https:\/\/sisu.ut.ee\/juhendid\/wp-json\/wp\/v2\/pages\/72\/revisions\/4933"}],"wp:attachment":[{"href":"https:\/\/sisu.ut.ee\/juhendid\/wp-json\/wp\/v2\/media?parent=72"}],"curies":[{"name":"wp","href":"https:\/\/api.w.org\/{rel}","templated":true}]}}