{"id":71,"date":"2024-04-04T02:50:40","date_gmt":"2024-04-03T23:50:40","guid":{"rendered":"https:\/\/sisu.ut.ee\/juhendid\/kysimustiku-loomine\/"},"modified":"2026-04-02T13:32:16","modified_gmt":"2026-04-02T10:32:16","slug":"kysimustiku-loomine","status":"publish","type":"page","link":"https:\/\/sisu.ut.ee\/juhendid\/kysimustiku-loomine\/","title":{"rendered":"K\u00fcsimustiku loomine"},"content":{"rendered":"<p>K\u00fcsimustiku loomiseks tuleb siseneda LimeSurvey\u2019isse aadressil <a href=\"https:\/\/survey.ut.ee\" target=\"_blank\" rel=\"noopener\">https:\/\/survey.ut.ee<\/a><\/p>\n\n\n\n<p>\u00dclikooli t\u00f6\u00f6tajad ja \u00fcli\u00f5pilased saavad siseneda T\u00dc arvutiv\u00f5rgu kasutajatunnuse ja parooliga.<\/p>\n\n\n\n<h2 class=\"wp-block-heading\" id=\"Kuidasalustadauuek\u00fcsimustikuloomist?-K\u00fcsimustikuloomiseljakasutamiseltulebtehaseitsesammu:\">K\u00f5ige lihtsama k\u00fcsimustiku loomisel ja kasutamisel tuleb teha 10 sammu:<\/h2>\n\n\n\n<div class=\"wp-block-columns is-layout-flex wp-container-core-columns-is-layout-9d6595d7 wp-block-columns-is-layout-flex\">\n<div class=\"wp-block-column is-layout-flow wp-block-column-is-layout-flow\">\n<h3 class=\"wp-block-heading\">Samm 1. Kl\u00f5psake LS avalehel nupul Loo k\u00fcsimustik.<\/h3>\n\n\n\n<p><\/p>\n\n\n\n<p>Esmalt tuleb luua t\u00fchi k\u00fcsimustik: m\u00e4\u00e4rata pealkiri ja keel. Te saate k\u00fcsimustikku ka kopeerida juba olemasolevast LS k\u00fcsimustikust v\u00f5i importida (*.lss, *.txt,\u00a0*.lsa).<\/p>\n\n\n\n<h3 class=\"wp-block-heading\">Samm 2. M\u00e4\u00e4rake, kas k\u00f5iki k\u00fcsimusi kuvatakse \u00fchel lehel, k\u00fcsimuste kaupa v\u00f5i r\u00fchmadena.<\/h3>\n\n\n\n<p>K\u00fcsimuste paigutust\u00a0saab m\u00e4\u00e4rata kl\u00f5psates vasakus men\u00fc\u00fcs <em>\u00dcldine<\/em>.<\/p>\n\n\n\n<h3 class=\"wp-block-heading\">Samm 3. Sisestage k\u00fcsimustiku kirjeldus, tervitusteade, l\u00f5puteade.<\/h3>\n\n\n\n<p>Selleks kl\u00f5psake\u00a0vasakus men\u00fc\u00fcs <em>Teksid<\/em>.<\/p>\n\n\n\n<h3 class=\"wp-block-heading\">Samm 4. M\u00e4\u00e4rake k\u00fcsimustiku navigeerimise ja kuvamise seaded.<\/h3>\n\n\n\n<p>Selleks kl\u00f5psake\u00a0vasakus men\u00fc\u00fcs <em>V\u00e4limus ja navigeerimine<\/em>.\u00a0Saate m\u00e4\u00e4rata, mida vastajale kuvatakse (nt\u00a0\u201cVastus puudub\u201d, \u201cSelles kusitluses on X k\u00fcsimust\u201d), kas saab liikuda edasi-tagasi ja kas saab vastuseid endale v\u00e4lja tr\u00fckkida jne.<\/p>\n\n\n\n<p>P\u00e4rast salvestamist (nupp\u00a0<em>Salvesta <\/em>paremas \u00fclanurgas) saate hakata lisama r\u00fchmi ja k\u00fcsimusi.<\/p>\n\n\n\n<h3 class=\"wp-block-heading\">Samm 5. Looge v\u00e4hemalt \u00fcks k\u00fcsimuste r\u00fchm.<\/h3>\n\n\n\n<p>Enne k\u00fcsimuste lisamist tuleb luua k\u00fcsimuste jaoks r\u00fchm.<\/p>\n\n\n\n<h5 class=\"wp-block-heading\"><strong>NB!<\/strong> Igal k\u00fcsimustikul peab olema v\u00e4hemalt \u00fcks k\u00fcsimuste r\u00fchm.<\/h5>\n\n\n\n<p>K\u00fcsimuste r\u00fchmade kasutamise eeliseks on see, et vajadusel saate k\u00fcsimused vastajale kuvada nii, et k\u00fcsimused on lehtedel r\u00fchmade kaupa paigutatud. Viisi, kuidas k\u00fcsimused vastajale kuvatakse, saate m\u00e4\u00e4rata kusitluse \u00fcldistest seadetest (samm 2).<\/p>\n\n\n\n<p>L\u00fchikese k\u00fcsimustiku jaoks v\u00f5ite luua vaid \u00fche k\u00fcsimuste r\u00fchma. Soovi korral saate lisada k\u00fcsimuste r\u00fchmale ka kirjelduse, mida vastajale n\u00e4idatakse v\u00f5i ei n\u00e4idata.<\/p>\n\n\n\n<p><strong>K\u00fcsimuste r\u00fchma lisamiseks<\/strong> kl\u00f5psake vasakus men\u00fc\u00fcs <em>Struktuur<\/em> ja selle all oleval nupul <em>Lisa r\u00fchm<\/em>.<\/p>\n\n\n\n<figure class=\"wp-block-image aligncenter size-full is-resized\"><img loading=\"lazy\" decoding=\"async\" width=\"625\" height=\"246\" src=\"https:\/\/sisu.ut.ee\/wp-content\/uploads\/sites\/177\/LS_lisakysimus.png\" alt=\"\" class=\"wp-image-4591\" style=\"width:400px\" srcset=\"https:\/\/sisu.ut.ee\/wp-content\/uploads\/sites\/177\/LS_lisakysimus.png 625w, https:\/\/sisu.ut.ee\/wp-content\/uploads\/sites\/177\/LS_lisakysimus-300x118.png 300w\" sizes=\"auto, (max-width: 625px) 100vw, 625px\"><\/figure>\n\n\n\n<p>K\u00fcsimuste r\u00fchmade lehel saate lisada r\u00fchma k\u00fcsimusi, muuta v\u00f5i kustutada r\u00fchma.<\/p>\n\n\n\n<h3 class=\"wp-block-heading\">Samm 6. Looge k\u00fcsimused, lisage vastusevalikud ja alamk\u00fcsimused.<\/h3>\n\n\n\n<h3 class=\"wp-block-heading\">Samm 7. Testige k\u00fcsimustikku ja seej\u00e4rel avalikustage.<\/h3>\n\n\n\n<h3 class=\"wp-block-heading\">Samm 8. Edastage k\u00fcsimustiku veebiaadress vastajatele.<\/h3>\n\n\n\n<p>K\u00fcsimustiku veebiaadressi saate kl\u00f5psates vasakus\u00a0men\u00fc\u00fcs\u00a0<em>\u00dclevaade<\/em> ja kopeerides veebiaadressi plokist <em>K\u00fcsimustiku jagamine<\/em>.<\/p>\n\n\n\n<figure class=\"wp-block-image aligncenter size-full is-resized\"><img loading=\"lazy\" decoding=\"async\" width=\"933\" height=\"455\" src=\"https:\/\/sisu.ut.ee\/wp-content\/uploads\/sites\/177\/LS_kysimustikujagamine.png\" alt=\"\" class=\"wp-image-4612\" style=\"width:600px\" srcset=\"https:\/\/sisu.ut.ee\/wp-content\/uploads\/sites\/177\/LS_kysimustikujagamine.png 933w, https:\/\/sisu.ut.ee\/wp-content\/uploads\/sites\/177\/LS_kysimustikujagamine-300x146.png 300w, https:\/\/sisu.ut.ee\/wp-content\/uploads\/sites\/177\/LS_kysimustikujagamine-768x375.png 768w\" sizes=\"auto, (max-width: 933px) 100vw, 933px\"><\/figure>\n\n\n\n<h3 class=\"wp-block-heading\">Samm 9. Vaadake vastuseid ja eksportige kogutud vastused. <\/h3>\n\n\n\n<h3 class=\"wp-block-heading\">Samm 10. Sulgege k\u00fcsimustik p\u00e4rast vastuste kogumist.<\/h3>\n<\/div>\n\n\n\n<div class=\"wp-block-column is-layout-flow wp-block-column-is-layout-flow\" style=\"flex-basis:400px\">\n<p><strong>Samm 1<\/strong><\/p>\n<p><a href=\"https:\/\/sisu.ut.ee\/wp-content\/uploads\/sites\/177\/LS_lookysimustik2-3.png\"><img loading=\"lazy\" decoding=\"async\" class=\"aligncenter size-full wp-image-4608\" src=\"https:\/\/sisu.ut.ee\/wp-content\/uploads\/sites\/177\/LS_lookysimustik2-3.png\" alt=\"\" width=\"274\" height=\"84\"><\/a><\/p>\n<p><strong>Sammud 2-4<\/strong><\/p>\n<h3 class=\"wp-block-heading\"><a href=\"https:\/\/sisu.ut.ee\/wp-content\/uploads\/sites\/177\/LS_kysimustikuseaded.png\"><img loading=\"lazy\" decoding=\"async\" class=\"aligncenter size-full wp-image-4610\" src=\"https:\/\/sisu.ut.ee\/wp-content\/uploads\/sites\/177\/LS_kysimustikuseaded.png\" alt=\"\" width=\"420\" height=\"832\" srcset=\"https:\/\/sisu.ut.ee\/wp-content\/uploads\/sites\/177\/LS_kysimustikuseaded.png 420w, https:\/\/sisu.ut.ee\/wp-content\/uploads\/sites\/177\/LS_kysimustikuseaded-151x300.png 151w\" sizes=\"auto, (max-width: 420px) 100vw, 420px\"><\/a><\/h3>\n<\/div>\n<\/div>\n\n\n\n<h2 class=\"wp-block-heading\">Olemasoleva k\u00fcsimustiku kopeerimine<\/h2>\n\n\n\n<p>Olemasolevast k\u00fcsimustikust koopia tegemiseks klikkige LimeSurvey t\u00f6\u00f6laual k\u00fcsimustiku rea l\u00f5pus olevale kolmele punktile ja valige\u00a0<em>Koopia<\/em>\u00a0ning\u00a0<em>Kiirkoopia<\/em>\u00a0v\u00f5i\u00a0<em>Kohandatud koopia<\/em>.<\/p>\n\n\n\n<ul class=\"wp-block-list\">\n<li><em>Kiirkoopia<\/em>\u00a0puhul luuakse k\u00fcsimustikust identne koopia.<\/li>\n\n\n\n<li><em>Kohandatud koopia<\/em>\u00a0puhul saate sisestada kopeeritud k\u00fcsimustikule ID (valikuline) ja m\u00e4\u00e4rata muid s\u00e4tteid koopia tegemiseks.<\/li>\n<\/ul>\n\n\n\n<div class=\"wp-block-columns is-layout-flex wp-container-core-columns-is-layout-9d6595d7 wp-block-columns-is-layout-flex\">\n<div class=\"wp-block-column is-layout-flow wp-block-column-is-layout-flow\">\n<figure class=\"wp-block-image size-full\"><img loading=\"lazy\" decoding=\"async\" width=\"586\" height=\"421\" src=\"https:\/\/sisu.ut.ee\/wp-content\/uploads\/sites\/177\/LS_koopia-1.png\" alt=\"\" class=\"wp-image-5049\" srcset=\"https:\/\/sisu.ut.ee\/wp-content\/uploads\/sites\/177\/LS_koopia-1.png 586w, https:\/\/sisu.ut.ee\/wp-content\/uploads\/sites\/177\/LS_koopia-1-300x216.png 300w\" sizes=\"auto, (max-width: 586px) 100vw, 586px\"><\/figure>\n<\/div>\n\n\n\n<div class=\"wp-block-column is-layout-flow wp-block-column-is-layout-flow\">\n<figure class=\"wp-block-image size-full\"><img loading=\"lazy\" decoding=\"async\" width=\"518\" height=\"552\" src=\"https:\/\/sisu.ut.ee\/wp-content\/uploads\/sites\/177\/LS_koopia2.png\" alt=\"\" class=\"wp-image-5053\" srcset=\"https:\/\/sisu.ut.ee\/wp-content\/uploads\/sites\/177\/LS_koopia2.png 518w, https:\/\/sisu.ut.ee\/wp-content\/uploads\/sites\/177\/LS_koopia2-282x300.png 282w\" sizes=\"auto, (max-width: 518px) 100vw, 518px\"><\/figure>\n<\/div>\n<\/div>\n","protected":false},"excerpt":{"rendered":"<p>K\u00fcsimustiku loomiseks tuleb siseneda LimeSurvey\u2019isse aadressil https:\/\/survey.ut.ee \u00dclikooli t\u00f6\u00f6tajad ja \u00fcli\u00f5pilased saavad siseneda T\u00dc arvutiv\u00f5rgu kasutajatunnuse ja parooliga. K\u00f5ige lihtsama k\u00fcsimustiku loomisel ja kasutamisel tuleb teha 10 sammu: Samm 1. Kl\u00f5psake LS avalehel nupul Loo k\u00fcsimustik. Esmalt tuleb luua t\u00fchi &#8230;<\/p>\n","protected":false},"author":6,"featured_media":0,"parent":0,"menu_order":0,"comment_status":"closed","ping_status":"closed","template":"","meta":{"_acf_changed":false,"inline_featured_image":false,"footnotes":""},"class_list":["post-71","page","type-page","status-publish","hentry"],"acf":[],"_links":{"self":[{"href":"https:\/\/sisu.ut.ee\/juhendid\/wp-json\/wp\/v2\/pages\/71","targetHints":{"allow":["GET"]}}],"collection":[{"href":"https:\/\/sisu.ut.ee\/juhendid\/wp-json\/wp\/v2\/pages"}],"about":[{"href":"https:\/\/sisu.ut.ee\/juhendid\/wp-json\/wp\/v2\/types\/page"}],"author":[{"embeddable":true,"href":"https:\/\/sisu.ut.ee\/juhendid\/wp-json\/wp\/v2\/users\/6"}],"replies":[{"embeddable":true,"href":"https:\/\/sisu.ut.ee\/juhendid\/wp-json\/wp\/v2\/comments?post=71"}],"version-history":[{"count":13,"href":"https:\/\/sisu.ut.ee\/juhendid\/wp-json\/wp\/v2\/pages\/71\/revisions"}],"predecessor-version":[{"id":5057,"href":"https:\/\/sisu.ut.ee\/juhendid\/wp-json\/wp\/v2\/pages\/71\/revisions\/5057"}],"wp:attachment":[{"href":"https:\/\/sisu.ut.ee\/juhendid\/wp-json\/wp\/v2\/media?parent=71"}],"curies":[{"name":"wp","href":"https:\/\/api.w.org\/{rel}","templated":true}]}}