{"id":70,"date":"2024-04-04T02:50:40","date_gmt":"2024-04-03T23:50:40","guid":{"rendered":"https:\/\/sisu.ut.ee\/juhendid\/tagasiside\/"},"modified":"2024-04-04T02:55:44","modified_gmt":"2024-04-03T23:55:44","slug":"tagasiside","status":"publish","type":"page","link":"https:\/\/sisu.ut.ee\/juhendid\/tagasiside\/","title":{"rendered":"Tagasiside"},"content":{"rendered":"<p>\n\tTagasiside on kusitluse loomise vahend \u00f5ppijatelt tagasiside saamiseks, andmete kogumiseks vm.\u00a0\n<\/p>\n<p>\n\t<\/p><div class=\"accordion mb-3\">\n        <div class=\"accordion-item accordion-item--white\">\n        <h2 class=\"accordion-header\" id=\"accordion-69e666055c8f7-heading\">\n            <button class=\"accordion-button collapsed\" type=\"button\" data-bs-toggle=\"collapse\" data-bs-target=\"#accordion-69e666055c8f7-collapse\" aria-expanded=\"true\" aria-controls=\"accordion-69e666055c8f7-collapse\">N\u00e4ide<\/button>\n        <\/h2>\n        <div id=\"accordion-69e666055c8f7-collapse\" class=\"accordion-collapse collapse\" aria-labelledby=\"accordion-69e666055c8f7-heading\">\n            <div class=\"accordion-body\">\n\n<p>\n\t<img loading=\"lazy\" decoding=\"async\" width=\"582\" height=\"997\" class=\"alignnone wp-image-466\" style=\"margin-left: auto;margin-right: auto;border: 1px solid #eee\" src=\"https:\/\/sisu.ut.ee\/wp-content\/uploads\/sites\/177\/tagasiside.png\" title=\"tagasiside.png\" alt=\"tagasiside.png\" srcset=\"https:\/\/sisu.ut.ee\/wp-content\/uploads\/sites\/177\/tagasiside.png 582w, https:\/\/sisu.ut.ee\/wp-content\/uploads\/sites\/177\/tagasiside-175x300.png 175w\" sizes=\"auto, (max-width: 582px) 100vw, 582px\">\n<\/p>\n<p>\n\t<\/p><\/div>\n        <\/div>\n        <\/div>\n    <\/div>\n\n<p>\n\t<span data-mce-mark=\"1\" style=\"background-color: transparent\">Tagasisidekusitluses saab kasutada 5 eri t\u00fc\u00fcpi k\u00fcsimust, lisaks lehek\u00fcljevahetust, vaherida ning robotil\u00f5ksu. L\u00fchivastusega k\u00fcsimus on sobiv paaris\u00f5nalise vastuse jaoks. Numbriline vastus laseb vastuseks sisestada vaid numbri (p\u00e4rast arvutatakse ka keskmine). Pika vastusega k\u00fcsimus v\u00f5imaldab vastajal sisestada \u00fcksk\u00f5ik kui pika teksti (vastuse akent saab alumisest paremast nurgast suurendada ning vajadusel tekib kerimisriba). Valikvastused v\u00f5ivad olla rippmen\u00fc\u00fcna v\u00f5i m\u00e4rkeruutudena. Valikvastused (skaala) k\u00fcsimuses j\u00e4rjestatakse vastusevariandid kasvavalt ning arvutatakse samuti keskmine tulemus.\u00a0<\/span>\n<\/p>\n<h3>\n\tTagasiside lisamiseks kursuse avalehele:<br>\n<\/h3>\n<ul>\n<li>\n\t\tvalige lingist\u00a0<em>Lisa vahend v\u00f5i tegevus<\/em>\u00a0avanevast aknast\u00a0<em>Tagasiside<\/em>\n\t<\/li>\n<li>\n\t\tsisestage k\u00fcsimustikule nimi ning kirjeldus\n\t<\/li>\n<li>\n\t\tm\u00e4\u00e4rake seaded\n\t<\/li>\n<\/ul>\n<p>\n\tTagasiside v\u00f5ib olla avatud vaid etteantud ajal, konfidentsiaalne v\u00f5i nimeline. Te saate m\u00e4\u00e4rata, kas \u00f5ppija v\u00f5ib tagasisidekusitlust t\u00e4ita korduvalt ja kas ta tulemuste kokkuv\u00f5tet n\u00e4eb.\u00a0\n<\/p>\n<p>\n\tK\u00fcsimused v\u00f5ib koostada ise v\u00f5i kasutada m\u00f5nda olemasolevat malli. Koostatud k\u00fcsimustikku saab salvestada privaatse mallina.\u00a0\n<\/p>\n<h3>\n\t<img loading=\"lazy\" decoding=\"async\" width=\"255\" height=\"230\" class=\"alignnone wp-image-469\" style=\"float: right\" src=\"https:\/\/sisu.ut.ee\/wp-content\/uploads\/sites\/177\/tagasiside_01.png\" title=\"tagasiside_01.png\" alt=\"Tagasiside\">K\u00fcsimuste loomiseks:<br>\n<\/h3>\n<ul>\n<li>\n\t\tavage <em>Tagasiside<\/em>\n\t<\/li>\n<li>\n\t\tkl\u00f5psake lipikul <em>Muuda k\u00fcsimusi<\/em>\n\t<\/li>\n<li>\n\t\tvalige rippmen\u00fc\u00fcst sobiv k\u00fcsimuset\u00fc\u00fcp ja t\u00e4itke see sisuga\n\t<\/li>\n<\/ul>\n<p>\n\tK\u00fcsimuste muutmise lehel (lipik\u00a0<em>Muuda k\u00fcsimusi<\/em>) saab k\u00fcsimusi juurde lisada, nende asukohta muuta (vasakus \u00fclanurgas nelja noolega nupp alla ja \u00fcles liigutamiseks), k\u00fcsimustiku sisu parandada (<em>Muuda \u2013 Muuda k\u00fcsimust<\/em>), m\u00e4\u00e4rata k\u00fcsimus kohustuslikuks v\u00f5i mittekohustuslikuks (<em>Muuda \u2013 M\u00e4\u00e4ra kohustuslikuks<\/em> v\u00f5i <em>M\u00e4\u00e4ra mittekohustuslikuks<\/em>) ning k\u00fcsimust kustutada (<em>pr\u00fcgikast<\/em>). \u00a0\u00a0\n<\/p>\n<p>\n\t<img loading=\"lazy\" decoding=\"async\" width=\"251\" height=\"138\" class=\"alignnone wp-image-470\" src=\"https:\/\/sisu.ut.ee\/wp-content\/uploads\/sites\/177\/tagasiside2_01.png\" title=\"tagasiside2_01.png\" alt=\"Tagasiside\">\n<\/p>\n<h3>\n\tK\u00fcsimuste lisamine mallist<br>\n<\/h3>\n<p>\n\tMallide lehel (lipik\u00a0<em>Mallid<\/em>) saate valida enda k\u00fcsimustiku osaks m\u00f5ne olemasolevatest mallidest (nupp\u00a0<em>Kasuta malli<\/em>) ja p\u00e4rast seda vastavalt enda vajadustele muuta ning t\u00e4iendada \u00a0(lipik\u00a0<em>Muuda k\u00fcsimusi<\/em>).\u00a0\n<\/p>\n<h3>\n\tVastuste vaatamine<br>\n<\/h3>\n<p>\n\tVasakust men\u00fc\u00fcs on lingid <em>Anal\u00fc\u00fcs<\/em> ja <em>Vastused<\/em>. Lehel\u00a0<em>Anal\u00fc\u00fcs<\/em>\u00a0n\u00e4idatakse teile k\u00f5igi hetkel olemasolevate vastuste kokkuv\u00f5tet: k\u00fcsimuste kaupa laekunud vastuseid, numbriliste ja valikvastuste puhul ka keskmist tulemust ning vastuste jaotumist protsentides. Seda kokkuv\u00f5tet saab salvestada enda arvutisse Exceli failina.\u00a0<br class=\"atl-forced-newline\"><br class=\"atl-forced-newline\">Lehel\u00a0<em>Vastused<\/em>\u00a0saab vaadata k\u00f5iki laekunud vastuseid eraldi (nii anon\u00fc\u00fcmseid kui nimelisi).<\/p>\n","protected":false},"excerpt":{"rendered":"<p>Tagasiside on kusitluse loomise vahend \u00f5ppijatelt tagasiside saamiseks, andmete kogumiseks vm.\u00a0 N\u00e4ide Tagasisidekusitluses saab kasutada 5 eri t\u00fc\u00fcpi k\u00fcsimust, lisaks lehek\u00fcljevahetust, vaherida ning robotil\u00f5ksu. L\u00fchivastusega k\u00fcsimus on sobiv paaris\u00f5nalise vastuse jaoks. Numbriline vastus laseb vastuseks sisestada vaid numbri (p\u00e4rast arvutatakse &#8230;<\/p>\n","protected":false},"author":6,"featured_media":0,"parent":0,"menu_order":0,"comment_status":"closed","ping_status":"closed","template":"","meta":{"_acf_changed":false,"inline_featured_image":false,"footnotes":""},"class_list":["post-70","page","type-page","status-publish","hentry"],"acf":[],"_links":{"self":[{"href":"https:\/\/sisu.ut.ee\/juhendid\/wp-json\/wp\/v2\/pages\/70","targetHints":{"allow":["GET"]}}],"collection":[{"href":"https:\/\/sisu.ut.ee\/juhendid\/wp-json\/wp\/v2\/pages"}],"about":[{"href":"https:\/\/sisu.ut.ee\/juhendid\/wp-json\/wp\/v2\/types\/page"}],"author":[{"embeddable":true,"href":"https:\/\/sisu.ut.ee\/juhendid\/wp-json\/wp\/v2\/users\/6"}],"replies":[{"embeddable":true,"href":"https:\/\/sisu.ut.ee\/juhendid\/wp-json\/wp\/v2\/comments?post=70"}],"version-history":[{"count":1,"href":"https:\/\/sisu.ut.ee\/juhendid\/wp-json\/wp\/v2\/pages\/70\/revisions"}],"predecessor-version":[{"id":1781,"href":"https:\/\/sisu.ut.ee\/juhendid\/wp-json\/wp\/v2\/pages\/70\/revisions\/1781"}],"wp:attachment":[{"href":"https:\/\/sisu.ut.ee\/juhendid\/wp-json\/wp\/v2\/media?parent=70"}],"curies":[{"name":"wp","href":"https:\/\/api.w.org\/{rel}","templated":true}]}}