{"id":7,"date":"2024-04-04T02:50:36","date_gmt":"2024-04-03T23:50:36","guid":{"rendered":"https:\/\/sisu.ut.ee\/juhendid\/lehtede-ja-kollektsioonide-avalikustamine\/"},"modified":"2024-12-02T08:47:34","modified_gmt":"2024-12-02T06:47:34","slug":"lehtede-ja-kollektsioonide-avalikustamine","status":"publish","type":"page","link":"https:\/\/sisu.ut.ee\/juhendid\/lehtede-ja-kollektsioonide-avalikustamine\/","title":{"rendered":"Lehtede ja kollektsioonide avalikustamine"},"content":{"rendered":"<p>Maharas loodud lehed ja lehtedest moodustatud kollektsioonid on esmalt privaatsed. Te saate ise m\u00e4\u00e4rata, kas leht v\u00f5i kollektsioon on n\u00e4htav m\u00f5nele konkreetsele kasutajale, k\u00f5igile, kes selle veebiaadressi teavad v\u00f5i m\u00f5nele r\u00fchmale (r\u00fchma looja saab otsustada, kes r\u00fchmas on). Samuti saab juurdep\u00e4\u00e4su m\u00e4\u00e4rata ajaliselt \u2013 kuup\u00e4evaliselt ning kellaajaliselt.\u00a0Teiste poolt avalikustatud lehti ning kollektsioone keegi ise \u00fcles ei leia \u2013 nende asukoht tuleb endal sihtr\u00fchmale edastada. \u00dcks v\u00f5imalus on saata eelvaate veebiaadress v\u00f5i siis salajane URL.<\/p>\n<h2 id=\"Kuidaslehtijakollektsiooneavalikustada?-\u00dcksikuleheavalikustamine\">\u00dcksiku lehe avalikustamine<\/h2>\n<h3>1.\u00a0\u00dcksiku lehe avalikustamiseks valige k\u00f5rvalmen\u00fc\u00fcst\u00a0<em>Portfoolio<\/em>, valige v\u00e4lja \u00f5ige leht ning luku ikoonist valige <em>Halda juurdep\u00e4\u00e4su<\/em>.<\/h3>\n<p style=\"text-align: center;\"><img loading=\"lazy\" decoding=\"async\" width=\"1183\" height=\"493\" class=\"alignnone wp-image-280\" title=\"jagamine2b.png\" src=\"https:\/\/sisu.ut.ee\/wp-content\/uploads\/sites\/177\/jagamine2b.png\" alt=\"Juurdep\u00e4\u00e4su haldamine\" srcset=\"https:\/\/sisu.ut.ee\/wp-content\/uploads\/sites\/177\/jagamine2b.png 1183w, https:\/\/sisu.ut.ee\/wp-content\/uploads\/sites\/177\/jagamine2b-300x125.png 300w, https:\/\/sisu.ut.ee\/wp-content\/uploads\/sites\/177\/jagamine2b-1024x427.png 1024w, https:\/\/sisu.ut.ee\/wp-content\/uploads\/sites\/177\/jagamine2b-768x320.png 768w\" sizes=\"auto, (max-width: 1183px) 100vw, 1183px\"><\/p>\n<h3>2. Avanevalt lehel kl\u00f5psake<strong>\u00a0<\/strong>Jaga valikukastil ning valige teile sobiv valik.<\/h3>\n<p style=\"text-align: center;\"><img loading=\"lazy\" decoding=\"async\" width=\"325\" height=\"677\" class=\"alignnone wp-image-277\" title=\"jagamine6.png\" src=\"https:\/\/sisu.ut.ee\/wp-content\/uploads\/sites\/177\/jagamine6.png\" alt=\"Juurdep\u00e4\u00e4su valikud\" srcset=\"https:\/\/sisu.ut.ee\/wp-content\/uploads\/sites\/177\/jagamine6.png 325w, https:\/\/sisu.ut.ee\/wp-content\/uploads\/sites\/177\/jagamine6-144x300.png 144w\" sizes=\"auto, (max-width: 325px) 100vw, 325px\"><\/p>\n<h3>3. Samas saate m\u00e4\u00e4rata, mis ajal on lehestik vastavale sihtr\u00fchmale avalik.<\/h3>\n<p>Kuup\u00e4eva saab valida\u00a0<em>kalendri-nupust<\/em>\u00a0avanevas kalendris kuup\u00e4eval kl\u00f5psates ning hiirega tundi v\u00f5i minuteid liigutades. Kui j\u00e4tate juurdep\u00e4\u00e4su alguse v\u00f5i l\u00f5pu m\u00e4\u00e4ramata (lahter j\u00e4\u00e4b t\u00fchjaks), on juurdep\u00e4\u00e4s ajaliselt piiramata.<\/p>\n<p>M\u00e4\u00e4ratud sihtr\u00fchma saate\u00a0kustutada<em> pr\u00fcgikasti-nupust.<\/em><\/p>\n<p style=\"text-align: center;\"><img loading=\"lazy\" decoding=\"async\" width=\"1221\" height=\"454\" class=\"alignnone wp-image-281\" title=\"jagamine4b.png\" src=\"https:\/\/sisu.ut.ee\/wp-content\/uploads\/sites\/177\/jagamine4b.png\" alt=\"Avalikustamine ajaliselt\" srcset=\"https:\/\/sisu.ut.ee\/wp-content\/uploads\/sites\/177\/jagamine4b.png 1221w, https:\/\/sisu.ut.ee\/wp-content\/uploads\/sites\/177\/jagamine4b-300x112.png 300w, https:\/\/sisu.ut.ee\/wp-content\/uploads\/sites\/177\/jagamine4b-1024x381.png 1024w, https:\/\/sisu.ut.ee\/wp-content\/uploads\/sites\/177\/jagamine4b-768x286.png 768w\" sizes=\"auto, (max-width: 1221px) 100vw, 1221px\"><\/p>\n<h2 id=\"Kuidaslehtijakollektsiooneavalikustada?-Kollektsiooniavaldamine\">Kollektsiooni avaldamine<\/h2>\n<p>Kollektsiooni avaldamiseks veenduge, et kollektsioon on loodud ja see sisaldab soovitud lehti.<\/p>\n<p>Kollektsiooni avaldamiseks minge\u00a0enda\u00a0t\u00f6\u00f6lauale\u00a0ja kl\u00f5psake nupul\u00a0<em>Avalikusta <\/em>v\u00f5i avalikustage see <i>Portfoolio<\/i>\u00a0lehelt.<\/p>\n<p style=\"text-align: center;\"><img loading=\"lazy\" decoding=\"async\" width=\"1157\" height=\"507\" class=\"alignnone wp-image-282\" title=\"jagamine0b.png\" src=\"https:\/\/sisu.ut.ee\/wp-content\/uploads\/sites\/177\/jagamine0b.png\" alt=\"Avalikusta avalehel\" srcset=\"https:\/\/sisu.ut.ee\/wp-content\/uploads\/sites\/177\/jagamine0b.png 1157w, https:\/\/sisu.ut.ee\/wp-content\/uploads\/sites\/177\/jagamine0b-300x131.png 300w, https:\/\/sisu.ut.ee\/wp-content\/uploads\/sites\/177\/jagamine0b-1024x449.png 1024w, https:\/\/sisu.ut.ee\/wp-content\/uploads\/sites\/177\/jagamine0b-768x337.png 768w\" sizes=\"auto, (max-width: 1157px) 100vw, 1157px\"><\/p>\n<p>Avaneval lehel n\u00e4ete nimekirja avalikustatud lehtedest ning k\u00f5igist kollektsioonidest ja avalikustamise tingimustest.\u00a0<em>V\u00f5tme-nuppudest<\/em>\u00a0saate minna otse avalikustamise seadeid muutma. Sarnaselt lehe avalikustamisega saab ka siin valida sihtr\u00fchma ning aja.<\/p>\n<p style=\"text-align: center;\"><img loading=\"lazy\" decoding=\"async\" width=\"1149\" height=\"349\" class=\"alignnone wp-image-283\" title=\"jagamine5b.png\" src=\"https:\/\/sisu.ut.ee\/wp-content\/uploads\/sites\/177\/jagamine5b.png\" alt=\"Minu poolt jagatud\" srcset=\"https:\/\/sisu.ut.ee\/wp-content\/uploads\/sites\/177\/jagamine5b.png 1149w, https:\/\/sisu.ut.ee\/wp-content\/uploads\/sites\/177\/jagamine5b-300x91.png 300w, https:\/\/sisu.ut.ee\/wp-content\/uploads\/sites\/177\/jagamine5b-1024x311.png 1024w, https:\/\/sisu.ut.ee\/wp-content\/uploads\/sites\/177\/jagamine5b-768x233.png 768w\" sizes=\"auto, (max-width: 1149px) 100vw, 1149px\"><\/p>\n<h2>Salajase URL-i kasutamine<\/h2>\n<p>Teine v\u00f5imalus on\u00a0genereerida uus\u00a0<em>salajane URL<\/em>\u00a0(vt eelmist pilti) ning seda levitada. Et teie lehestik oleks avatav vaid salajasest URL-st, tuleks kollektsioon ise muuta mitteavalikuks (<em>Muuda \u00f5igusi<\/em>).\u00a0<em>Esimesest nupust<\/em>\u00a0saate veebiaadressi kopeerida,\u00a0<em>pliiatsi-nupust<\/em>\u00a0m\u00e4\u00e4rata salajase URLi ajalise kehtivuse ning\u00a0<em>pr\u00fcgikasti-nupust<\/em>\u00a0kustutada.<\/p>\n<p style=\"text-align: center;\"><img loading=\"lazy\" decoding=\"async\" class=\"wp-image-4015 size-large aligncenter\" title=\"url.png\" src=\"https:\/\/sisu.ut.ee\/wp-content\/uploads\/sites\/177\/mahara-salajased-urlid-1024x93.png\" alt=\"\" width=\"1024\" height=\"93\" srcset=\"https:\/\/sisu.ut.ee\/wp-content\/uploads\/sites\/177\/mahara-salajased-urlid-1024x93.png 1024w, https:\/\/sisu.ut.ee\/wp-content\/uploads\/sites\/177\/mahara-salajased-urlid-300x27.png 300w, https:\/\/sisu.ut.ee\/wp-content\/uploads\/sites\/177\/mahara-salajased-urlid-768x70.png 768w, https:\/\/sisu.ut.ee\/wp-content\/uploads\/sites\/177\/mahara-salajased-urlid.png 1388w\" sizes=\"auto, (max-width: 1024px) 100vw, 1024px\"><\/p>\n","protected":false},"excerpt":{"rendered":"<p>Maharas loodud lehed ja lehtedest moodustatud kollektsioonid on esmalt privaatsed. Te saate ise m\u00e4\u00e4rata, kas leht v\u00f5i kollektsioon on n\u00e4htav m\u00f5nele konkreetsele kasutajale, k\u00f5igile, kes selle veebiaadressi teavad v\u00f5i m\u00f5nele r\u00fchmale (r\u00fchma looja saab otsustada, kes r\u00fchmas on). Samuti saab &#8230;<\/p>\n","protected":false},"author":6,"featured_media":0,"parent":0,"menu_order":0,"comment_status":"closed","ping_status":"closed","template":"","meta":{"_acf_changed":false,"inline_featured_image":false,"footnotes":""},"class_list":["post-7","page","type-page","status-publish","hentry"],"acf":[],"_links":{"self":[{"href":"https:\/\/sisu.ut.ee\/juhendid\/wp-json\/wp\/v2\/pages\/7","targetHints":{"allow":["GET"]}}],"collection":[{"href":"https:\/\/sisu.ut.ee\/juhendid\/wp-json\/wp\/v2\/pages"}],"about":[{"href":"https:\/\/sisu.ut.ee\/juhendid\/wp-json\/wp\/v2\/types\/page"}],"author":[{"embeddable":true,"href":"https:\/\/sisu.ut.ee\/juhendid\/wp-json\/wp\/v2\/users\/6"}],"replies":[{"embeddable":true,"href":"https:\/\/sisu.ut.ee\/juhendid\/wp-json\/wp\/v2\/comments?post=7"}],"version-history":[{"count":2,"href":"https:\/\/sisu.ut.ee\/juhendid\/wp-json\/wp\/v2\/pages\/7\/revisions"}],"predecessor-version":[{"id":4017,"href":"https:\/\/sisu.ut.ee\/juhendid\/wp-json\/wp\/v2\/pages\/7\/revisions\/4017"}],"wp:attachment":[{"href":"https:\/\/sisu.ut.ee\/juhendid\/wp-json\/wp\/v2\/media?parent=7"}],"curies":[{"name":"wp","href":"https:\/\/api.w.org\/{rel}","templated":true}]}}