{"id":67,"date":"2024-04-04T02:50:40","date_gmt":"2024-04-03T23:50:40","guid":{"rendered":"https:\/\/sisu.ut.ee\/juhendid\/sisenemine-limesurveysse\/"},"modified":"2025-04-10T15:49:13","modified_gmt":"2025-04-10T12:49:13","slug":"sisenemine-limesurveysse","status":"publish","type":"page","link":"https:\/\/sisu.ut.ee\/juhendid\/sisenemine-limesurveysse\/","title":{"rendered":"Sisenemine LimeSurveysse"},"content":{"rendered":"<p>Tartu \u00dclikooli LimeSurvey asub aadressil <a href=\"https:\/\/survey.ut.ee\" target=\"_blank\" rel=\"noopener\">https:\/\/survey.ut.ee<\/a>.<\/p>\n<p>Tartu \u00dclikooli t\u00f6\u00f6tajad ja \u00fcli\u00f5pilased saavad siseneda T\u00dc arvutiv\u00f5rgu kasutajatunnuse ja parooliga. Kui LimeSurveyt peavad kasutama \u00fclikooli koost\u00f6\u00f6- v\u00f5i projektipartnerid, siis peab instituut tellima neile isikutele arvutiabist \u00fclikooli arvutiv\u00f5rgu kasutajakonto ja vajalikuks perioodiks k\u00fclalise staatuse.<\/p>\n<p><span style=\"font-size: 16px;\"><a href=\"https:\/\/wiki.ut.ee\/spaces\/AA\/pages\/199673392\/K%C3%BClaliskonto+tellimine\" target=\"_blank\" rel=\"noopener\">K\u00fclaliskonto tellimine<\/a> (vormi t\u00e4itja peab olema UT kontoga sisse loginud)<\/span><\/p>\n<p>K\u00fclaliskontot on vaja vaid k\u00fcsimustiku loomiseks. K\u00fcsimustikule saavad vastata k\u00f5ik, kes k\u00fcsimustiku asukohta teavad v\u00f5i kellele on e-kirjaga saadetud suunatud k\u00fcsimustik.<\/p>\n","protected":false},"excerpt":{"rendered":"<p>Tartu \u00dclikooli LimeSurvey asub aadressil https:\/\/survey.ut.ee. Tartu \u00dclikooli t\u00f6\u00f6tajad ja \u00fcli\u00f5pilased saavad siseneda T\u00dc arvutiv\u00f5rgu kasutajatunnuse ja parooliga. Kui LimeSurveyt peavad kasutama \u00fclikooli koost\u00f6\u00f6- v\u00f5i projektipartnerid, siis peab instituut tellima neile isikutele arvutiabist \u00fclikooli arvutiv\u00f5rgu kasutajakonto ja vajalikuks perioodiks k\u00fclalise &#8230;<\/p>\n","protected":false},"author":6,"featured_media":0,"parent":0,"menu_order":0,"comment_status":"closed","ping_status":"closed","template":"","meta":{"_acf_changed":false,"inline_featured_image":false,"footnotes":""},"class_list":["post-67","page","type-page","status-publish","hentry"],"acf":[],"_links":{"self":[{"href":"https:\/\/sisu.ut.ee\/juhendid\/wp-json\/wp\/v2\/pages\/67","targetHints":{"allow":["GET"]}}],"collection":[{"href":"https:\/\/sisu.ut.ee\/juhendid\/wp-json\/wp\/v2\/pages"}],"about":[{"href":"https:\/\/sisu.ut.ee\/juhendid\/wp-json\/wp\/v2\/types\/page"}],"author":[{"embeddable":true,"href":"https:\/\/sisu.ut.ee\/juhendid\/wp-json\/wp\/v2\/users\/6"}],"replies":[{"embeddable":true,"href":"https:\/\/sisu.ut.ee\/juhendid\/wp-json\/wp\/v2\/comments?post=67"}],"version-history":[{"count":3,"href":"https:\/\/sisu.ut.ee\/juhendid\/wp-json\/wp\/v2\/pages\/67\/revisions"}],"predecessor-version":[{"id":4433,"href":"https:\/\/sisu.ut.ee\/juhendid\/wp-json\/wp\/v2\/pages\/67\/revisions\/4433"}],"wp:attachment":[{"href":"https:\/\/sisu.ut.ee\/juhendid\/wp-json\/wp\/v2\/media?parent=67"}],"curies":[{"name":"wp","href":"https:\/\/api.w.org\/{rel}","templated":true}]}}