{"id":65,"date":"2024-04-04T02:50:40","date_gmt":"2024-04-03T23:50:40","guid":{"rendered":"https:\/\/sisu.ut.ee\/juhendid\/malukaardid\/"},"modified":"2024-04-11T10:43:40","modified_gmt":"2024-04-11T07:43:40","slug":"malukaardid","status":"publish","type":"page","link":"https:\/\/sisu.ut.ee\/juhendid\/malukaardid\/","title":{"rendered":"M\u00e4lukaardid"},"content":{"rendered":"<h5>\n\tNB! Kuna m\u00e4lukaartide\u00a0vahend on vananud, siis alates 23.10.2020 ei saa kursustele enam uusi m\u00e4lukaarte lisada. Varem lisatud malukaardid t\u00f6\u00f6tavad ja neid saab muuta. Edaspidi on soovitatav malukaardid kursusele lisada H5P interaktiivse sisu vahendiga (t\u00fc\u00fcp <a data-url=\"https:\/\/moodle.ut.ee\/mod\/hvp\/view.php?id=544608\" href=\"https:\/\/moodle.ut.ee\/mod\/hvp\/view.php?id=544608\" target=\"_blank\" title=\"\" rel=\"noopener\">Dialog cards<\/a>). Vt interaktiivse sisu lisamise <a data-url=\"https:\/\/sisu.ut.ee\/juhendid\/interaktiivne-sisu\" href=\"https:\/\/sisu.ut.ee\/juhendid\/interaktiivne-sisu\" title=\"\">juhendit<\/a>.<br>\n<\/h5>\n","protected":false},"excerpt":{"rendered":"<p>NB! Kuna m\u00e4lukaartide\u00a0vahend on vananud, siis alates 23.10.2020 ei saa kursustele enam uusi m\u00e4lukaarte lisada. Varem lisatud malukaardid t\u00f6\u00f6tavad ja neid saab muuta. Edaspidi on soovitatav malukaardid kursusele lisada H5P interaktiivse sisu vahendiga (t\u00fc\u00fcp Dialog cards). Vt interaktiivse sisu lisamise &#8230;<\/p>\n","protected":false},"author":6,"featured_media":0,"parent":0,"menu_order":0,"comment_status":"closed","ping_status":"closed","template":"","meta":{"_acf_changed":false,"inline_featured_image":false,"footnotes":""},"class_list":["post-65","page","type-page","status-publish","hentry"],"acf":[],"_links":{"self":[{"href":"https:\/\/sisu.ut.ee\/juhendid\/wp-json\/wp\/v2\/pages\/65","targetHints":{"allow":["GET"]}}],"collection":[{"href":"https:\/\/sisu.ut.ee\/juhendid\/wp-json\/wp\/v2\/pages"}],"about":[{"href":"https:\/\/sisu.ut.ee\/juhendid\/wp-json\/wp\/v2\/types\/page"}],"author":[{"embeddable":true,"href":"https:\/\/sisu.ut.ee\/juhendid\/wp-json\/wp\/v2\/users\/6"}],"replies":[{"embeddable":true,"href":"https:\/\/sisu.ut.ee\/juhendid\/wp-json\/wp\/v2\/comments?post=65"}],"version-history":[{"count":1,"href":"https:\/\/sisu.ut.ee\/juhendid\/wp-json\/wp\/v2\/pages\/65\/revisions"}],"predecessor-version":[{"id":1786,"href":"https:\/\/sisu.ut.ee\/juhendid\/wp-json\/wp\/v2\/pages\/65\/revisions\/1786"}],"wp:attachment":[{"href":"https:\/\/sisu.ut.ee\/juhendid\/wp-json\/wp\/v2\/media?parent=65"}],"curies":[{"name":"wp","href":"https:\/\/api.w.org\/{rel}","templated":true}]}}