{"id":63,"date":"2024-04-04T02:50:40","date_gmt":"2024-04-03T23:50:40","guid":{"rendered":"https:\/\/sisu.ut.ee\/juhendid\/hot-potatoes-test\/"},"modified":"2024-04-11T10:40:10","modified_gmt":"2024-04-11T07:40:10","slug":"hot-potatoes-test","status":"publish","type":"page","link":"https:\/\/sisu.ut.ee\/juhendid\/hot-potatoes-test\/","title":{"rendered":"HotPotatoes test"},"content":{"rendered":"<p>Moodlesse saab importida <em>HotPotatoes<\/em> programmiga loodud testi. Kui test sisaldab ka pilte, on kaks varianti, et Moodle\u2019is pilte n\u00e4idataks:<\/p>\n<ol>\n<li>Eksportida test <em>HotPotatoes<\/em> programmis SCORM-paketiks ja tegevusena <em>SCORM-sisupakett<\/em> e-kursusele lisada.<\/li>\n<li>Esmalt t\u00f5sta k\u00f5ik pildifailid e-kursuse failide alla (nt teha selleks sinna eraldi kaust), lisada <em>HotPotatoes<\/em> programmis pildid Moodle\u2019isse viidates (pildi veebiaadressi saate Moodle\u2019is pildifailil paremat hiirenuppu kl\u00f5psates ja <em>Copy link address<\/em> valides), salvestada test veebilehena ja lisada e-kursusele tegevusena <em>HotPotatoes test<\/em>.<\/li>\n<\/ol>\n<h5>HotPotatoes testi loomise juhised:\u00a0<a href=\"http:\/\/hotpotatoes.weebly.com\/juhendid.html\" target=\"_blank\" rel=\"noopener\">http:\/\/hotpotatoes.weebly.com\/juhendid.html<\/a>\u00a0<\/h5>\n<p>HotPotatoes\u00a0programmi abil on v\u00f5imalik luua viit erinevat t\u00fc\u00fcpi harjutusi ja teste:<\/p>\n<ol>\n<li>l\u00fcnktekst (JCloze);<\/li>\n<li>vastavusharjutus (JMatch);<\/li>\n<li>segatud s\u00f5nadega lause harjutus (JMix);<\/li>\n<li>mitmikvalikuga v\u00f5i l\u00fchivastusega harjutus (JQuiZ);<\/li>\n<li>rists\u00f5na (JCross).<\/li>\n<\/ol>\n<p><em>HotPotatoes<\/em> test v\u00f5ib olla hinnatav, mille tulemused l\u00e4hevad automaatselt ka hindetabelisse.<\/p>\n<p>Vt 15 t\u00fc\u00fcpilist viga, mida <em>HotPotatoes<\/em> testi loomisel tehakse (inglise keeles):\u00a0<a href=\"http:\/\/www.ewbooks.info\/hotpot\/15-common-mistakes\" target=\"_blank\" rel=\"noopener\">http:\/\/www.ewbooks.info\/hotpot\/15-common-mistakes<\/a><\/p>\n","protected":false},"excerpt":{"rendered":"<p>Moodlesse saab importida HotPotatoes programmiga loodud testi. Kui test sisaldab ka pilte, on kaks varianti, et Moodle\u2019is pilte n\u00e4idataks: Eksportida test HotPotatoes programmis SCORM-paketiks ja tegevusena SCORM-sisupakett e-kursusele lisada. Esmalt t\u00f5sta k\u00f5ik pildifailid e-kursuse failide alla (nt teha selleks sinna &#8230;<\/p>\n","protected":false},"author":6,"featured_media":0,"parent":0,"menu_order":0,"comment_status":"closed","ping_status":"closed","template":"","meta":{"_acf_changed":false,"inline_featured_image":false,"footnotes":""},"class_list":["post-63","page","type-page","status-publish","hentry"],"acf":[],"_links":{"self":[{"href":"https:\/\/sisu.ut.ee\/juhendid\/wp-json\/wp\/v2\/pages\/63","targetHints":{"allow":["GET"]}}],"collection":[{"href":"https:\/\/sisu.ut.ee\/juhendid\/wp-json\/wp\/v2\/pages"}],"about":[{"href":"https:\/\/sisu.ut.ee\/juhendid\/wp-json\/wp\/v2\/types\/page"}],"author":[{"embeddable":true,"href":"https:\/\/sisu.ut.ee\/juhendid\/wp-json\/wp\/v2\/users\/6"}],"replies":[{"embeddable":true,"href":"https:\/\/sisu.ut.ee\/juhendid\/wp-json\/wp\/v2\/comments?post=63"}],"version-history":[{"count":1,"href":"https:\/\/sisu.ut.ee\/juhendid\/wp-json\/wp\/v2\/pages\/63\/revisions"}],"predecessor-version":[{"id":1788,"href":"https:\/\/sisu.ut.ee\/juhendid\/wp-json\/wp\/v2\/pages\/63\/revisions\/1788"}],"wp:attachment":[{"href":"https:\/\/sisu.ut.ee\/juhendid\/wp-json\/wp\/v2\/media?parent=63"}],"curies":[{"name":"wp","href":"https:\/\/api.w.org\/{rel}","templated":true}]}}