{"id":62,"date":"2024-04-04T02:50:40","date_gmt":"2024-04-03T23:50:40","guid":{"rendered":"https:\/\/sisu.ut.ee\/juhendid\/digicv-koostamine\/"},"modified":"2024-04-04T02:55:44","modified_gmt":"2024-04-03T23:55:44","slug":"digicv-koostamine","status":"publish","type":"page","link":"https:\/\/sisu.ut.ee\/juhendid\/digicv-koostamine\/","title":{"rendered":"DigiCV koostamine"},"content":{"rendered":"<p>\n\t<span>DigiCV on hea abimees nii uliopilasele, akadeemilistele t\u00f6\u00f6tajatele kui ka tugipersonalile: see v\u00f5imaldab v\u00e4hese ajakuluga koondada elulookirjelduse jaoks vajalikud andmed \u00d5IS-ist, ETIS-est ja \u00fclikooli personaliandmebaasist ning l\u00e4hetuste t\u00f6\u00f6voost. Kasutajal on v\u00f5imalus imporditud andmeid muuta ja kustutada, samuti saab loodavasse CV-sse ise andmeid juurde lisada.\u00a0Kogu info j\u00e4\u00e4b salvestatuna Mahara keskkonda alles, kus seda endale sobival hetkel t\u00e4iendada saab. L\u00f5pptulemusena saab kasutaja PDF-vormingus elulookirjelduse, mille \u00fclesehitus on koosk\u00f5las 2018. aastast kehtima hakanud akadeemiliste t\u00f6\u00f6tajate ametijuhenditega.<\/span>\n<\/p>\n<h3>\n\tDigiCV koostamiseks:<br>\n<\/h3>\n<ol>\n<li>\n\t\tkl\u00f5psake T\u00f6\u00f6laual k\u00f5rvalmen\u00fc\u00fcs\u00a0<em>DigiCV\u00a0\n<p><img loading=\"lazy\" decoding=\"async\" width=\"385\" height=\"271\" class=\"alignnone wp-image-428\" src=\"https:\/\/sisu.ut.ee\/wp-content\/uploads\/sites\/177\/digicv1.png\" title=\"digicv1.png\" alt=\"DigiCV link\" srcset=\"https:\/\/sisu.ut.ee\/wp-content\/uploads\/sites\/177\/digicv1.png 385w, https:\/\/sisu.ut.ee\/wp-content\/uploads\/sites\/177\/digicv1-300x211.png 300w\" sizes=\"auto, (max-width: 385px) 100vw, 385px\"><\/p><\/em><br>\u00a0\n\t<\/li>\n<li>\n\t\tkl\u00f5psake l\u00e4bi CV erinevad osad (alammen\u00fc\u00fcs <em>Isiklik informatsioon<\/em>, <em>Haridus ja t\u00f6\u00f6kogemus, \u00d5ppet\u00f6\u00f6<\/em> jne)\n\t<\/li>\n<li>\n\t\timportige soovitud andmed \u00d5ISist v\u00f5i ETISest nupust\u00a0<em>Import<\/em>\n\t<\/li>\n<li>\n\t\tsisestage vajalikud andmed k\u00e4sitsi nupust <em>Lisa<\/em>\u00a0(t\u00e4rniga m\u00e4rgitud v\u00e4ljad on t\u00e4itmiseks kohustuslikud)\n\t<\/li>\n<li>\n\t\tmuutke andmete j\u00e4rjestust ridade ees olevatele nooltele klikkides\n\t<\/li>\n<li>\n\t\tsalvestage kogu t\u00e4idetud CV pdf-failina alammen\u00fc\u00fc k\u00f5ige parempoolsemast lingist <em>Ekspordi CV \u2013 <\/em>nupp<em> Vorminda PDF-failiks<\/em> ja\/v\u00f5i\n\t<\/li>\n<li>\n\t\tlisage kogu CV v\u00f5i selle soovitud osad Maharas loodud lehele (vt <a href=\"https:\/\/sisu.ut.ee\/juhendid\/lehe-loomine-kujundamine-ja-kustutamine\" style=\"background-color: #ffffff\">juhendit<\/a>), mille saate eraldi avalikustada (vt <a href=\"https:\/\/sisu.ut.ee\/juhendid\/lehtede-ja-kollektsioonide-avalikustamine\" style=\"background-color: #ffffff\">juhendit<\/a>)\n\t<\/li>\n<\/ol>\n<p>\n\t<img loading=\"lazy\" decoding=\"async\" width=\"1067\" height=\"403\" class=\"alignnone wp-image-429\" src=\"https:\/\/sisu.ut.ee\/wp-content\/uploads\/sites\/177\/digicv12.png\" title=\"digicv12.png\" alt=\"DigiCV men\u00fc\u00fc ja keelevahetus\" srcset=\"https:\/\/sisu.ut.ee\/wp-content\/uploads\/sites\/177\/digicv12.png 1067w, https:\/\/sisu.ut.ee\/wp-content\/uploads\/sites\/177\/digicv12-300x113.png 300w, https:\/\/sisu.ut.ee\/wp-content\/uploads\/sites\/177\/digicv12-1024x387.png 1024w, https:\/\/sisu.ut.ee\/wp-content\/uploads\/sites\/177\/digicv12-768x290.png 768w\" sizes=\"auto, (max-width: 1067px) 100vw, 1067px\">\n<\/p>\n<p>\n\t<img loading=\"lazy\" decoding=\"async\" width=\"1053\" height=\"211\" class=\"alignnone wp-image-430\" src=\"https:\/\/sisu.ut.ee\/wp-content\/uploads\/sites\/177\/digicv13.png\" title=\"digicv13.png\" alt=\"Lisa DigiCV sissekanne\" srcset=\"https:\/\/sisu.ut.ee\/wp-content\/uploads\/sites\/177\/digicv13.png 1053w, https:\/\/sisu.ut.ee\/wp-content\/uploads\/sites\/177\/digicv13-300x60.png 300w, https:\/\/sisu.ut.ee\/wp-content\/uploads\/sites\/177\/digicv13-1024x205.png 1024w, https:\/\/sisu.ut.ee\/wp-content\/uploads\/sites\/177\/digicv13-768x154.png 768w\" sizes=\"auto, (max-width: 1053px) 100vw, 1053px\">\n<\/p>\n<p>\n\t<img loading=\"lazy\" decoding=\"async\" width=\"1085\" height=\"267\" class=\"alignnone wp-image-431\" src=\"https:\/\/sisu.ut.ee\/wp-content\/uploads\/sites\/177\/digicv_4.png\" title=\"digicv_4.png\" alt=\"DigiCV impordi \u00d5ISist\" srcset=\"https:\/\/sisu.ut.ee\/wp-content\/uploads\/sites\/177\/digicv_4.png 1085w, https:\/\/sisu.ut.ee\/wp-content\/uploads\/sites\/177\/digicv_4-300x74.png 300w, https:\/\/sisu.ut.ee\/wp-content\/uploads\/sites\/177\/digicv_4-1024x252.png 1024w, https:\/\/sisu.ut.ee\/wp-content\/uploads\/sites\/177\/digicv_4-768x189.png 768w\" sizes=\"auto, (max-width: 1085px) 100vw, 1085px\">\n<\/p>\n<h3>\n\tIngliskeelse CV koostamine<br>\n<\/h3>\n<p>\n\tDigiCV-d on v\u00f5imalik koostada eesti ja inglise keeles. Vaikimisi on seadistatud eesti keel, selle muutmiseks tuleb paremal \u00fclal asuvast rippmen\u00fc\u00fcst <em>Muuda keelt<\/em> valida inglise keel.\n<\/p>\n<h5>\n\tNB! Ingliskeelsesse DigiCV-sse tuleb andmed eraldi importida. Sealjuures imporditakse ainult need andmed, mis on infos\u00fcsteemidesse sisestatud inglise keeles, \u00fclej\u00e4\u00e4nud v\u00e4ljad tuleb koostajal ise t\u00e4ita.<br>\n<\/h5>\n<h3>\n\tSoovitused<br>\n<\/h3>\n<ul>\n<li>\n\t\tTe saate valida, milliseid andmeid sisestada \u2013 m\u00f5ne alammen\u00fc\u00fc osa v\u00f5ite ka t\u00e4itmata j\u00e4tta.\n\t<\/li>\n<li>\n\t\tV\u00e4ltimaks topeltkirjete teket, on soovitav andmed esmalt importida\u00a0infos\u00fcsteemidest (\u00d5IS, ETIS, personali andmebaas)\u00a0ja seej\u00e4rel k\u00e4sitsi puuduvad andmed juurde lisada. K\u00f5iki andmeid saate ka muuta ja kustutada.\n\t<\/li>\n<li>\n\t\tKorduvalt importides tuuakse uuesti \u00fcle vaid need andmed, mis on teil DigiCv-st kustutatud v\u00f5i muudetud.\n\t<\/li>\n<li>\n\t\tValige ise importimise ajavahemik, m\u00e4\u00e4rates juuresolevas kalendris soovitud kuup\u00e4evad.\n\t<\/li>\n<\/ul>\n<h5>\n\tNB! Kui ajavahemik j\u00e4\u00e4b valimata, tulevad importimisel vaikimisi \u00fcle viimase viie aasta andmed.<br>\n<\/h5>\n<ul>\n<li>\n\t\tIga teema juures on vabad tekstiv\u00e4ljad, kuhu saate lisada enda jaoks olulisi kommentaare, selgitusi v\u00f5i p\u00f5hjendusi (nt kirjeldada oma tegevuse p\u00f5him\u00f5tteid, valikute aluseks olnud arusaamu, olukordi, vajadusi jne).\n\t<\/li>\n<li>\n\t\tT\u00e4htsamate v\u00e4ljade juures on abiinfo nupud, millele\u00a0kl\u00f5psates avaneb t\u00e4iendav info k\u00fcsitud andmete kohta.\n\t<\/li>\n<\/ul>\n","protected":false},"excerpt":{"rendered":"<p>DigiCV on hea abimees nii uliopilasele, akadeemilistele t\u00f6\u00f6tajatele kui ka tugipersonalile: see v\u00f5imaldab v\u00e4hese ajakuluga koondada elulookirjelduse jaoks vajalikud andmed \u00d5IS-ist, ETIS-est ja \u00fclikooli personaliandmebaasist ning l\u00e4hetuste t\u00f6\u00f6voost. Kasutajal on v\u00f5imalus imporditud andmeid muuta ja kustutada, samuti saab loodavasse CV-sse &#8230;<\/p>\n","protected":false},"author":6,"featured_media":0,"parent":0,"menu_order":0,"comment_status":"closed","ping_status":"closed","template":"","meta":{"_acf_changed":false,"inline_featured_image":false,"footnotes":""},"class_list":["post-62","page","type-page","status-publish","hentry"],"acf":[],"_links":{"self":[{"href":"https:\/\/sisu.ut.ee\/juhendid\/wp-json\/wp\/v2\/pages\/62","targetHints":{"allow":["GET"]}}],"collection":[{"href":"https:\/\/sisu.ut.ee\/juhendid\/wp-json\/wp\/v2\/pages"}],"about":[{"href":"https:\/\/sisu.ut.ee\/juhendid\/wp-json\/wp\/v2\/types\/page"}],"author":[{"embeddable":true,"href":"https:\/\/sisu.ut.ee\/juhendid\/wp-json\/wp\/v2\/users\/6"}],"replies":[{"embeddable":true,"href":"https:\/\/sisu.ut.ee\/juhendid\/wp-json\/wp\/v2\/comments?post=62"}],"version-history":[{"count":1,"href":"https:\/\/sisu.ut.ee\/juhendid\/wp-json\/wp\/v2\/pages\/62\/revisions"}],"predecessor-version":[{"id":1789,"href":"https:\/\/sisu.ut.ee\/juhendid\/wp-json\/wp\/v2\/pages\/62\/revisions\/1789"}],"wp:attachment":[{"href":"https:\/\/sisu.ut.ee\/juhendid\/wp-json\/wp\/v2\/media?parent=62"}],"curies":[{"name":"wp","href":"https:\/\/api.w.org\/{rel}","templated":true}]}}