{"id":60,"date":"2024-04-04T02:50:40","date_gmt":"2024-04-03T23:50:40","guid":{"rendered":"https:\/\/sisu.ut.ee\/juhendid\/tund\/"},"modified":"2024-04-04T02:55:44","modified_gmt":"2024-04-03T23:55:44","slug":"tund","status":"publish","type":"page","link":"https:\/\/sisu.ut.ee\/juhendid\/tund\/","title":{"rendered":"Tund"},"content":{"rendered":"<p>\n\tTund on \u00f5ppematerjalide kogum, milles esitatakse uut informatsiooni ja kontrollk\u00fcsimusi \u00f5pitava kohta. \u00d5ppija liikumine (nn h\u00fcpe) tunnis toimub vastavalt tema antud vastustele. Tund v\u00f5ib olla hinnatav v\u00f5i nn harjutustund (tulemused ei l\u00e4he hindetabelisse).\u00a0\n<\/p>\n<p>\n\t<img loading=\"lazy\" decoding=\"async\" width=\"658\" height=\"262\" class=\"alignnone wp-image-423\" style=\"margin-left: auto;margin-right: auto;border: 1px solid #eee\" src=\"https:\/\/sisu.ut.ee\/wp-content\/uploads\/sites\/177\/tund1.jpg\" title=\"tund1.jpg\" alt=\"tund1.jpg\" srcset=\"https:\/\/sisu.ut.ee\/wp-content\/uploads\/sites\/177\/tund1.jpg 658w, https:\/\/sisu.ut.ee\/wp-content\/uploads\/sites\/177\/tund1-300x119.jpg 300w\" sizes=\"auto, (max-width: 658px) 100vw, 658px\"><br class=\"atl-forced-newline\">Tunni seadetes saab m\u00e4\u00e4rata tunni l\u00e4bimise ajalimiidi, vastuste\/harude maksimaalse arvu (nii palju tuleb k\u00fcsimustele valikvastuseid, harulehele edasiliikumise nuppe), mitu korda v\u00f5ib tundi l\u00e4bida ja millist tulemust korduva l\u00e4bimise korral arvestatakse (keskmine v\u00f5i maksimaalne), kas \u00f5ppijale n\u00e4idatakse jooksvat skoori jne.\u00a0Omatehtud skoorimisel saate ise sisestada vastuste punktid, vastasel juhul s\u00f5ltub tunni tulemus l\u00e4bitud lehek\u00fclgede arvust.\u00a0Kohustuslike k\u00fcsimuste minimaalne arv m\u00e4\u00e4rab v\u00e4ikseima k\u00fcsimuste arvu, millele peab maksimumhinde saamiseks vastama.\u00a0<br class=\"atl-forced-newline\">Eeltingimuseks saab m\u00e4\u00e4rata kursuse m\u00f5ne teise tunni l\u00e4bimise.\u00a0\n<\/p>\n<h3>\n\tTunni lisamiseks:<br>\n<\/h3>\n<ul>\n<li>\n\t\tvalige lingist\u00a0<em>Lisa vahend v\u00f5i tegevus<\/em>\u00a0avanevast aknast\u00a0<em>Tund<\/em>\n\t<\/li>\n<li>\n\t\tsisestage tunnile nimi ning kirjeldus\n\t<\/li>\n<li>\n\t\tm\u00e4\u00e4rake sobivad seaded\n\t<\/li>\n<\/ul>\n<p>\n\tTundi hakatakse koostama lehtede kaupa.\n<\/p>\n<ul>\n<li>\n\t\t<em>Impordi k\u00fcsimused<\/em> \u2013 v\u00f5imaldab importida erinevat t\u00fc\u00fcpi k\u00fcsimusi v\u00e4ljastpoolt antud kursust. Imporditavad k\u00fcsimused peavad vastama kindlatele tehnilistele standarditele.\n\t<\/li>\n<li>\n\t\t<em>Lisa k\u00fcsimuste grupp<\/em> \u2013 luuakse leht, mille j\u00e4rele saab lisada eraldi k\u00fcsimustega k\u00fcsimuste lehti ning grupi l\u00f5petada eraldi lehega \u2013 K\u00fcsimuste grupi l\u00f5pp. See v\u00f5imaldab \u00f5ppija suunata m\u00f5nelt lehelt antud k\u00fcsimuste grupi algusesse v\u00f5i l\u00f5ppu.\n\t<\/li>\n<li>\n\t\t<em>Lisa harutabel<\/em> \u2013 luuakse leht, kus on lehe sisu (nt teema\/alateema sissejuhatus) ning nupud edasi liikumiseks.\n\t<\/li>\n<li>\n\t\t<em>Lisa k\u00fcsimuste leht<\/em> \u2013 luuakse leht, kuhu saab lisada k\u00fcsimuse (k\u00f5ik Moodle\u2019i p\u00f5hi-k\u00fcsimuset\u00fc\u00fcbid: essee, l\u00fchivastusega, numbrilise vastusega, valikvastustega, vastavusse seadmine ja \u00f5ige\/vale), millele vastates liigub \u00f5ppija edasi m\u00e4\u00e4ratud lehele.\n\t<\/li>\n<\/ul>\n<p>\n\t\u00a0<\/p>\n","protected":false},"excerpt":{"rendered":"<p>Tund on \u00f5ppematerjalide kogum, milles esitatakse uut informatsiooni ja kontrollk\u00fcsimusi \u00f5pitava kohta. \u00d5ppija liikumine (nn h\u00fcpe) tunnis toimub vastavalt tema antud vastustele. Tund v\u00f5ib olla hinnatav v\u00f5i nn harjutustund (tulemused ei l\u00e4he hindetabelisse).\u00a0 Tunni seadetes saab m\u00e4\u00e4rata tunni l\u00e4bimise ajalimiidi, &#8230;<\/p>\n","protected":false},"author":6,"featured_media":0,"parent":0,"menu_order":0,"comment_status":"closed","ping_status":"closed","template":"","meta":{"_acf_changed":false,"inline_featured_image":false,"footnotes":""},"class_list":["post-60","page","type-page","status-publish","hentry"],"acf":[],"_links":{"self":[{"href":"https:\/\/sisu.ut.ee\/juhendid\/wp-json\/wp\/v2\/pages\/60","targetHints":{"allow":["GET"]}}],"collection":[{"href":"https:\/\/sisu.ut.ee\/juhendid\/wp-json\/wp\/v2\/pages"}],"about":[{"href":"https:\/\/sisu.ut.ee\/juhendid\/wp-json\/wp\/v2\/types\/page"}],"author":[{"embeddable":true,"href":"https:\/\/sisu.ut.ee\/juhendid\/wp-json\/wp\/v2\/users\/6"}],"replies":[{"embeddable":true,"href":"https:\/\/sisu.ut.ee\/juhendid\/wp-json\/wp\/v2\/comments?post=60"}],"version-history":[{"count":1,"href":"https:\/\/sisu.ut.ee\/juhendid\/wp-json\/wp\/v2\/pages\/60\/revisions"}],"predecessor-version":[{"id":1791,"href":"https:\/\/sisu.ut.ee\/juhendid\/wp-json\/wp\/v2\/pages\/60\/revisions\/1791"}],"wp:attachment":[{"href":"https:\/\/sisu.ut.ee\/juhendid\/wp-json\/wp\/v2\/media?parent=60"}],"curies":[{"name":"wp","href":"https:\/\/api.w.org\/{rel}","templated":true}]}}