{"id":58,"date":"2024-04-04T02:50:39","date_gmt":"2024-04-03T23:50:39","guid":{"rendered":"https:\/\/sisu.ut.ee\/juhendid\/ruhmatoo-e-kursusel\/"},"modified":"2024-04-11T11:27:43","modified_gmt":"2024-04-11T08:27:43","slug":"ruhmatoo-e-kursusel","status":"publish","type":"page","link":"https:\/\/sisu.ut.ee\/juhendid\/ruhmatoo-e-kursusel\/","title":{"rendered":"R\u00fchmat\u00f6\u00f6 e-kursusel"},"content":{"rendered":"<h2 id=\"id-7.R\u00fchmat\u00f6\u00f6Moodle'is-1.R\u00fchmat\u00f6\u00f6planeeriminejaettevalmistamine\">R\u00fchmat\u00f6\u00f6 planeerimine ja ettevalmistamine<\/h2>\n<p>R\u00fchmat\u00f6\u00f6 n\u00f5uab p\u00f5hjalikku ettevalmistust. Ette tuleb valmistada ning \u00f5ppijatele enne t\u00f6\u00f6 alustamist k\u00e4ttesaadavaks teha:<\/p>\n<ul>\n<li>juhised r\u00fchmadesse jaotumiseks<\/li>\n<li>r\u00fchmat\u00f6\u00f6 vahedi(te) kasutamise juhised<\/li>\n<li>sisulised juhised (\u00fclesande kirjeldus, aruteluteema, projekti kirjeldus, probleemi kirjeldus)<\/li>\n<li>r\u00fchmat\u00f6\u00f6 esitamise juhised<\/li>\n<li>hindamise kriteeriumid ja osalemise n\u00f5uded<\/li>\n<\/ul>\n<p>R\u00fchmadesse jagamine v\u00f5ib toimuda mitmel moel. \u00dcldiselt peetakse optimaalseks r\u00fchma suuruseks 3-5 inimest. V\u00f5imaluse korral v\u00f5iks lasta \u00f5ppijatel ise r\u00fchma valida: kas teiste r\u00fchmaliikmete j\u00e4rgi, \u00fclesande j\u00e4rgi (kui r\u00fchmiti on erinevad \u00fclesanded). Loomulikult v\u00f5ib ka \u00f5ppej\u00f5ud \u00f5ppijad r\u00fchmadesse jagada.<\/p>\n<p>Eelnevalt tuleb ka l\u00e4bi m\u00f5elda r\u00fchmat\u00f6\u00f6 korraldus:<\/p>\n<ul>\n<li>iga r\u00fchmaliige teeb t\u00f6\u00f6 eraldi, ja seej\u00e4rel pannakse k\u00f5igi r\u00fchmaliikmete t\u00f6\u00f6d kokku ning esitatakse \u00fchiselt<\/li>\n<li>terve r\u00fchm toimetab \u00fchiselt sama faili<\/li>\n<li>\u00f5ppijatele v\u00f5ib jagada (v\u00f5i jagavad nad ise) erinevad rollid \u2013 erinevad \u00fclesanded (n\u00e4iteks \u00fcks modereerib, teine otsib materjale, kolmas kirjutab jne)<\/li>\n<\/ul>\n<p>R\u00fchmaliikmete aktiivsuse ning loomingu mugavaks hindamiseks v\u00f5ib lasta \u00f5ppijate nimed l\u00f5ikude juurde kirjutada v\u00f5i t\u00f6\u00f6 l\u00f5pus paluda neil endil \u00fcksteise osalust anal\u00fc\u00fcsida ja hinnata.<\/p>\n<p>N\u00e4ited r\u00fchmat\u00f6\u00f6 korraldamiseks: \u00a0<\/p>\n<ul>\n<li>Kasutatakse r\u00fchma privaatset foorumit, kuhu r\u00fchma liikmed postitavad oma m\u00f5tteid probleemi kohta. Keegi r\u00fchma liikmetest teeb l\u00f5pus postitustest kokkuv\u00f5tte ja esitab selle r\u00fchma nimel.<\/li>\n<li>R\u00fchma liikmed kirjutavad iga\u00fcks r\u00fchmat\u00f6\u00f6 vahendi abil \u00fchisesse faili oma m\u00f5tteid. L\u00f5pus teeb keegi r\u00fchma liikmetest arvamustest kokkuv\u00f5tte, m\u00e4rkides arvamuste ja kommentaaride j\u00e4rel sulgudesse, kes selle osa autor oli.<\/li>\n<\/ul>\n<p>\u00d5ppej\u00f5u ulesanneteks r\u00fchmat\u00f6\u00f6 puhul on sobivate tehniliste vahendite valimine, selgete kriteeriumide koostamine r\u00fchmat\u00f6\u00f6s osalemiseks ning hindamiseks. Samuti peaks \u00f5ppej\u00f5ud r\u00fchmat\u00f6\u00f6 toimumist j\u00e4lgima, suunama ning andma tagasisidet.<\/p>\n<p>R\u00fchmat\u00f6\u00f6 puhul on positiivne, et:<\/p>\n<ul>\n<li>suurem vastustus kandub \u00f5ppijatele<\/li>\n<li>paraneb t\u00f6\u00f6 kvaliteet (\u00fchislooming)<\/li>\n<li>suhtlemine aktiveerub (loob \u00f5pikogukonna)<\/li>\n<li>suureneb \u00fcksteise toetamine ja \u00f5petamine<\/li>\n<li>arenevad r\u00fchmat\u00f6\u00f6oskused<\/li>\n<li>osaliselt v\u00e4heneb \u00f5ppej\u00f5u t\u00f6\u00f6koormus<\/li>\n<\/ul>\n<p>Veebip\u00f5hise r\u00fchmat\u00f6\u00f6 puhul esineb ka teatud probleeme:<\/p>\n<ul>\n<li>mitteaktiivsed osalejad \u2013 r\u00fchm \u00fcmber komplekteerida: passiivsed v\u00e4lja j\u00e4tta v\u00f5i luua neist eraldi r\u00fchm<\/li>\n<li>\u00f5ppej\u00f5ud \u201eei n\u00e4e\u201d kogu r\u00fchma tegevusi (\u00f5ppijad v\u00f5ivad suhelda ka teiste vahenditega) \u2013 m\u00e4\u00e4rata vastavad tingimused\/n\u00f5uded, aitab \u00fcksteise hindamine<\/li>\n<li>ebav\u00f5rdne t\u00f6\u00f6jaotus r\u00fchmas \u2013 lasta r\u00fchmal enda t\u00f6\u00f6d hinnata ja esitada selged tingimused, mida igalt \u00f5ppijalt r\u00fchmas oodatakse<\/li>\n<li>r\u00fchm ei k\u00e4ivitu (halb modereerimine) \u2013 anda vastav ulesanne \u00fchele r\u00fchmaliikmele, j\u00e4lgida ise r\u00fchma t\u00f6\u00f6d ja julgustada, mitte kasutada r\u00fchmat\u00f6\u00f6d kohe kursuse alguses<\/li>\n<li>suur ajakulu t\u00f6\u00f6 organiseerimisele \u2013 vajadusel luua ise r\u00fchm ja jagada \u00fclesanded<\/li>\n<li>\u00f5ppijad ei saa tagasisidet \u2013 ei tohi eeldada, et r\u00fchm saab ise k\u00f5igega hakkama<\/li>\n<li>r\u00fchm liiga heterogeenne (ei sobitu) \u2013 lasta \u00f5ppijatel ise r\u00fchmadesse liituda<\/li>\n<li>r\u00fchmas \u00f5ppijaid liiga palju v\u00f5i liiga v\u00e4he \u2013 optimaalne on 3-5<\/li>\n<li>ebaselged juhised \u2013 j\u00e4lgida \u00f5ppijaid ja vajadusel t\u00e4psustada, suunata<\/li>\n<li>hilisem r\u00fchmat\u00f6\u00f6sse l\u00fclitumine \u2013 liita v\u00e4ikseima r\u00fchmaga, moodustada hilinejatest eraldi r\u00fchm, lasta sooritada ulesanne individuaalselt (v\u00f5iks olla ette teada!)<\/li>\n<li>ei loeta juhiseid \u2013 r\u00f5hutada r\u00fchmat\u00f6\u00f6 alguses, mida ja kust lugeda<\/li>\n<li>\u00f5ppija liigne aktiivsus \u2013 anda lisaulesanne (modereerimine, kokkuv\u00f5tte tegemine)<\/li>\n<li>tehnilised probleemid \u2013 kasutada l\u00e4biproovitud vahendeid, alguses j\u00e4tta aeg vahendite testimiseks, kirjutada juhised<\/li>\n<li>\u00f5ppijad ei oska oma aega planeerida \u2013 anda vahet\u00e4htajad<\/li>\n<\/ul>\n","protected":false},"excerpt":{"rendered":"<p>R\u00fchmat\u00f6\u00f6 planeerimine ja ettevalmistamine R\u00fchmat\u00f6\u00f6 n\u00f5uab p\u00f5hjalikku ettevalmistust. Ette tuleb valmistada ning \u00f5ppijatele enne t\u00f6\u00f6 alustamist k\u00e4ttesaadavaks teha: juhised r\u00fchmadesse jaotumiseks r\u00fchmat\u00f6\u00f6 vahedi(te) kasutamise juhised sisulised juhised (\u00fclesande kirjeldus, aruteluteema, projekti kirjeldus, probleemi kirjeldus) r\u00fchmat\u00f6\u00f6 esitamise juhised hindamise kriteeriumid ja &#8230;<\/p>\n","protected":false},"author":6,"featured_media":0,"parent":0,"menu_order":0,"comment_status":"closed","ping_status":"closed","template":"","meta":{"_acf_changed":false,"inline_featured_image":false,"footnotes":""},"class_list":["post-58","page","type-page","status-publish","hentry"],"acf":[],"_links":{"self":[{"href":"https:\/\/sisu.ut.ee\/juhendid\/wp-json\/wp\/v2\/pages\/58","targetHints":{"allow":["GET"]}}],"collection":[{"href":"https:\/\/sisu.ut.ee\/juhendid\/wp-json\/wp\/v2\/pages"}],"about":[{"href":"https:\/\/sisu.ut.ee\/juhendid\/wp-json\/wp\/v2\/types\/page"}],"author":[{"embeddable":true,"href":"https:\/\/sisu.ut.ee\/juhendid\/wp-json\/wp\/v2\/users\/6"}],"replies":[{"embeddable":true,"href":"https:\/\/sisu.ut.ee\/juhendid\/wp-json\/wp\/v2\/comments?post=58"}],"version-history":[{"count":1,"href":"https:\/\/sisu.ut.ee\/juhendid\/wp-json\/wp\/v2\/pages\/58\/revisions"}],"predecessor-version":[{"id":1793,"href":"https:\/\/sisu.ut.ee\/juhendid\/wp-json\/wp\/v2\/pages\/58\/revisions\/1793"}],"wp:attachment":[{"href":"https:\/\/sisu.ut.ee\/juhendid\/wp-json\/wp\/v2\/media?parent=58"}],"curies":[{"name":"wp","href":"https:\/\/api.w.org\/{rel}","templated":true}]}}