{"id":56,"date":"2024-04-04T02:50:39","date_gmt":"2024-04-03T23:50:39","guid":{"rendered":"https:\/\/sisu.ut.ee\/juhendid\/opipaevik\/"},"modified":"2024-04-04T02:55:45","modified_gmt":"2024-04-03T23:55:45","slug":"opipaevik","status":"publish","type":"page","link":"https:\/\/sisu.ut.ee\/juhendid\/opipaevik\/","title":{"rendered":"\u00d5pip\u00e4evik"},"content":{"rendered":"<p>\n\t\u00d5pip\u00e4evik v\u00f5imaldab \u00f5ppijal individuaalselt teha kursuse jooksul sissekandeid, mida \u00f5ppej\u00f5ud saab kommenteerida ja hinnata. \u00d5ppijad \u00fcksteise opipaevikute sissekandeid ei n\u00e4e. \u00d5pip\u00e4evikule saab \u00f5ppija lisaks online teksti esitamisele lisada ka \u00fche faili (ja seda siis n\u00e4iteks kursuse jooksul uuema versiooniga asendada).\n<\/p>\n<p>\n\t\u00d5pip\u00e4evikusse sissekandeid tehes avab \u00f5ppija iga kord \u00fche ja sama tekstikasti, seep\u00e4rast v\u00f5iks iga sissekande algusesse kirjutada nt kuup\u00e4eva, mis aitab\u00a0sissekandeid eristada.\u00a0\n<\/p>\n<p>\n\t<img loading=\"lazy\" decoding=\"async\" width=\"645\" height=\"281\" class=\"alignnone wp-image-417\" style=\"margin-left: auto;margin-right: auto;border: 1px solid #eee\" src=\"https:\/\/sisu.ut.ee\/wp-content\/uploads\/sites\/177\/opipaevik.jpg\" title=\"opipaevik.jpg\" alt=\"opipaevik.jpg\" srcset=\"https:\/\/sisu.ut.ee\/wp-content\/uploads\/sites\/177\/opipaevik.jpg 645w, https:\/\/sisu.ut.ee\/wp-content\/uploads\/sites\/177\/opipaevik-300x131.jpg 300w\" sizes=\"auto, (max-width: 645px) 100vw, 645px\">\n<\/p>\n<h3>\n\t\u00d5pip\u00e4eviku lisamiseks:<br>\n<\/h3>\n<ul>\n<li>\n\t\tvalige lingist\u00a0<em>Lisa vahend v\u00f5i tegevus<\/em>\u00a0avanevast aknast\u00a0<em>\u00d5pip\u00e4evik<\/em>\n\t<\/li>\n<li>\n\t\tsisestage opipaevikule nimi ning kirjeldus\/\u00f5pijuhis\n\t<\/li>\n<li>\n\t\tkui opipaevik peab olema hinnatav, m\u00e4\u00e4rake hinde seaded\n\t<\/li>\n<\/ul>\n<h5>\n\tNB! Kui opipaevik on r\u00fchmare\u017eiimis, ei muutu \u00f5ppija jaoks midagi (opipaevik on alati privaatne), k\u00fcll aga saab \u00f5ppej\u00f5ud opipaeviku sissekandeid r\u00fchmade j\u00e4rgi filtreerida.<br>\n<\/h5>\n<h3>\n\t\u00d5pip\u00e4evikute vaatamine ja tagasiside andmine:<br>\n<\/h3>\n<ul>\n<li>\n\t\t\u00d5pip\u00e4eviku seadetest saab m\u00e4\u00e4rata \u00fchel lehel kuvatavate opipaevikute arvu \u00a0\u2013 5, 10, 20, 30 v\u00f5i 50.\n\t<\/li>\n<li>\n\t\t\u00d5pip\u00e4eviku lehel saab \u00fclal paiknevast rippmen\u00fc\u00fcst valida, millise \u00f5ppija opipaevikut soovitakse vaadata.\n\t<\/li>\n<li>\n\t\tIga opipaeviku tagasiside kasti all on <em>Salvesta tagasiside<\/em> nupp, mis salvestab k\u00f5ikide opipaevikute tagasisided, mis on opipaevikute lehel sisestatud v\u00f5i mida on muudetud.\n\t<\/li>\n<\/ul>\n","protected":false},"excerpt":{"rendered":"<p>\u00d5pip\u00e4evik v\u00f5imaldab \u00f5ppijal individuaalselt teha kursuse jooksul sissekandeid, mida \u00f5ppej\u00f5ud saab kommenteerida ja hinnata. \u00d5ppijad \u00fcksteise opipaevikute sissekandeid ei n\u00e4e. \u00d5pip\u00e4evikule saab \u00f5ppija lisaks online teksti esitamisele lisada ka \u00fche faili (ja seda siis n\u00e4iteks kursuse jooksul uuema versiooniga asendada). &#8230;<\/p>\n","protected":false},"author":6,"featured_media":0,"parent":0,"menu_order":0,"comment_status":"closed","ping_status":"closed","template":"","meta":{"_acf_changed":false,"inline_featured_image":false,"footnotes":""},"class_list":["post-56","page","type-page","status-publish","hentry"],"acf":[],"_links":{"self":[{"href":"https:\/\/sisu.ut.ee\/juhendid\/wp-json\/wp\/v2\/pages\/56","targetHints":{"allow":["GET"]}}],"collection":[{"href":"https:\/\/sisu.ut.ee\/juhendid\/wp-json\/wp\/v2\/pages"}],"about":[{"href":"https:\/\/sisu.ut.ee\/juhendid\/wp-json\/wp\/v2\/types\/page"}],"author":[{"embeddable":true,"href":"https:\/\/sisu.ut.ee\/juhendid\/wp-json\/wp\/v2\/users\/6"}],"replies":[{"embeddable":true,"href":"https:\/\/sisu.ut.ee\/juhendid\/wp-json\/wp\/v2\/comments?post=56"}],"version-history":[{"count":1,"href":"https:\/\/sisu.ut.ee\/juhendid\/wp-json\/wp\/v2\/pages\/56\/revisions"}],"predecessor-version":[{"id":1795,"href":"https:\/\/sisu.ut.ee\/juhendid\/wp-json\/wp\/v2\/pages\/56\/revisions\/1795"}],"wp:attachment":[{"href":"https:\/\/sisu.ut.ee\/juhendid\/wp-json\/wp\/v2\/media?parent=56"}],"curies":[{"name":"wp","href":"https:\/\/api.w.org\/{rel}","templated":true}]}}