{"id":55,"date":"2024-04-04T02:50:39","date_gmt":"2024-04-03T23:50:39","guid":{"rendered":"https:\/\/sisu.ut.ee\/juhendid\/korduma-kippuvad-kusimused\/"},"modified":"2026-04-02T13:28:28","modified_gmt":"2026-04-02T10:28:28","slug":"korduma-kippuvad-kusimused","status":"publish","type":"page","link":"https:\/\/sisu.ut.ee\/juhendid\/korduma-kippuvad-kusimused\/","title":{"rendered":"Korduma kippuvad k\u00fcsimused"},"content":{"rendered":"<h2 class=\"wp-block-heading\"><a id=\"1\" name=\"nr1\"><\/a>1. Kuidas luua enda k\u00fcsimustikust koopiat?<\/h2>\n\n\n\n<p>Olemasolevast k\u00fcsimustikust koopia tegemiseks klikkige LimeSurvey t\u00f6\u00f6laual k\u00fcsimustiku rea l\u00f5pus olevale kolmele punktile ja valige\u00a0<em>Koopia<\/em>\u00a0ning\u00a0<em>Kiirkoopia<\/em> v\u00f5i <em>Kohandatud koopia<\/em>.  <\/p>\n\n\n\n<ul class=\"wp-block-list\">\n<li><em>Kiirkoopia<\/em> puhul luuakse k\u00fcsimustikust identne koopia.<\/li>\n\n\n\n<li><em>Kohandatud koopia<\/em> puhul saate sisestada kopeeritud k\u00fcsimustikule ID (valikuline) ja m\u00e4\u00e4rata muid s\u00e4tteid koopia tegemiseks.<\/li>\n<\/ul>\n\n\n\n<div class=\"wp-block-columns is-layout-flex wp-container-core-columns-is-layout-9d6595d7 wp-block-columns-is-layout-flex\">\n<div class=\"wp-block-column is-layout-flow wp-block-column-is-layout-flow\">\n<figure class=\"wp-block-image aligncenter size-full is-resized\"><img loading=\"lazy\" decoding=\"async\" width=\"586\" height=\"421\" src=\"https:\/\/sisu.ut.ee\/wp-content\/uploads\/sites\/177\/LS_koopia-1.png\" alt=\"\" class=\"wp-image-5049\" style=\"width:624px;height:auto\" srcset=\"https:\/\/sisu.ut.ee\/wp-content\/uploads\/sites\/177\/LS_koopia-1.png 586w, https:\/\/sisu.ut.ee\/wp-content\/uploads\/sites\/177\/LS_koopia-1-300x216.png 300w\" sizes=\"auto, (max-width: 586px) 100vw, 586px\"><\/figure>\n<\/div>\n\n\n\n<div class=\"wp-block-column is-layout-flow wp-block-column-is-layout-flow\">\n<figure class=\"wp-block-image aligncenter size-full is-resized\"><img loading=\"lazy\" decoding=\"async\" width=\"518\" height=\"552\" src=\"https:\/\/sisu.ut.ee\/wp-content\/uploads\/sites\/177\/LS_koopia2.png\" alt=\"\" class=\"wp-image-5053\" style=\"width:495px;height:auto\" srcset=\"https:\/\/sisu.ut.ee\/wp-content\/uploads\/sites\/177\/LS_koopia2.png 518w, https:\/\/sisu.ut.ee\/wp-content\/uploads\/sites\/177\/LS_koopia2-282x300.png 282w\" sizes=\"auto, (max-width: 518px) 100vw, 518px\"><\/figure>\n<\/div>\n<\/div>\n\n\n\n<figure class=\"wp-block-image alignright size-large\"><img loading=\"lazy\" decoding=\"async\" width=\"269\" height=\"1024\" src=\"https:\/\/sisu.ut.ee\/wp-content\/uploads\/sites\/177\/LS_menuu-269x1024.png\" alt=\"\" class=\"wp-image-4697\" srcset=\"https:\/\/sisu.ut.ee\/wp-content\/uploads\/sites\/177\/LS_menuu-269x1024.png 269w, https:\/\/sisu.ut.ee\/wp-content\/uploads\/sites\/177\/LS_menuu-79x300.png 79w, https:\/\/sisu.ut.ee\/wp-content\/uploads\/sites\/177\/LS_menuu.png 309w\" sizes=\"auto, (max-width: 269px) 100vw, 269px\"><\/figure>\n\n\n\n<h2 class=\"wp-block-heading\">2. Kuidas n\u00e4idata\/mitte n\u00e4idata k\u00fcsimustiku privaatsusteadet?<\/h2>\n\n\n\n<p><em>K\u00fcsimustiku seadete<\/em> plokis on eraldi men\u00fc\u00fclink <em>Andmekaitsetingimused<\/em>, kus saate m\u00e4\u00e4rata teate sisu ja kuvamist. Vaikimisi seadetega on privaatsusteate n\u00e4itamine v\u00e4lja l\u00fclitatud.<\/p>\n\n\n\n<p>NB! Kui olete k\u00fcsimustiku aktiivseks tehes muutnud anon\u00fc\u00fcmseks, siis kuvatakse k\u00fcsimustiku alguses igal juhul anon\u00fc\u00fcmsusteadet ning selle mittekuvamist ei ole v\u00f5imalik osaleja seadete lehel m\u00e4\u00e4rata.<\/p>\n\n\n\n<h2 class=\"wp-block-heading\"><a id=\"3\" name=\"nr3\"><\/a>3. Mida teha, kui valikvastustega k\u00fcsimuste juures on viimaseks valikuks automaatselt <em>Vastus puudub<\/em>, kuid ei ole soovi seda n\u00e4idata?<\/h2>\n\n\n\n<p>Minge <em>K\u00fcsimustiku seadete<\/em> plokki ja kl\u00f5psake seal <em>V\u00e4limus ja navigeerimine<\/em> ning muutke seadet <em>N\u00e4ita \u201cVastus puudub\u201d. V\u00e4ljas<\/em>.<\/p>\n\n\n\n<h2 class=\"wp-block-heading\"><a id=\"4\" name=\"nr4\"><\/a>4. Kuidas muuta k\u00fcsimuste ja k\u00fcsimuste r\u00fchmade j\u00e4rjekorda?<\/h2>\n\n\n\n<p>Kui k\u00fcsimustik pole veel aktiivne ja pole laekunud vastuseid, siis on v\u00f5imalik k\u00fcsimuste ja k\u00fcsimuste r\u00fchmade j\u00e4rjekorda muuta ning liigutada k\u00fcsimusi \u00fchest r\u00fchmast teise. Selleks tuleb kl\u00f5psata <em>K\u00fcsimustiku men\u00fc\u00fc<\/em> plokis <em>K\u00fcsimuste ja r\u00fchmade \u00fclevaade<\/em>. Avaneval lehel valige \u00fclevalt <em>Reasta \u00fcmber<\/em> ja lohistage hiirega vedades k\u00fcsimused\/k\u00fcsimuste r\u00fchmad soovitud kohta.<\/p>\n\n\n\n<h2 class=\"wp-block-heading\"><a id=\"5\" name=\"nr5\"><\/a>5. Kuidas kustutada olemasolevat k\u00fcsimustikku?<\/h2>\n\n\n\n<p>Kui soovite k\u00fcsimustikku l\u00f5plikult kustutada, minge k\u00fcsimustiku nimekirja lehele, m\u00e4rkige soovitud k\u00fcsimustik linnukesega ja kl\u00f5psake nimekirja all olevat nuppu <i>Muuda valitud k\u00fcsimustikke<\/i> ning valige rippmen\u00fc\u00fcst <em>Kustuta<\/em>.<\/p>\n\n\n\n<h2 class=\"wp-block-heading\"><a id=\"6\" name=\"nr6\"><\/a>6. Mida teha, kui k\u00fcsimustiku seadetes on teade \u201c<span data-mce-mark=\"1\">K\u00fcsimustiku vastused EI OLE anon\u00fc\u00fcmsed\u201d, kuid te soovite, et k\u00fcsimustikule vastatakse anon\u00fc\u00fcmselt.<\/span><\/h2>\n\n\n\n<p><span data-mce-mark=\"1\">K\u00fcsimustiku aktiveerimise ajal saab muuta seadet <span data-mce-mark=\"1\"><em>Anon\u00fc\u00fcmsed vastused<\/em>, valides soovi korral <em>Sees<\/em>.<\/span><\/span><\/p>\n\n\n\n<h2 class=\"wp-block-heading\"><span data-mce-mark=\"1\"><span data-mce-mark=\"1\"><a name=\"nr7\"><\/a>7. Kas on v\u00f5imalik j\u00e4tkata k\u00fcsimustiku t\u00e4itmist hiljem ning juba edastatud vastuseid muuta?<\/span><\/span><\/h2>\n\n\n\n<p>Hiljem vastamise v\u00f5imalus on vaikimisi seadetega sees. Seda saate kontrollida v\u00f5i muuta plokis <em>K\u00fcsimustiku seaded<\/em> \u2013 <em>Teated ja andmed<\/em> \u2013\u00a0<em>Vastaja v\u00f5ib salvestada ja hiljem j\u00e4tkata \u2013 Sees.<\/em><\/p>\n\n\n\n<p><span data-mce-mark=\"1\"><span data-mce-mark=\"1\">K\u00fcsimustikule vastamise j\u00e4tkamiseks tuleb vastajal vajutada \u00fclamen\u00fc\u00fcs olevat nuppu <em>J\u00e4tkake hiljem. <\/em><span data-mce-mark=\"1\">Esmakordsel\u00a0<em>J\u00e4tkake hiljem<\/em> vajutamisel kuvatakse kasutajale vorm, mis tuleb t\u00e4ita omalt poolt vabalt valitud andmetega nagu nimi, parool ja kinnituskirja saamiseks e-posti aadress (<strong>NB! Kindlasti mitte kasutada paroole, mida kasutate mujal<\/strong>). Parooli kinnituskirjaga ei saadeta ja selle peab vastaja ise meeles pidama \u2013 seda kelleltki k\u00fcsida\/taastada pole v\u00f5imalik.<\/span><\/span><\/span><\/p>\n\n\n\n<p><span data-mce-mark=\"1\"><span data-mce-mark=\"1\"><span data-mce-mark=\"1\">Sisestatud e-posti aadressile saadetakse vastaja\u00a0poolt sisestatud nimi ja link, mida saab hiljem k\u00fcsimustiku j\u00e4tkamiseks kasutada. Otse k\u00fcsimustikule vastama minnes\u00a0saab valida \u00fclamen\u00fc\u00fcst\u00a0<em>Laadige l\u00f5petamata k\u00fcsimustik, <\/em>kuhu tuleb sisestada enda poolt valitud nimi ja parool. Soovitatav on vahepeal k\u00fcsimustiku t\u00e4itmisel vastused salvestada vajutades nuppu <em>J\u00e4tka hiljem.<\/em><\/span><\/span><\/span><\/p>\n\n\n\n<h2 class=\"wp-block-heading\"><a id=\"8\" name=\"nr8\"><\/a>8. Kui olen kogemata k\u00fcsimustiku mitteaktiiivseks muutnud ja olemasolevad vastused on kadunud, siis kas vastuseid saab taastada?<\/h2>\n\n\n\n<p>Mitteaktiveeritud k\u00fcsimustiku vastuseid saab taastada ka k\u00fcsimustiku koostaja ise, eeldusel, et ta ei ole muutnud selle struktuuri. Taastamiseks tuleb teha j\u00e4rgmised sammud:<\/p>\n\n\n\n<ul class=\"wp-block-list\">\n<li>aktiveerida k\u00fcsimustik uuesti<\/li>\n\n\n\n<li>valida men\u00fc\u00fcst <em>Vastused<\/em> <\/li>\n\n\n\n<li>valida \u00fclamen\u00fc\u00fcst <em>Impordi<\/em> &gt; <em>Impordi vastuseid mitteaktiivsest k\u00fcsimustikust<\/em><\/li>\n\n\n\n<li>vajutada nuppu <em>Impordi<\/em> (vajadusel m\u00e4rgi linnukesega <em>Impordi ajad<\/em>)<\/li>\n<\/ul>\n\n\n\n<h2 class=\"wp-block-heading\"><a id=\"9\" name=\"nr9\"><\/a>9. Kuidas saab luua kakskeelset k\u00fcsimustikku?<\/h2>\n\n\n\n<p>Mitmekeelse k\u00fcsimustiku loomiseks tuleb plokis <em>K\u00fcsimustiku seaded<\/em> valida <em>\u00dcldi<\/em>ne ja seal valida lahtrile <em>K\u00fcsimustiku keeled<\/em> klikkides lisakeeled.<\/p>\n\n\n\n<figure class=\"wp-block-image aligncenter size-large\"><img loading=\"lazy\" decoding=\"async\" width=\"1024\" height=\"358\" src=\"https:\/\/sisu.ut.ee\/wp-content\/uploads\/sites\/177\/LS_keeled-2-1024x358.png\" alt=\"\" class=\"wp-image-4699\" srcset=\"https:\/\/sisu.ut.ee\/wp-content\/uploads\/sites\/177\/LS_keeled-2-1024x358.png 1024w, https:\/\/sisu.ut.ee\/wp-content\/uploads\/sites\/177\/LS_keeled-2-300x105.png 300w, https:\/\/sisu.ut.ee\/wp-content\/uploads\/sites\/177\/LS_keeled-2-768x269.png 768w, https:\/\/sisu.ut.ee\/wp-content\/uploads\/sites\/177\/LS_keeled-2.png 1095w\" sizes=\"auto, (max-width: 1024px) 100vw, 1024px\"><\/figure>\n\n\n\n<p>Mitmekeelse k\u00fcsimustiku puhul tekib iga k\u00fcsimuse juurde rippmen\u00fc\u00fc nende keeltega, mille lisakeeleks valisite, et t\u00f5lkida k\u00fcsimused teistesse keeltesse.<\/p>\n\n\n\n<figure class=\"wp-block-image aligncenter size-large\"><img loading=\"lazy\" decoding=\"async\" width=\"1024\" height=\"275\" src=\"https:\/\/sisu.ut.ee\/wp-content\/uploads\/sites\/177\/LS_keelevalik-1-1024x275.png\" alt=\"\" class=\"wp-image-4701\" srcset=\"https:\/\/sisu.ut.ee\/wp-content\/uploads\/sites\/177\/LS_keelevalik-1-1024x275.png 1024w, https:\/\/sisu.ut.ee\/wp-content\/uploads\/sites\/177\/LS_keelevalik-1-300x81.png 300w, https:\/\/sisu.ut.ee\/wp-content\/uploads\/sites\/177\/LS_keelevalik-1-768x206.png 768w, https:\/\/sisu.ut.ee\/wp-content\/uploads\/sites\/177\/LS_keelevalik-1.png 1348w\" sizes=\"auto, (max-width: 1024px) 100vw, 1024px\"><\/figure>\n\n\n\n<p>Plokis <em>K\u00fcsimustiku seaded<\/em> \u2013 <em>\u00dclevaade<\/em>\u00a0n\u00e4ete eraldi veebilinke p\u00f5hikeele ja valitud lisakeele k\u00fcsimustikule.<\/p>\n\n\n\n<p>Selleks, et enne sissejuhatavat teksti oleks kohe keelevahtuse v\u00f5imalus, tuleks valida plokis <em>K\u00fcsimustiku seaded<\/em> \u2013 <em>\u00dcldised seaded<\/em> k\u00fcsimusiku formaadiks <em>K\u00fcsimuste kaupa<\/em> v\u00f5i <em>K\u00fcsimuste r\u00fchmade kaupa<\/em>.<\/p>\n\n\n\n<p>Samuti peab olema kindlasti sees tervituslehe n\u00e4itamine: <em>K\u00fcsimustiku seaded \u2013 V\u00e4limus ja navigeerimine \u2013 N\u00e4ita tervituslehte.<\/em><\/p>\n\n\n\n<h2 class=\"wp-block-heading\"><a id=\"10\" name=\"nr10\"><\/a>10. Kuidas juhuslikult\u00a0k\u00fcsimusi segada?<\/h2>\n\n\n\n<p>LimeSurveys on v\u00f5imalik juhuslikku segamist kasutada kolmel viisil:<\/p>\n\n\n\n<ul class=\"wp-block-list\">\n<li><strong>Valikvastuste ja alamk\u00fcsimuste juhuslik segamine<\/strong>\n<ul class=\"wp-block-list\">\n<li>Tuleb sisse l\u00fclitada iga k\u00fcsimuse muutmisre\u017eiimis eraldi. Lubab segada k\u00fcsimuse vastuste v\u00f5i alamk\u00fcsimuste j\u00e4rjekorda<\/li>\n<\/ul>\n<\/li>\n\n\n\n<li><strong>K\u00fcsimuste juhuslik segamine<\/strong>\n<ul class=\"wp-block-list\">\n<li>Iga k\u00fcsimuse muutmisre\u017eiimis tuleb Loogika kastis leida \u201cJuhusliku j\u00e4rjekorraga k\u00fcsimuste r\u00fchma nimi\u201d ja m\u00e4\u00e4rata \u00fchine juhusliku r\u00fchma nimi n\u00e4iteks \u201csega\u201d v\u00f5i \u201cjuhuslik\u201d. See annab v\u00f5imaluse segada vaid teatud k\u00fcsimusi \u00fches k\u00fcsimuste r\u00fchmas j\u00e4ttes paigale need, millele \u00fchist r\u00fchma ei m\u00e4\u00e4rata. Lisaks on v\u00f5imalik luua ka mitu juhuslikku r\u00fchma kui soov on juhuslikke k\u00fcsimusi grupeerida.<\/li>\n<\/ul>\n<\/li>\n\n\n\n<li><strong>K\u00fcsimuste r\u00fchmade segamine<\/strong>\n<ul class=\"wp-block-list\">\n<li>K\u00fcsimuste r\u00fchmade muutmisre\u017eiimis\u00a0on olemas lahter \u201cJuhusliku j\u00e4rjekorraga k\u00fcsimuste r\u00fchm\u201d, kuhu saab m\u00e4\u00e4rata \u00fchise r\u00fchmanime k\u00f5ikidele k\u00fcsimuste r\u00fchmadele, mida soovitakse juhuslikult segada. Seega nendele k\u00fcsimuste r\u00fchmadele, mida soovitakse segada tuleb lisada \u00fchine juhusliku j\u00e4rjekorraga k\u00fcsimuste r\u00fchma nimi nt \u201cjuhuslik\u201d v\u00f5i \u201cjuhuslikr\u00fchm\u201d. NB! Selle r\u00fchmanime m\u00e4\u00e4ramine ei sega r\u00fchmas k\u00fcsimusi vaid segab \u00fchise nimega k\u00fcsimuste r\u00fchmasid.<\/li>\n<\/ul>\n<\/li>\n<\/ul>\n\n\n\n<h2 class=\"wp-block-heading\"><a id=\"11\" name=\"nr11\"><\/a>11. Kuidas tagatakse vastajate anon\u00fc\u00fcmsus?<\/h2>\n\n\n\n<p>Kui k\u00fcsimustikus endas pole k\u00fcsitud vastajate isikuandmeid, siis k\u00fcsimustikku aktiveerides valige, et vastused tehtaks anon\u00fc\u00fcmseks ning ei salvestaks IP-aadresse, vastamise aegu ega ajatemplit.<\/p>\n\n\n\n<figure class=\"wp-block-image aligncenter\"><a href=\"https:\/\/sisu.ut.ee\/juhendid\/korduma-kippuvad-kusimused\/ls_anonyymsus\/\" rel=\"attachment wp-att-4385\"><img loading=\"lazy\" decoding=\"async\" width=\"618\" height=\"727\" src=\"https:\/\/sisu.ut.ee\/wp-content\/uploads\/sites\/177\/LS_anonyymsus.png\" alt=\"\" class=\"wp-image-4385\" srcset=\"https:\/\/sisu.ut.ee\/wp-content\/uploads\/sites\/177\/LS_anonyymsus.png 618w, https:\/\/sisu.ut.ee\/wp-content\/uploads\/sites\/177\/LS_anonyymsus-255x300.png 255w\" sizes=\"auto, (max-width: 618px) 100vw, 618px\"><\/a><\/figure>\n\n\n\n<p class=\"has-text-align-center\"><\/p>\n\n\n\n<p>Kui k\u00fcsimustiku seadetes on sees hiljem vastamise v\u00f5imalus, tuleb vastajal j\u00e4tkamiseks sisestada vormi tema poolt vabalt valitud andmed nagu nimi, parool ja kinnituskirja saamiseks e-posti aadress. Sisestatud e-posti aadressile saadetakse vastaja poolt sisestatud nimi ning link, mida saab hiljem k\u00fcsimustiku j\u00e4tkamiseks kasutada.<\/p>\n","protected":false},"excerpt":{"rendered":"<p>1. Kuidas luua enda k\u00fcsimustikust koopiat? Olemasolevast k\u00fcsimustikust koopia tegemiseks klikkige LimeSurvey t\u00f6\u00f6laual k\u00fcsimustiku rea l\u00f5pus olevale kolmele punktile ja valige\u00a0Koopia\u00a0ning\u00a0Kiirkoopia v\u00f5i Kohandatud koopia. 2. Kuidas n\u00e4idata\/mitte n\u00e4idata k\u00fcsimustiku privaatsusteadet? K\u00fcsimustiku seadete plokis on eraldi men\u00fc\u00fclink Andmekaitsetingimused, kus saate m\u00e4\u00e4rata &#8230;<\/p>\n","protected":false},"author":6,"featured_media":0,"parent":0,"menu_order":0,"comment_status":"closed","ping_status":"closed","template":"","meta":{"_acf_changed":false,"inline_featured_image":false,"footnotes":""},"class_list":["post-55","page","type-page","status-publish","hentry"],"acf":[],"_links":{"self":[{"href":"https:\/\/sisu.ut.ee\/juhendid\/wp-json\/wp\/v2\/pages\/55","targetHints":{"allow":["GET"]}}],"collection":[{"href":"https:\/\/sisu.ut.ee\/juhendid\/wp-json\/wp\/v2\/pages"}],"about":[{"href":"https:\/\/sisu.ut.ee\/juhendid\/wp-json\/wp\/v2\/types\/page"}],"author":[{"embeddable":true,"href":"https:\/\/sisu.ut.ee\/juhendid\/wp-json\/wp\/v2\/users\/6"}],"replies":[{"embeddable":true,"href":"https:\/\/sisu.ut.ee\/juhendid\/wp-json\/wp\/v2\/comments?post=55"}],"version-history":[{"count":9,"href":"https:\/\/sisu.ut.ee\/juhendid\/wp-json\/wp\/v2\/pages\/55\/revisions"}],"predecessor-version":[{"id":5055,"href":"https:\/\/sisu.ut.ee\/juhendid\/wp-json\/wp\/v2\/pages\/55\/revisions\/5055"}],"wp:attachment":[{"href":"https:\/\/sisu.ut.ee\/juhendid\/wp-json\/wp\/v2\/media?parent=55"}],"curies":[{"name":"wp","href":"https:\/\/api.w.org\/{rel}","templated":true}]}}