{"id":52,"date":"2024-04-04T02:50:39","date_gmt":"2024-04-03T23:50:39","guid":{"rendered":"https:\/\/sisu.ut.ee\/juhendid\/foorum\/"},"modified":"2024-04-11T10:33:33","modified_gmt":"2024-04-11T07:33:33","slug":"foorum","status":"publish","type":"page","link":"https:\/\/sisu.ut.ee\/juhendid\/foorum\/","title":{"rendered":"Foorum"},"content":{"rendered":"<p>\n\tFoorum on vahend as\u00fcnkroonseks suhtlemiseks, r\u00fchmat\u00f6\u00f6ks ja kodut\u00f6\u00f6de esitamiseks, v\u00f5ib olla hinnatav. Igal uuel kursusel on vaikimisi olemas \u00fcks foorum \u2013 <em>Teated \u00f5ppijatele (uudistefoorum)<\/em>. Sellesse foorumisse saavad uusi postitusi saata (st algatada uusi arutelusid v\u00f5i saata uudiseid) ainult \u00f5ppej\u00f5ud. \u00d5ppijad saavad selles foorumis vaid \u00f5ppej\u00f5u postitustele vastata. Seet\u00f5ttu tuleks igale kursusele lisada veel v\u00e4hemalt \u00fcks foorum (nt<em>\u00a0K\u00fcsimused ja vastused<\/em>), kuhu \u00f5ppijad saavad igasuguste piiranguteta kirjutada.\n<\/p>\n<p style=\"text-align: center\">\n\t<img loading=\"lazy\" decoding=\"async\" width=\"697\" height=\"351\" class=\"alignnone wp-image-403\" src=\"https:\/\/sisu.ut.ee\/wp-content\/uploads\/sites\/177\/foorum_01.png\" title=\"foorum_01.png\" alt=\"Foorum\" srcset=\"https:\/\/sisu.ut.ee\/wp-content\/uploads\/sites\/177\/foorum_01.png 697w, https:\/\/sisu.ut.ee\/wp-content\/uploads\/sites\/177\/foorum_01-300x151.png 300w\" sizes=\"auto, (max-width: 697px) 100vw, 697px\">\n<\/p>\n<h3>\n\tFoorumeid on 5 t\u00fc\u00fcpi:<br>\n<\/h3>\n<ol>\n<li>\n\t\t<em>Standardne foorum \u00fcldiseks kasutamiseks<\/em>\u00a0\u2013 klassikaline foorum, kuhu \u00f5ppijad saavad kirjutada (uut arutelu algatada) ning foorumisse saadetud kirjadele ka vastata.\n\t<\/li>\n<li>\n\t\t<em>Iga\u00fcks postitab \u00fche arutelu<\/em>\u00a0\u2013 iga \u00f5ppija saab sellesse foorumisse kirjutada vastamiseks \u00fche uue kirja ning saab vastata k\u00f5igile foorumisse saadetud kirjadele.\n\t<\/li>\n<li>\n\t\t<em>\u00dcksik lihtne arutelu<\/em>\u00a0\u2013 selle foorumi puhul kuvatakse lehel \u00fcks teema (\u00fclesandekirjeldus), millele \u00f5ppijad saavad vastata. Uut teemat \u00f5ppijad sinna foorumisse lisada ei saa.\n\t<\/li>\n<li>\n\t\t<em>K ja V (ehk K\u00fcsimus ja Vastus)\u00a0foorum<\/em> \u2013 selles foorumis n\u00e4eb \u00f5ppija teiste \u00f5ppijate poolt saadetud kirju alles p\u00e4rast enda kirja postitamist. Seda foorumit on mugav kasutada selleks, et \u00f5ppijad saaks avaldada esmalt enda originaalset arvamust, mitte ei ole m\u00f5jutatud kursusekaaslaste vastustest. Oluline on meeles pidada, et \u00f5ppej\u00f5ud peab esmalt oma k\u00fcsimused foorumisse saatma.\n\t<\/li>\n<li>\n\t\t<em>Standardne foorum ajaveebi-formaadis<\/em> \u2013\u00a0<span>avatud foorum, kus iga\u00fcks saab alustada uut arutelu. Teemad kuvatakse \u00fchel lehel koos \u201c<em>Arutle sellel teemal<\/em>\u201d linkidega.\u00a0<\/span>\n\t<\/li>\n<\/ol>\n<h3>\n\t<span data-mce-mark=\"1\">Foorumisse postitamine<\/span><br>\n<\/h3>\n<p>\n\t<span data-mce-mark=\"1\">Ise<\/span>\u00a0foorumisse kirjutamiseks<span data-mce-mark=\"1\">\u00a0klikkige foorumi nimel \u2013 avaneb vastav foorum. Klikkige nupul\u00a0<\/span><span data-mce-mark=\"1\"><em>Lisa uus aruteluteema<\/em><\/span><span data-mce-mark=\"1\">. Sisestage kirja <em>teema\u00a0<\/em><\/span><span data-mce-mark=\"1\">ning <\/span><span data-mce-mark=\"1\"><em>s\u00f5num<\/em><\/span><span data-mce-mark=\"1\">. Faili lisamiseks (<\/span><span data-mce-mark=\"1\"><em>Manus<\/em><\/span><span data-mce-mark=\"1\">) klikkige nupul\u00a0<\/span><span data-mce-mark=\"1\"><em>Lisa<\/em><\/span><span data-mce-mark=\"1\">, otsige soovitud fail v\u00f5i lohistage see lihtsalt manuse aknasse. Kirja saatmiseks klikkige nupul\u00a0<\/span><span data-mce-mark=\"1\"><em>Postita foorumisse<\/em><\/span><span data-mce-mark=\"1\">.<\/span>\n<\/p>\n<h3>\n\t<span data-mce-mark=\"1\">Foorumipostituste edastamine enda e-postkasti \u2013 liitumine foorumiga<\/span><br>\n<\/h3>\n<p>\n\t<span data-mce-mark=\"1\">Moodle\u2019is on v\u00f5imalik<\/span>\u00a0<span data-mce-mark=\"1\">kursusesisesed teated ja\u00a0<\/span><span data-mce-mark=\"1\">foorumipostituste koopiad enda tavalisse e-postkasti tellida<\/span>\u00a0\u2013\u00a0<span data-mce-mark=\"1\">see on<\/span>\u00a0<span data-mce-mark=\"1\"><em>liitumine foorumiga<\/em><\/span><span data-mce-mark=\"1\">. Liitumine m\u00e4\u00e4ratakse iga foorumi juures eraldi ning samuti iga kasutaja enda profiili seadetes.\u00a0<\/span>\n<\/p>\n<p>\n\t\u00d5ppej\u00f5ud saab iga foorumi seadetes m\u00e4\u00e4rata, kas liitumine foorumiga on valikuline, sunnitud, automaatne v\u00f5i pole v\u00f5imalik.\u00a0Kui ollakse foorumiga liitunud, saadetakse foorumipostituste koopiad edasi e-kirjana. Valikulise liitumise puhul saab iga kasutaja ise foorumis (<em>tegevuste plokk \u2013 foorumid \u2013 liitumise tulp<\/em>) m\u00e4\u00e4rata, kas liituda v\u00f5i mitte. Automaatse liitumise puhul liitutakse alati, kui ollakse foorumisse m\u00f5ne kirja postitanud.\u00a0\n<\/p>\n<p style=\"text-align: center\">\n\t<img loading=\"lazy\" decoding=\"async\" width=\"1024\" height=\"280\" class=\"alignnone wp-image-404\" style=\"width: 450px;height: 123px\" src=\"https:\/\/sisu.ut.ee\/wp-content\/uploads\/sites\/177\/snip20200713_117.png\" title=\"snip20200713_117.png\" alt=\"Liitumine foorumiga\" srcset=\"https:\/\/sisu.ut.ee\/wp-content\/uploads\/sites\/177\/snip20200713_117.png 1024w, https:\/\/sisu.ut.ee\/wp-content\/uploads\/sites\/177\/snip20200713_117-300x82.png 300w, https:\/\/sisu.ut.ee\/wp-content\/uploads\/sites\/177\/snip20200713_117-768x210.png 768w\" sizes=\"auto, (max-width: 1024px) 100vw, 1024px\">\n<\/p>\n<p>\n\t<span data-mce-mark=\"1\">\u00d5ppej\u00f5ud n\u00e4eb iga foorumi seadistuste plokis, kes on antud foorumiga liitunud (avage foorum \u2013\u00a0<em>seadistuste plokk \u2013 N\u00e4ita\/muuda liikmeid<\/em>).<\/span>\n<\/p>\n<p>\n\t<span data-mce-mark=\"1\">V\u00f5imalik on valida,\u00a0<strong>millisel kujul need kirjad edastatakse<\/strong>\u00a0<\/span><span data-mce-mark=\"1\">(<\/span><span data-mce-mark=\"1\"><em>tegevuste plokk \u2013 foorumid \u2013\u00a0<\/em><\/span><span data-mce-mark=\"1\"><em>E-postiga saadetava kokkuv\u00f5tte liik<\/em><\/span><span data-mce-mark=\"1\">).<\/span>\n<\/p>\n<p>\n\t<span data-mce-mark=\"1\"><img loading=\"lazy\" decoding=\"async\" width=\"750\" height=\"182\" class=\"alignnone wp-image-375\" style=\"margin-left: auto;margin-right: auto\" src=\"https:\/\/sisu.ut.ee\/wp-content\/uploads\/sites\/177\/foorum.png\" title=\"foorum.png\" alt=\"foorum.png\" srcset=\"https:\/\/sisu.ut.ee\/wp-content\/uploads\/sites\/177\/foorum.png 750w, https:\/\/sisu.ut.ee\/wp-content\/uploads\/sites\/177\/foorum-300x73.png 300w\" sizes=\"auto, (max-width: 750px) 100vw, 750px\"><\/span>\n<\/p>\n<p>\n\t<span data-mce-mark=\"1\">Iga kasutaja saab muuta enda profiili seadeid:<\/span>\u00a0<em>Enda nimi \u2013 Eelistused\u00a0<em>\u2013 \u00a0S\u00f5numivahetus<\/em><\/em><span data-mce-mark=\"1\">. S\u00f5numivahetuse lehel saab valida, milliseid teateid talle e-kirjana edastatakse. Need valikud pole seotud \u00fchegi konkreetse kursusega, vaid kehtivad \u00fcle kogu Moodle\u2019i keskkonna.<\/span>\n<\/p>\n<h5>\n\t<span data-mce-mark=\"1\">NB! Seega,<\/span>\u00a0kui kasutaja ei soovi \u00fchestki foorumist \u00fchtegi postituse koopiat oma e-postkasti saada<span data-mce-mark=\"1\">, tuleks foorumipostituste t<\/span><span data-mce-mark=\"1\">eavitus e-kirjana t\u00fchistada (<em>Enda nimi \u2013 Eelistused\u00a0<em>\u2013 \u00a0S\u00f5numivahetus<\/em><\/em><\/span><span data-mce-mark=\"1\"><em>).<\/em><\/span>\u00a0<span data-mce-mark=\"1\">Kui soovitakse loobuda vaid konkreetse foorumi postituste koopiatest ja \u00f5ppej\u00f5ud on vastava foorumi seadetes nii lubanud, tuleb t\u00fchistada konkreetse foorumiga liitumine\u00a0<\/span><span data-mce-mark=\"1\">\u00a0(<\/span><span data-mce-mark=\"1\"><em>tegevuste plokk \u2013 foorumid \u2013 liitumise tulp \u2013 Ei<\/em><\/span><span data-mce-mark=\"1\">).<\/span><br>\n<\/h5>\n<h3>\n\t<span data-mce-mark=\"1\">Foorumi j\u00e4lgimine<\/span><br>\n<\/h3>\n<p>\n\t<span data-mce-mark=\"1\">Foorumi j\u00e4lgimine\u00a0aitab Moodle\u2019i kasutajal kohe keskkonna v\u00f5i kursuse avalehel uute foorumipostituste olemasolu m\u00e4rgata.\u00a0<\/span>\n<\/p>\n<p>\n\t<span>Seda, kas foorum on j\u00e4lgitav, saab \u00f5ppej\u00f5ud m\u00e4\u00e4rata eraldi iga foorumi seadetes\u00a0<em>Foorumi j\u00e4lgimine<\/em>. Vaikimisi j\u00e4lgitakse k\u00f5iki foorumeid sunnitult.<\/span>\n<\/p>\n<h3>\n\tFoorumi r\u00fchmare\u017eiim<br>\n<\/h3>\n<p>\n\tFoorum v\u00f5ib olla r\u00fchmare\u017eiimis:\n<\/p>\n<ol>\n<li>\n\t\t<em>Eraldatud r\u00fchmad<\/em> \u2013 erinevate r\u00fchmade liikmed ei n\u00e4e \u00fcksteise postitusi.\n\t<\/li>\n<li>\n\t\t<em>N\u00e4htavad r\u00fchmad<\/em> \u2013 erinevate r\u00fchmade liikmed k\u00fcll n\u00e4evad \u00fcksteise postitusi, kuid ei saa neile vastata.\n\t<\/li>\n<\/ol>\n<h3>\n\tFoorumi hindamine<br>\n<\/h3>\n<p>\n\tFoorumis saab hinnata sinna saadetud postitusi (konkreetse \u00f5ppija konkreetset postitust) ning tervet foorumit (\u00f5ppija ei pea olema foorumisse midagi postitanud).\u00a0M\u00f5lema jaoks tekib hindetabelisse p\u00e4rast hindamise seadistamist eraldi tulp.\u00a0Postitusi saab hinnata numbrilisel v\u00f5i s\u00f5nalisel skaalal. Tervet foorumit saab hinnata numbrilisel v\u00f5i s\u00f5nalisel skaalal ja lihtsustatud hindemaatriksiga v\u00f5i juhendiga.\n<\/p>\n<p>\n\tPostituste hindamise seadistamiseks\u00a0tuleb foorumi seadetes plokkis <em>Hinnangud<\/em> valida:\n<\/p>\n<ul>\n<li>\n\t\tkoondhinde t\u00fc\u00fcp (kui hindate sama \u00f5ppija mitut postitust, siis milline tulemus l\u00e4heb koondhindena hindetabelisse)\n\t<\/li>\n<li>\n\t\tskaala t\u00fc\u00fcp\n\t<\/li>\n<li>\n\t\ts\u00f5nalise skaala puhul \u00fcks olemasolevatest skaaladest (saate ise hindetabelis luua)\n\t<\/li>\n<li>\n\t\tnumbrilise skaala puhul maksimumpunktid\n\t<\/li>\n<\/ul>\n<p>\n\t<img loading=\"lazy\" decoding=\"async\" width=\"584\" height=\"290\" class=\"alignnone wp-image-401\" style=\"margin-left: auto;margin-right: auto;border: 1px solid #eee\" src=\"https:\/\/sisu.ut.ee\/wp-content\/uploads\/sites\/177\/foorumi_hindamine.png\" title=\"foorumi_hindamine.png\" alt=\"foorumi_hindamine.png\" srcset=\"https:\/\/sisu.ut.ee\/wp-content\/uploads\/sites\/177\/foorumi_hindamine.png 584w, https:\/\/sisu.ut.ee\/wp-content\/uploads\/sites\/177\/foorumi_hindamine-300x149.png 300w\" sizes=\"auto, (max-width: 584px) 100vw, 584px\">\n<\/p>\n<p>\n\tTerve foorumi hindamiseks\u00a0tuleb foorumi seadetes plokis <em>Terve foorumi hindamine<\/em> valida skaala ja seej\u00e4rel hindamise strateegia alt <em>Lihtne hindamine<\/em> v\u00f5i <em>Juhendiga hindamine<\/em> v\u00f5i <em>Hindemaatriksiga hindamine<\/em>. Lihtsa hindamise puhul saategi hinde valida rippmen\u00fc\u00fcst. Juhendiga v\u00f5i hindemaatriksiga hindamiseks saate valida m\u00f5ne olemasoleva malli v\u00f5i luua ise sobiva hindamisvormi.\n<\/p>\n<h3>\n\tFoorumi lisamiseks:<br>\n<\/h3>\n<ul>\n<li>\n\t\tvalige lingist\u00a0<em>Lisa vahend v\u00f5i tegevus<\/em>\u00a0avanevast aknast\u00a0<em>Foorum<\/em>\n\t<\/li>\n<li>\n\t\tsisestage foorumile nimi ning kirjeldus\n\t<\/li>\n<li>\n\t\tvalige sobiv foorumi t\u00fc\u00fcp\n\t<\/li>\n<li>\n\t\tj\u00e4lgige, et foorumi j\u00e4lgimine oleks sees\n\t<\/li>\n<li>\n\t\totsustage, kas antud foorumi postitusi saadetakse e-kirjadena edasi (<em>Liitumine foorumiga<\/em>)\n\t<\/li>\n<li>\n\t\totsustage, kas soovite hinnata postitusi v\u00f5i\/ja tervet foorumit ja m\u00e4\u00e4rake sobivad hindamise seaded\n\t<\/li>\n<li>\n\t\tkui foorum peab olema kasutatav r\u00fchmana, valige sobiv r\u00fchmare\u017eiim\n\t<\/li>\n<\/ul>\n<h3>\n\t\u00d5ppija postituse hindamiseks:<br>\n<\/h3>\n<ul>\n<li>\n\t\tavage foorumis \u00f5ppija saadetud postitus\n\t<\/li>\n<li>\n\t\tvalige tema postituse alaservas olevast rippmen\u00fc\u00fcst sobiv hinne\n\t<\/li>\n<\/ul>\n<h3>\n\tTerve foorumi hindamiseks:<br>\n<\/h3>\n<ul>\n<li>\n\t\tavage foorum ja kl\u00f5psake nupul <em>Hinda kasutajaid<\/em>\n\t<\/li>\n<li>\n\t\tvalige akna parempoolsest plokist \u00f5ppija\u00a0(v\u00f5ite sisestada nime otsingulahtrisse) ja sisestage\/valige hinnang\n\t<\/li>\n<li>\n\t\tsalvestage ja sulgege foorumi hindamise aken\n\t<\/li>\n<\/ul>\n<h3>\n\tFoorumiarutelude eksportimiseks:<br>\n<\/h3>\n<ul>\n<li>\n\t\tavage foorum ja kl\u00f5psake vasakus servas seadistuste plokis\u00a0<em>Ekspordi<\/em>\n\t<\/li>\n<li>\n\t\tvalige arutelud v\u00f5i kasutajad, kelle postitusi soovite eksportida ning kuup\u00e4evad\n\t<\/li>\n<li>\n\t\tformaadiks m\u00e4\u00e4rake <em>Komaeraldusega fail (.csv) <\/em>v\u00f5i <em>Microfoft Excel\u00a0<\/em>ning m\u00e4rkige m\u00e4rkeruudud\u00a0<em>Eemalda HTML<\/em> ja\u00a0<em>Inimloetavad kuup\u00e4evad<\/em>\n\t<\/li>\n<\/ul>\n","protected":false},"excerpt":{"rendered":"<p>Foorum on vahend as\u00fcnkroonseks suhtlemiseks, r\u00fchmat\u00f6\u00f6ks ja kodut\u00f6\u00f6de esitamiseks, v\u00f5ib olla hinnatav. Igal uuel kursusel on vaikimisi olemas \u00fcks foorum \u2013 Teated \u00f5ppijatele (uudistefoorum). Sellesse foorumisse saavad uusi postitusi saata (st algatada uusi arutelusid v\u00f5i saata uudiseid) ainult \u00f5ppej\u00f5ud. \u00d5ppijad &#8230;<\/p>\n","protected":false},"author":6,"featured_media":0,"parent":0,"menu_order":0,"comment_status":"closed","ping_status":"closed","template":"","meta":{"_acf_changed":false,"inline_featured_image":false,"footnotes":""},"class_list":["post-52","page","type-page","status-publish","hentry"],"acf":[],"_links":{"self":[{"href":"https:\/\/sisu.ut.ee\/juhendid\/wp-json\/wp\/v2\/pages\/52","targetHints":{"allow":["GET"]}}],"collection":[{"href":"https:\/\/sisu.ut.ee\/juhendid\/wp-json\/wp\/v2\/pages"}],"about":[{"href":"https:\/\/sisu.ut.ee\/juhendid\/wp-json\/wp\/v2\/types\/page"}],"author":[{"embeddable":true,"href":"https:\/\/sisu.ut.ee\/juhendid\/wp-json\/wp\/v2\/users\/6"}],"replies":[{"embeddable":true,"href":"https:\/\/sisu.ut.ee\/juhendid\/wp-json\/wp\/v2\/comments?post=52"}],"version-history":[{"count":1,"href":"https:\/\/sisu.ut.ee\/juhendid\/wp-json\/wp\/v2\/pages\/52\/revisions"}],"predecessor-version":[{"id":1799,"href":"https:\/\/sisu.ut.ee\/juhendid\/wp-json\/wp\/v2\/pages\/52\/revisions\/1799"}],"wp:attachment":[{"href":"https:\/\/sisu.ut.ee\/juhendid\/wp-json\/wp\/v2\/media?parent=52"}],"curies":[{"name":"wp","href":"https:\/\/api.w.org\/{rel}","templated":true}]}}