{"id":51,"date":"2024-04-04T02:50:39","date_gmt":"2024-04-03T23:50:39","guid":{"rendered":"https:\/\/sisu.ut.ee\/juhendid\/andmebaas\/"},"modified":"2024-04-11T10:38:58","modified_gmt":"2024-04-11T07:38:58","slug":"andmebaas","status":"publish","type":"page","link":"https:\/\/sisu.ut.ee\/juhendid\/andmebaas\/","title":{"rendered":"Andmebaas"},"content":{"rendered":"<p id=\"id-6.Kodut\u00f6\u00f6deesitamineMoodle'is-1.Andmebaas\">\n\tAndmebaas on kirjete kogu, mida saab t\u00e4ita nii \u00f5ppej\u00f5ud kui \u00f5ppijad, mis v\u00f5ib olla hinnatav ja kommenteeritav. Esmalt tuleb defineerida ja luua v\u00e4ljad ning siis moodustada v\u00e4ljadest mall.\n<\/p>\n<p style=\"text-align: center\">\n\t<img loading=\"lazy\" decoding=\"async\" width=\"680\" height=\"456\" class=\"alignnone wp-image-398\" style=\"width: 680px;height: 456px;border-width: 1px;border-style: solid\" src=\"https:\/\/sisu.ut.ee\/wp-content\/uploads\/sites\/177\/andmebaas.png\" title=\"andmebaas.png\" alt=\"Andmebaas\" srcset=\"https:\/\/sisu.ut.ee\/wp-content\/uploads\/sites\/177\/andmebaas.png 680w, https:\/\/sisu.ut.ee\/wp-content\/uploads\/sites\/177\/andmebaas-300x201.png 300w\" sizes=\"auto, (max-width: 680px) 100vw, 680px\">\n<\/p>\n<h5>\n\tNB!\u00a0Kursuse sisu kopeerimisel teisele kursusele ei tule kaasa andmebaasis olevad pildid ja failid, kui me kasutajaid kaasa ei v\u00f5ta.\u00a0<br>\n<\/h5>\n<p>\n\tSelleks, et pildid ja failid kaasa tuleksid, on vaja varukoopia tegemisel j\u00e4tta alles andmebaasi kasutajad (esimesel lehel mitte eemaldada linnukest kasutajate ees, teisel lehel eemaldada linnukesed kasutaja ees k\u00f5igi muude tegevuste ja vahendite ees, v.a andmebaas).\u00a0\u00d5ppijad, kes on andmebaasi kirjeid lisanud, tulevad uuele kursusele kaasa. Need tuleks kursuselt eemaldada (<em>kursuse administreerimine \u2013 kasutajad- registreerimise meetodid \u2013 \u00d5IS<\/em> real kl\u00f5psata<em> inimkujulisel pisiikoonil<\/em>, m\u00e4rkida \u00e4ra eemaldatavad \u00f5ppijad ja kl\u00f5psata nupul <em>Eemalda<\/em>.) \u00a0\n<\/p>\n<h3>\n\t<img loading=\"lazy\" decoding=\"async\" width=\"117\" height=\"268\" class=\"alignnone wp-image-395\" style=\"float: right\" src=\"https:\/\/sisu.ut.ee\/wp-content\/uploads\/sites\/177\/andmebaas1.png\" title=\"andmebaas1.png\" alt=\"andmebaas1.png\">Andmebaasi lisamiseks:<br>\n<\/h3>\n<ul>\n<li>\n\t\tvalige lingist\u00a0<em>Lisa vahend v\u00f5i tegevus<\/em>\u00a0avanevast aknast\u00a0<em>Andmebaas<\/em>\n\t<\/li>\n<li>\n\t\tsisestage andmebaasile nimi ning kirjeldus\n\t<\/li>\n<li>\n\t\tm\u00e4\u00e4rake sobivad seaded\n\t<\/li>\n<li>\n\t\tsalvestage ja avage andmebaas uuesti\u00a0\n\t<\/li>\n<li>\n\t\tlipikust <em>V\u00e4ljad<\/em> tuleb \u00fchekaupa lisada kasutatavad andmev\u00e4ljad (vt k\u00f5rvalolevat pilti)\n\t<\/li>\n<li>\n\t\tp\u00e4rast v\u00e4ljade lisamist kl\u00f5psake lipikul <em>Mallid<\/em> ning valige mall (v\u00e4hemalt Nimekirja mall, \u00dcksik mall, T\u00e4psema otsingu mall ja Lisa mall) vastaval lipikul kl\u00f5psates\n\t<\/li>\n<\/ul>\n<h5>\n\tNB! K\u00f5ige lihtsam on\u00a0kasutada nuppu <em>L\u00e4hesta mall<\/em>, mis tekitab automaatse lihtsa kujunduse k\u00f5ikidest v\u00e4ljadest.<br>\n<\/h5>\n<p>\n\t<img loading=\"lazy\" decoding=\"async\" width=\"800\" height=\"670\" class=\"alignnone wp-image-399\" src=\"https:\/\/sisu.ut.ee\/wp-content\/uploads\/sites\/177\/andmebaas2_01.png\" title=\"andmebaas2_01.png\" alt=\"Andmebaas\" srcset=\"https:\/\/sisu.ut.ee\/wp-content\/uploads\/sites\/177\/andmebaas2_01.png 800w, https:\/\/sisu.ut.ee\/wp-content\/uploads\/sites\/177\/andmebaas2_01-300x251.png 300w, https:\/\/sisu.ut.ee\/wp-content\/uploads\/sites\/177\/andmebaas2_01-768x643.png 768w\" sizes=\"auto, (max-width: 800px) 100vw, 800px\">\n<\/p>\n<p>\n\t<strong>\u00d5ppija hindamiseks<\/strong><span data-mce-mark=\"1\">\u00a0avage \u00f5ppija sisestatud kirje ja valige selle alaservas olevast rippmen\u00fc\u00fcst sobiv hinne.<\/span><\/p>\n","protected":false},"excerpt":{"rendered":"<p>Andmebaas on kirjete kogu, mida saab t\u00e4ita nii \u00f5ppej\u00f5ud kui \u00f5ppijad, mis v\u00f5ib olla hinnatav ja kommenteeritav. Esmalt tuleb defineerida ja luua v\u00e4ljad ning siis moodustada v\u00e4ljadest mall. NB!\u00a0Kursuse sisu kopeerimisel teisele kursusele ei tule kaasa andmebaasis olevad pildid ja &#8230;<\/p>\n","protected":false},"author":6,"featured_media":0,"parent":0,"menu_order":0,"comment_status":"closed","ping_status":"closed","template":"","meta":{"_acf_changed":false,"inline_featured_image":false,"footnotes":""},"class_list":["post-51","page","type-page","status-publish","hentry"],"acf":[],"_links":{"self":[{"href":"https:\/\/sisu.ut.ee\/juhendid\/wp-json\/wp\/v2\/pages\/51","targetHints":{"allow":["GET"]}}],"collection":[{"href":"https:\/\/sisu.ut.ee\/juhendid\/wp-json\/wp\/v2\/pages"}],"about":[{"href":"https:\/\/sisu.ut.ee\/juhendid\/wp-json\/wp\/v2\/types\/page"}],"author":[{"embeddable":true,"href":"https:\/\/sisu.ut.ee\/juhendid\/wp-json\/wp\/v2\/users\/6"}],"replies":[{"embeddable":true,"href":"https:\/\/sisu.ut.ee\/juhendid\/wp-json\/wp\/v2\/comments?post=51"}],"version-history":[{"count":1,"href":"https:\/\/sisu.ut.ee\/juhendid\/wp-json\/wp\/v2\/pages\/51\/revisions"}],"predecessor-version":[{"id":1800,"href":"https:\/\/sisu.ut.ee\/juhendid\/wp-json\/wp\/v2\/pages\/51\/revisions\/1800"}],"wp:attachment":[{"href":"https:\/\/sisu.ut.ee\/juhendid\/wp-json\/wp\/v2\/media?parent=51"}],"curies":[{"name":"wp","href":"https:\/\/api.w.org\/{rel}","templated":true}]}}