{"id":5,"date":"2024-04-04T02:50:35","date_gmt":"2024-04-03T23:50:35","guid":{"rendered":"https:\/\/sisu.ut.ee\/juhendid\/kollektsioonide-loomine\/"},"modified":"2024-04-04T02:55:48","modified_gmt":"2024-04-03T23:55:48","slug":"kollektsioonide-loomine","status":"publish","type":"page","link":"https:\/\/sisu.ut.ee\/juhendid\/kollektsioonide-loomine\/","title":{"rendered":"Kollektsioonide loomine"},"content":{"rendered":"<p>\n\t\u00dchest v\u00f5i mitmest lehest on v\u00f5imalik luua kollektsioone. Lehti v\u00f5ib kollektsiooni lisada ka p\u00e4rast kollektsiooni avalikustamist. Pildil on n\u00e4ha kollektsiooni kuhu kuulub kaks lehte.\n<\/p>\n<p>\n\t<img loading=\"lazy\" decoding=\"async\" width=\"289\" height=\"289\" class=\"alignnone wp-image-274\" src=\"https:\/\/sisu.ut.ee\/wp-content\/uploads\/sites\/177\/kollektsioonide_loomine_3.png\" title=\"kollektsioonide_loomine_3.png\" alt=\"Kollektsioon\" srcset=\"https:\/\/sisu.ut.ee\/wp-content\/uploads\/sites\/177\/kollektsioonide_loomine_3.png 289w, https:\/\/sisu.ut.ee\/wp-content\/uploads\/sites\/177\/kollektsioonide_loomine_3-150x150.png 150w\" sizes=\"auto, (max-width: 289px) 100vw, 289px\"><img loading=\"lazy\" decoding=\"async\" width=\"323\" height=\"450\" class=\"alignnone wp-image-275\" src=\"https:\/\/sisu.ut.ee\/wp-content\/uploads\/sites\/177\/kollektsioonide_loomine_4.png\" title=\"kollektsioonide_loomine_4.png\" alt=\"Kollektsiooni muutmine\" srcset=\"https:\/\/sisu.ut.ee\/wp-content\/uploads\/sites\/177\/kollektsioonide_loomine_4.png 323w, https:\/\/sisu.ut.ee\/wp-content\/uploads\/sites\/177\/kollektsioonide_loomine_4-215x300.png 215w\" sizes=\"auto, (max-width: 323px) 100vw, 323px\">\n<\/p>\n<h5>\n\tNB! \u00dcks leht saab korraga kuuluda vaid \u00fchte kollektsiooni.<br>\n<\/h5>\n<p>\n\tKui on vaja, et sama sisuga leht oleks mitmes kollektsioonis, tuleb luua sellest lehest koopia.\u00a0\n<\/p>\n<h3>\n\tKollektsiooni loomiseks:<br>\n<\/h3>\n<ul>\n<li>\n\t\tkl\u00f5psake k\u00f5rvalmen\u00fc\u00fcs\u00a0<em>Portfoolio<\/em>\u00a0nupp\u00a0<em>+ Lisa<\/em>\n\t<\/li>\n<li>\n\t\tvali\u00a0<em>Kollektsioon<\/em>\u00a0ning t\u00e4ida \u00e4ra seadete leht\n\t<\/li>\n<\/ul>\n<p>\n\t<img loading=\"lazy\" decoding=\"async\" width=\"742\" height=\"173\" class=\"alignnone wp-image-272\" style=\"margin-left: auto;margin-right: auto\" src=\"https:\/\/sisu.ut.ee\/wp-content\/uploads\/sites\/177\/kollektsioon3b.png\" title=\"kollektsioon3b.png\" alt=\"Kollektsiooni loomine\" srcset=\"https:\/\/sisu.ut.ee\/wp-content\/uploads\/sites\/177\/kollektsioon3b.png 742w, https:\/\/sisu.ut.ee\/wp-content\/uploads\/sites\/177\/kollektsioon3b-300x70.png 300w\" sizes=\"auto, (max-width: 742px) 100vw, 742px\">\n<\/p>\n<p>\n\tVaikimisi seadetega luuakse kollektsiooni lisatud lehtede pealkirjadest men\u00fc\u00fc (navigeerimisriba).\n<\/p>\n<ul>\n<li>\n\t\tkl\u00f5psates lehe alaservas nupul\u00a0<em>J\u00e4rgmine: Muuda kollektsiooni lehti<\/em>\u00a0n\u00e4ete k\u00f5iki enda lehti, mis pole veel \u00fchtegi kollektsiooni lisatud\n\t<\/li>\n<li>\n\t\tlehed saate hiirega kollektsiooni lohistada v\u00f5i m\u00e4rkida need linnukesega ja kl\u00f5psata nupul\u00a0<em>Lisa lehed<\/em>\n\t<\/li>\n<li>\n\t\tlehtede pealkirjade ees olevatest nooltest (v\u00f5i hiirega lohistades) saate lehtede j\u00e4rjekorda muuta\n\t<\/li>\n<li>\n\t\t\u00fcleliigseid lehti saab kollektsioonist eemaldada\u00a0x-nupust\n\t<\/li>\n<\/ul>\n<p>\n\t<img loading=\"lazy\" decoding=\"async\" width=\"1108\" height=\"389\" class=\"alignnone wp-image-273\" style=\"margin-left: auto;margin-right: auto\" src=\"https:\/\/sisu.ut.ee\/wp-content\/uploads\/sites\/177\/kollektsioon2b.png\" title=\"kollektsioon2b.png\" alt=\"Lehtede lisamine kollektsiooni\" srcset=\"https:\/\/sisu.ut.ee\/wp-content\/uploads\/sites\/177\/kollektsioon2b.png 1108w, https:\/\/sisu.ut.ee\/wp-content\/uploads\/sites\/177\/kollektsioon2b-300x105.png 300w, https:\/\/sisu.ut.ee\/wp-content\/uploads\/sites\/177\/kollektsioon2b-1024x360.png 1024w, https:\/\/sisu.ut.ee\/wp-content\/uploads\/sites\/177\/kollektsioon2b-768x270.png 768w\" sizes=\"auto, (max-width: 1108px) 100vw, 1108px\">\n<\/p>\n<p>\n\tKollektsioonide lehel (esimene pilt) n\u00e4ete kollektsiooni nime ja kirjeldust (kui olete selle lisanud), mida saate muuta\u00a0<em>pliiatsi-nupust<\/em>. Samuti n\u00e4ete kollektsiooni kuuluvate lehtede pealkirju. Lehti lisada ning eemaldada saate\u00a0<em>hammasratta-nupust<\/em>. Kollektsiooni kustutades (<em>pr\u00fcgikasti-nupust<\/em>) j\u00e4\u00e4vad lehed alles ja te saate neid teise kollektsiooni lisada.\n<\/p>\n<p>\n\tNupust\u00a0<em>Kopeeri kollektsioon<\/em>\u00a0saab enda v\u00f5i teiega jagatud (kui jagaja on kopeerimist seadetes lubanud) kollektsioonist koopia luua ning seda seej\u00e4rel muuta.<\/p>\n","protected":false},"excerpt":{"rendered":"<p>\u00dchest v\u00f5i mitmest lehest on v\u00f5imalik luua kollektsioone. Lehti v\u00f5ib kollektsiooni lisada ka p\u00e4rast kollektsiooni avalikustamist. Pildil on n\u00e4ha kollektsiooni kuhu kuulub kaks lehte. NB! \u00dcks leht saab korraga kuuluda vaid \u00fchte kollektsiooni. Kui on vaja, et sama sisuga leht &#8230;<\/p>\n","protected":false},"author":6,"featured_media":0,"parent":0,"menu_order":0,"comment_status":"closed","ping_status":"closed","template":"","meta":{"_acf_changed":false,"inline_featured_image":false,"footnotes":""},"class_list":["post-5","page","type-page","status-publish","hentry"],"acf":[],"_links":{"self":[{"href":"https:\/\/sisu.ut.ee\/juhendid\/wp-json\/wp\/v2\/pages\/5","targetHints":{"allow":["GET"]}}],"collection":[{"href":"https:\/\/sisu.ut.ee\/juhendid\/wp-json\/wp\/v2\/pages"}],"about":[{"href":"https:\/\/sisu.ut.ee\/juhendid\/wp-json\/wp\/v2\/types\/page"}],"author":[{"embeddable":true,"href":"https:\/\/sisu.ut.ee\/juhendid\/wp-json\/wp\/v2\/users\/6"}],"replies":[{"embeddable":true,"href":"https:\/\/sisu.ut.ee\/juhendid\/wp-json\/wp\/v2\/comments?post=5"}],"version-history":[{"count":1,"href":"https:\/\/sisu.ut.ee\/juhendid\/wp-json\/wp\/v2\/pages\/5\/revisions"}],"predecessor-version":[{"id":1846,"href":"https:\/\/sisu.ut.ee\/juhendid\/wp-json\/wp\/v2\/pages\/5\/revisions\/1846"}],"wp:attachment":[{"href":"https:\/\/sisu.ut.ee\/juhendid\/wp-json\/wp\/v2\/media?parent=5"}],"curies":[{"name":"wp","href":"https:\/\/api.w.org\/{rel}","templated":true}]}}