{"id":49,"date":"2024-04-04T02:50:39","date_gmt":"2024-04-03T23:50:39","guid":{"rendered":"https:\/\/sisu.ut.ee\/juhendid\/kodutoode-esitamine-moodleis\/"},"modified":"2024-04-11T10:38:16","modified_gmt":"2024-04-11T07:38:16","slug":"kodutoode-esitamine-moodleis","status":"publish","type":"page","link":"https:\/\/sisu.ut.ee\/juhendid\/kodutoode-esitamine-moodleis\/","title":{"rendered":"Kodut\u00f6\u00f6de esitamine Moodle&#8217;is (tegevused)"},"content":{"rendered":"<h2>\n\tKodut\u00f6\u00f6de t\u00e4htajad<br>\n<\/h2>\n<p>\n\tKui kodut\u00f6\u00f6dele (nt testid, \u00fclesanded) on seatud vastava tegevuse juures t\u00e4htaeg, siis lisatakse see t\u00e4htaeg Moodle\u2019i kursuse kalendrisse ning \u00f5ppijale saadetakse \u00fcks p\u00e4ev enne t\u00e4htaega e-postiga meeldetuletus. Seega kui te soovite, et \u00f5ppijad saaksid e-postiga t\u00e4htaja meeldetuletuse ning n\u00e4eksid ulesannet oma koondkalendris, siis kasutage tegevuste juures t\u00e4htaegade seadmist.\n<\/p>\n<p>\n\tKui t\u00e4htaja lisamine pole v\u00f5imalik (nt soovite \u00f5ppijatele anda rohkem paidlikkust v\u00f5i on erinevatel \u00f5pper\u00fchmadel erinevad t\u00e4htajad ja seadistamine on keerukas), siis on soovitatav t\u00e4htajad lisada Moodle\u2019i kursuse avalehele vastava perioodi v\u00f5i teema \u00f5pijuhisesse. NB! Palun \u00e4rge jagage \u00f5ppijatele t\u00e4htaegu ainult suuliselt\u00a0auditoorses loengus v\u00f5i sissejuhatava videoloengu k\u00e4igus.\u00a0\n<\/p>\n<h2>\n\tMillist tegevust kodut\u00f6\u00f6de jaoks kasutada?<br>\n<\/h2>\n<p>\n\tKodut\u00f6\u00f6de esitamiseks on mugav kasutada selliseid Moodle\u2019i tegevusi, mille juures on v\u00f5imalik \u00f5ppija t\u00f6\u00f6d otse vastava tegevuse juures hinnata. Sellisel juhul kantakse sisestatud hinded otse Moodle\u2019i hindetabelisse. Hinnatavateks seadistatud tegevuste jaoks tekivad hindetabelisse tulbad automaatselt.\n<\/p>\n<h5>\n\tNB! Kui olete tegevusele m\u00e4\u00e4ranud hinde t\u00fc\u00fcbi, maksimumpunktid v\u00f5i s\u00f5nalise skaala ja kasv\u00f5i \u00fchte \u00f5ppijat hinnanud, siis selle tegevuse seadetes te hinde t\u00fc\u00fcpi ning s\u00f5nalist skaalat enam muuta ei saa.<br>\n<\/h5>\n<p>\n\tE-kursusele kodut\u00f6\u00f6de jaoks sobivate tegevuste valimise eel tuleks m\u00f5elda:\n<\/p>\n<div>\n<ol>\n<li>\n\t\t\tMillised on hinnatavad kodut\u00f6\u00f6d tervel kursusel (e-\u00f5ppes ja auditoorses \u00f5ppes)?\n\t\t<\/li>\n<li>\n\t\t\tKas t\u00f6\u00f6 tehakse individuaalselt v\u00f5i r\u00fchmas?\n\t\t<\/li>\n<li>\n\t\t\tKes hindab (\u00f5ppej\u00f5ud, \u00f5ppijad, arvuti)?\n\t\t<\/li>\n<li>\n\t\t\tKas teised \u00f5ppijad v\u00f5ivad n\u00e4ha v\u00f5i peavad n\u00e4gema teiste esitatud t\u00f6id?\n\t\t<\/li>\n<li>\n\t\t\tKas \u00f5ppijad peavad saama teiste t\u00f6id kommenteerida?\n\t\t<\/li>\n<li>\n\t\t\tMillise skaala alusel kodut\u00f6\u00f6d hinnatakse?\n\t\t<\/li>\n<\/ol>\n<h3>\n\t\tAbimees Moodle\u2019is kodut\u00f6\u00f6de vahendi valimiseks<br>\n\t<\/h3>\n<p>\n\t\t<div class=\"video-placeholder-wrapper video-placeholder-wrapper--fixed\" style=\"height: 600pxpx;\">\n\t\t\t    <div class=\"video-placeholder d-flex justify-content-center align-items-center\">\n\t\t\t        <div class=\"overlay text-white p-2 w-100 text-center d-block justify-content-center align-items-center\">\n\t\t\t            <div>Kolmandate osapoolte sisu n\u00e4gemiseks palun n\u00f5ustu k\u00fcpsistega.<\/div>\n\t\t\t            <button class=\"btn btn-secondary btn-sm mt-1 consent-change\">Muuda n\u00f5usolekut<\/button>\n\t\t\t        <\/div>\n\t\t\t    <\/div>\n\t\t\t<\/div>\n\n\t<\/p>\n<h5>\n\t\tAuditoorselt tehtavat v\u00f5i Moodle\u2019is mittehinnatava tegevuse kaudu (nt viki, moistekaart) sooritatud t\u00f6\u00f6d on mugav hinnata \u00fclesande kaudu.\u00a0<br>\n\t<\/h5>\n<h5>\n\t\tNB! Kui olete tulemused sisestanud k\u00e4sitsi otse hindetabelisse, pannakse need tegevuse enda tulemuste lehel lukku (nt \u00fclesande v\u00f5i foorumi enda kaudu te seda hinnet enam muuta ei saa). Hinde lahti lukustamiseks klikkige hindajaraportis esmalt nuppu\u00a0<em>Luba muutmine<\/em>, seej\u00e4rel vastava hindelahtri juures toimetamise nuppu (<em>hammasratast<\/em>) ja eemaldage seade\u00a0<em>Kirjuta hinne \u00fcle \u00a0<\/em>juurest linnuke.<br>\n\t<\/h5>\n<\/div>\n<h2>\n\tKodut\u00f6\u00f6de jaotamine Moodle\u2019is<br>\n<\/h2>\n<p>\n\tKui teil on vaja, et \u00f5ppijad peaksid ise endale kodut\u00f6\u00f6 valima (n\u00e4iteks referaadi teema v\u00f5i retsenseeritava kursusekaaslase t\u00f6\u00f6), on mugav kasutada\u00a0<a href=\"https:\/\/sisu.ut.ee\/juhendid\/viki\" target=\"_blank\" rel=\"noopener\">vikit<\/a>.\n<\/p>\n<p>\n\tSamuti v\u00f5ib kasutada ka\u00a0<strong>kusitlust<\/strong>, kus k\u00fcsimusena esitatakse juhised ning valikvastustena valitavad teemad vm. Te saate m\u00e4\u00e4rata, mitu \u00f5ppijat saab \u00fchte teemat valida.\n<\/p>\n<p>\n\tVeel saab luua nt paaris- v\u00f5i r\u00fchmat\u00f6\u00f6 jaoks\u00a0<strong>r\u00fchmad<\/strong>, kus r\u00fchmade kirjeldustena on vastava \u00fclesande kirjeldused. Nii saavad \u00f5ppijad\u00a0<strong>r\u00fchma valimise tegevuse<\/strong>\u00a0kaudu vastavalt \u00fclesandele sobiva r\u00fchma valida. Kui n\u00fc\u00fcd luua kursusele foorum v\u00f5i viki ja panna see r\u00fchmare\u017eiimi, on \u00fchtlasi paaridel-r\u00fchmadel vahend \u00fcksteisega suhtlemiseks ning t\u00f6\u00f6 koostamiseks.\n<\/p>\n<p>\n\tTegevuste tutvustused leiate parempoolsest men\u00fc\u00fcst.<\/p>\n","protected":false},"excerpt":{"rendered":"<p>Kodut\u00f6\u00f6de t\u00e4htajad Kui kodut\u00f6\u00f6dele (nt testid, \u00fclesanded) on seatud vastava tegevuse juures t\u00e4htaeg, siis lisatakse see t\u00e4htaeg Moodle\u2019i kursuse kalendrisse ning \u00f5ppijale saadetakse \u00fcks p\u00e4ev enne t\u00e4htaega e-postiga meeldetuletus. Seega kui te soovite, et \u00f5ppijad saaksid e-postiga t\u00e4htaja meeldetuletuse ning &#8230;<\/p>\n","protected":false},"author":6,"featured_media":0,"parent":0,"menu_order":0,"comment_status":"closed","ping_status":"closed","template":"","meta":{"_acf_changed":false,"inline_featured_image":false,"footnotes":""},"class_list":["post-49","page","type-page","status-publish","hentry"],"acf":[],"_links":{"self":[{"href":"https:\/\/sisu.ut.ee\/juhendid\/wp-json\/wp\/v2\/pages\/49","targetHints":{"allow":["GET"]}}],"collection":[{"href":"https:\/\/sisu.ut.ee\/juhendid\/wp-json\/wp\/v2\/pages"}],"about":[{"href":"https:\/\/sisu.ut.ee\/juhendid\/wp-json\/wp\/v2\/types\/page"}],"author":[{"embeddable":true,"href":"https:\/\/sisu.ut.ee\/juhendid\/wp-json\/wp\/v2\/users\/6"}],"replies":[{"embeddable":true,"href":"https:\/\/sisu.ut.ee\/juhendid\/wp-json\/wp\/v2\/comments?post=49"}],"version-history":[{"count":1,"href":"https:\/\/sisu.ut.ee\/juhendid\/wp-json\/wp\/v2\/pages\/49\/revisions"}],"predecessor-version":[{"id":1802,"href":"https:\/\/sisu.ut.ee\/juhendid\/wp-json\/wp\/v2\/pages\/49\/revisions\/1802"}],"wp:attachment":[{"href":"https:\/\/sisu.ut.ee\/juhendid\/wp-json\/wp\/v2\/media?parent=49"}],"curies":[{"name":"wp","href":"https:\/\/api.w.org\/{rel}","templated":true}]}}