{"id":48,"date":"2024-04-04T02:50:39","date_gmt":"2024-04-03T23:50:39","guid":{"rendered":"https:\/\/sisu.ut.ee\/juhendid\/plagiaadituvastus\/"},"modified":"2025-05-23T11:12:40","modified_gmt":"2025-05-23T08:12:40","slug":"plagiaadituvastus","status":"publish","type":"page","link":"https:\/\/sisu.ut.ee\/juhendid\/plagiaadituvastus\/","title":{"rendered":"Plagiaadituvastus"},"content":{"rendered":"<p>2024. aasta algusest kasutab Tartu \u00dclikool Haridus- ja Teadusministeeriumi hangitud StrikePlagiarism plagiaadituvastuss\u00fcsteemi.<\/p>\n\n\n\n<h2 class=\"wp-block-heading\">StrikePlagiarismi kasutamine<\/h2>\n\n\n\n<p>StrikePlagiarismi plagiaadituvastuss\u00fcsteemi on v\u00f5imalik kasutada Moodle\u2019i ning StrikePlagiarismi veebipaneeli kaudu.<\/p>\n\n\n\n<h5 class=\"wp-block-heading\">NB! \u00dcli\u00f5pilased iseseisvalt plagiaadituvastuss\u00fcsteemi kasutada ei saa \u2013 oluline on \u00f5ppej\u00f5u\/juhendaja ja \u00fcli\u00f5pilase vaheline koost\u00f6\u00f6.\u00a0<\/h5>\n\n\n<div class=\"accordion-block mb-3\">\n\t\t<div class=\"accordion \" id=\"accordion-accordion-69d20b017fd1f\">\n\t\t\t\t\t\t\t<div class=\"accordion-item accordion-item--gray\">\n\t\t\t\t\t<h2 class=\"accordion-header\" id=\"accordion-69d20b017fd1f-heading-1\">\n\t\t\t\t\t\t<button class=\"accordion-button collapsed\" type=\"button\" data-bs-toggle=\"collapse\" data-bs-target=\"#accordion-69d20b017fd1f-collapse-1\" aria-expanded=\"true\" aria-controls=\"accordion-69d20b017fd1f-collapse-1\">\n\t\t\t\t\t\t\tVaadake koolituse \"StrikePlagiarismi plagiaadituvastuss\u00fcsteemi kasutamine\" salvestust (28.03.2004)\n\t\t\t\t\t\t<\/button>\n\t\t\t\t\t<\/h2>\n\t\t\t\t\t<div id=\"accordion-69d20b017fd1f-collapse-1\" class=\"accordion-collapse collapse \" aria-labelledby=\"accordion-69d20b017fd1f-heading-1\">\n\t\t\t\t\t\t<div class=\"accordion-body\">\n\t\t\t\t\t\t\t<p><\/p><div class=\"ratio ratio-16x9 mb-3\"><div class=\"video-placeholder-wrapper video-placeholder-wrapper--16x9\">\n\t\t\t    <div class=\"video-placeholder d-flex justify-content-center align-items-center\">\n\t\t\t        <div class=\"overlay text-white p-2 w-100 text-center d-block justify-content-center align-items-center\">\n\t\t\t            <div>Kolmandate osapoolte sisu n\u00e4gemiseks palun n\u00f5ustu k\u00fcpsistega.<\/div>\n\t\t\t            <button class=\"btn btn-secondary btn-sm mt-1 consent-change\">Muuda n\u00f5usolekut<\/button>\n\t\t\t        <\/div>\n\t\t\t    <\/div>\n\t\t\t<\/div>\n<\/div>\n\n\t\t\t\t\t\t<\/div>\n\t\t\t\t\t<\/div>\n\t\t\t\t<\/div>\n\t\t\t\t\t<\/div>\n\t<\/div>\n\n\n\n<p><\/p>\n\n\n\n<h3 class=\"wp-block-heading\"><strong>StrikePlagiarismi kasutamine Moodle\u2019i kursusel<\/strong><\/h3>\n\n\n\n<h5 class=\"wp-block-heading\">StrikePlagiarismi pluginat on v\u00f5imalik kasutada Moodle\u2019i kursuse <strong>\u00fclesande, foorumi, \u00f5pikoja <\/strong>ja<strong> testi<\/strong> vahendites. StrikePlagiarismi saadetakse kontrollimiseks \u00f5ppijate esitatud failid, veebitekstid ja testi esseek\u00fcsimuste vastused.<\/h5>\n\n\n\n<p>StrikePlagiarismi Moodle\u2019i plugina kasutamiseks piisab, kui te <strong>olete Moodle\u2019i kursusel \u00f5ppej\u00f5u rollis<\/strong> ning seadistate \u00fclesande, foorumi, \u00f5pikoja ja testi s\u00e4tetes StrikePlagiarism.com plugina osas\u00a0StrikePlagiarismi kasutamise:\u00a0<\/p>\n\n\n\n<h6 class=\"wp-block-heading\">Teil on v\u00f5imalik valida plugina s\u00e4tete osas enda jaoks sobivad seaded. StrikePlagiarismi sarnasuskoefitsienti ja sarnasusraportit saate n\u00e4idata ka \u00f5ppijatele.\u00a0<\/h6>\n\n\n\n<ul class=\"wp-block-list\">\n<li>Kasuta StrikePlagiarism.com pluginat \u2013 m\u00e4\u00e4rata, et StrikePlagiarismi pluginat kasutatakse (Jah)<\/li>\n\n\n\n<li>\u00dclesande t\u00fc\u00fcp \u2013 vaikimisi on t\u00fc\u00fcbiks \u00fclesanne, kuid saab valida muid t\u00fc\u00fcpe<\/li>\n\n\n\n<li>Ristkontrolli re\u017eiim \u2013 \u00fclesande juures v\u00f5imaldab ristkontrolli re\u017eiim 1:1 v\u00f5rrelda \u00f5ppijate esitatud \u00fclesandeid (kui ristkontroll on lubatud, on interaktiivses sarnasusaruandes n\u00e4htav ristkontrolli jaotis)<\/li>\n\n\n\n<li>Kas teavitada \u00f5ppej\u00f5ude vigadest? \u2013 m\u00e4\u00e4rata, kas \u00f5ppej\u00f5ude teavitatakse vigadest v\u00f5i mitte<\/li>\n\n\n\n<li>Teavita \u00f5ppej\u00f5ude \u2013 m\u00e4rkida \u00f5ppej\u00f5ud, kellele teavitused saadetakse<\/li>\n\n\n\n<li>Plagiaadikontrolli saatmise hetk \u2013 m\u00e4\u00e4rata, kas fail saadetakse kontrolli esmasel \u00fcleslaadimisel v\u00f5i kui \u00f5ppija esitab hindamiseks (NB! valiku tegemisel on soovitatav arvestada \u00fclesande \u00fcldseadeid)<\/li>\n\n\n\n<li>Luba k\u00f5ik toetatud failivormingud \u2013 Jah, Ei<\/li>\n\n\n\n<li>Plagiaadikontrolli jaoks lubatud failivormingud \u2013 kui ei ole lubatud k\u00f5ik failivormingud, siis m\u00e4rkida, millised on lubatud<\/li>\n\n\n\n<li>Dokumentide saatmine plagiaadi anal\u00fc\u00fcsiks \u2013 valida, kas saadetakse k\u00f5ik dokumendid v\u00f5i valitud dokumendid<\/li>\n\n\n\n<li>Dokumentide lisamine v\u00f5rdlevasse andmebaasi \u2013 valida, kas dokumendid lisatakse v\u00f5rdlevasse andmebaasi\n<ul class=\"wp-block-list\">\n<li>automaatselt p\u00e4rast kontrolli \u2013 kontrollitud failid lisatakse peale kontrolli kohe StrikePlagiarismi v\u00f5rdlevasse andmebaasi ning nende vastu toimub uute \u00fcleslaetud failide puhul sarnasuse kontroll <\/li>\n\n\n\n<li>manuaalselt p\u00e4rast kontrolli \u2013 kontrollitud faile ei lisata kohe automaatselt StrikePlagiarismi andmebaasi, vaid alles siis kui te ise raporti salvestate ja andmebaasi lisamise aksepteerite\n<ul class=\"wp-block-list\">\n<li><strong>NB!<\/strong> Kui te plaanite esialgu kontrollida t\u00f6\u00f6 esialgset kavandit ning hiljem l\u00f5ppversiooni, siis tuleb kindlasti esialgse kontrolli puhul teha manuaalselt p\u00e4rast kontrolli valik, sest kui esialgne fail lisatakse kohe andmebaasi ning \u00f5ppija esitab sama t\u00f6\u00f6 edasiarenduse, siis n\u00e4idatakse sarnasusraportis sarnasust vaid sama t\u00f6\u00f6 esilagse versiooniga, aga mitte muude allikatega. <\/li>\n\n\n\n<li>Kui faili manuaalselt StrikePlagiarismi v\u00f5rdlevasse andmebaasi ei lisata, siis l\u00e4heb fail automaatselt andmebaasi 30 p\u00e4eva p\u00e4rast.<\/li>\n<\/ul>\n<\/li>\n<\/ul>\n<\/li>\n\n\n\n<li>Sarnasusaruannete kustutamine kustutatud\/uuendatud esituste puhul \u2013 m\u00e4\u00e4rata, kas \u00fclesande uuesti esitamise puhul hoitakse vanad sarnasusaruanded alles v\u00f5i kustutatakse<\/li>\n\n\n\n<li>\u00d5ppijate teavitamise\n<ul class=\"wp-block-list\">\n<li>N\u00e4ita \u00f5ppijale StrikePlagiarism.com anal\u00fc\u00fcsi olekut \u2013 m\u00e4\u00e4rata, kas anal\u00fc\u00fcsi olekut ei n\u00e4idata, n\u00e4idatakse alati v\u00f5i n\u00e4idatakse, kui tegevus on suletud<\/li>\n\n\n\n<li>N\u00e4ita \u00f5ppijatele sarnasuskoefitsiente \u2013 m\u00e4\u00e4rata, kas sarnasuskoefitsiente ei n\u00e4idata, n\u00e4idatakse alati v\u00f5i n\u00e4idatakse, kui tegevus on suletud<\/li>\n\n\n\n<li>N\u00e4ita \u00f5ppijale sarnasuse aruannet \u2013 m\u00e4\u00e4rata, kas sarnasuse aruannet ei n\u00e4idata, n\u00e4idatakse alati v\u00f5i n\u00e4idatakse, kui tegevus on suletud<\/li>\n\n\n\n<li>E-kiri \u00f5ppijale \u2013 m\u00e4\u00e4rata, kas \u00f5ppija saab e-kirjaga teavituse v\u00f5i mitte<\/li>\n<\/ul>\n<\/li>\n\n\n\n<li>Esitada manustatud failid ja tekstisisene tekst \u2013 m\u00e4\u00e4rata, kas kontrolli esitatakse ainult manustud failid, ainult tekstisisene tekst v\u00f5i m\u00f5lemad (NB! valiku tegemisel tuleb arvestada \u00fclesande \u00fcldseadeid \u2013 n\u00e4teks kui \u00fclesandes esitatakse ainult fail, siis mitte valida valikut, et kontrolli saadetakse tekstisisene tekst)<\/li>\n<\/ul>\n\n\n\n<p><strong>NB!<\/strong> Esitatud t\u00f6\u00f6 juures kuvatakse kaks sarnasuskoefitsienti. SC1 n\u00e4itab v\u00e4iksemate tekstifragmentide\u00a0ja SC2 suuremate tekstifragmentide kattuvuse protsenti.<\/p>\n\n\n\n<p>Kui te kasutate Moodle\u2019i kursusel v\u00e4hemalt \u00fches \u00fclesandes, foorumis, \u00f5pikojas v\u00f5i testis StrikePlagiarismi pluginat, siis on kursuse seadistuste plokis <em>StrikePlagiarism.com<\/em> osas n\u00e4ha, millistes kursuse tegevustes on StrikePlagiarism kasutusel ning\u00a0saate minna vastavate vahendite kaudu StrikePlagiarismi kontrollimisele l\u00e4inud t\u00f6\u00f6de raporteid vaatama.<\/p>\n\n\n\n<p class=\"has-text-align-left\">Veebipaneelis saab dokumenti \u00fcles laadides teha ka valiku, et dokumenti ei kontrollita, vaid see lisatakse StrikePlagiarismi v\u00f5rdlevasse andmebaasi, mille vastu \u00fcleslaetavaid dokumente kontrollitakse<\/p>\n\n\n\n<h3 class=\"wp-block-heading\"><strong>StrikePlagiarismi kasutamine veebipaneelis<\/strong><\/h3>\n\n\n\n<p>Kui te soovite plagiaadituvastust teha Moodle\u2019i kursuse v\u00e4liselt, siis on teil v\u00f5imalik <strong>\u00fclikooli arvutiv\u00f5rgu kontoga<\/strong> StrikePlagiarism.com veebipaneeli <a title=\"\" href=\"https:\/\/panel.strikeplagiarism.com\/\" target=\"_blank\" rel=\"noopener\" data-url=\"https:\/\/panel.strikeplagiarism.com\/\">https:\/\/panel.strikeplagiarism.com<\/a>\u00a0<em>Select organization<\/em>,\u00a0<strong>University of Tartu<\/strong>\u00a0nupu kaudu sisse logida ning dokumente plagiaadituvastuseks \u00fcles laadida.<\/p>\n\n\n\n<p>Dokumente \u00fcles laadides saate valida, kas tuvastada sarnasusi ka t\u00f5lkes.<\/p>\n\n\n\n<figure class=\"wp-block-image is-resized\"><img loading=\"lazy\" decoding=\"async\" width=\"990\" height=\"506\" src=\"https:\/\/sisu.ut.ee\/wp-content\/uploads\/sites\/177\/screenshot_2024-03-22_at_18.47.26.png\" alt=\"translation\" class=\"wp-image-392\" style=\"width:534px;height:auto\" title=\"screenshot_2024-03-22_at_18.47.26.png\" srcset=\"https:\/\/sisu.ut.ee\/wp-content\/uploads\/sites\/177\/screenshot_2024-03-22_at_18.47.26.png 990w, https:\/\/sisu.ut.ee\/wp-content\/uploads\/sites\/177\/screenshot_2024-03-22_at_18.47.26-300x153.png 300w, https:\/\/sisu.ut.ee\/wp-content\/uploads\/sites\/177\/screenshot_2024-03-22_at_18.47.26-768x393.png 768w\" sizes=\"auto, (max-width: 990px) 100vw, 990px\"><\/figure>\n\n\n\n<h3 class=\"wp-block-heading\"><br><strong>StrikePlagiarismi raporti t\u00f5lgendamine<\/strong><\/h3>\n\n\n\n<p>Kontrollitud dokumendi raport avaneb Moodle\u2019is ja veebipaneelis kontrollitud dokumendi juures olevast <em>Full report<\/em> lingist. Ingliskeelse juhendi raporti t\u00f5lgendamisest leiate\u00a0<a title=\"\" data-url=\"https:\/\/panel.plagiat.pl\/cms_media\/biznes\/Strikeplagiarism_com_EN_Univ_Similarity_Report_interpretation.pdf\" href=\"https:\/\/panel.plagiat.pl\/cms_media\/biznes\/Strikeplagiarism_com_EN_Univ_Similarity_Report_interpretation.pdf\" target=\"_blank\" rel=\"noopener\">https:\/\/panel.plagiat.pl\/cms_media\/biznes\/Strikeplagiarism_com_EN_Univ_Similarity_Report_interpretation.pdf<\/a><\/p>\n\n\n\n<h3 class=\"wp-block-heading\"><strong>Korduma kippuvad k\u00fcsimused StrikePlagiarismi kasutamise kohta<\/strong><\/h3>\n\n\n<p><\/p><div class=\"accordion mb-3\">\n        <div class=\"accordion-item accordion-item--white\">\n        <h2 class=\"accordion-header\" id=\"accordion-69d20b018390a-heading\">\n            <button class=\"accordion-button collapsed\" type=\"button\" data-bs-toggle=\"collapse\" data-bs-target=\"#accordion-69d20b018390a-collapse\" aria-expanded=\"true\" aria-controls=\"accordion-69d20b018390a-collapse\">1. Kas \u00f5ppijatel on juurdep\u00e4\u00e4s StrikePlagiarismi veebipaneeli?<\/button>\n        <\/h2>\n        <div id=\"accordion-69d20b018390a-collapse\" class=\"accordion-collapse collapse\" aria-labelledby=\"accordion-69d20b018390a-heading\">\n            <div class=\"accordion-body\">\u00d5ppijad saavad StrikePlagiarismi veebipaneeli \u00fclikooli kontoga sisse logida, kuid ei saa faile kontrolliks \u00fcles laadida. Kui \u00f5ppijatel on vajalik oma t\u00f6id kontrollida, siis peab kontrollimine toimuma \u00f5ppej\u00f5u v\u00f5i l\u00f5put\u00f6\u00f6 juhendaja konto kaudu.<\/div>\n        <\/div>\n        <\/div>\n    <\/div>\n\n\n<p><\/p><div class=\"accordion mb-3\">\n        <div class=\"accordion-item accordion-item--white\">\n        <h2 class=\"accordion-header\" id=\"accordion-69d20b0183924-heading\">\n            <button class=\"accordion-button collapsed\" type=\"button\" data-bs-toggle=\"collapse\" data-bs-target=\"#accordion-69d20b0183924-collapse\" aria-expanded=\"true\" aria-controls=\"accordion-69d20b0183924-collapse\">2. Millises formaadis faile on v\u00f5imalik StrikePlagiarismi kontrollimiseks \u00fcles laadida?<\/button>\n        <\/h2>\n        <div id=\"accordion-69d20b0183924-collapse\" class=\"accordion-collapse collapse\" aria-labelledby=\"accordion-69d20b0183924-heading\">\n            <div class=\"accordion-body\">Toetatud failit\u00fc\u00fcbid on txt, doc, docx, odt, pdf, rtf, pptx, html.<\/div>\n        <\/div>\n        <\/div>\n    <\/div>\n\n\n<p><\/p><div class=\"accordion mb-3\">\n        <div class=\"accordion-item accordion-item--white\">\n        <h2 class=\"accordion-header\" id=\"accordion-69d20b0183926-heading\">\n            <button class=\"accordion-button collapsed\" type=\"button\" data-bs-toggle=\"collapse\" data-bs-target=\"#accordion-69d20b0183926-collapse\" aria-expanded=\"true\" aria-controls=\"accordion-69d20b0183926-collapse\">3. Kas StrikePlagiarismi on v\u00f5imalik korraga \u00fcles laadida mitu faili?<\/button>\n        <\/h2>\n        <div id=\"accordion-69d20b0183926-collapse\" class=\"accordion-collapse collapse\" aria-labelledby=\"accordion-69d20b0183926-heading\">\n            <div class=\"accordion-body\">StrikePlagiarismi on v\u00f5imalik faile mitmekaupa \u00fcles laadida ZIP-failina.<\/div>\n        <\/div>\n        <\/div>\n    <\/div>\n\n\n<p><\/p><div class=\"accordion mb-3\">\n        <div class=\"accordion-item accordion-item--white\">\n        <h2 class=\"accordion-header\" id=\"accordion-69d20b0183928-heading\">\n            <button class=\"accordion-button collapsed\" type=\"button\" data-bs-toggle=\"collapse\" data-bs-target=\"#accordion-69d20b0183928-collapse\" aria-expanded=\"true\" aria-controls=\"accordion-69d20b0183928-collapse\">4. Kas StrikePlagiarismiga on v\u00f5imalik tuvastada AI-ga loodud teksti?<\/button>\n        <\/h2>\n        <div id=\"accordion-69d20b0183928-collapse\" class=\"accordion-collapse collapse\" aria-labelledby=\"accordion-69d20b0183928-heading\">\n            <div class=\"accordion-body\">\n<p>Kuna plagiaadituvastuss\u00fcsteemid ei v\u00f5imalda Ai-ga loodud teksti usaldusv\u00e4\u00e4rselt tuvastada (vt <a href=\"https:\/\/etu.ut.ee\/2024\/tartu-ulikooli-seisukoht-tekstiroboti-kasutamise-tuvastuse-kohta\">\u00fclikooli seisukohta<\/a>), siis StrikePlagiarimi plagiaadituvastuss\u00fcsteemis ei ole AI tuvastuse moodul aktiveeritud.<\/p>\n<p><\/p><\/div>\n        <\/div>\n        <\/div>\n    <\/div>\n\n\n<p><\/p><div class=\"accordion mb-3\">\n        <div class=\"accordion-item accordion-item--white\">\n        <h2 class=\"accordion-header\" id=\"accordion-69d20b018392c-heading\">\n            <button class=\"accordion-button collapsed\" type=\"button\" data-bs-toggle=\"collapse\" data-bs-target=\"#accordion-69d20b018392c-collapse\" aria-expanded=\"true\" aria-controls=\"accordion-69d20b018392c-collapse\">5. Kas sarnasusraportis tuvastatud allikaid on v\u00f5imalik v\u00e4listada ning v\u00e4listused edaspidiseks salvestada?<\/button>\n        <\/h2>\n        <div id=\"accordion-69d20b018392c-collapse\" class=\"accordion-collapse collapse\" aria-labelledby=\"accordion-69d20b018392c-heading\">\n            <div class=\"accordion-body\">Kui dokument ei ole lisatud v\u00f5rdlevasse andmebaasi, siis on v\u00f5imalik sarnasusraportis tuvastatud allikaid v\u00e4listada, kl\u00f5psates vastava allika juures <i>Accept and exclude the entire source<\/i> kastikeses. Kui dokument on juba lisatud v\u00f5rdlevasse andmebaasi, siis ei ole v\u00f5imalik allikaid raportis v\u00e4listada.<br>\n<\/div>\n        <\/div>\n        <\/div>\n    <\/div>\n\n\n<p><\/p><div class=\"accordion mb-3\">\n        <div class=\"accordion-item accordion-item--white\">\n        <h2 class=\"accordion-header\" id=\"accordion-69d20b018392e-heading\">\n            <button class=\"accordion-button collapsed\" type=\"button\" data-bs-toggle=\"collapse\" data-bs-target=\"#accordion-69d20b018392e-collapse\" aria-expanded=\"true\" aria-controls=\"accordion-69d20b018392e-collapse\">6. Kas mul on v\u00f5imalik StrikePlagiarismi v\u00f5rdlevasse andmebaasi lisatud faile andmebaasist tagasi tuua?<\/button>\n        <\/h2>\n        <div id=\"accordion-69d20b018392e-collapse\" class=\"accordion-collapse collapse\" aria-labelledby=\"accordion-69d20b018392e-heading\">\n            <div class=\"accordion-body\">StrikePlagiarismi veebipaneeli \u00fcleslaetud faile, mis on v\u00f5rdlevasse andmebaasi lisatud, on v\u00f5imalik \u00f5ppej\u00f5ul ise andmebaasist tagasi tuua, kl\u00f5psates faili real kolmpunktmen\u00fc\u00fcs k\u00e4sul <i>Withdraw from the database<\/i>. Moodle\u2019i kaudu kontrollitud failide andmebaasist tagasitoomiseks tuleb saata taotlus epe@ut.ee.<\/div>\n        <\/div>\n        <\/div>\n    <\/div>\n\n\n<p><\/p><div class=\"accordion mb-3\">\n        <div class=\"accordion-item accordion-item--white\">\n        <h2 class=\"accordion-header\" id=\"accordion-69d20b0183930-heading\">\n            <button class=\"accordion-button collapsed\" type=\"button\" data-bs-toggle=\"collapse\" data-bs-target=\"#accordion-69d20b0183930-collapse\" aria-expanded=\"true\" aria-controls=\"accordion-69d20b0183930-collapse\">7. Kas mul on v\u00f5imalik StrikePlagiarismi kontrollimiseks \u00fcles laetud faile portaalist kustutada?<\/button>\n        <\/h2>\n        <div id=\"accordion-69d20b0183930-collapse\" class=\"accordion-collapse collapse\" aria-labelledby=\"accordion-69d20b0183930-heading\">\n            <div class=\"accordion-body\">StrikePlagiarismi \u00fcleslaetud faile ei ole v\u00f5imalik \u00f5ppej\u00f5ul ise kustutada. Failide kustutamiseks tuleb saata taotlus eope@ut.ee.<\/div>\n        <\/div>\n        <\/div>\n    <\/div>\n","protected":false},"excerpt":{"rendered":"<p>2024. aasta algusest kasutab Tartu \u00dclikool Haridus- ja Teadusministeeriumi hangitud StrikePlagiarism plagiaadituvastuss\u00fcsteemi. StrikePlagiarismi kasutamine StrikePlagiarismi plagiaadituvastuss\u00fcsteemi on v\u00f5imalik kasutada Moodle\u2019i ning StrikePlagiarismi veebipaneeli kaudu. NB! \u00dcli\u00f5pilased iseseisvalt plagiaadituvastuss\u00fcsteemi kasutada ei saa \u2013 oluline on \u00f5ppej\u00f5u\/juhendaja ja \u00fcli\u00f5pilase vaheline koost\u00f6\u00f6.\u00a0 StrikePlagiarismi &#8230;<\/p>\n","protected":false},"author":6,"featured_media":0,"parent":0,"menu_order":0,"comment_status":"closed","ping_status":"closed","template":"","meta":{"_acf_changed":false,"inline_featured_image":false,"footnotes":""},"class_list":["post-48","page","type-page","status-publish","hentry"],"acf":[],"_links":{"self":[{"href":"https:\/\/sisu.ut.ee\/juhendid\/wp-json\/wp\/v2\/pages\/48","targetHints":{"allow":["GET"]}}],"collection":[{"href":"https:\/\/sisu.ut.ee\/juhendid\/wp-json\/wp\/v2\/pages"}],"about":[{"href":"https:\/\/sisu.ut.ee\/juhendid\/wp-json\/wp\/v2\/types\/page"}],"author":[{"embeddable":true,"href":"https:\/\/sisu.ut.ee\/juhendid\/wp-json\/wp\/v2\/users\/6"}],"replies":[{"embeddable":true,"href":"https:\/\/sisu.ut.ee\/juhendid\/wp-json\/wp\/v2\/comments?post=48"}],"version-history":[{"count":30,"href":"https:\/\/sisu.ut.ee\/juhendid\/wp-json\/wp\/v2\/pages\/48\/revisions"}],"predecessor-version":[{"id":4474,"href":"https:\/\/sisu.ut.ee\/juhendid\/wp-json\/wp\/v2\/pages\/48\/revisions\/4474"}],"wp:attachment":[{"href":"https:\/\/sisu.ut.ee\/juhendid\/wp-json\/wp\/v2\/media?parent=48"}],"curies":[{"name":"wp","href":"https:\/\/api.w.org\/{rel}","templated":true}]}}