{"id":47,"date":"2024-04-04T02:50:39","date_gmt":"2024-04-03T23:50:39","guid":{"rendered":"https:\/\/sisu.ut.ee\/juhendid\/hinnete-ulekandmine-moodleist-ois-2-protokolli\/"},"modified":"2026-01-06T16:32:37","modified_gmt":"2026-01-06T14:32:37","slug":"hinnete-ulekandmine-moodleist-ois-2-protokolli","status":"publish","type":"page","link":"https:\/\/sisu.ut.ee\/juhendid\/hinnete-ulekandmine-moodleist-ois-2-protokolli\/","title":{"rendered":"L\u00f5pphinnete \u00fclekandmine Moodle&#8217;ist \u00d5IS2-te"},"content":{"rendered":"<p>Eeldused\u00a0\u00d5IS2\u00a0hinnetelehele l\u00f5pptulemuste importimiseks\u00a0Moodle\u2019ist:<\/p>\n<ol>\n<li><strong>\u00d5ppeaine versioon \u00d5ISis on seotud Moodle\u2019i kursusega<\/strong>, kust soovitakse l\u00f5pphindeid \u00d5IS2 hinnetelehele importida.\u00a0<strong><span style=\"color: #b22222;\">NB! Moodle\u2019i kursuse ja \u00f5ppeaine versiooni vahelist seost saab\u00a0\u00f5ppej\u00f5ud alates 21.02.2023 muuta \u00d5IS2-s.\u00a0<\/span><\/strong><\/li>\n<li>Moodle\u2019i kursusel\u00a0on l\u00f5pptulemused sisestatud\u00a0<strong>samas hindes\u00fcsteemis<\/strong>, mis on \u00d5IS2\u00a0\u00f5ppeaine versioonis:\n<ul>\n<li>Kui \u00f5ppeaine versioonis on hindes\u00fcsteemiks <strong>eristav hindamine<\/strong>, siis peab Moodle\u2019i kursusel olema l\u00f5pphinne <strong>t\u00e4heline hinne vahemikus A-F<\/strong>. Moodle\u2019i kursuse hindetabelis on l\u00f5pphinne seadistatud t\u00fc\u00fcbina \u201cv\u00e4\u00e4rtus\u201d ning hinde kuvamise t\u00fc\u00fcbiks m\u00e4\u00e4ratud \u201ct\u00e4heline hinne\u201d, t\u00e4heline hinne (protsent)\u201d v\u00f5i \u201ct\u00e4heline hinne (punktid)\u201d.<\/li>\n<li>Kui \u00f5ppeaine versioonis on hindes\u00fcsteemiks <strong>eristamata hindamine<\/strong>, siis peab Moodle\u2019i kursusel olema l\u00f5pphinne <strong>skaalal mittearvestatud\/arvestatud<\/strong>. Moodle\u2019i kursuse hindetabelis on l\u00f5pphinne seadistatud t\u00fc\u00fcbina \u201cskaala\u201d, skaala \u201cMittearvestatud\/Arvestatud\u201d ning hinde kuvamise t\u00fc\u00fcbiks m\u00e4\u00e4ratud \u201cpunktid\u201d. Kui te olete\u00a0seadistanud hindetabelis mittearvestatud\/arvestatud tulemuse kuvama t\u00e4helise hinde skaalaga, siis peab Moodle\u2019i kursusel olema l\u00f5pphinne seadistatud t\u00fc\u00fcbina \u201cv\u00e4\u00e4rtus\u201d ning hinde kuvamise t\u00fc\u00fcbiks m\u00e4\u00e4ratud \u201ct\u00e4heline hinne\u201d.<\/li>\n<li>Vaadake ka Moodle\u2019i kursusel l\u00f5pphinde seadistamise\u00a0<a href=\"https:\/\/sisu.ut.ee\/juhendid\/%C3%B5ppijate-hindamine-moodleis\" target=\"_blank\" rel=\"noopener\"><span data-mce-mark=\"1\">juhendit<\/span><\/a>.<\/li>\n<\/ul>\n<\/li>\n<\/ol>\n<h3>Hinnete importimiseks \u00d5IS2-te:<\/h3>\n<table class=\"table table-hover\" style=\"width: 500px;\" border=\"1\" cellpadding=\"5\" align=\"center\">\n<tbody>\n<tr>\n<td>\n<ol>\n<li>Logige \u00d5IS2-te sisse.<\/li>\n<li>Valige <strong>\u00f5ppej\u00f5u roll<\/strong> (rippmen\u00fc\u00fcst \u00fclevalt paremast nurgast enda nime eest).<\/li>\n<li>Kl\u00f5psake vasakus\u00a0servas\u00a0<strong>Minu \u00f5ppeained<\/strong>.<\/li>\n<li>Kl\u00f5psake \u00f5ppeaine <strong>ainekoodil<\/strong>.<\/li>\n<li>Valige rippmen\u00fc\u00fcst <strong>\u00f5ige ainekava<\/strong>.<\/li>\n<li>Kl\u00f5psake \u00fcleval hallil nupul <strong>Hinded<\/strong>.<\/li>\n<li>Kl\u00f5psake hinnetelehel \u00f5ppijate nimede kohal lipikul\u00a0<em><strong>Moodle<\/strong><\/em>\u00a0ja hinnete importimiseks kl\u00f5psake nuppu\u00a0<em><strong>Impordi Moodle\u2019ist<\/strong>.<\/em><\/li>\n<li>M\u00e4rkige \u00f5ppijate nimed linnukesega ja kl\u00f5psake nuppu <strong>Kinnita hinded<\/strong>.<\/li>\n<li>Kui olete vastutav \u00f5ppej\u00f5ud ja k\u00f5ik hinded on l\u00f5plikud, kl\u00f5psake \u00f5ppijate nimede kohal nuppu <strong>\u00d5IS 2 eksamiprotokoll<\/strong>.<\/li>\n<li>Kl\u00f5psake lehek\u00fclje allosas nuppu <strong>Kinnita protokoll<\/strong>.<\/li>\n<\/ol>\n<\/td>\n<\/tr>\n<\/tbody>\n<\/table>\n<ol>\n<li>Minge \u00d5IS2-s \u00f5ppeaine versiooni hinnetelehele.<\/li>\n<li>Kl\u00f5psake hinnetelehel \u00f5ppijate nimede kohal lipikul\u00a0<em><strong>Moodle<\/strong><\/em>\u00a0ja hinnete importimiseks kl\u00f5psake nuppu\u00a0<em><strong>Impordi Moodle\u2019ist<\/strong>, <\/em>mis on aktiivsed siis, kui on olemas seos \u00f5ppeaine versiooni ja Moodle\u2019i kursuse vahel.<\/li>\n<\/ol>\n<h5>NB!\u00a0\u00d5ppijad n\u00e4evad neile sisestatud l\u00f5pphinnet hinnetelehel ka siis, kui hinne on \u00d5IS2-s veel kinnitamata.<\/h5>\n<p>Hindeid ei impordita, kui:<\/p>\n<ul>\n<li>Moodle\u2019i hindetabeli l\u00f5pphinde veerus\u00a0on hinne, mis ei ole \u00f5ppeaine versioonis m\u00e4rgitud hindes\u00fcsteemist (nt \u00f5ppeaine versioonis on t\u00e4heline hindes\u00fcsteem, kuid Moodle\u2019is on hinded arvestatud\/mittearvestatud v\u00f5i vastupidi).\u00a0Muutke hindes\u00fcsteemi Moodle\u2019is ja importige hinded uuesti.<\/li>\n<li>\u00f5ppeaine versiooni hinnetelehel\u00a0on hinne juba olemas ning see on kinnitatud,<\/li>\n<li>Moodle\u2019i hindetabelis\u00a0l\u00f5pptulemus puudub (\u00f5ppija pole Moodle\u2019i kursusele \u00fcldse sisenenud ja\/v\u00f5i pole sooritanud \u00fchtki hindelist ulesannet).<\/li>\n<\/ul>\n<p>Kui imporditav hinne erineb \u00d5IS2 hinnetelehel olevast kinnitamata hindest, siis kirjutatakse hinnetelehel olev hinne \u00fcle Moodle\u2019ist imporditava muutunud l\u00f5pphindega.<\/p>\n<h5>Kuna \u00f5ppeaine versiooni r\u00fchmi saab siduda \u00d5IS2-s erinevate Moodle\u2019i kursustega, siis on v\u00f5imalik \u00d5IS2 hinnetelehele hindeid importida erinevatelt Moodle\u2019i kursustelt, millega \u00f5ppeaine versiooni r\u00fchmad seotud on.<\/h5>\n<p>NB! Importimine toimub praegu korraga k\u00f5ikide r\u00fchmade l\u00f5ikes, millel on seos mingi Moodle\u2019i kursusega.<\/p>\n<p>Vaadake ka\u00a0<a title=\"\" href=\"https:\/\/wiki.ut.ee\/pages\/viewpage.action?pageId=157942381\" target=\"_blank\" rel=\"noopener\" data-url=\"https:\/\/wiki.ut.ee\/pages\/viewpage.action?pageId=157942381\">\u00d5IS2-s hinnete sisestamise juhendit<\/a>.<\/p>\n","protected":false},"excerpt":{"rendered":"<p>Eeldused\u00a0\u00d5IS2\u00a0hinnetelehele l\u00f5pptulemuste importimiseks\u00a0Moodle\u2019ist: \u00d5ppeaine versioon \u00d5ISis on seotud Moodle\u2019i kursusega, kust soovitakse l\u00f5pphindeid \u00d5IS2 hinnetelehele importida.\u00a0NB! Moodle\u2019i kursuse ja \u00f5ppeaine versiooni vahelist seost saab\u00a0\u00f5ppej\u00f5ud alates 21.02.2023 muuta \u00d5IS2-s.\u00a0 Moodle\u2019i kursusel\u00a0on l\u00f5pptulemused sisestatud\u00a0samas hindes\u00fcsteemis, mis on \u00d5IS2\u00a0\u00f5ppeaine versioonis: Kui \u00f5ppeaine versioonis &#8230;<\/p>\n","protected":false},"author":6,"featured_media":0,"parent":0,"menu_order":0,"comment_status":"closed","ping_status":"closed","template":"","meta":{"_acf_changed":false,"inline_featured_image":false,"footnotes":""},"class_list":["post-47","page","type-page","status-publish","hentry"],"acf":[],"_links":{"self":[{"href":"https:\/\/sisu.ut.ee\/juhendid\/wp-json\/wp\/v2\/pages\/47","targetHints":{"allow":["GET"]}}],"collection":[{"href":"https:\/\/sisu.ut.ee\/juhendid\/wp-json\/wp\/v2\/pages"}],"about":[{"href":"https:\/\/sisu.ut.ee\/juhendid\/wp-json\/wp\/v2\/types\/page"}],"author":[{"embeddable":true,"href":"https:\/\/sisu.ut.ee\/juhendid\/wp-json\/wp\/v2\/users\/6"}],"replies":[{"embeddable":true,"href":"https:\/\/sisu.ut.ee\/juhendid\/wp-json\/wp\/v2\/comments?post=47"}],"version-history":[{"count":3,"href":"https:\/\/sisu.ut.ee\/juhendid\/wp-json\/wp\/v2\/pages\/47\/revisions"}],"predecessor-version":[{"id":4969,"href":"https:\/\/sisu.ut.ee\/juhendid\/wp-json\/wp\/v2\/pages\/47\/revisions\/4969"}],"wp:attachment":[{"href":"https:\/\/sisu.ut.ee\/juhendid\/wp-json\/wp\/v2\/media?parent=47"}],"curies":[{"name":"wp","href":"https:\/\/api.w.org\/{rel}","templated":true}]}}