{"id":46,"date":"2024-04-04T02:50:39","date_gmt":"2024-04-03T23:50:39","guid":{"rendered":"https:\/\/sisu.ut.ee\/juhendid\/juhised-oppijale\/"},"modified":"2024-04-11T11:34:46","modified_gmt":"2024-04-11T08:34:46","slug":"juhised-oppijale","status":"publish","type":"page","link":"https:\/\/sisu.ut.ee\/juhendid\/juhised-oppijale\/","title":{"rendered":"Juhised \u00f5ppijale"},"content":{"rendered":"<h2 id=\"id-12.Juhised\u00f5ppijale-1.E-kursusedtoimuvadMoodle\u00b4i\u00f5pikeskkonnas\">\n\t1.\u00a0E-kursused toimuvad Moodle\u00b4i \u00f5pikeskkonnas<br>\n<\/h2>\n<p>\n\tMoodle\u2019i keskkond asub aadressil\u00a0<a class=\"external-link\" data-ext-link-init=\"true\" href=\"https:\/\/moodle.ut.ee\/\" rel=\"nofollow noopener\" target=\"_blank\">https:\/\/moodle.ut.ee<\/a>\n<\/p>\n<p>\n\tE-kursus v\u00f5ib t\u00e4hendada t\u00e4ielikult veebip\u00f5hist \u00f5pet (kogu kursuse \u00f5ppeprotsess (sisu edastamine, info levitamine, suhtlemine, \u00f5ppijate hindamine) toimub veebip\u00f5hiselt, auditoorseid kohtumisi ei ole) v\u00f5i osaliselt veebip\u00f5hist \u00f5pet (kursuse \u00f5ppeprotsess toimub suures osas veebip\u00f5hiselt, kuid kursuse jooksul toimub ka auditoorseid loenguid, seminare v\u00f5i praktikume, kursuse veebip\u00f5hist \u00f5pikeskkonda kasutatakse n\u00e4iteks \u00f5ppe- ja juhendmaterjalide k\u00e4ttesaadavaks tegemiseks, kodut\u00f6\u00f6de esitamiseks vm).\u00a0T\u00e4ielikult ja osaliselt veebip\u00f5histe \u00f5ppeainete puhul on ka \u00d5ISis \u00f5petamisviisi lahtris selle kohta m\u00e4rge.\n<\/p>\n<p>\n\tMoodle\u2019i avalehelt\u00a0<a class=\"external-link\" data-ext-link-init=\"true\" href=\"https:\/\/moodle.ut.ee\/\" rel=\"nofollow noopener\" target=\"_blank\">https:\/\/moodle.ut.ee<\/a>\u00a0leiad info e-kursustele registreerumise ning kasutajatunnuse ja salas\u00f5na kohta.\n<\/p>\n<h2 id=\"id-12.Juhised\u00f5ppijale-2.Kursustegaliitumine\">\n\t2. Kursustega liitumine<br>\n<\/h2>\n<p>\n\t\u00d5ISis ainele registreerunud \u00f5ppijad lisab \u00f5ppej\u00f5ud tavaliselt Moodle\u2019isse e-kursusele \u00d5ISi kaudu, kui kursus algab. Sinu e-postiaadressile tuleb aadressilt <em>noreply@moodle.ut.ee<\/em> teade kursusele lisamise kohta. Kui saad sellise teate, kuid sul puudub siiski kursusele juurdep\u00e4\u00e4s, siis p\u00f6\u00f6rdu \u00f5ppej\u00f5u poole \u2013 \u00f5ppej\u00f5ud v\u00f5ib olla unustanud kursuse Moodle\u2019is \u00f5ppijatele avada.\n<\/p>\n<p>\n\tM\u00f5ningatel juhtudel v\u00f5ib \u00f5ppej\u00f5ud paluda sul Moode\u2019is e-kursusele iseregistreerumisega siseneda, teatades eelnevalt iseregistreerumiseks vajaliku parooli.\n<\/p>\n<h2 id=\"id-12.Juhised\u00f5ppijale-3.Endaeemaldaminee-kursuselt\">\n\t3. Enda eemaldamine e-kursuselt<br>\n<\/h2>\n<ul>\n<li>\n\t\t\u00d5ppijad ei saa ennast ise Moodle\u2019i e-kursustelt eemaldada.\n\t<\/li>\n<li>\n\t\tKui \u00d5ISis on aktiivne seos ainekava ja Moodle\u2019i vahel ning sa registreerid ennast \u00d5ISis ainelt maha, eemaldatakse sind j\u00e4rgneval \u00f6\u00f6l automaatselt ka e-kursuselt.\n\t<\/li>\n<li>\n\t\tP\u00e4rast kursuse l\u00f5ppu v\u00f5i hiljemalt enne j\u00e4rgmise kursuse algust t\u00fchjendab \u00f5ppej\u00f5ud e-kursuse k\u00f5igist \u00f5ppijatest. Seejuures kustutatakse e-kursuselt ka kogu \u00f5ppijatega seotud info.\u00a0\n\t<\/li>\n<li>\n\t\tVajadusel saab \u00f5ppej\u00f5ud \u00f5ppija kursuselt eemaldada ka k\u00e4sitsi.\n\t<\/li>\n<\/ul>\n<h5>\n\tNB! Kui sinu Moodle\u2019i avalehel on \u00fcleliigsed (juba l\u00e4bitud vm) e-kursused, p\u00f6\u00f6rdu kursuse \u00f5ppej\u00f5u poole.<br>\n<\/h5>\n<h2 id=\"id-12.Juhised\u00f5ppijale-4.Moodle'iavaleht-Minukodu\">\n\t<a name=\"dashboard\"><\/a>4. Moodle\u2019i avaleht \u2013 T\u00f6\u00f6laud<br>\n<\/h2>\n<p>\n\tP\u00e4rast Moodle\u2019isse sisenemist n\u00e4eb kasutaja t\u00f6\u00f6laua \u00fclaosas\u00a0viimati k\u00fclastatud kursuste nimekirja ja selle all k\u00f5ikide e-kursuste nimekirja, millega ta \u00f5ppijana, \u00f5ppej\u00f5una v\u00f5i tuutorina seotud on. Vaikimisi on e-kursused jaotatud lehtedele 20-kaupa. Kursuse nime ees oleval t\u00e4hekesel kl\u00f5psates saab kursuse nn lemmikuks m\u00e4rkida. T\u00f6\u00f6laua muutmisre\u017eiimis saab ka m\u00e4\u00e4rata, mitme kaupa lehel e-kursusi n\u00e4idatakse (1-50).\u00a0\n<\/p>\n<h3>\n\tLemmikute e-kursuste valimiseks:<br>\n<\/h3>\n<ol>\n<li>\n\t\tkl\u00f5psake t\u00f6\u00f6laual kursuste nimekirjas kursuse ees oleval t\u00e4hekesel,\n\t<\/li>\n<li>\n\t\tkui l\u00fclituda t\u00f6\u00f6laual muutmisre\u017eiimi (nupp\u00a0<em>Luba muutmine<\/em>), avada lemmikute e-kursuste nimekiri (lipik\u00a0<em>Lemmikud<\/em>), saab kursuste j\u00e4rjekorda lohistades muuta,\n\t<\/li>\n<li>\n\t\tsalvestage muudatused nupust\u00a0<em>Salvesta muudatused,<\/em>\n\t<\/li>\n<li>\n\t\tkui soovite kursust lemmikute nimekirjast eemaldada, kl\u00f5psake kursuste nimekirjas kursuse nime ees tumesinisel t\u00e4hekesel.\u00a0\u00a0\n\t<\/li>\n<\/ol>\n<h2 id=\"id-12.Juhised\u00f5ppijale-5.Endakasutajaandmete(s.h.nime)muutmine\">\n\t5. Enda kasutajaandmete (s.h. e-postiaadressi ) muutmine<br>\n<\/h2>\n<p>\n\t<img loading=\"lazy\" decoding=\"async\" width=\"167\" height=\"221\" class=\"alignnone wp-image-330\" style=\"float: right\" src=\"https:\/\/sisu.ut.ee\/wp-content\/uploads\/sites\/177\/kasutaja1_01.png\" title=\"kasutaja1_01.png\" alt=\"kasutaja1_01.png\">\n<\/p>\n<p>\n\tP\u00e4rast Moodle\u2019isse sisenemist saad muuta enda kasutajaandmeid. Oluline, et kasutajaandmetes olev e-postiaadress oleks \u00f5ige, kuna sellele saadetakse k\u00f5ik Moodle\u2019iga seotud teated ja postitused. Soovitatav on lisada enda kasutaja pilt.\u00a0Need andmed pole seotud \u00fchegi konkreetse kursusega, vaid kehtivad \u00fcle kogu Moodle\u2019i keskkonna.\n<\/p>\n<h3>\n\tOma andmete muutmiseks:<br>\n<\/h3>\n<ol>\n<li>\n\t\tkl\u00f5psa ekraani paremas \u00fclanurgas enda nimel\u00a0ja vali sealt\u00a0<em>Kasutaja andmed<\/em>\n\t<\/li>\n<li>\n\t\tkl\u00f5psa kasutaja detailide plokis lingil\u00a0<em>Muuda profiili<\/em>\n\t<\/li>\n<li>\n\t\tsisesta enda kohta tutvustus lahtrisse\u00a0<em>Kirjeldus<\/em>\n\t<\/li>\n<li>\n\t\tlisa enda foto\n\t<\/li>\n<li>\n\t\tlisa soovi korral veel andmeid\n\t<\/li>\n<li>\n\t\tkl\u00f5psa nupul\u00a0<em>Uuenda kasutaja andmeid<\/em>\n\t<\/li>\n<\/ol>\n<p>\n\tS\u00f5numivahetuse lehel (<em>Enda nimi \u2013 Eelistused\u00a0<em>\u2013 \u00a0S\u00f5numivahetus<\/em><\/em>)\u00a0saad valida, milliseid teateid sulle e-kirjana edastatakse.\u00a0Need valikud pole seotud \u00fchegi konkreetse kursusega, vaid kehtivad \u00fcle kogu Moodle\u2019i keskkonna.\n<\/p>\n<h5>\n\tNB! Kui on muutunud su ees ja\/v\u00f5i perekonnanimi, siis k\u00f5igepealt tuleb sul p\u00f6\u00f6rduda dekanaati.<br>\n<\/h5>\n<p>\n\tKui \u00d5ISis on nimi muudetud, siis palu nimi muuta ka Moodle\u2019is. Selleks saada nime muutmise palve aadressile\u00a0<a class=\"external-link\" data-ext-link-init=\"true\" href=\"mailto:eope@ut.ee\" rel=\"nofollow noopener\" target=\"_blank\">eope@ut.ee<\/a>.\n<\/p>\n<h2 id=\"id-12.Juhised\u00f5ppijale-6.SuhtlemineMoodle'is\">\n\t6. Suhtlemine Moodle\u2019is<br>\n<\/h2>\n<h3 id=\"id-12.Juhised\u00f5ppijale-Foorumid\">\n\tFoorumid<br>\n<\/h3>\n<p>\n\tFoorum on\u00a0vahend as\u00fcnkroonseks suhtlemiseks. \u00d5ppej\u00f5ud otsustab, milleks ja milliseid foorumeid ta oma e-kursusel kasutab.\u00a0Foorumeid v\u00f5ib olla 5 t\u00fc\u00fcpi:\n<\/p>\n<ol>\n<li>\n\t\t<em>Uudistefoorum \u2013\u00a0<\/em>selles foorumis saab uusi arutelusid postitada vaid \u00f5ppej\u00f5ud ning \u00f5ppijad saavad tema postitustele vastata.\n\t<\/li>\n<li>\n\t\t<em>Standardne foorum \u00fcldiseks kasutamiseks<\/em>\u00a0\u2013 klassikaline foorum, kuhu \u00f5ppijad saavad kirjutada (uut arutelu algatada) ning foorumisse saadetud kirjadele ka vastata.\n\t<\/li>\n<li>\n\t\t<em>Iga\u00fcks saab \u00fche aruteluteema<\/em>\u00a0\u2013 iga \u00f5ppija saab sellesse foorumisse kirjutada vastamiseks \u00fche uue kirja ning saab vastata k\u00f5igile foorumisse saadetud kirjadele.\n\t<\/li>\n<li>\n\t\t<em>\u00dcksik lihtne arutelu<\/em>\u00a0\u2013 selle foorumi puhul kuvatakse lehel \u00fcks teema (\u00fclesandekirjeldus), millele \u00f5ppijad saavad vastata. Uut teemat \u00f5ppijad sinna foorumisse lisada ei saa.\n\t<\/li>\n<li>\n\t\t<em>K ja V (ehk K\u00fcsimus ja Vastus) foorum<\/em>\u00a0\u2013 selles foorumis n\u00e4eb \u00f5ppija teiste \u00f5ppijate poolt saadetud kirju alles p\u00e4rast enda kirja postitamist. Seda foorumit on mugav kasutada selleks, et \u00f5ppijad saaks avaldada esmalt enda originaalset arvamust, mitte ei ole m\u00f5jutatud kursusekaaslaste vastustest. Oluline on meeles pidada, et \u00f5ppej\u00f5ud peab esmalt oma k\u00fcsimused foorumisse saatma.\n\t<\/li>\n<\/ol>\n<p>\n\tIse\u00a0<strong>foorumisse kirjutamiseks<\/strong>\u00a0kliki foorumi nimel \u2013 avaneb vastav foorum. Kliki nupul\u00a0<em>Lisa uus aruteluteema<\/em>. Sisesta kirja <em>teema\u00a0<\/em>ning\u00a0<em>s\u00f5num<\/em>\u00a0suurde aknasse. Faili lisamiseks (<em>Manus<\/em>) kliki nupul\u00a0<em>Lisa<\/em>, otsi soovitud fail v\u00f5i lohista see lihtsalt manuse aknasse. Kirja saatmiseks kliki nupul\u00a0<em>Postita foorumisse<\/em>.\n<\/p>\n<p>\n\tMoodle\u2019is on v\u00f5imalik\u00a0kursusesisesed teated \u00a0ja\u00a0<strong>foorumipostituste koopiad enda tavalisse e-postkasti tellida<\/strong>\u00a0(see on\u00a0<em>liitumine foorumiga<\/em>). Seda m\u00e4\u00e4ratakse iga foorumi juures eraldi ning samuti iga kasutaja enda profiili seadetes.\n<\/p>\n<p>\n\t\u00d5ppej\u00f5ud m\u00e4\u00e4rab, kas liitumine foorumiga on valikuline, sunnitud, automaatne v\u00f5i pole v\u00f5imalik.\u00a0Kui oled foorumiga liitunud, saadetaksegi sulle foorumipostituste koopiad e-kirjana. Valikulise liitumise puhul saad ise foorumis (<em>tegevuste plokk \u2013 foorumid \u2013 liitumise tulp<\/em>) m\u00e4\u00e4rata, kas liituda v\u00f5i mitte. Automaatse liitumise puhul liitud alati, kui oled foorumisse m\u00f5ne kirja postitanud.\u00a0\n<\/p>\n<p>\n\t<img loading=\"lazy\" decoding=\"async\" width=\"914\" height=\"286\" class=\"alignnone wp-image-377\" style=\"margin-left: auto;margin-right: auto\" src=\"https:\/\/sisu.ut.ee\/wp-content\/uploads\/sites\/177\/foorumiga-liitumine.png\" title=\"foorumiga-liitumine.png\" alt=\"foorumiga-liitumine.png\" srcset=\"https:\/\/sisu.ut.ee\/wp-content\/uploads\/sites\/177\/foorumiga-liitumine.png 914w, https:\/\/sisu.ut.ee\/wp-content\/uploads\/sites\/177\/foorumiga-liitumine-300x94.png 300w, https:\/\/sisu.ut.ee\/wp-content\/uploads\/sites\/177\/foorumiga-liitumine-768x240.png 768w\" sizes=\"auto, (max-width: 914px) 100vw, 914px\">\n<\/p>\n<p>\n\t\u00a0\n<\/p>\n<p>\n\t\u00a0\n<\/p>\n<p>\n\tE-postkasti saadetavate postituste liigi saab valida rippmen\u00fc\u00fcst:\u00a0\n<\/p>\n<p>\n\t<img loading=\"lazy\" decoding=\"async\" width=\"750\" height=\"182\" class=\"alignnone wp-image-375\" style=\"margin-left: auto;margin-right: auto;border: 1px solid #eee\" src=\"https:\/\/sisu.ut.ee\/wp-content\/uploads\/sites\/177\/foorum.png\" title=\"foorum.png\" alt=\"foorum.png\" srcset=\"https:\/\/sisu.ut.ee\/wp-content\/uploads\/sites\/177\/foorum.png 750w, https:\/\/sisu.ut.ee\/wp-content\/uploads\/sites\/177\/foorum-300x73.png 300w\" sizes=\"auto, (max-width: 750px) 100vw, 750px\">\n<\/p>\n<p>\n\tSeega,\u00a0<strong>kui sa ei soovi \u00fchestki foorumist \u00fchtegi postituse koopiat oma e-postkasti saada<\/strong>, tuleks foorumipostituste teavitus e-kirjana t\u00fchistada (<em>Enda nimi \u2013 Eelistused\u00a0<em>\u2013 \u00a0S\u00f5numivahetus<\/em><\/em><em>).<\/em>\u00a0Kui soovid loobuda vaid konkreetse e-kursuse konkreetse foorumi postituste koopiatest ja \u00f5ppej\u00f5ud on vastava foorumi seadetes nii lubanud, pead t\u00fchistadma konkreetse foorumiga liitumise\u00a0(<em>tegevuste plokk \u2013 foorumid \u2013 liitumise tulp \u2013 ei<\/em>).\n<\/p>\n<p>\n\t<strong>Foorumi j\u00e4lgimine<\/strong>\u00a0aitab kohe keskkonna v\u00f5i kursuse avalehel uute foorumipostituste olemasolu m\u00e4rgata.\u00a0Vaikimisi j\u00e4lgitakse k\u00f5iki foorumeid.\n<\/p>\n<p>\n\t<img loading=\"lazy\" decoding=\"async\" width=\"580\" height=\"141\" class=\"alignnone wp-image-376\" style=\"margin-left: auto;margin-right: auto;border: 1px solid #eee\" src=\"https:\/\/sisu.ut.ee\/wp-content\/uploads\/sites\/177\/foorumi_jalgimine1.png\" title=\"foorumi_jalgimine1.png\" alt=\"foorumi_jalgimine1.png\" srcset=\"https:\/\/sisu.ut.ee\/wp-content\/uploads\/sites\/177\/foorumi_jalgimine1.png 580w, https:\/\/sisu.ut.ee\/wp-content\/uploads\/sites\/177\/foorumi_jalgimine1-300x73.png 300w\" sizes=\"auto, (max-width: 580px) 100vw, 580px\">\n<\/p>\n<h3 id=\"id-12.Juhised\u00f5ppijale-S\u00f5numid\">\n\tS\u00f5numid<br>\n<\/h3>\n<p>\n\t<img loading=\"lazy\" decoding=\"async\" width=\"306\" height=\"117\" class=\"alignnone wp-image-374\" style=\"float: right\" src=\"https:\/\/sisu.ut.ee\/wp-content\/uploads\/sites\/177\/sonum.png\" title=\"sonum.png\" alt=\"sonum.png\" srcset=\"https:\/\/sisu.ut.ee\/wp-content\/uploads\/sites\/177\/sonum.png 306w, https:\/\/sisu.ut.ee\/wp-content\/uploads\/sites\/177\/sonum-300x115.png 300w\" sizes=\"auto, (max-width: 306px) 100vw, 306px\">S\u00f5numid on m\u00f5eldud privaatsete teadete vahetamiseks ja neid on v\u00f5imalik saata mitte ainult \u00fche kursuse raames, vaid k\u00f5igile Moodle\u2019i keskkonnas olevatele inimestele.\u00a0S\u00f5numite ploki saab \u00f5ppej\u00f5ud enda kursusele lisada\u00a0eraldi plokina.\u00a0S\u00f5numite plokk on olemas ka sinu Moodle\u2019i avalehel enne kursusele sisenemist.\n<\/p>\n<p>\n\t<strong>S\u00f5numi saatmiseks<\/strong>\u00a0kl\u00f5psa inimese nimel v\u00f5i profiilipildil ning avaneval lehel lingil\u00a0<em>Saada s\u00f5num<\/em>.\u00a0Sulle\u00a0<strong>saadetud s\u00f5numite avamiseks<\/strong>\u00a0kliki jutumullil v\u00f5i s\u00f5numite arvul.\n<\/p>\n<p>\n\tSiis n\u00e4ed sulle saadetud s\u00f5numit ja saad sellele ka kohe vastata.\n<\/p>\n<p>\n\tKasutaja saab talle saadetud\u00a0<strong>s\u00f5numeid sorteerida ning ka otsida<\/strong>.\u00a0Kl\u00f5psates nupule\u00a0<em>Otsi<\/em>, saad nime j\u00e4rgi leida inimese, kellele soovid s\u00f5numit saata. S\u00f5numi saatmiseks kl\u00f5psa inimese nimel ja seej\u00e4rel kirjuta oma s\u00f5num avanevasse tekstilahtrisse ja kl\u00f5psa\u00a0<em>Saada s\u00f5num.<\/em>\n<\/p>\n<p>\n\tNime j\u00e4rel olevatele m\u00e4rkidele kl\u00f5psates saad\u00a0<strong>lisada inimese oma kontaktide nimekirja<\/strong>, blokeerida v\u00f5i vaadata s\u00f5numeid, mida oled temaga juba vahetanud.\n<\/p>\n<p>\n\tKord juba kontaktide nimekirja lisatud inimesele s\u00f5numi saatmiseks ei tule teda enam uuesti otsida, vaid saad kohe s\u00f5numi saata, kl\u00f5psates tema nimel. Kontaktide nimekirjast kustutamiseks kl\u00f5psa ristil inimese nime j\u00e4rel.\n<\/p>\n<p>\n\tOma s\u00f5numite \u00fcldseadete m\u00e4\u00e4ramine toimub ekraani paremast \u00fclanurgast\u00a0<em>Enda nimi \u2013 Eelistused\u00a0<em>\u2013 \u00a0S\u00f5numivahetus<\/em><\/em>. Sealt saad m\u00e4\u00e4rata, kuidas toimub s\u00f5numite edastamine.\n<\/p>\n<h3 id=\"id-12.Juhised\u00f5ppijale-Meeldetuletused\">\n\tMeeldetuletused<br>\n<\/h3>\n<p>\n\tMoodle saadab kursuse \u00f5ppijatele meeldetuletusi \u00f5ppej\u00f5u poolt ajaliselt seadistatud tegevuste (testid, \u00fclesanded jm) t\u00e4htaegade (avanemine ja sulgumine) kohta\u00a0\u2013\u00a0<strong>24 tundi enne t\u00e4htaja saabumist<\/strong>.\u00a0Iga kasutaja saab ise enda s\u00f5numivahetuse lehel m\u00e4\u00e4rata\u00a0(<em>Enda nimi \u2013 Eelistused\u00a0<em>\u2013 \u00a0S\u00f5numivahetus<\/em><\/em><em>)<\/em>, kas ja millises vormis ta neid meeldetuletusi saada soovib. Need seaded kehtivad \u00fcle terve Moodle\u2019i, mitte ainult konkreetsel kursusel.\u00a0\n<\/p>\n<h2>\n\t7. Soovitused r\u00fchmat\u00f6\u00f6ks<br>\n<\/h2>\n<ul>\n<li>\n\t\tP\u00fc\u00fca sundida end \u00f5igel ajal t\u00f6\u00f6d alustama ja l\u00f5petama.\n\t<\/li>\n<li>\n\t\tKui oled ajah\u00e4das, informeeri oma r\u00fchmakaaslasi ette, mitte tagantj\u00e4rele.\n\t<\/li>\n<li>\n\t\tLoe t\u00e4helepanelikult l\u00e4bi \u00f5ppematerjal, millel ulesanne baseerub.\n\t<\/li>\n<li>\n\t\tLoe t\u00e4helepanelikult l\u00e4bi t\u00f6\u00f6juhised.\n\t<\/li>\n<li>\n\t\tKontrollige, kas k\u00f5ik on r\u00fchmas \u00fchtemoodi \u00fclesandest aru saanud \u2013 kirjuta\/\u00fctle enda r\u00fchmakaaslastele, mida te sinu arvates peaksite edasi tegema.\n\t<\/li>\n<li>\n\t\tLeppige r\u00fchmas kokku osa\u00fclesanded ja t\u00e4htajad.\n\t<\/li>\n<li>\n\t\tJulgusta oma r\u00fchmakaaslasi ja vajadusel juhenda neid.\n\t<\/li>\n<li>\n\t\tVajadusel (ka \u00fclesande t\u00e4psustamiseks) k\u00fcsi abi\/n\u00f5u kursuse juhendajalt v\u00f5i tuutorilt.\n\t<\/li>\n<li>\n\t\t\u00c4rge kalduge r\u00fchmas teemast k\u00f5rvale \u2013 vajadusel tee r\u00fchmakaaslasele asjakohane m\u00e4rkus v\u00f5i suuna teda k\u00fcsimusega.\n\t<\/li>\n<li>\n\t\tKasutage r\u00fchmas suhtlemiseks erinevaid\/sobivaid vahendeid: as\u00fcnkroonseid ja s\u00fcnkroonseid.\n\t<\/li>\n<li>\n\t\tSuhtu kriitiliselt loetud ja kuuldud informatsiooni, mitte kirjutajasse ja \u00fctlejasse.\n\t<\/li>\n<li>\n\t\tKeskendu parima lahenduseni j\u00f5udmisele, mitte v\u00f5idule.\n\t<\/li>\n<li>\n\t\tJulgusta kaas\u00f5ppijaid oma m\u00f5tteid avaldama, et koguda v\u00f5imalikult palju vajalikku infot.\n\t<\/li>\n<li>\n\t\tKuula \u00e4ra k\u00f5igi ideed, isegi kui ise nendega n\u00f5us ei ole.\n\t<\/li>\n<li>\n\t\tKui kellegi m\u00f5te j\u00e4\u00e4b arusaamatuks, k\u00fcsi \u00fcle v\u00f5i palu t\u00e4psustada.\n\t<\/li>\n<li>\n\t\tP\u00fc\u00fca m\u00f5ista m\u00f5lema poole seisukohti.\n\t<\/li>\n<li>\n\t\tOle valmis t\u00f5endite p\u00f5hjal oma isiklikku seisukohta muutma.\n\t<\/li>\n<\/ul>\n<h2 id=\"id-12.Juhised\u00f5ppijale-7.Hinded\">\n\t8. Hinded<br>\n<\/h2>\n<p>\n\tKui kodut\u00f6\u00f6de esitamine ja hindamine on \u00f5ppej\u00f5ul korraldatud e-kursusel, n\u00e4ed enda hindeid seadistuste plokis lingist <em>Hinded<\/em>. S\u00f5ltuvalt kursusest v\u00f5ivad hindetabelis olla punktid, s\u00f5nalised, t\u00e4helised v\u00f5i numbrilised hinded. Hindetabelis n\u00e4ed ka ulesannetele antud tagasisidet. Foorumisse postitatud kodut\u00f6id kommenteerib \u00f5ppej\u00f5ud tavaliselt samas foorumis.\u00a0\n<\/p>\n<h2 id=\"id-12.Juhised\u00f5ppijale-8.Kelleltabik\u00fcsida?\">\n\t9. Kellelt abi k\u00fcsida?<br>\n<\/h2>\n<ul>\n<li>\n\t\tKui oled kasutajatunnuse ja\/v\u00f5i salas\u00f5na unustanud, siis p\u00f6\u00f6rdu kasutajatoe telefonil 737 5500 v\u00f5i e-posti aadressil\u00a0<a class=\"external-link\" data-ext-link-init=\"true\" href=\"mailto:arvutiabi@ut.ee\" rel=\"nofollow noopener\" target=\"_blank\">arvutiabi@ut.ee<\/a>.\u00a0\n\t<\/li>\n<li>\n\t\tMoodle\u2019i e-kursusi puudutavate sisuliste k\u00fcsimuste ja hindamisega seoses v\u00f5ta \u00fchendust \u00f5ppej\u00f5ududega.\n\t<\/li>\n<li>\n\t\tMoodle\u2019i kasutamisega seotud probleemid edasta\u00a0<a class=\"external-link\" data-ext-link-init=\"true\" href=\"mailto:eope@ut.ee\" rel=\"nofollow noopener\" target=\"_blank\">eope@ut.ee<\/a>.\n\t<\/li>\n<\/ul>\n","protected":false},"excerpt":{"rendered":"<p>1.\u00a0E-kursused toimuvad Moodle\u00b4i \u00f5pikeskkonnas Moodle\u2019i keskkond asub aadressil\u00a0https:\/\/moodle.ut.ee E-kursus v\u00f5ib t\u00e4hendada t\u00e4ielikult veebip\u00f5hist \u00f5pet (kogu kursuse \u00f5ppeprotsess (sisu edastamine, info levitamine, suhtlemine, \u00f5ppijate hindamine) toimub veebip\u00f5hiselt, auditoorseid kohtumisi ei ole) v\u00f5i osaliselt veebip\u00f5hist \u00f5pet (kursuse \u00f5ppeprotsess toimub suures osas veebip\u00f5hiselt, &#8230;<\/p>\n","protected":false},"author":6,"featured_media":0,"parent":0,"menu_order":0,"comment_status":"closed","ping_status":"closed","template":"","meta":{"_acf_changed":false,"inline_featured_image":false,"footnotes":""},"class_list":["post-46","page","type-page","status-publish","hentry"],"acf":[],"_links":{"self":[{"href":"https:\/\/sisu.ut.ee\/juhendid\/wp-json\/wp\/v2\/pages\/46","targetHints":{"allow":["GET"]}}],"collection":[{"href":"https:\/\/sisu.ut.ee\/juhendid\/wp-json\/wp\/v2\/pages"}],"about":[{"href":"https:\/\/sisu.ut.ee\/juhendid\/wp-json\/wp\/v2\/types\/page"}],"author":[{"embeddable":true,"href":"https:\/\/sisu.ut.ee\/juhendid\/wp-json\/wp\/v2\/users\/6"}],"replies":[{"embeddable":true,"href":"https:\/\/sisu.ut.ee\/juhendid\/wp-json\/wp\/v2\/comments?post=46"}],"version-history":[{"count":1,"href":"https:\/\/sisu.ut.ee\/juhendid\/wp-json\/wp\/v2\/pages\/46\/revisions"}],"predecessor-version":[{"id":1805,"href":"https:\/\/sisu.ut.ee\/juhendid\/wp-json\/wp\/v2\/pages\/46\/revisions\/1805"}],"wp:attachment":[{"href":"https:\/\/sisu.ut.ee\/juhendid\/wp-json\/wp\/v2\/media?parent=46"}],"curies":[{"name":"wp","href":"https:\/\/api.w.org\/{rel}","templated":true}]}}