{"id":43,"date":"2024-04-04T02:50:38","date_gmt":"2024-04-03T23:50:38","guid":{"rendered":"https:\/\/sisu.ut.ee\/juhendid\/suhtlemine-moodleis\/"},"modified":"2024-04-11T10:32:55","modified_gmt":"2024-04-11T07:32:55","slug":"suhtlemine-moodleis","status":"publish","type":"page","link":"https:\/\/sisu.ut.ee\/juhendid\/suhtlemine-moodleis\/","title":{"rendered":"Suhtlemine Moodle&#8217;is"},"content":{"rendered":"<p id=\"id-5.SuhtlemineMoodle'is-1.Foorumid\">Suhtlemine on e-kursuse \u00fcks olulisemaid tegevusi, mis aitab leevendada \u00fcksij\u00e4etuse tunnet, kindlustab, et vajalik info j\u00f5uab \u00f5igel ajal \u00f5igete inimesteni, aitab luua toimivat \u00f5pikogukonda.<\/p>\n<p>Suhtlemine e-kursusel v\u00f5ib olla s\u00fcnkroonne (reaalajas toimuv) v\u00f5i as\u00fcnkroonne (ajalise viivitusega). Reaalajas suhtlemiseks peaksid osapooled kokkulepitud ajal sama vahendit kasutama. See v\u00f5imaldab k\u00fcll vahetut kontakti ja kiiret infovahetust, kuid seab ajalised ja tehnilised piirangud.<\/p>\n<p>Tegevuste tutvustused leiate parempoolsest men\u00fc\u00fcst.<\/p>\n","protected":false},"excerpt":{"rendered":"<p>Suhtlemine on e-kursuse \u00fcks olulisemaid tegevusi, mis aitab leevendada \u00fcksij\u00e4etuse tunnet, kindlustab, et vajalik info j\u00f5uab \u00f5igel ajal \u00f5igete inimesteni, aitab luua toimivat \u00f5pikogukonda. Suhtlemine e-kursusel v\u00f5ib olla s\u00fcnkroonne (reaalajas toimuv) v\u00f5i as\u00fcnkroonne (ajalise viivitusega). Reaalajas suhtlemiseks peaksid osapooled kokkulepitud &#8230;<\/p>\n","protected":false},"author":6,"featured_media":0,"parent":0,"menu_order":0,"comment_status":"closed","ping_status":"closed","template":"","meta":{"_acf_changed":false,"inline_featured_image":false,"footnotes":""},"class_list":["post-43","page","type-page","status-publish","hentry"],"acf":[],"_links":{"self":[{"href":"https:\/\/sisu.ut.ee\/juhendid\/wp-json\/wp\/v2\/pages\/43","targetHints":{"allow":["GET"]}}],"collection":[{"href":"https:\/\/sisu.ut.ee\/juhendid\/wp-json\/wp\/v2\/pages"}],"about":[{"href":"https:\/\/sisu.ut.ee\/juhendid\/wp-json\/wp\/v2\/types\/page"}],"author":[{"embeddable":true,"href":"https:\/\/sisu.ut.ee\/juhendid\/wp-json\/wp\/v2\/users\/6"}],"replies":[{"embeddable":true,"href":"https:\/\/sisu.ut.ee\/juhendid\/wp-json\/wp\/v2\/comments?post=43"}],"version-history":[{"count":1,"href":"https:\/\/sisu.ut.ee\/juhendid\/wp-json\/wp\/v2\/pages\/43\/revisions"}],"predecessor-version":[{"id":1808,"href":"https:\/\/sisu.ut.ee\/juhendid\/wp-json\/wp\/v2\/pages\/43\/revisions\/1808"}],"wp:attachment":[{"href":"https:\/\/sisu.ut.ee\/juhendid\/wp-json\/wp\/v2\/media?parent=43"}],"curies":[{"name":"wp","href":"https:\/\/api.w.org\/{rel}","templated":true}]}}