{"id":42,"date":"2024-04-04T02:50:38","date_gmt":"2024-04-03T23:50:38","guid":{"rendered":"https:\/\/sisu.ut.ee\/juhendid\/ruhmade-suuruste-maaramine\/"},"modified":"2024-04-11T11:30:26","modified_gmt":"2024-04-11T08:30:26","slug":"ruhmade-suuruste-maaramine","status":"publish","type":"page","link":"https:\/\/sisu.ut.ee\/juhendid\/ruhmade-suuruste-maaramine\/","title":{"rendered":"R\u00fchmade suuruste m\u00e4\u00e4ramine"},"content":{"rendered":"<p>\n\t1. R\u00fchmade suurus m\u00e4\u00e4ratakse kohe r\u00fchmi luues.\n<\/p>\n<p>\n\t2. Kui k\u00f5ikide r\u00fchmade suurust on vaja hiljem muuta, siis saab seda teha iga r\u00fchma seadete lehel: plokk\u00a0<em>Seadistused\u00a0\u2013 Kasutajad\u00a0<em>\u2013\u00a0<\/em>R\u00fchmad\u00a0<em><em>\u2013 <\/em><\/em><\/em>kl\u00f5ps r\u00fchma nimel\u00a0<em><em>\u2013 <\/em><\/em>nupp<em><em> Muuda r\u00fchma s\u00e4tteid.<\/em><\/em>\u00a0\u00a0\n<\/p>\n<p>\n\t<img loading=\"lazy\" decoding=\"async\" width=\"1692\" height=\"980\" class=\"alignnone wp-image-367\" style=\"width: 700px;height: 405px\" src=\"https:\/\/sisu.ut.ee\/wp-content\/uploads\/sites\/177\/screenshot_2023-08-08_at_11.09.03.png\" title=\"screenshot_2023-08-08_at_11.09.03.png\" alt=\"R\u00fchma seaded\" srcset=\"https:\/\/sisu.ut.ee\/wp-content\/uploads\/sites\/177\/screenshot_2023-08-08_at_11.09.03.png 1692w, https:\/\/sisu.ut.ee\/wp-content\/uploads\/sites\/177\/screenshot_2023-08-08_at_11.09.03-300x174.png 300w, https:\/\/sisu.ut.ee\/wp-content\/uploads\/sites\/177\/screenshot_2023-08-08_at_11.09.03-1024x593.png 1024w, https:\/\/sisu.ut.ee\/wp-content\/uploads\/sites\/177\/screenshot_2023-08-08_at_11.09.03-768x445.png 768w, https:\/\/sisu.ut.ee\/wp-content\/uploads\/sites\/177\/screenshot_2023-08-08_at_11.09.03-1536x890.png 1536w\" sizes=\"auto, (max-width: 1692px) 100vw, 1692px\">\n<\/p>\n<p>\n\t3. Kui kursusele on lisatud tegevus\u00a0<em>R\u00fchma valimine,<\/em>\u00a0avage see ja kl\u00f5psake vasakus men\u00fc\u00fcs\u00a0<em>R\u00fchmade suuruste m\u00e4\u00e4ramine. <\/em>Sel lehel saate mugavalt muuta k\u00f5igi r\u00fchmade r\u00fchmade suurusi.\n<\/p>\n<p>\n\t<img loading=\"lazy\" decoding=\"async\" width=\"1900\" height=\"738\" class=\"alignnone wp-image-368\" style=\"width: 700px;height: 272px\" src=\"https:\/\/sisu.ut.ee\/wp-content\/uploads\/sites\/177\/screenshot_2023-08-08_at_11.12.43.png\" title=\"screenshot_2023-08-08_at_11.12.43.png\" alt=\"R\u00fchma suurus\" srcset=\"https:\/\/sisu.ut.ee\/wp-content\/uploads\/sites\/177\/screenshot_2023-08-08_at_11.12.43.png 1900w, https:\/\/sisu.ut.ee\/wp-content\/uploads\/sites\/177\/screenshot_2023-08-08_at_11.12.43-300x117.png 300w, https:\/\/sisu.ut.ee\/wp-content\/uploads\/sites\/177\/screenshot_2023-08-08_at_11.12.43-1024x398.png 1024w, https:\/\/sisu.ut.ee\/wp-content\/uploads\/sites\/177\/screenshot_2023-08-08_at_11.12.43-768x298.png 768w, https:\/\/sisu.ut.ee\/wp-content\/uploads\/sites\/177\/screenshot_2023-08-08_at_11.12.43-1536x597.png 1536w\" sizes=\"auto, (max-width: 1900px) 100vw, 1900px\">\u00a0<\/p>\n","protected":false},"excerpt":{"rendered":"<p>1. R\u00fchmade suurus m\u00e4\u00e4ratakse kohe r\u00fchmi luues. 2. Kui k\u00f5ikide r\u00fchmade suurust on vaja hiljem muuta, siis saab seda teha iga r\u00fchma seadete lehel: plokk\u00a0Seadistused\u00a0\u2013 Kasutajad\u00a0\u2013\u00a0R\u00fchmad\u00a0\u2013 kl\u00f5ps r\u00fchma nimel\u00a0\u2013 nupp Muuda r\u00fchma s\u00e4tteid.\u00a0\u00a0 3. Kui kursusele on lisatud tegevus\u00a0R\u00fchma valimine,\u00a0avage &#8230;<\/p>\n","protected":false},"author":6,"featured_media":0,"parent":0,"menu_order":0,"comment_status":"closed","ping_status":"closed","template":"","meta":{"_acf_changed":false,"inline_featured_image":false,"footnotes":""},"class_list":["post-42","page","type-page","status-publish","hentry"],"acf":[],"_links":{"self":[{"href":"https:\/\/sisu.ut.ee\/juhendid\/wp-json\/wp\/v2\/pages\/42","targetHints":{"allow":["GET"]}}],"collection":[{"href":"https:\/\/sisu.ut.ee\/juhendid\/wp-json\/wp\/v2\/pages"}],"about":[{"href":"https:\/\/sisu.ut.ee\/juhendid\/wp-json\/wp\/v2\/types\/page"}],"author":[{"embeddable":true,"href":"https:\/\/sisu.ut.ee\/juhendid\/wp-json\/wp\/v2\/users\/6"}],"replies":[{"embeddable":true,"href":"https:\/\/sisu.ut.ee\/juhendid\/wp-json\/wp\/v2\/comments?post=42"}],"version-history":[{"count":1,"href":"https:\/\/sisu.ut.ee\/juhendid\/wp-json\/wp\/v2\/pages\/42\/revisions"}],"predecessor-version":[{"id":1809,"href":"https:\/\/sisu.ut.ee\/juhendid\/wp-json\/wp\/v2\/pages\/42\/revisions\/1809"}],"wp:attachment":[{"href":"https:\/\/sisu.ut.ee\/juhendid\/wp-json\/wp\/v2\/media?parent=42"}],"curies":[{"name":"wp","href":"https:\/\/api.w.org\/{rel}","templated":true}]}}