{"id":41,"date":"2024-04-04T02:50:38","date_gmt":"2024-04-03T23:50:38","guid":{"rendered":"https:\/\/sisu.ut.ee\/juhendid\/raamat\/"},"modified":"2024-04-11T10:29:00","modified_gmt":"2024-04-11T07:29:00","slug":"raamat","status":"publish","type":"page","link":"https:\/\/sisu.ut.ee\/juhendid\/raamat\/","title":{"rendered":"Raamat"},"content":{"rendered":"<p>\n\tRaamat on sisukorraga seotud lehek\u00fclgedest koosnev \u00f5ppematerjal. Raamatu lehek\u00fclgedele saab lisada teksti (nt doc-failist kopeerides), pilte (eraldi failidena), veebilinke, audio- ja videofaile.\u00a0\n<\/p>\n<p>\n\t<\/p><div class=\"accordion mb-3\">\n        <div class=\"accordion-item accordion-item--white\">\n        <h2 class=\"accordion-header\" id=\"accordion-69d530e626c76-heading\">\n            <button class=\"accordion-button collapsed\" type=\"button\" data-bs-toggle=\"collapse\" data-bs-target=\"#accordion-69d530e626c76-collapse\" aria-expanded=\"true\" aria-controls=\"accordion-69d530e626c76-collapse\">N\u00e4ide<\/button>\n        <\/h2>\n        <div id=\"accordion-69d530e626c76-collapse\" class=\"accordion-collapse collapse\" aria-labelledby=\"accordion-69d530e626c76-heading\">\n            <div class=\"accordion-body\">\n\n<p>\n\t<img loading=\"lazy\" decoding=\"async\" width=\"953\" height=\"701\" class=\"alignnone wp-image-364\" src=\"https:\/\/sisu.ut.ee\/wp-content\/uploads\/sites\/177\/raamat-naide.png\" title=\"raamat-naide.png\" alt=\"Raamatu n\u00e4ide\" srcset=\"https:\/\/sisu.ut.ee\/wp-content\/uploads\/sites\/177\/raamat-naide.png 953w, https:\/\/sisu.ut.ee\/wp-content\/uploads\/sites\/177\/raamat-naide-300x221.png 300w, https:\/\/sisu.ut.ee\/wp-content\/uploads\/sites\/177\/raamat-naide-768x565.png 768w\" sizes=\"auto, (max-width: 953px) 100vw, 953px\">\n<\/p>\n<p>\n\t<\/p><\/div>\n        <\/div>\n        <\/div>\n    <\/div>\n\n<p>\n\tRaamatuga on mugav \u00f5ppematerjale luua ja p\u00e4rast muuta, kuid peate arvestama sellega, et loodud veebilehek\u00fclgi eraldi failidena kuhugi k\u00e4ttesaadavasse kohta automaatselt ei salvestata.\u00a0Raamatu seadistuste plokis on v\u00f5imalus \u00fcksiku lehe v\u00f5i terve raamatu pdf-failiks salvestamiseks.\n<\/p>\n<p>\n\tKui kasutada kursusel sonastikku, milles on m\u00e4\u00e4ratud automaatne kirjete linkimine, seotakse raamatu tekstis olevad m\u00e4rks\u00f5nad otse sonastiku selgitustega.\n<\/p>\n<h3>\n\tRaamatu lisamiseks kursuse avalehele:<br>\n<\/h3>\n<ul>\n<li>\n\t\tvalige lingist\u00a0<em>Lisa vahend v\u00f5i tegevus<\/em>\u00a0avanevast aknast\u00a0<em>Raamat<\/em>\n\t<\/li>\n<li>\n\t\tsisestage raamatule nimi (pealkiri) ning kirjeldus (see pole \u00f5ppematerjali sisu!)\n\t<\/li>\n<li>\n\t\tm\u00e4\u00e4rakse peat\u00fckkide t\u00e4histus\n\t<\/li>\n<\/ul>\n<p>\n\t<img loading=\"lazy\" decoding=\"async\" width=\"308\" height=\"192\" class=\"alignnone wp-image-363\" style=\"float: right\" src=\"https:\/\/sisu.ut.ee\/wp-content\/uploads\/sites\/177\/raamat_01.png\" title=\"raamat_01.png\" alt=\"Raamat\" srcset=\"https:\/\/sisu.ut.ee\/wp-content\/uploads\/sites\/177\/raamat_01.png 308w, https:\/\/sisu.ut.ee\/wp-content\/uploads\/sites\/177\/raamat_01-300x187.png 300w\" sizes=\"auto, (max-width: 308px) 100vw, 308px\">Tavaliselt kuvatakse peat\u00fcki pealkirja sisukorras JA peat\u00fcki \u00fclaservas. Kui on m\u00e4rgitud seade <em>Kohandatud pealkirjad<\/em>, siis peat\u00fcki pealkirja kuvatakse AINULT sisukorras ja mitte peat\u00fcki \u00fclaservas. Sellisel juhul tuleb peat\u00fcki pealkiri kirjutada eraldi iga peat\u00fcki esimesele reale.\n<\/p>\n<p>\n\tP\u00e4rast raamatu lisamist saate hakata raamatusse lehti\/peat\u00fckke lisama.\n<\/p>\n<h3>\n\tLehe\/peat\u00fcki lisamiseks:<br>\n<\/h3>\n<ul>\n<li>\n\t\tavage raamat\n\t<\/li>\n<li>\n\t\tkl\u00f5psake vasakpoolses plokis asuvas sisukorras <strong>pluss-m\u00e4rgil<\/strong>\n\t<\/li>\n<li>\n\t\tlehe liigutamiseks sisukorras kl\u00f5psake <strong>nooltel<\/strong>\n\t<\/li>\n<li>\n\t\tlehe sisu saate muuta v\u00f5i lisada <strong>hammasratta-nupust<\/strong>\n\t<\/li>\n<li>\n\t\t<b>pr\u00fcgikastist <\/b>saab\u00a0lehe kustutada\n\t<\/li>\n<li>\n\t\t<strong>silmast<\/strong> saab lehe \u00f5ppija eest \u00e4ra peita\n\t<\/li>\n<\/ul>\n","protected":false},"excerpt":{"rendered":"<p>Raamat on sisukorraga seotud lehek\u00fclgedest koosnev \u00f5ppematerjal. Raamatu lehek\u00fclgedele saab lisada teksti (nt doc-failist kopeerides), pilte (eraldi failidena), veebilinke, audio- ja videofaile.\u00a0 N\u00e4ide Raamatuga on mugav \u00f5ppematerjale luua ja p\u00e4rast muuta, kuid peate arvestama sellega, et loodud veebilehek\u00fclgi eraldi failidena &#8230;<\/p>\n","protected":false},"author":6,"featured_media":0,"parent":0,"menu_order":0,"comment_status":"closed","ping_status":"closed","template":"","meta":{"_acf_changed":false,"inline_featured_image":false,"footnotes":""},"class_list":["post-41","page","type-page","status-publish","hentry"],"acf":[],"_links":{"self":[{"href":"https:\/\/sisu.ut.ee\/juhendid\/wp-json\/wp\/v2\/pages\/41","targetHints":{"allow":["GET"]}}],"collection":[{"href":"https:\/\/sisu.ut.ee\/juhendid\/wp-json\/wp\/v2\/pages"}],"about":[{"href":"https:\/\/sisu.ut.ee\/juhendid\/wp-json\/wp\/v2\/types\/page"}],"author":[{"embeddable":true,"href":"https:\/\/sisu.ut.ee\/juhendid\/wp-json\/wp\/v2\/users\/6"}],"replies":[{"embeddable":true,"href":"https:\/\/sisu.ut.ee\/juhendid\/wp-json\/wp\/v2\/comments?post=41"}],"version-history":[{"count":1,"href":"https:\/\/sisu.ut.ee\/juhendid\/wp-json\/wp\/v2\/pages\/41\/revisions"}],"predecessor-version":[{"id":1810,"href":"https:\/\/sisu.ut.ee\/juhendid\/wp-json\/wp\/v2\/pages\/41\/revisions\/1810"}],"wp:attachment":[{"href":"https:\/\/sisu.ut.ee\/juhendid\/wp-json\/wp\/v2\/media?parent=41"}],"curies":[{"name":"wp","href":"https:\/\/api.w.org\/{rel}","templated":true}]}}