{"id":40,"date":"2024-04-04T02:50:38","date_gmt":"2024-04-03T23:50:38","guid":{"rendered":"https:\/\/sisu.ut.ee\/juhendid\/leht\/"},"modified":"2025-09-24T13:48:12","modified_gmt":"2025-09-24T10:48:12","slug":"leht","status":"publish","type":"page","link":"https:\/\/sisu.ut.ee\/juhendid\/leht\/","title":{"rendered":"Leht"},"content":{"rendered":"<p id=\"id-4.\u00d5ppematerjalidelisaminejaloomineMoodle'is-8.Leht\">Leht on Moodle\u2019i sees asuv veebileht, kuhu saab lisada teksti, pilte, veebilinke, audio- ja videofaile.<\/p>\n<h5>NB! Lehena on mugav esitada kursuse tutvustust, l\u00fchemaid juhendeid, tegevuskavasid jms, mis pole v\u00e4ga mahukad ja mida on vaja aeg-ajalt muuta.<\/h5>\n<p>Loodud lehte saab mugavalt pdf-formaati salvestada ja\/v\u00f5i v\u00e4lja tr\u00fckkida.<\/p>\n<p>Peate arvestama sellega, et loodud veebilehek\u00fclgi eraldi failidena kuhugi k\u00e4ttesaadavasse kohta automaatselt ei salvestata. V\u00f5ite kasutada loodud lehe \u00fclemises vasakus nurgas olevat v\u00f5imalust <em>Prindi see peat\u00fckk<\/em> ja valida sealt printimise pdf-failiks.<\/p>\n<p>Kui kasutada kursusel s\u00f5nastikku, milles on m\u00e4\u00e4ratud automaatne kirjete linkimine, seotakse lehe tekstis olevad m\u00e4rks\u00f5nad otse s\u00f5nastiku selgitustega.<\/p>\n<h3>Lehe lisamiseks kursuse avalehele:<\/h3>\n<ul>\n<li>valige lingist\u00a0<em>Lisa vahend v\u00f5i tegevus<\/em>\u00a0avanevast aknast\u00a0<em>Leht<\/em><\/li>\n<li>sisestage lehele nimi (pealkiri) ning kirjeldus<\/li>\n<li>materjal ise lisage tekstilahtrisse <em>Lehe sisu<\/em><\/li>\n<\/ul>\n","protected":false},"excerpt":{"rendered":"<p>Leht on Moodle\u2019i sees asuv veebileht, kuhu saab lisada teksti, pilte, veebilinke, audio- ja videofaile. NB! Lehena on mugav esitada kursuse tutvustust, l\u00fchemaid juhendeid, tegevuskavasid jms, mis pole v\u00e4ga mahukad ja mida on vaja aeg-ajalt muuta. Loodud lehte saab mugavalt &#8230;<\/p>\n","protected":false},"author":6,"featured_media":0,"parent":0,"menu_order":0,"comment_status":"closed","ping_status":"closed","template":"","meta":{"_acf_changed":false,"inline_featured_image":false,"footnotes":""},"class_list":["post-40","page","type-page","status-publish","hentry"],"acf":[],"_links":{"self":[{"href":"https:\/\/sisu.ut.ee\/juhendid\/wp-json\/wp\/v2\/pages\/40","targetHints":{"allow":["GET"]}}],"collection":[{"href":"https:\/\/sisu.ut.ee\/juhendid\/wp-json\/wp\/v2\/pages"}],"about":[{"href":"https:\/\/sisu.ut.ee\/juhendid\/wp-json\/wp\/v2\/types\/page"}],"author":[{"embeddable":true,"href":"https:\/\/sisu.ut.ee\/juhendid\/wp-json\/wp\/v2\/users\/6"}],"replies":[{"embeddable":true,"href":"https:\/\/sisu.ut.ee\/juhendid\/wp-json\/wp\/v2\/comments?post=40"}],"version-history":[{"count":2,"href":"https:\/\/sisu.ut.ee\/juhendid\/wp-json\/wp\/v2\/pages\/40\/revisions"}],"predecessor-version":[{"id":4821,"href":"https:\/\/sisu.ut.ee\/juhendid\/wp-json\/wp\/v2\/pages\/40\/revisions\/4821"}],"wp:attachment":[{"href":"https:\/\/sisu.ut.ee\/juhendid\/wp-json\/wp\/v2\/media?parent=40"}],"curies":[{"name":"wp","href":"https:\/\/api.w.org\/{rel}","templated":true}]}}